{"id":99995,"date":"2022-01-18T12:32:37","date_gmt":"2022-01-18T12:32:37","guid":{"rendered":"https:\/\/gruendungsbuero.info\/kurz-erklaert\/"},"modified":"2022-01-18T12:32:37","modified_gmt":"2022-01-18T12:32:37","slug":"in-a-nutshell","status":"publish","type":"page","link":"https:\/\/gruendungsbuero.info\/en\/in-a-nutshell\/","title":{"rendered":"Kurz erkl\u00e4rt"},"content":{"rendered":"<p>Jungen Gr\u00fcnderinnen und Gr\u00fcndern begegnen auf ihrem Weg zum eigenen Unternehmen viele Fragen. Taugt meine Idee? Was sind die n\u00e4chsten Schritte? Auf was sollte ich achten? Und welche Unterst\u00fctzung kann ich in Anspruch nehmen?<br \/>\nDas sind nur einige davon.<\/p>\n<p>Bei &#8222;Kurz erkl\u00e4rt&#8220; werden wichtige Aspekte bei der Gr\u00fcndungsvorbereitung verst\u00e4ndlich und kompakt vorgestellt. <\/p>\n<ul>\n<li><a href=\"\/en\/seite\/601418434\/wettbewerbe\/\" title=\"Competitions\">Competitions<\/a><\/li>\n<li><a href=\"\/en\/seite\/593697269\/businessplan\/\" title=\"business plan\">business plan<\/a><\/li>\n<li><a href=\"\/en\/seite\/666378049\/commercial-protective-rights\/\" title=\"Intellectual property rights\">Intellectual property rights<\/a><\/li>\n<\/ul>","protected":false},"excerpt":{"rendered":"<p>Jungen Gr\u00fcnderinnen und Gr\u00fcndern begegnen auf ihrem Weg zum eigenen Unternehmen viele Fragen. Taugt meine Idee? Was sind die n\u00e4chsten Schritte? Auf was sollte ich achten? Und welche Unterst\u00fctzung kann ich in Anspruch nehmen? Das sind nur einige davon. Bei &#8222;Kurz erkl\u00e4rt&#8220; werden wichtige Aspekte bei der Gr\u00fcndungsvorbereitung verst\u00e4ndlich und kompakt vorgestellt. Wettbewerbe Businessplan Gewerbliche [&hellip;]<\/p>","protected":false},"author":810,"featured_media":0,"parent":0,"menu_order":0,"comment_status":"closed","ping_status":"closed","template":"","meta":{"_et_pb_use_builder":"","_et_pb_old_content":"","_et_gb_content_width":"","inline_featured_image":false,"footnotes":""},"class_list":["post-99995","page","type-page","status-publish","hentry"],"yoast_head":"<!-- This site is optimized with the Yoast SEO plugin v26.0 - https:\/\/yoast.com\/wordpress\/plugins\/seo\/ -->\n<title>Kurz erkl\u00e4rt - Gr\u00fcndungsb\u00fcro<\/title>\n<meta name=\"robots\" content=\"index, follow, max-snippet:-1, max-image-preview:large, max-video-preview:-1\" \/>\n<link rel=\"canonical\" href=\"https:\/\/gruendungsbuero.info\/en\/in-a-nutshell\/\" \/>\n<meta property=\"og:locale\" content=\"en_GB\" \/>\n<meta property=\"og:type\" content=\"article\" \/>\n<meta property=\"og:title\" content=\"Kurz erkl\u00e4rt - Gr\u00fcndungsb\u00fcro\" \/>\n<meta property=\"og:description\" content=\"Jungen Gr\u00fcnderinnen und Gr\u00fcndern begegnen auf ihrem Weg zum eigenen Unternehmen viele Fragen. Taugt meine Idee? Was sind die n\u00e4chsten Schritte? Auf was sollte ich achten? Und welche Unterst\u00fctzung kann ich in Anspruch nehmen? Das sind nur einige davon. Bei &#8222;Kurz erkl\u00e4rt&#8220; werden wichtige Aspekte bei der Gr\u00fcndungsvorbereitung verst\u00e4ndlich und kompakt vorgestellt. Wettbewerbe Businessplan Gewerbliche [&hellip;]\" \/>\n<meta property=\"og:url\" content=\"https:\/\/gruendungsbuero.info\/en\/in-a-nutshell\/\" \/>\n<meta property=\"og:site_name\" content=\"Gr\u00fcndungsb\u00fcro\" \/>\n<meta name=\"twitter:card\" content=\"summary_large_image\" \/>\n<script type=\"application\/ld+json\" class=\"yoast-schema-graph\">{\"@context\":\"https:\/\/schema.org\",\"@graph\":[{\"@type\":\"WebPage\",\"@id\":\"https:\/\/gruendungsbuero.info\/kurz-erklaert\/\",\"url\":\"https:\/\/gruendungsbuero.info\/kurz-erklaert\/\",\"name\":\"Kurz erkl\u00e4rt - Gr\u00fcndungsb\u00fcro\",\"isPartOf\":{\"@id\":\"https:\/\/gruendungsbuero.info\/#website\"},\"datePublished\":\"2022-01-18T12:32:37+00:00\",\"breadcrumb\":{\"@id\":\"https:\/\/gruendungsbuero.info\/kurz-erklaert\/#breadcrumb\"},\"inLanguage\":\"en-GB\",\"potentialAction\":[{\"@type\":\"ReadAction\",\"target\":[\"https:\/\/gruendungsbuero.info\/kurz-erklaert\/\"]}]},{\"@type\":\"BreadcrumbList\",\"@id\":\"https:\/\/gruendungsbuero.info\/kurz-erklaert\/#breadcrumb\",\"itemListElement\":[{\"@type\":\"ListItem\",\"position\":1,\"name\":\"Home\",\"item\":\"https:\/\/gruendungsbuero.info\/\"},{\"@type\":\"ListItem\",\"position\":2,\"name\":\"Kurz erkl\u00e4rt\"}]},{\"@type\":\"WebSite\",\"@id\":\"https:\/\/gruendungsbuero.info\/#website\",\"url\":\"https:\/\/gruendungsbuero.info\/\",\"name\":\"Gr\u00fcndungsb\u00fcro\",\"description\":\"Rheinland-Pf\u00e4lzische Technische Universit\u00e4t &amp; Hochschule Kaiserslautern\",\"potentialAction\":[{\"@type\":\"SearchAction\",\"target\":{\"@type\":\"EntryPoint\",\"urlTemplate\":\"https:\/\/gruendungsbuero.info\/?s={search_term_string}\"},\"query-input\":{\"@type\":\"PropertyValueSpecification\",\"valueRequired\":true,\"valueName\":\"search_term_string\"}}],\"inLanguage\":\"en-GB\"}]}<\/script>\n<!-- \/ Yoast SEO plugin. -->","yoast_head_json":{"title":"Kurz erkl\u00e4rt - Gr\u00fcndungsb\u00fcro","robots":{"index":"index","follow":"follow","max-snippet":"max-snippet:-1","max-image-preview":"max-image-preview:large","max-video-preview":"max-video-preview:-1"},"canonical":"https:\/\/gruendungsbuero.info\/en\/in-a-nutshell\/","og_locale":"en_GB","og_type":"article","og_title":"Kurz erkl\u00e4rt - Gr\u00fcndungsb\u00fcro","og_description":"Jungen Gr\u00fcnderinnen und Gr\u00fcndern begegnen auf ihrem Weg zum eigenen Unternehmen viele Fragen. Taugt meine Idee? Was sind die n\u00e4chsten Schritte? Auf was sollte ich achten? Und welche Unterst\u00fctzung kann ich in Anspruch nehmen? Das sind nur einige davon. Bei &#8222;Kurz erkl\u00e4rt&#8220; werden wichtige Aspekte bei der Gr\u00fcndungsvorbereitung verst\u00e4ndlich und kompakt vorgestellt. Wettbewerbe Businessplan Gewerbliche [&hellip;]","og_url":"https:\/\/gruendungsbuero.info\/en\/in-a-nutshell\/","og_site_name":"Gr\u00fcndungsb\u00fcro","twitter_card":"summary_large_image","schema":{"@context":"https:\/\/schema.org","@graph":[{"@type":"WebPage","@id":"https:\/\/gruendungsbuero.info\/kurz-erklaert\/","url":"https:\/\/gruendungsbuero.info\/kurz-erklaert\/","name":"Kurz erkl\u00e4rt - Gr\u00fcndungsb\u00fcro","isPartOf":{"@id":"https:\/\/gruendungsbuero.info\/#website"},"datePublished":"2022-01-18T12:32:37+00:00","breadcrumb":{"@id":"https:\/\/gruendungsbuero.info\/kurz-erklaert\/#breadcrumb"},"inLanguage":"en-GB","potentialAction":[{"@type":"ReadAction","target":["https:\/\/gruendungsbuero.info\/kurz-erklaert\/"]}]},{"@type":"BreadcrumbList","@id":"https:\/\/gruendungsbuero.info\/kurz-erklaert\/#breadcrumb","itemListElement":[{"@type":"ListItem","position":1,"name":"Home","item":"https:\/\/gruendungsbuero.info\/"},{"@type":"ListItem","position":2,"name":"Kurz erkl\u00e4rt"}]},{"@type":"WebSite","@id":"https:\/\/gruendungsbuero.info\/#website","url":"https:\/\/gruendungsbuero.info\/","name":"Gr\u00fcndungsb\u00fcro","description":"Rheinland-Pf\u00e4lzische Technische Universit\u00e4t &amp; Hochschule Kaiserslautern","potentialAction":[{"@type":"SearchAction","target":{"@type":"EntryPoint","urlTemplate":"https:\/\/gruendungsbuero.info\/?s={search_term_string}"},"query-input":{"@type":"PropertyValueSpecification","valueRequired":true,"valueName":"search_term_string"}}],"inLanguage":"en-GB"}]}},"_links":{"self":[{"href":"https:\/\/gruendungsbuero.info\/en\/wp-json\/wp\/v2\/pages\/99995","targetHints":{"allow":["GET"]}}],"collection":[{"href":"https:\/\/gruendungsbuero.info\/en\/wp-json\/wp\/v2\/pages"}],"about":[{"href":"https:\/\/gruendungsbuero.info\/en\/wp-json\/wp\/v2\/types\/page"}],"author":[{"embeddable":true,"href":"https:\/\/gruendungsbuero.info\/en\/wp-json\/wp\/v2\/users\/810"}],"replies":[{"embeddable":true,"href":"https:\/\/gruendungsbuero.info\/en\/wp-json\/wp\/v2\/comments?post=99995"}],"version-history":[{"count":0,"href":"https:\/\/gruendungsbuero.info\/en\/wp-json\/wp\/v2\/pages\/99995\/revisions"}],"wp:attachment":[{"href":"https:\/\/gruendungsbuero.info\/en\/wp-json\/wp\/v2\/media?parent=99995"}],"curies":[{"name":"wp","href":"https:\/\/api.w.org\/{rel}","templated":true}]}}