{"id":99991,"date":"2022-01-18T12:32:37","date_gmt":"2022-01-18T12:32:37","guid":{"rendered":"https:\/\/gruendungsbuero.info\/partnerveranstaltungen\/"},"modified":"2022-11-10T10:59:31","modified_gmt":"2022-11-10T09:59:31","slug":"veranstaltungen","status":"publish","type":"page","link":"https:\/\/gruendungsbuero.info\/en\/veranstaltungen\/","title":{"rendered":"Partnerveranstaltungen"},"content":{"rendered":"<p>[et_pb_section fb_built=&#8220;1&#8243; admin_label=&#8220;section&#8220; _builder_version=&#8220;4.14.6&#8243; background_color=&#8220;RGBA(255,255,255,0)&#8220; global_colors_info=&#8220;{}&#8220;][et_pb_row admin_label=&#8220;row&#8220; _builder_version=&#8220;3.25&#8243; background_size=&#8220;initial&#8220; background_position=&#8220;top_left&#8220; background_repeat=&#8220;repeat&#8220; global_colors_info=&#8220;{}&#8220;][et_pb_column type=&#8220;4_4&#8243; _builder_version=&#8220;3.25&#8243; custom_padding=&#8220;|||&#8220; global_colors_info=&#8220;{}&#8220; custom_padding__hover=&#8220;|||&#8220;][et_pb_text admin_label=&#8220;Text&#8220; _builder_version=&#8220;3.27.4&#8243; background_size=&#8220;initial&#8220; background_position=&#8220;top_left&#8220; background_repeat=&#8220;repeat&#8220; global_colors_info=&#8220;{}&#8220;]<\/p>\n<h3>AKTUELLE TERMINE IN DER KATEGORIE PARTNERVERANSTALTUNG<\/h3>\n<p>[\/et_pb_text][\/et_pb_column][\/et_pb_row][\/et_pb_section][et_pb_section fb_built=&#8220;1&#8243; _builder_version=&#8220;4.14.6&#8243; _module_preset=&#8220;default&#8220; background_color=&#8220;RGBA(255,255,255,0)&#8220; global_colors_info=&#8220;{}&#8220;][et_pb_row _builder_version=&#8220;4.14.6&#8243; _module_preset=&#8220;default&#8220; global_colors_info=&#8220;{}&#8220;][et_pb_column type=&#8220;4_4&#8243; _builder_version=&#8220;4.14.6&#8243; _module_preset=&#8220;default&#8220; global_colors_info=&#8220;{}&#8220;][et_pb_code _builder_version=&#8220;4.14.6&#8243; _module_preset=&#8220;default&#8220; hover_enabled=&#8220;0&#8243; global_colors_info=&#8220;{}&#8220; sticky_enabled=&#8220;0&#8243;]<div class=\"event_listings\" data-location=\"\" data-keywords=\"\" data-show_filters=\"true\" data-show_pagination=\"false\" data-per_page=\"100\" data-orderby=\"_event_start_date\" data-order=\"ASC\" data-datetimes=\"\" data-categories=\"partner\" data-event_types=\"\" data-ticket_prices=\"\" data-event_online=\"\" >\n<form class=\"wpem-main wpem-form-wrapper wpem-event-filter-wrapper event_filters\" id=\"event_filters\" action=\"\">\n\t\t<div class=\"search_events search-form-container\">\n\t\t\t <div class=\"wpem-row\">\n\t\t\t<!-- Search by keywords section start -->\n\t\t\t<div class=\"wpem-col\">\n\t\t\t\t<!-- shows default keywords text field  start-->\n\t\t\t\t<div class=\"wpem-form-group\">\n\t\t\t\t<label for=\"search_keywords\" class=\"wpem-form-label\">Keywords<\/label>\n\t\t\t\t<input type=\"text\" name=\"search_keywords\" id=\"search_keywords\" placeholder=\"Keywords\" value=\"\" \/> \n\t\t\t\t<\/div>\n\t\t\t\t<!-- shows default keywords text field end -->\n\t\t\t<\/div>\n\t\t\t<!-- Search by keywords section end-->\n\n\t\t\t<!-- Search by location section start -->\n\t\t\t<div class=\"wpem-col\">\n\t\t\t<div class=\"wpem-form-group wpem-location-container\">\n\t\t\t\t<label for=\"search_location\" class=\"wpem-form-label\">Location<\/label>\n\t\t\t\t<input type=\"text\" name=\"search_location\" id=\"search_location\"  placeholder=\"Location\" value=\"\" \/>\n\t\t\t<\/div>\n\t\t\t<\/div>\n\n\t\t\t<!-- Search by location section end -->\n\n\t\t\t\n\n\t\t\t<!-- Search by date section start -->\n\t\t\t\t\n\n\t\t\t\t\n\t\t\t\t<div class=\"wpem-col\">\n\t\t\t\t\t<div class=\"wpem-form-group\">\n\t\t\t\t\t\t<label for=\"search_datetimes\" class=\"wpem-form-label\">Any dates<\/label>\n\t\t\t\t\t\t<input type=\"text\" name=\"search_datetimes[]\" id=\"search_datetimes\" value='' class=\"event-manager-category-dropdown date_range_picker\" >\n\t\t\t\t\t\t<\/div>\n\t\t\t\t<\/div>\n\t\t\t\t  \t\t\t\n\t\t\t<!-- Search by date section end -->\n\n\n\t         <\/div> <!-- \/row -->\n\t\t<div class=\"wpem-row\">\n\t\t\t<!-- Search by event categories section start -->\n\t\t\t\t\t\t\t\t\t\t\t\t<input type=\"hidden\" name=\"search_categories[]\" value=\"partner\" \/>\n\t\t\t\t\t\t\t\t \n\t\t\t<!-- Search by event categories section end -->\n\n\t\t\t<!-- Search by event type section start -->\n\t\t\t\t\t\n\t\t\t\t<div class=\"wpem-col\">\n\t\t\t\t\t<div class=\"wpem-form-group\">\n\t\t\t\t\t<label for=\"search_event_types\" class=\"wpem-form-label\">Event Type<\/label>\n\t\t\t\t\t\t\t\t\t\t\t<select name='search_event_types[]' id='search_event_types' class='event-manager-category-dropdown'  data-placeholder='Choose an event type' data-no_results_text='No results match' data-multiple_text='Select Some Options'>\n<option value=\"\">Choose an Event Type<\/option>\t<option class=\"level-0\" value=\"messe\">Trade fair<\/option>\n\t<option class=\"level-0\" value=\"network\">Network<\/option>\n\t<option class=\"level-0\" value=\"online-veranstaltung\">Online-Veranstaltung<\/option>\n\t<option class=\"level-0\" value=\"partnerveranstaltung\">Partnerveranstaltung<\/option>\n\t<option class=\"level-0\" value=\"seminar-vortrag\">Seminar, Vortrag<\/option>\n\t<option class=\"level-0\" value=\"strukturen\">Strukturen<\/option>\n\t<option class=\"level-0\" value=\"workshop\">Workshop<\/option>\n\t<option class=\"level-1\" value=\"positive-fehlerkultur\">&nbsp;&nbsp;&nbsp;positive Fehlerkultur<\/option>\n<\/select>\n\t\t\t\t\t\t\t\t\t\t<\/div>\n\t\t\t\t<\/div>\n\t\t\t\t\t        \n\t\t\t<!-- Search by event type section end -->\n\n\t\t\t<!-- Search by any ticket price section start -->\t\t\t\n\t\t\t\t  \n\t\t\t<!-- Search by any ticket price section end -->  \n\n\t\t\t\n    <\/div> <!-- \/row -->\n\n    \t\n\n  <\/div>\n  <div class=\"showing_applied_filters\"><\/div><input type=\"hidden\" name=\"trp-form-language\" value=\"en\"\/><\/form>\n<noscript>Your browser does not support JavaScript, or it is disabled. JavaScript must be enabled in order to view listings.<\/noscript>\n<!-- Event listing view -->\n<div id=\"event-listing-view\" class=\"wpem-main wpem-event-listings event_listings wpem-event-listing-list-view\">\n<\/div>\n<a class=\"load_more_events\" id=\"load_more_events\" href=\"#\" style=\"display:none;\"><strong>Load more events<\/strong><\/a><\/div>[\/et_pb_code][\/et_pb_column][\/et_pb_row][\/et_pb_section]<\/p>","protected":false},"excerpt":{"rendered":"<p>AKTUELLE TERMINE IN DER KATEGORIE PARTNERVERANSTALTUNG<div class=\"event_listings\" data-location=\"\" data-keywords=\"\" data-show_filters=\"true\" data-show_pagination=\"false\" data-per_page=\"100\" data-orderby=\"_event_start_date\" data-order=\"ASC\" data-datetimes=\"\" data-categories=\"partner\" data-event_types=\"\" data-ticket_prices=\"\" data-event_online=\"\" >\n<form class=\"wpem-main wpem-form-wrapper wpem-event-filter-wrapper event_filters\" id=\"event_filters\" action=\"\">\n\t\t<div class=\"search_events search-form-container\">\n\t\t\t <div class=\"wpem-row\">\n\t\t\t<!-- Search by keywords section start -->\n\t\t\t<div class=\"wpem-col\">\n\t\t\t\t<!-- shows default keywords text field  start-->\n\t\t\t\t<div class=\"wpem-form-group\">\n\t\t\t\t<label for=\"search_keywords\" class=\"wpem-form-label\">Keywords<\/label>\n\t\t\t\t<input type=\"text\" name=\"search_keywords\" id=\"search_keywords\" placeholder=\"Keywords\" value=\"\" \/> \n\t\t\t\t<\/div>\n\t\t\t\t<!-- shows default keywords text field end -->\n\t\t\t<\/div>\n\t\t\t<!-- Search by keywords section end-->\n\n\t\t\t<!-- Search by location section start -->\n\t\t\t<div class=\"wpem-col\">\n\t\t\t<div class=\"wpem-form-group wpem-location-container\">\n\t\t\t\t<label for=\"search_location\" class=\"wpem-form-label\">Location<\/label>\n\t\t\t\t<input type=\"text\" name=\"search_location\" id=\"search_location\"  placeholder=\"Location\" value=\"\" \/>\n\t\t\t<\/div>\n\t\t\t<\/div>\n\n\t\t\t<!-- Search by location section end -->\n\n\t\t\t\n\n\t\t\t<!-- Search by date section start -->\n\t\t\t\t\n\n\t\t\t\t\n\t\t\t\t<div class=\"wpem-col\">\n\t\t\t\t\t<div class=\"wpem-form-group\">\n\t\t\t\t\t\t<label for=\"search_datetimes\" class=\"wpem-form-label\">Any dates<\/label>\n\t\t\t\t\t\t<input type=\"text\" name=\"search_datetimes[]\" id=\"search_datetimes\" value='' class=\"event-manager-category-dropdown date_range_picker\" >\n\t\t\t\t\t\t<\/div>\n\t\t\t\t<\/div>\n\t\t\t\t  \t\t\t\n\t\t\t<!-- Search by date section end -->\n\n\n\t         <\/div> <!-- \/row -->\n\t\t<div class=\"wpem-row\">\n\t\t\t<!-- Search by event categories section start -->\n\t\t\t\t\t\t\t\t\t\t\t\t<input type=\"hidden\" name=\"search_categories[]\" value=\"partner\" \/>\n\t\t\t\t\t\t\t\t \n\t\t\t<!-- Search by event categories section end -->\n\n\t\t\t<!-- Search by event type section start -->\n\t\t\t\t\t\n\t\t\t\t<div class=\"wpem-col\">\n\t\t\t\t\t<div class=\"wpem-form-group\">\n\t\t\t\t\t<label for=\"search_event_types\" class=\"wpem-form-label\">Event Type<\/label>\n\t\t\t\t\t\t\t\t\t\t\t<select name='search_event_types[]' id='search_event_types' class='event-manager-category-dropdown'  data-placeholder='Choose an event type' data-no_results_text='No results match' data-multiple_text='Select Some Options'>\n<option value=\"\">Choose an Event Type<\/option>\t<option class=\"level-0\" value=\"messe\">Trade fair<\/option>\n\t<option class=\"level-0\" value=\"network\">Network<\/option>\n\t<option class=\"level-0\" value=\"online-veranstaltung\">Online-Veranstaltung<\/option>\n\t<option class=\"level-0\" value=\"partnerveranstaltung\">Partnerveranstaltung<\/option>\n\t<option class=\"level-0\" value=\"seminar-vortrag\">Seminar, Vortrag<\/option>\n\t<option class=\"level-0\" value=\"strukturen\">Strukturen<\/option>\n\t<option class=\"level-0\" value=\"workshop\">Workshop<\/option>\n\t<option class=\"level-1\" value=\"positive-fehlerkultur\">&nbsp;&nbsp;&nbsp;positive Fehlerkultur<\/option>\n<\/select>\n\t\t\t\t\t\t\t\t\t\t<\/div>\n\t\t\t\t<\/div>\n\t\t\t\t\t        \n\t\t\t<!-- Search by event type section end -->\n\n\t\t\t<!-- Search by any ticket price section start -->\t\t\t\n\t\t\t\t  \n\t\t\t<!-- Search by any ticket price section end -->  \n\n\t\t\t\n    <\/div> <!-- \/row -->\n\n    \t\n\n  <\/div>\n  <div class=\"showing_applied_filters\"><\/div><input type=\"hidden\" name=\"trp-form-language\" value=\"en\"\/><\/form>\n<noscript>Your browser does not support JavaScript, or it is disabled. JavaScript must be enabled in order to view listings.<\/noscript>\n<!-- Event listing view -->\n<div id=\"event-listing-view\" class=\"wpem-main wpem-event-listings event_listings wpem-event-listing-list-view\">\n<\/div>\n<a class=\"load_more_events\" id=\"load_more_events\" href=\"#\" style=\"display:none;\"><strong>Load more events<\/strong><\/a><\/div><\/p>","protected":false},"author":810,"featured_media":0,"parent":0,"menu_order":0,"comment_status":"closed","ping_status":"closed","template":"","meta":{"_et_pb_use_builder":"on","_et_pb_old_content":"<h3>AKTUELLE TERMINE IN DER KATEGORIE PARTNERVERANSTALTUNG<\/h3>\n","_et_gb_content_width":"","inline_featured_image":false,"footnotes":""},"class_list":["post-99991","page","type-page","status-publish","hentry"],"yoast_head":"<!-- This site is optimized with the Yoast SEO plugin v26.0 - https:\/\/yoast.com\/wordpress\/plugins\/seo\/ -->\n<title>Partnerveranstaltungen - Gr\u00fcndungsb\u00fcro<\/title>\n<meta name=\"robots\" content=\"index, follow, max-snippet:-1, max-image-preview:large, max-video-preview:-1\" \/>\n<link rel=\"canonical\" href=\"https:\/\/gruendungsbuero.info\/en\/veranstaltungen\/\" \/>\n<meta property=\"og:locale\" content=\"en_GB\" \/>\n<meta property=\"og:type\" content=\"article\" \/>\n<meta property=\"og:title\" content=\"Partnerveranstaltungen - Gr\u00fcndungsb\u00fcro\" \/>\n<meta property=\"og:description\" content=\"AKTUELLE TERMINE IN DER KATEGORIE PARTNERVERANSTALTUNG\" \/>\n<meta property=\"og:url\" content=\"https:\/\/gruendungsbuero.info\/en\/veranstaltungen\/\" \/>\n<meta property=\"og:site_name\" content=\"Gr\u00fcndungsb\u00fcro\" \/>\n<meta property=\"article:modified_time\" content=\"2022-11-10T09:59:31+00:00\" \/>\n<meta name=\"twitter:card\" content=\"summary_large_image\" \/>\n<meta name=\"twitter:label1\" content=\"Est. reading time\" \/>\n\t<meta name=\"twitter:data1\" content=\"1 minute\" \/>\n<script type=\"application\/ld+json\" class=\"yoast-schema-graph\">{\"@context\":\"https:\/\/schema.org\",\"@graph\":[{\"@type\":\"WebPage\",\"@id\":\"https:\/\/gruendungsbuero.info\/veranstaltungen\/\",\"url\":\"https:\/\/gruendungsbuero.info\/veranstaltungen\/\",\"name\":\"Partnerveranstaltungen - Gr\u00fcndungsb\u00fcro\",\"isPartOf\":{\"@id\":\"https:\/\/gruendungsbuero.info\/#website\"},\"datePublished\":\"2022-01-18T12:32:37+00:00\",\"dateModified\":\"2022-11-10T09:59:31+00:00\",\"breadcrumb\":{\"@id\":\"https:\/\/gruendungsbuero.info\/veranstaltungen\/#breadcrumb\"},\"inLanguage\":\"en-GB\",\"potentialAction\":[{\"@type\":\"ReadAction\",\"target\":[\"https:\/\/gruendungsbuero.info\/veranstaltungen\/\"]}]},{\"@type\":\"BreadcrumbList\",\"@id\":\"https:\/\/gruendungsbuero.info\/veranstaltungen\/#breadcrumb\",\"itemListElement\":[{\"@type\":\"ListItem\",\"position\":1,\"name\":\"Home\",\"item\":\"https:\/\/gruendungsbuero.info\/\"},{\"@type\":\"ListItem\",\"position\":2,\"name\":\"Partnerveranstaltungen\"}]},{\"@type\":\"WebSite\",\"@id\":\"https:\/\/gruendungsbuero.info\/#website\",\"url\":\"https:\/\/gruendungsbuero.info\/\",\"name\":\"Gr\u00fcndungsb\u00fcro\",\"description\":\"Rheinland-Pf\u00e4lzische Technische Universit\u00e4t &amp; Hochschule Kaiserslautern\",\"potentialAction\":[{\"@type\":\"SearchAction\",\"target\":{\"@type\":\"EntryPoint\",\"urlTemplate\":\"https:\/\/gruendungsbuero.info\/?s={search_term_string}\"},\"query-input\":{\"@type\":\"PropertyValueSpecification\",\"valueRequired\":true,\"valueName\":\"search_term_string\"}}],\"inLanguage\":\"en-GB\"}]}<\/script>\n<!-- \/ Yoast SEO plugin. -->","yoast_head_json":{"title":"Partnerveranstaltungen - Gr\u00fcndungsb\u00fcro","robots":{"index":"index","follow":"follow","max-snippet":"max-snippet:-1","max-image-preview":"max-image-preview:large","max-video-preview":"max-video-preview:-1"},"canonical":"https:\/\/gruendungsbuero.info\/en\/veranstaltungen\/","og_locale":"en_GB","og_type":"article","og_title":"Partnerveranstaltungen - Gr\u00fcndungsb\u00fcro","og_description":"AKTUELLE TERMINE IN DER KATEGORIE PARTNERVERANSTALTUNG","og_url":"https:\/\/gruendungsbuero.info\/en\/veranstaltungen\/","og_site_name":"Gr\u00fcndungsb\u00fcro","article_modified_time":"2022-11-10T09:59:31+00:00","twitter_card":"summary_large_image","twitter_misc":{"Est. reading time":"1 minute"},"schema":{"@context":"https:\/\/schema.org","@graph":[{"@type":"WebPage","@id":"https:\/\/gruendungsbuero.info\/veranstaltungen\/","url":"https:\/\/gruendungsbuero.info\/veranstaltungen\/","name":"Partnerveranstaltungen - Gr\u00fcndungsb\u00fcro","isPartOf":{"@id":"https:\/\/gruendungsbuero.info\/#website"},"datePublished":"2022-01-18T12:32:37+00:00","dateModified":"2022-11-10T09:59:31+00:00","breadcrumb":{"@id":"https:\/\/gruendungsbuero.info\/veranstaltungen\/#breadcrumb"},"inLanguage":"en-GB","potentialAction":[{"@type":"ReadAction","target":["https:\/\/gruendungsbuero.info\/veranstaltungen\/"]}]},{"@type":"BreadcrumbList","@id":"https:\/\/gruendungsbuero.info\/veranstaltungen\/#breadcrumb","itemListElement":[{"@type":"ListItem","position":1,"name":"Home","item":"https:\/\/gruendungsbuero.info\/"},{"@type":"ListItem","position":2,"name":"Partnerveranstaltungen"}]},{"@type":"WebSite","@id":"https:\/\/gruendungsbuero.info\/#website","url":"https:\/\/gruendungsbuero.info\/","name":"Gr\u00fcndungsb\u00fcro","description":"Rheinland-Pf\u00e4lzische Technische Universit\u00e4t &amp; Hochschule Kaiserslautern","potentialAction":[{"@type":"SearchAction","target":{"@type":"EntryPoint","urlTemplate":"https:\/\/gruendungsbuero.info\/?s={search_term_string}"},"query-input":{"@type":"PropertyValueSpecification","valueRequired":true,"valueName":"search_term_string"}}],"inLanguage":"en-GB"}]}},"_links":{"self":[{"href":"https:\/\/gruendungsbuero.info\/en\/wp-json\/wp\/v2\/pages\/99991","targetHints":{"allow":["GET"]}}],"collection":[{"href":"https:\/\/gruendungsbuero.info\/en\/wp-json\/wp\/v2\/pages"}],"about":[{"href":"https:\/\/gruendungsbuero.info\/en\/wp-json\/wp\/v2\/types\/page"}],"author":[{"embeddable":true,"href":"https:\/\/gruendungsbuero.info\/en\/wp-json\/wp\/v2\/users\/810"}],"replies":[{"embeddable":true,"href":"https:\/\/gruendungsbuero.info\/en\/wp-json\/wp\/v2\/comments?post=99991"}],"version-history":[{"count":7,"href":"https:\/\/gruendungsbuero.info\/en\/wp-json\/wp\/v2\/pages\/99991\/revisions"}],"predecessor-version":[{"id":106348,"href":"https:\/\/gruendungsbuero.info\/en\/wp-json\/wp\/v2\/pages\/99991\/revisions\/106348"}],"wp:attachment":[{"href":"https:\/\/gruendungsbuero.info\/en\/wp-json\/wp\/v2\/media?parent=99991"}],"curies":[{"name":"wp","href":"https:\/\/api.w.org\/{rel}","templated":true}]}}