{"id":99986,"date":"2022-01-18T12:32:37","date_gmt":"2022-01-18T12:32:37","guid":{"rendered":"https:\/\/gruendungsbuero.info\/aircloak\/"},"modified":"2022-01-18T12:32:37","modified_gmt":"2022-01-18T12:32:37","slug":"aircloak","status":"publish","type":"page","link":"https:\/\/gruendungsbuero.info\/en\/aircloak\/","title":{"rendered":"aircloak"},"content":{"rendered":"<p><strong>We are: <\/strong>Die drei Gr\u00fcnder der Aircloak GmbH: Prof. Paul Francis, Sebastian Probst Eide, Felix Bauer<\/p>\n<p><strong>What we do: <\/strong><i>Aircloak Insights &#8211; einfache und schnelle Anonymisierung von Daten:<\/i><\/p>\n<p>In Zusammenarbeit mit dem Max-Planck-Institut f\u00fcr Softwaresysteme hat Aircloak eine L\u00f6sung zur Datenanonymisierung entwickelt, mit der bei sehr geringem Aufwand neue Erkenntnisse aus sensiblen Daten gewonnen werden. Aircloak Insights arbeitet nach neuesten europ\u00e4ischen Richtlinien und erm\u00f6glicht volle GDPR-Compliance bei der Datenauswertung. Die L\u00f6sung ist sehr flexibel, schnell und einfach zu installieren. Sie ist vom Anwendungsfall komplett unabh\u00e4ngig &#8211; so k\u00f6nnen unstrukturiertere Texte wie beispielsweise Transaktionsdaten im Banking-Bereich bis hin zu Positionsdaten in IoT-Szenarien analysiert werden. Durch eine dynamische Anonymisierung werden Abfrageergebnisse unkenntlich gemacht, ohne die urspr\u00fcngliche Datenbank zu ver\u00e4ndern. Die L\u00f6sung erkennt automatisch, welche Ergebnisse innerhalb der Abfrage einen R\u00fcckschluss auf pers\u00f6nliche Merkmale zul\u00e4sst und anonymisiert diese. Eine laufende Kontrolle durch Datenschutzexperten ist nicht notwendig. Die Funktion von Aircloak Insights ist durch die franz\u00f6sische Aufsichtsbeh\u00f6rde CNIL best\u00e4tigt und ist bereits bei verschiedenen europ\u00e4ischen Unternehmen erfolgreich im Einsatz.<\/p>\n<p><b>Aircloak Insights auf einen Blick:<\/b><\/p>\n<li>Schnelle und einfache Integration &#8211; Vollst\u00e4ndige Anonymisierung von Daten in k\u00fcrzester Zeit, ohne aufwendiges Setup und ohne besondere Fachkenntnisse<\/li>\n<li>Sicher und zuverl\u00e4ssig &#8211; Patentierte Technologie und von Aufsichtsbeh\u00f6rden best\u00e4tigte Funktionalit\u00e4t<\/li>\n<li>Bessere Datenqualit\u00e4t und tiefere Einblicke in Analysen<\/li>\n<p>\nNeugierig geworden? Wir zeigen gerne in unserer <a href=\"https:\/\/aircloak.com\/request-demo\/\">Live-Demo<\/a> wie eine moderne und datenschutzgerechte Analyse mit Aircloak Insights funktioniert.<\/p>\n<p><strong>Wie es dazu kam: <\/strong><\/p>\n<p>Der Schutz unserer Privatsph\u00e4re ist eines der wichtigsten Themen unserer Zeit. Privatsph\u00e4re durch Technikgestaltung (Privacy by design; privacy by default) muss ein Leitprinzip f\u00fcr Unternehmen weltweit sein. <br \/>\nBereits 2012 haben wir uns diesem Thema angenommen und kamen am Max-Planck-Institut f\u00fcr Softwaresysteme in Kaiserslautern mit einer einfachen Idee zusammen: Die damals langsamen und fehleranf\u00e4lligen Prozesse zur Anonymisierung von Daten sollten durch automatisierte L\u00f6sungen (heute bekannt als &#8222;Privacy Enhancing Technologies&#8220;, PET) ersetzt werden.<\/p>\n<\/p>\n<p><strong>Gr\u00fcndung: <\/strong>Das Projekt existiert seit Sommer 2012, die Aircloak GmbH wurde 2014 gegr\u00fcndet.<\/p>\n<p><strong>Website: <\/strong> <a href=\"http:\/\/www.aircloak.com\/\" target=\"_blank\" rel=\"noopener\">www.aircloak.com<\/a><\/p>","protected":false},"excerpt":{"rendered":"<p>Wir sind: Die drei Gr\u00fcnder der Aircloak GmbH: Prof. Paul Francis, Sebastian Probst Eide, Felix Bauer Wir machen: Aircloak Insights &#8211; einfache und schnelle Anonymisierung von Daten: In Zusammenarbeit mit dem Max-Planck-Institut f\u00fcr Softwaresysteme hat Aircloak eine L\u00f6sung zur Datenanonymisierung entwickelt, mit der bei sehr geringem Aufwand neue Erkenntnisse aus sensiblen Daten gewonnen werden. Aircloak [&hellip;]<\/p>","protected":false},"author":810,"featured_media":0,"parent":0,"menu_order":0,"comment_status":"closed","ping_status":"closed","template":"","meta":{"_et_pb_use_builder":"","_et_pb_old_content":"","_et_gb_content_width":"","inline_featured_image":false,"footnotes":""},"class_list":["post-99986","page","type-page","status-publish","hentry"],"yoast_head":"<!-- This site is optimized with the Yoast SEO plugin v26.0 - https:\/\/yoast.com\/wordpress\/plugins\/seo\/ -->\n<title>aircloak - Gr\u00fcndungsb\u00fcro<\/title>\n<meta name=\"robots\" content=\"index, follow, max-snippet:-1, max-image-preview:large, max-video-preview:-1\" \/>\n<link rel=\"canonical\" href=\"https:\/\/gruendungsbuero.info\/en\/aircloak\/\" \/>\n<meta property=\"og:locale\" content=\"en_GB\" \/>\n<meta property=\"og:type\" content=\"article\" \/>\n<meta property=\"og:title\" content=\"aircloak - Gr\u00fcndungsb\u00fcro\" \/>\n<meta property=\"og:description\" content=\"Wir sind: Die drei Gr\u00fcnder der Aircloak GmbH: Prof. Paul Francis, Sebastian Probst Eide, Felix Bauer Wir machen: Aircloak Insights &#8211; einfache und schnelle Anonymisierung von Daten: In Zusammenarbeit mit dem Max-Planck-Institut f\u00fcr Softwaresysteme hat Aircloak eine L\u00f6sung zur Datenanonymisierung entwickelt, mit der bei sehr geringem Aufwand neue Erkenntnisse aus sensiblen Daten gewonnen werden. Aircloak [&hellip;]\" \/>\n<meta property=\"og:url\" content=\"https:\/\/gruendungsbuero.info\/en\/aircloak\/\" \/>\n<meta property=\"og:site_name\" content=\"Gr\u00fcndungsb\u00fcro\" \/>\n<meta name=\"twitter:card\" content=\"summary_large_image\" \/>\n<meta name=\"twitter:label1\" content=\"Est. reading time\" \/>\n\t<meta name=\"twitter:data1\" content=\"2 minutes\" \/>\n<script type=\"application\/ld+json\" class=\"yoast-schema-graph\">{\"@context\":\"https:\/\/schema.org\",\"@graph\":[{\"@type\":\"WebPage\",\"@id\":\"https:\/\/gruendungsbuero.info\/aircloak\/\",\"url\":\"https:\/\/gruendungsbuero.info\/aircloak\/\",\"name\":\"aircloak - Gr\u00fcndungsb\u00fcro\",\"isPartOf\":{\"@id\":\"https:\/\/gruendungsbuero.info\/#website\"},\"datePublished\":\"2022-01-18T12:32:37+00:00\",\"breadcrumb\":{\"@id\":\"https:\/\/gruendungsbuero.info\/aircloak\/#breadcrumb\"},\"inLanguage\":\"en-GB\",\"potentialAction\":[{\"@type\":\"ReadAction\",\"target\":[\"https:\/\/gruendungsbuero.info\/aircloak\/\"]}]},{\"@type\":\"BreadcrumbList\",\"@id\":\"https:\/\/gruendungsbuero.info\/aircloak\/#breadcrumb\",\"itemListElement\":[{\"@type\":\"ListItem\",\"position\":1,\"name\":\"Home\",\"item\":\"https:\/\/gruendungsbuero.info\/\"},{\"@type\":\"ListItem\",\"position\":2,\"name\":\"aircloak\"}]},{\"@type\":\"WebSite\",\"@id\":\"https:\/\/gruendungsbuero.info\/#website\",\"url\":\"https:\/\/gruendungsbuero.info\/\",\"name\":\"Gr\u00fcndungsb\u00fcro\",\"description\":\"Rheinland-Pf\u00e4lzische Technische Universit\u00e4t &amp; Hochschule Kaiserslautern\",\"potentialAction\":[{\"@type\":\"SearchAction\",\"target\":{\"@type\":\"EntryPoint\",\"urlTemplate\":\"https:\/\/gruendungsbuero.info\/?s={search_term_string}\"},\"query-input\":{\"@type\":\"PropertyValueSpecification\",\"valueRequired\":true,\"valueName\":\"search_term_string\"}}],\"inLanguage\":\"en-GB\"}]}<\/script>\n<!-- \/ Yoast SEO plugin. -->","yoast_head_json":{"title":"aircloak - Gr\u00fcndungsb\u00fcro","robots":{"index":"index","follow":"follow","max-snippet":"max-snippet:-1","max-image-preview":"max-image-preview:large","max-video-preview":"max-video-preview:-1"},"canonical":"https:\/\/gruendungsbuero.info\/en\/aircloak\/","og_locale":"en_GB","og_type":"article","og_title":"aircloak - Gr\u00fcndungsb\u00fcro","og_description":"Wir sind: Die drei Gr\u00fcnder der Aircloak GmbH: Prof. Paul Francis, Sebastian Probst Eide, Felix Bauer Wir machen: Aircloak Insights &#8211; einfache und schnelle Anonymisierung von Daten: In Zusammenarbeit mit dem Max-Planck-Institut f\u00fcr Softwaresysteme hat Aircloak eine L\u00f6sung zur Datenanonymisierung entwickelt, mit der bei sehr geringem Aufwand neue Erkenntnisse aus sensiblen Daten gewonnen werden. Aircloak [&hellip;]","og_url":"https:\/\/gruendungsbuero.info\/en\/aircloak\/","og_site_name":"Gr\u00fcndungsb\u00fcro","twitter_card":"summary_large_image","twitter_misc":{"Est. reading time":"2 minutes"},"schema":{"@context":"https:\/\/schema.org","@graph":[{"@type":"WebPage","@id":"https:\/\/gruendungsbuero.info\/aircloak\/","url":"https:\/\/gruendungsbuero.info\/aircloak\/","name":"aircloak - Gr\u00fcndungsb\u00fcro","isPartOf":{"@id":"https:\/\/gruendungsbuero.info\/#website"},"datePublished":"2022-01-18T12:32:37+00:00","breadcrumb":{"@id":"https:\/\/gruendungsbuero.info\/aircloak\/#breadcrumb"},"inLanguage":"en-GB","potentialAction":[{"@type":"ReadAction","target":["https:\/\/gruendungsbuero.info\/aircloak\/"]}]},{"@type":"BreadcrumbList","@id":"https:\/\/gruendungsbuero.info\/aircloak\/#breadcrumb","itemListElement":[{"@type":"ListItem","position":1,"name":"Home","item":"https:\/\/gruendungsbuero.info\/"},{"@type":"ListItem","position":2,"name":"aircloak"}]},{"@type":"WebSite","@id":"https:\/\/gruendungsbuero.info\/#website","url":"https:\/\/gruendungsbuero.info\/","name":"Gr\u00fcndungsb\u00fcro","description":"Rheinland-Pf\u00e4lzische Technische Universit\u00e4t &amp; Hochschule Kaiserslautern","potentialAction":[{"@type":"SearchAction","target":{"@type":"EntryPoint","urlTemplate":"https:\/\/gruendungsbuero.info\/?s={search_term_string}"},"query-input":{"@type":"PropertyValueSpecification","valueRequired":true,"valueName":"search_term_string"}}],"inLanguage":"en-GB"}]}},"_links":{"self":[{"href":"https:\/\/gruendungsbuero.info\/en\/wp-json\/wp\/v2\/pages\/99986","targetHints":{"allow":["GET"]}}],"collection":[{"href":"https:\/\/gruendungsbuero.info\/en\/wp-json\/wp\/v2\/pages"}],"about":[{"href":"https:\/\/gruendungsbuero.info\/en\/wp-json\/wp\/v2\/types\/page"}],"author":[{"embeddable":true,"href":"https:\/\/gruendungsbuero.info\/en\/wp-json\/wp\/v2\/users\/810"}],"replies":[{"embeddable":true,"href":"https:\/\/gruendungsbuero.info\/en\/wp-json\/wp\/v2\/comments?post=99986"}],"version-history":[{"count":0,"href":"https:\/\/gruendungsbuero.info\/en\/wp-json\/wp\/v2\/pages\/99986\/revisions"}],"wp:attachment":[{"href":"https:\/\/gruendungsbuero.info\/en\/wp-json\/wp\/v2\/media?parent=99986"}],"curies":[{"name":"wp","href":"https:\/\/api.w.org\/{rel}","templated":true}]}}