{"id":99984,"date":"2022-01-18T12:32:37","date_gmt":"2022-01-18T12:32:37","guid":{"rendered":"https:\/\/gruendungsbuero.info\/einheitlicher-ansprechpartner\/"},"modified":"2022-01-18T12:32:37","modified_gmt":"2022-01-18T12:32:37","slug":"consistent-contact-person","status":"publish","type":"page","link":"https:\/\/gruendungsbuero.info\/en\/consistent-contact-person\/","title":{"rendered":"Einheitlicher Ansprechpartner"},"content":{"rendered":"<p>\nSie wollen sich selbst\u00e4ndig machen, ein Unternehmen oder eine Niederlassung gr\u00fcnden? Sie wollen einen Handwerksbetrieb, ein Restaurant oder eine Rechtsanwaltskanzlei er\u00f6ffnen?<br \/>\nDann sind Sie beim Einheitlichen Ansprechpartner richtig!<br \/>\nDer Einheitliche Ansprechpartner in Rheinland-Pfalz ist die zentrale Servicestelle f\u00fcr Existenzgr\u00fcnderinnen und -gr\u00fcnder, Selbst\u00e4ndige, Unternehmerinnen und Unternehmer sowie Freiberuflerinnen und Freiberufler, die sich in Rheinland-Pfalz niederlassen oder ihr Gesch\u00e4ft ver\u00e4ndern wollen.<br \/>\n<br \/>Der Einheitliche Ansprechpartner bietet:<br \/>\n\u2022    umfassende Informationen<br \/>\n\u2022\tkostenlose Beratung und<br \/>\n\u2022\tKoordination von Genehmigungsverfahren<br \/>\nDer Einheitliche Ansprechpartner informiert und unterst\u00fctzt Sie bei allen Verwaltungs- und Antragsverfahren zur Aufnahme und Aus\u00fcbung einer Dienstleistungst\u00e4tigkeit.\n<\/p>\n<p><strong>Einheitlicher Ansprechpartner<\/strong><br \/>\n<em>bei der Struktur- und Genehmigungsdirektion S\u00fcd<\/em><br \/>\nFriedrich-Ebert-Stra\u00dfe 14<br \/>\n67433 Neustadt<br \/>\nTelefon: 06321 99 &#8211; 2233<br \/>\nTelefax: 06321 99 &#8211; 32233<br \/>\nE-Mail: <a href=\"\/en\/eap-sgdsued@poststelle.rlp.de\/\">eap-sgsdued@poststelle.rlp.de<\/a><br \/>\nInternet: <a href=\"http:\/\/www.eap.rlp.de\" target=\"_blank\" rel=\"noopener\">www.eap.rlp.de<\/a><br \/><\/p>","protected":false},"excerpt":{"rendered":"<p>Sie wollen sich selbst\u00e4ndig machen, ein Unternehmen oder eine Niederlassung gr\u00fcnden? Sie wollen einen Handwerksbetrieb, ein Restaurant oder eine Rechtsanwaltskanzlei er\u00f6ffnen? Dann sind Sie beim Einheitlichen Ansprechpartner richtig! Der Einheitliche Ansprechpartner in Rheinland-Pfalz ist die zentrale Servicestelle f\u00fcr Existenzgr\u00fcnderinnen und -gr\u00fcnder, Selbst\u00e4ndige, Unternehmerinnen und Unternehmer sowie Freiberuflerinnen und Freiberufler, die sich in Rheinland-Pfalz niederlassen oder [&hellip;]<\/p>","protected":false},"author":810,"featured_media":0,"parent":0,"menu_order":0,"comment_status":"closed","ping_status":"closed","template":"","meta":{"_et_pb_use_builder":"","_et_pb_old_content":"","_et_gb_content_width":"","inline_featured_image":false,"footnotes":""},"class_list":["post-99984","page","type-page","status-publish","hentry"],"yoast_head":"<!-- This site is optimized with the Yoast SEO plugin v26.0 - https:\/\/yoast.com\/wordpress\/plugins\/seo\/ -->\n<title>Einheitlicher Ansprechpartner - Gr\u00fcndungsb\u00fcro<\/title>\n<meta name=\"robots\" content=\"index, follow, max-snippet:-1, max-image-preview:large, max-video-preview:-1\" \/>\n<link rel=\"canonical\" href=\"https:\/\/gruendungsbuero.info\/en\/consistent-contact-person\/\" \/>\n<meta property=\"og:locale\" content=\"en_GB\" \/>\n<meta property=\"og:type\" content=\"article\" \/>\n<meta property=\"og:title\" content=\"Einheitlicher Ansprechpartner - Gr\u00fcndungsb\u00fcro\" \/>\n<meta property=\"og:description\" content=\"Sie wollen sich selbst\u00e4ndig machen, ein Unternehmen oder eine Niederlassung gr\u00fcnden? Sie wollen einen Handwerksbetrieb, ein Restaurant oder eine Rechtsanwaltskanzlei er\u00f6ffnen? Dann sind Sie beim Einheitlichen Ansprechpartner richtig! Der Einheitliche Ansprechpartner in Rheinland-Pfalz ist die zentrale Servicestelle f\u00fcr Existenzgr\u00fcnderinnen und -gr\u00fcnder, Selbst\u00e4ndige, Unternehmerinnen und Unternehmer sowie Freiberuflerinnen und Freiberufler, die sich in Rheinland-Pfalz niederlassen oder [&hellip;]\" \/>\n<meta property=\"og:url\" content=\"https:\/\/gruendungsbuero.info\/en\/consistent-contact-person\/\" \/>\n<meta property=\"og:site_name\" content=\"Gr\u00fcndungsb\u00fcro\" \/>\n<meta name=\"twitter:card\" content=\"summary_large_image\" \/>\n<meta name=\"twitter:label1\" content=\"Est. reading time\" \/>\n\t<meta name=\"twitter:data1\" content=\"1 minute\" \/>\n<script type=\"application\/ld+json\" class=\"yoast-schema-graph\">{\"@context\":\"https:\/\/schema.org\",\"@graph\":[{\"@type\":\"WebPage\",\"@id\":\"https:\/\/gruendungsbuero.info\/einheitlicher-ansprechpartner\/\",\"url\":\"https:\/\/gruendungsbuero.info\/einheitlicher-ansprechpartner\/\",\"name\":\"Einheitlicher Ansprechpartner - Gr\u00fcndungsb\u00fcro\",\"isPartOf\":{\"@id\":\"https:\/\/gruendungsbuero.info\/#website\"},\"datePublished\":\"2022-01-18T12:32:37+00:00\",\"breadcrumb\":{\"@id\":\"https:\/\/gruendungsbuero.info\/einheitlicher-ansprechpartner\/#breadcrumb\"},\"inLanguage\":\"en-GB\",\"potentialAction\":[{\"@type\":\"ReadAction\",\"target\":[\"https:\/\/gruendungsbuero.info\/einheitlicher-ansprechpartner\/\"]}]},{\"@type\":\"BreadcrumbList\",\"@id\":\"https:\/\/gruendungsbuero.info\/einheitlicher-ansprechpartner\/#breadcrumb\",\"itemListElement\":[{\"@type\":\"ListItem\",\"position\":1,\"name\":\"Home\",\"item\":\"https:\/\/gruendungsbuero.info\/\"},{\"@type\":\"ListItem\",\"position\":2,\"name\":\"Einheitlicher Ansprechpartner\"}]},{\"@type\":\"WebSite\",\"@id\":\"https:\/\/gruendungsbuero.info\/#website\",\"url\":\"https:\/\/gruendungsbuero.info\/\",\"name\":\"Gr\u00fcndungsb\u00fcro\",\"description\":\"Rheinland-Pf\u00e4lzische Technische Universit\u00e4t &amp; Hochschule Kaiserslautern\",\"potentialAction\":[{\"@type\":\"SearchAction\",\"target\":{\"@type\":\"EntryPoint\",\"urlTemplate\":\"https:\/\/gruendungsbuero.info\/?s={search_term_string}\"},\"query-input\":{\"@type\":\"PropertyValueSpecification\",\"valueRequired\":true,\"valueName\":\"search_term_string\"}}],\"inLanguage\":\"en-GB\"}]}<\/script>\n<!-- \/ Yoast SEO plugin. -->","yoast_head_json":{"title":"Einheitlicher Ansprechpartner - Gr\u00fcndungsb\u00fcro","robots":{"index":"index","follow":"follow","max-snippet":"max-snippet:-1","max-image-preview":"max-image-preview:large","max-video-preview":"max-video-preview:-1"},"canonical":"https:\/\/gruendungsbuero.info\/en\/consistent-contact-person\/","og_locale":"en_GB","og_type":"article","og_title":"Einheitlicher Ansprechpartner - Gr\u00fcndungsb\u00fcro","og_description":"Sie wollen sich selbst\u00e4ndig machen, ein Unternehmen oder eine Niederlassung gr\u00fcnden? Sie wollen einen Handwerksbetrieb, ein Restaurant oder eine Rechtsanwaltskanzlei er\u00f6ffnen? Dann sind Sie beim Einheitlichen Ansprechpartner richtig! Der Einheitliche Ansprechpartner in Rheinland-Pfalz ist die zentrale Servicestelle f\u00fcr Existenzgr\u00fcnderinnen und -gr\u00fcnder, Selbst\u00e4ndige, Unternehmerinnen und Unternehmer sowie Freiberuflerinnen und Freiberufler, die sich in Rheinland-Pfalz niederlassen oder [&hellip;]","og_url":"https:\/\/gruendungsbuero.info\/en\/consistent-contact-person\/","og_site_name":"Gr\u00fcndungsb\u00fcro","twitter_card":"summary_large_image","twitter_misc":{"Est. reading time":"1 minute"},"schema":{"@context":"https:\/\/schema.org","@graph":[{"@type":"WebPage","@id":"https:\/\/gruendungsbuero.info\/einheitlicher-ansprechpartner\/","url":"https:\/\/gruendungsbuero.info\/einheitlicher-ansprechpartner\/","name":"Einheitlicher Ansprechpartner - Gr\u00fcndungsb\u00fcro","isPartOf":{"@id":"https:\/\/gruendungsbuero.info\/#website"},"datePublished":"2022-01-18T12:32:37+00:00","breadcrumb":{"@id":"https:\/\/gruendungsbuero.info\/einheitlicher-ansprechpartner\/#breadcrumb"},"inLanguage":"en-GB","potentialAction":[{"@type":"ReadAction","target":["https:\/\/gruendungsbuero.info\/einheitlicher-ansprechpartner\/"]}]},{"@type":"BreadcrumbList","@id":"https:\/\/gruendungsbuero.info\/einheitlicher-ansprechpartner\/#breadcrumb","itemListElement":[{"@type":"ListItem","position":1,"name":"Home","item":"https:\/\/gruendungsbuero.info\/"},{"@type":"ListItem","position":2,"name":"Einheitlicher Ansprechpartner"}]},{"@type":"WebSite","@id":"https:\/\/gruendungsbuero.info\/#website","url":"https:\/\/gruendungsbuero.info\/","name":"Gr\u00fcndungsb\u00fcro","description":"Rheinland-Pf\u00e4lzische Technische Universit\u00e4t &amp; Hochschule Kaiserslautern","potentialAction":[{"@type":"SearchAction","target":{"@type":"EntryPoint","urlTemplate":"https:\/\/gruendungsbuero.info\/?s={search_term_string}"},"query-input":{"@type":"PropertyValueSpecification","valueRequired":true,"valueName":"search_term_string"}}],"inLanguage":"en-GB"}]}},"_links":{"self":[{"href":"https:\/\/gruendungsbuero.info\/en\/wp-json\/wp\/v2\/pages\/99984","targetHints":{"allow":["GET"]}}],"collection":[{"href":"https:\/\/gruendungsbuero.info\/en\/wp-json\/wp\/v2\/pages"}],"about":[{"href":"https:\/\/gruendungsbuero.info\/en\/wp-json\/wp\/v2\/types\/page"}],"author":[{"embeddable":true,"href":"https:\/\/gruendungsbuero.info\/en\/wp-json\/wp\/v2\/users\/810"}],"replies":[{"embeddable":true,"href":"https:\/\/gruendungsbuero.info\/en\/wp-json\/wp\/v2\/comments?post=99984"}],"version-history":[{"count":0,"href":"https:\/\/gruendungsbuero.info\/en\/wp-json\/wp\/v2\/pages\/99984\/revisions"}],"wp:attachment":[{"href":"https:\/\/gruendungsbuero.info\/en\/wp-json\/wp\/v2\/media?parent=99984"}],"curies":[{"name":"wp","href":"https:\/\/api.w.org\/{rel}","templated":true}]}}