{"id":99981,"date":"2022-01-18T12:32:37","date_gmt":"2022-01-18T12:32:37","guid":{"rendered":"https:\/\/gruendungsbuero.info\/herzschuss-full-service-video-agency\/"},"modified":"2022-01-18T12:32:37","modified_gmt":"2022-01-18T12:32:37","slug":"herzschuss-full-service-video-agency","status":"publish","type":"page","link":"https:\/\/gruendungsbuero.info\/en\/herzschuss-full-service-video-agency\/","title":{"rendered":"Herzschuss &#8211; Full Service Video Agency"},"content":{"rendered":"<p><strong>We are: <\/strong>Herzschuss<\/p>\n<p><strong>What we do: <\/strong>HERZSCHUSS IST EINE JUNGE FULL SERVICE AGENTUR F\u00dcR VIDEOPRODUKTION UND VIDEO MARKETING.<\/p>\n<p>Es inspiriert uns, Videos zu produzieren, die das volle Potential unserer Kunden widerspiegeln. Zu unseren Auftraggebern z\u00e4hlen Unternehmen, Agenturen und Online-Magazine von \u00fcberall auf der Welt, mit denen wir gerne kollegial und auf Augenh\u00f6he kommunizieren.Zu unseren Auftraggebern z\u00e4hlen Unternehmen, Agenturen und Online-Magazine von \u00fcberall auf der Welt, mit denen wir gerne kollegial und auf Augenh\u00f6he kommunizieren.<\/p>\n<p>Wir betreuen Projekte von der Konzeption bis zur Post Produktion und dar\u00fcber hinaus. Die Welt wirklich verbessern k\u00f6nnen wir mit unserer Arbeit nur bedingt. Was wir aber auf jeden Fall k\u00f6nnen ist, der Vision, den Dienstleistungen und Produkten unserer Kunden, auf authentische Art und Weise Ausdruck zu verleihen.<\/p>\n<p>Und zwar mit dem sch\u00f6nsten Medium der Welt: Video.<\/p>\n<p><strong>So kam es dazu: <\/strong>Patrick, der geb\u00fcrtig aus Kaiserslautern kommt, ist schon seit 2004 in der Medienbranche mit dem Schwerpunkt Videoproduktion t\u00e4tig. Seit 2004 durchlief Patrick verschiedene Stationen in dieser Branche und war unter anderem als Media Director f\u00fcr E-Commerce Unternehmen und als Creative Director f\u00fcr Werbefilmproduktionen t\u00e4tig. 2017 machte er sich dann als Regief\u00fchrender Kameramann freiberuflich in Berlin selbstst\u00e4ndig. Jessica, die Kultur und Wirtschaft in Mannheim studiert hat, verschlug es 2015 nach Berlin, wo sie zun\u00e4chst in einer Werbeagentur im Bereich Eventmanagement t\u00e4tig war. Sp\u00e4ter arbeitete sie f\u00fcr zwei Eventlocations in Berlin, wo sie erste Kontakte zur Filmbranche machte. Patrick und Jessica lernten sich 2017 durch eine gemeinsame Freundin in Berlin kennen. Seit dem arbeiteten beide gemeinsam als Freelancer-Duo an verschiedenen Videoprojekten. Die Entscheidung Herzschuss zu gr\u00fcnden fiel dann Mitte 2018 und wurde zu Beginn 2019 in die Tat umgesetzt.<\/p>\n<p><strong>Website: <\/strong> <a href=\"https:\/\/herzschuss.com\/\" target=\"_blank\" rel=\"noopener\">www.herzschuss.com<\/a><\/p>\n<p><strong>Founding date: <\/strong>01.01.2019<\/p>\n<p><strong>Contact: <\/strong> <a href=\"mailto:hello@herzschuss.com\">hello@herzschuss.com<\/a><\/p>","protected":false},"excerpt":{"rendered":"<p>Wir sind: Herzschuss Wir machen: HERZSCHUSS IST EINE JUNGE FULL SERVICE AGENTUR F\u00dcR VIDEOPRODUKTION UND VIDEO MARKETING. Es inspiriert uns, Videos zu produzieren, die das volle Potential unserer Kunden widerspiegeln. Zu unseren Auftraggebern z\u00e4hlen Unternehmen, Agenturen und Online-Magazine von \u00fcberall auf der Welt, mit denen wir gerne kollegial und auf Augenh\u00f6he kommunizieren.Zu unseren Auftraggebern z\u00e4hlen [&hellip;]<\/p>","protected":false},"author":810,"featured_media":0,"parent":0,"menu_order":0,"comment_status":"closed","ping_status":"closed","template":"","meta":{"_et_pb_use_builder":"","_et_pb_old_content":"","_et_gb_content_width":"","inline_featured_image":false,"footnotes":""},"class_list":["post-99981","page","type-page","status-publish","hentry"],"yoast_head":"<!-- This site is optimized with the Yoast SEO plugin v26.0 - https:\/\/yoast.com\/wordpress\/plugins\/seo\/ -->\n<title>Herzschuss - Full Service Video Agency - Gr\u00fcndungsb\u00fcro<\/title>\n<meta name=\"robots\" content=\"index, follow, max-snippet:-1, max-image-preview:large, max-video-preview:-1\" \/>\n<link rel=\"canonical\" href=\"https:\/\/gruendungsbuero.info\/en\/herzschuss-full-service-video-agency\/\" \/>\n<meta property=\"og:locale\" content=\"en_GB\" \/>\n<meta property=\"og:type\" content=\"article\" \/>\n<meta property=\"og:title\" content=\"Herzschuss - Full Service Video Agency - Gr\u00fcndungsb\u00fcro\" \/>\n<meta property=\"og:description\" content=\"Wir sind: Herzschuss Wir machen: HERZSCHUSS IST EINE JUNGE FULL SERVICE AGENTUR F\u00dcR VIDEOPRODUKTION UND VIDEO MARKETING. Es inspiriert uns, Videos zu produzieren, die das volle Potential unserer Kunden widerspiegeln. Zu unseren Auftraggebern z\u00e4hlen Unternehmen, Agenturen und Online-Magazine von \u00fcberall auf der Welt, mit denen wir gerne kollegial und auf Augenh\u00f6he kommunizieren.Zu unseren Auftraggebern z\u00e4hlen [&hellip;]\" \/>\n<meta property=\"og:url\" content=\"https:\/\/gruendungsbuero.info\/en\/herzschuss-full-service-video-agency\/\" \/>\n<meta property=\"og:site_name\" content=\"Gr\u00fcndungsb\u00fcro\" \/>\n<meta name=\"twitter:card\" content=\"summary_large_image\" \/>\n<meta name=\"twitter:label1\" content=\"Est. reading time\" \/>\n\t<meta name=\"twitter:data1\" content=\"1 minute\" \/>\n<script type=\"application\/ld+json\" class=\"yoast-schema-graph\">{\"@context\":\"https:\/\/schema.org\",\"@graph\":[{\"@type\":\"WebPage\",\"@id\":\"https:\/\/gruendungsbuero.info\/herzschuss-full-service-video-agency\/\",\"url\":\"https:\/\/gruendungsbuero.info\/herzschuss-full-service-video-agency\/\",\"name\":\"Herzschuss - Full Service Video Agency - Gr\u00fcndungsb\u00fcro\",\"isPartOf\":{\"@id\":\"https:\/\/gruendungsbuero.info\/#website\"},\"datePublished\":\"2022-01-18T12:32:37+00:00\",\"breadcrumb\":{\"@id\":\"https:\/\/gruendungsbuero.info\/herzschuss-full-service-video-agency\/#breadcrumb\"},\"inLanguage\":\"en-GB\",\"potentialAction\":[{\"@type\":\"ReadAction\",\"target\":[\"https:\/\/gruendungsbuero.info\/herzschuss-full-service-video-agency\/\"]}]},{\"@type\":\"BreadcrumbList\",\"@id\":\"https:\/\/gruendungsbuero.info\/herzschuss-full-service-video-agency\/#breadcrumb\",\"itemListElement\":[{\"@type\":\"ListItem\",\"position\":1,\"name\":\"Home\",\"item\":\"https:\/\/gruendungsbuero.info\/\"},{\"@type\":\"ListItem\",\"position\":2,\"name\":\"Herzschuss &#8211; Full Service Video Agency\"}]},{\"@type\":\"WebSite\",\"@id\":\"https:\/\/gruendungsbuero.info\/#website\",\"url\":\"https:\/\/gruendungsbuero.info\/\",\"name\":\"Gr\u00fcndungsb\u00fcro\",\"description\":\"Rheinland-Pf\u00e4lzische Technische Universit\u00e4t &amp; Hochschule Kaiserslautern\",\"potentialAction\":[{\"@type\":\"SearchAction\",\"target\":{\"@type\":\"EntryPoint\",\"urlTemplate\":\"https:\/\/gruendungsbuero.info\/?s={search_term_string}\"},\"query-input\":{\"@type\":\"PropertyValueSpecification\",\"valueRequired\":true,\"valueName\":\"search_term_string\"}}],\"inLanguage\":\"en-GB\"}]}<\/script>\n<!-- \/ Yoast SEO plugin. -->","yoast_head_json":{"title":"Herzschuss - Full Service Video Agency - Gr\u00fcndungsb\u00fcro","robots":{"index":"index","follow":"follow","max-snippet":"max-snippet:-1","max-image-preview":"max-image-preview:large","max-video-preview":"max-video-preview:-1"},"canonical":"https:\/\/gruendungsbuero.info\/en\/herzschuss-full-service-video-agency\/","og_locale":"en_GB","og_type":"article","og_title":"Herzschuss - Full Service Video Agency - Gr\u00fcndungsb\u00fcro","og_description":"Wir sind: Herzschuss Wir machen: HERZSCHUSS IST EINE JUNGE FULL SERVICE AGENTUR F\u00dcR VIDEOPRODUKTION UND VIDEO MARKETING. Es inspiriert uns, Videos zu produzieren, die das volle Potential unserer Kunden widerspiegeln. Zu unseren Auftraggebern z\u00e4hlen Unternehmen, Agenturen und Online-Magazine von \u00fcberall auf der Welt, mit denen wir gerne kollegial und auf Augenh\u00f6he kommunizieren.Zu unseren Auftraggebern z\u00e4hlen [&hellip;]","og_url":"https:\/\/gruendungsbuero.info\/en\/herzschuss-full-service-video-agency\/","og_site_name":"Gr\u00fcndungsb\u00fcro","twitter_card":"summary_large_image","twitter_misc":{"Est. reading time":"1 minute"},"schema":{"@context":"https:\/\/schema.org","@graph":[{"@type":"WebPage","@id":"https:\/\/gruendungsbuero.info\/herzschuss-full-service-video-agency\/","url":"https:\/\/gruendungsbuero.info\/herzschuss-full-service-video-agency\/","name":"Herzschuss - Full Service Video Agency - Gr\u00fcndungsb\u00fcro","isPartOf":{"@id":"https:\/\/gruendungsbuero.info\/#website"},"datePublished":"2022-01-18T12:32:37+00:00","breadcrumb":{"@id":"https:\/\/gruendungsbuero.info\/herzschuss-full-service-video-agency\/#breadcrumb"},"inLanguage":"en-GB","potentialAction":[{"@type":"ReadAction","target":["https:\/\/gruendungsbuero.info\/herzschuss-full-service-video-agency\/"]}]},{"@type":"BreadcrumbList","@id":"https:\/\/gruendungsbuero.info\/herzschuss-full-service-video-agency\/#breadcrumb","itemListElement":[{"@type":"ListItem","position":1,"name":"Home","item":"https:\/\/gruendungsbuero.info\/"},{"@type":"ListItem","position":2,"name":"Herzschuss &#8211; Full Service Video Agency"}]},{"@type":"WebSite","@id":"https:\/\/gruendungsbuero.info\/#website","url":"https:\/\/gruendungsbuero.info\/","name":"Gr\u00fcndungsb\u00fcro","description":"Rheinland-Pf\u00e4lzische Technische Universit\u00e4t &amp; Hochschule Kaiserslautern","potentialAction":[{"@type":"SearchAction","target":{"@type":"EntryPoint","urlTemplate":"https:\/\/gruendungsbuero.info\/?s={search_term_string}"},"query-input":{"@type":"PropertyValueSpecification","valueRequired":true,"valueName":"search_term_string"}}],"inLanguage":"en-GB"}]}},"_links":{"self":[{"href":"https:\/\/gruendungsbuero.info\/en\/wp-json\/wp\/v2\/pages\/99981","targetHints":{"allow":["GET"]}}],"collection":[{"href":"https:\/\/gruendungsbuero.info\/en\/wp-json\/wp\/v2\/pages"}],"about":[{"href":"https:\/\/gruendungsbuero.info\/en\/wp-json\/wp\/v2\/types\/page"}],"author":[{"embeddable":true,"href":"https:\/\/gruendungsbuero.info\/en\/wp-json\/wp\/v2\/users\/810"}],"replies":[{"embeddable":true,"href":"https:\/\/gruendungsbuero.info\/en\/wp-json\/wp\/v2\/comments?post=99981"}],"version-history":[{"count":0,"href":"https:\/\/gruendungsbuero.info\/en\/wp-json\/wp\/v2\/pages\/99981\/revisions"}],"wp:attachment":[{"href":"https:\/\/gruendungsbuero.info\/en\/wp-json\/wp\/v2\/media?parent=99981"}],"curies":[{"name":"wp","href":"https:\/\/api.w.org\/{rel}","templated":true}]}}