{"id":99976,"date":"2022-01-18T12:32:37","date_gmt":"2022-01-18T12:32:37","guid":{"rendered":"https:\/\/gruendungsbuero.info\/bafa-forderung\/"},"modified":"2022-02-03T11:49:52","modified_gmt":"2022-02-03T11:49:52","slug":"bagilstein-ltd","status":"publish","type":"page","link":"https:\/\/gruendungsbuero.info\/en\/bagilstein-ltd\/","title":{"rendered":"BAFA Funding"},"content":{"rendered":"<p>Das neue F\u00f6rderprogramm mit dem Namen &#8222;F\u00f6rderung unternehmerischen Know-hows&#8220; fasst die bisherigen Programme &#8222;F\u00f6rderung unternehmerischen Know-hows durch Unternehmensberatung&#8220;, &#8222;Gr\u00fcndercoaching Deutschland&#8220;, &#8222;Turn-Around-Beratung&#8220; und &#8222;Runder Tisch&#8220; zusammen. Zust\u00e4ndig f\u00fcr die Umsetzung des Programms ist das Bundesamt f\u00fcr Wirtschaft und Ausfuhrkontrolle (BAFA).<\/p>\n<p>Das F\u00f6rderprogramm richtet sich an Unternehmen, die bereits gegr\u00fcndet sind. Beratungen vor einer Gr\u00fcndung k\u00f6nnen nicht bezuschusst werden.<\/p>\n<p><strong>Die neue &#8222;F\u00f6rderung unternehmerischen Know-hows&#8220; richtet sich an:<\/strong><\/p>\n<p>&#8211; junge Unternehmen, die nicht l\u00e4nger als zwei Jahre am Markt sind (Jungunternehmen)<\/p>\n<p>&#8211; Unternehmen ab dem dritten Jahr nach der Gr\u00fcndung (Bestandsunternehmen)<\/p>\n<p>&#8211; Unternehmen, die sich in wirtschaftlichen Schwierigkeiten befinden &#8211; unabh\u00e4ngig vom Unternehmensalter (Unternehmen in Schwierigkeiten)<\/p>\n<p>Alle weiteren Informationen stehen Euch unter <a href=\"http:\/\/www.bafa.de\/bafa\/de\/wirtschaftsfoerderung\/foerderung_unternehmerischen_know_hows\/index.html\"> www.bafa.de<\/a> zur Verf\u00fcgung.<\/p>","protected":false},"excerpt":{"rendered":"<p>Das neue F\u00f6rderprogramm mit dem Namen &#8222;F\u00f6rderung unternehmerischen Know-hows&#8220; fasst die bisherigen Programme &#8222;F\u00f6rderung unternehmerischen Know-hows durch Unternehmensberatung&#8220;, &#8222;Gr\u00fcndercoaching Deutschland&#8220;, &#8222;Turn-Around-Beratung&#8220; und &#8222;Runder Tisch&#8220; zusammen. Zust\u00e4ndig f\u00fcr die Umsetzung des Programms ist das Bundesamt f\u00fcr Wirtschaft und Ausfuhrkontrolle (BAFA).<\/p>","protected":false},"author":810,"featured_media":101465,"parent":0,"menu_order":0,"comment_status":"closed","ping_status":"closed","template":"","meta":{"_et_pb_use_builder":"","_et_pb_old_content":"","_et_gb_content_width":"","inline_featured_image":false,"footnotes":""},"class_list":["post-99976","page","type-page","status-publish","has-post-thumbnail","hentry"],"yoast_head":"<!-- This site is optimized with the Yoast SEO plugin v26.0 - https:\/\/yoast.com\/wordpress\/plugins\/seo\/ -->\n<title>BAFA F\u00f6rderung - Gr\u00fcndungsb\u00fcro<\/title>\n<meta name=\"robots\" content=\"index, follow, max-snippet:-1, max-image-preview:large, max-video-preview:-1\" \/>\n<link rel=\"canonical\" href=\"https:\/\/gruendungsbuero.info\/en\/bagilstein-ltd\/\" \/>\n<meta property=\"og:locale\" content=\"en_GB\" \/>\n<meta property=\"og:type\" content=\"article\" \/>\n<meta property=\"og:title\" content=\"BAFA F\u00f6rderung - Gr\u00fcndungsb\u00fcro\" \/>\n<meta property=\"og:description\" content=\"Das neue F\u00f6rderprogramm mit dem Namen &quot;F\u00f6rderung unternehmerischen Know-hows&quot; fasst die bisherigen Programme &quot;F\u00f6rderung unternehmerischen Know-hows durch Unternehmensberatung&quot;, &quot;Gr\u00fcndercoaching Deutschland&quot;, &quot;Turn-Around-Beratung&quot; und &quot;Runder Tisch&quot; zusammen. Zust\u00e4ndig f\u00fcr die Umsetzung des Programms ist das Bundesamt f\u00fcr Wirtschaft und Ausfuhrkontrolle (BAFA).\" \/>\n<meta property=\"og:url\" content=\"https:\/\/gruendungsbuero.info\/en\/bagilstein-ltd\/\" \/>\n<meta property=\"og:site_name\" content=\"Gr\u00fcndungsb\u00fcro\" \/>\n<meta property=\"article:modified_time\" content=\"2022-02-03T11:49:52+00:00\" \/>\n<meta property=\"og:image\" content=\"https:\/\/gruendungsbuero.info\/app\/uploads\/2022\/02\/247bef3c563736e84c1de22d1f93b8ccacb4cd7d.png\" \/>\n\t<meta property=\"og:image:width\" content=\"940\" \/>\n\t<meta property=\"og:image:height\" content=\"160\" \/>\n\t<meta property=\"og:image:type\" content=\"image\/png\" \/>\n<meta name=\"twitter:card\" content=\"summary_large_image\" \/>\n<meta name=\"twitter:label1\" content=\"Est. reading time\" \/>\n\t<meta name=\"twitter:data1\" content=\"1 minute\" \/>\n<script type=\"application\/ld+json\" class=\"yoast-schema-graph\">{\"@context\":\"https:\/\/schema.org\",\"@graph\":[{\"@type\":\"WebPage\",\"@id\":\"https:\/\/gruendungsbuero.info\/bafa-forderung\/\",\"url\":\"https:\/\/gruendungsbuero.info\/bafa-forderung\/\",\"name\":\"BAFA F\u00f6rderung - Gr\u00fcndungsb\u00fcro\",\"isPartOf\":{\"@id\":\"https:\/\/gruendungsbuero.info\/#website\"},\"primaryImageOfPage\":{\"@id\":\"https:\/\/gruendungsbuero.info\/bafa-forderung\/#primaryimage\"},\"image\":{\"@id\":\"https:\/\/gruendungsbuero.info\/bafa-forderung\/#primaryimage\"},\"thumbnailUrl\":\"https:\/\/gruendungsbuero.info\/app\/uploads\/2022\/02\/247bef3c563736e84c1de22d1f93b8ccacb4cd7d.png\",\"datePublished\":\"2022-01-18T12:32:37+00:00\",\"dateModified\":\"2022-02-03T11:49:52+00:00\",\"breadcrumb\":{\"@id\":\"https:\/\/gruendungsbuero.info\/bafa-forderung\/#breadcrumb\"},\"inLanguage\":\"en-GB\",\"potentialAction\":[{\"@type\":\"ReadAction\",\"target\":[\"https:\/\/gruendungsbuero.info\/bafa-forderung\/\"]}]},{\"@type\":\"ImageObject\",\"inLanguage\":\"en-GB\",\"@id\":\"https:\/\/gruendungsbuero.info\/bafa-forderung\/#primaryimage\",\"url\":\"https:\/\/gruendungsbuero.info\/app\/uploads\/2022\/02\/247bef3c563736e84c1de22d1f93b8ccacb4cd7d.png\",\"contentUrl\":\"https:\/\/gruendungsbuero.info\/app\/uploads\/2022\/02\/247bef3c563736e84c1de22d1f93b8ccacb4cd7d.png\",\"width\":940,\"height\":160},{\"@type\":\"BreadcrumbList\",\"@id\":\"https:\/\/gruendungsbuero.info\/bafa-forderung\/#breadcrumb\",\"itemListElement\":[{\"@type\":\"ListItem\",\"position\":1,\"name\":\"Home\",\"item\":\"https:\/\/gruendungsbuero.info\/\"},{\"@type\":\"ListItem\",\"position\":2,\"name\":\"BAFA F\u00f6rderung\"}]},{\"@type\":\"WebSite\",\"@id\":\"https:\/\/gruendungsbuero.info\/#website\",\"url\":\"https:\/\/gruendungsbuero.info\/\",\"name\":\"Gr\u00fcndungsb\u00fcro\",\"description\":\"Rheinland-Pf\u00e4lzische Technische Universit\u00e4t &amp; Hochschule Kaiserslautern\",\"potentialAction\":[{\"@type\":\"SearchAction\",\"target\":{\"@type\":\"EntryPoint\",\"urlTemplate\":\"https:\/\/gruendungsbuero.info\/?s={search_term_string}\"},\"query-input\":{\"@type\":\"PropertyValueSpecification\",\"valueRequired\":true,\"valueName\":\"search_term_string\"}}],\"inLanguage\":\"en-GB\"}]}<\/script>\n<!-- \/ Yoast SEO plugin. -->","yoast_head_json":{"title":"BAFA F\u00f6rderung - Gr\u00fcndungsb\u00fcro","robots":{"index":"index","follow":"follow","max-snippet":"max-snippet:-1","max-image-preview":"max-image-preview:large","max-video-preview":"max-video-preview:-1"},"canonical":"https:\/\/gruendungsbuero.info\/en\/bagilstein-ltd\/","og_locale":"en_GB","og_type":"article","og_title":"BAFA F\u00f6rderung - Gr\u00fcndungsb\u00fcro","og_description":"Das neue F\u00f6rderprogramm mit dem Namen \"F\u00f6rderung unternehmerischen Know-hows\" fasst die bisherigen Programme \"F\u00f6rderung unternehmerischen Know-hows durch Unternehmensberatung\", \"Gr\u00fcndercoaching Deutschland\", \"Turn-Around-Beratung\" und \"Runder Tisch\" zusammen. Zust\u00e4ndig f\u00fcr die Umsetzung des Programms ist das Bundesamt f\u00fcr Wirtschaft und Ausfuhrkontrolle (BAFA).","og_url":"https:\/\/gruendungsbuero.info\/en\/bagilstein-ltd\/","og_site_name":"Gr\u00fcndungsb\u00fcro","article_modified_time":"2022-02-03T11:49:52+00:00","og_image":[{"width":940,"height":160,"url":"https:\/\/gruendungsbuero.info\/app\/uploads\/2022\/02\/247bef3c563736e84c1de22d1f93b8ccacb4cd7d.png","type":"image\/png"}],"twitter_card":"summary_large_image","twitter_misc":{"Est. reading time":"1 minute"},"schema":{"@context":"https:\/\/schema.org","@graph":[{"@type":"WebPage","@id":"https:\/\/gruendungsbuero.info\/bafa-forderung\/","url":"https:\/\/gruendungsbuero.info\/bafa-forderung\/","name":"BAFA F\u00f6rderung - Gr\u00fcndungsb\u00fcro","isPartOf":{"@id":"https:\/\/gruendungsbuero.info\/#website"},"primaryImageOfPage":{"@id":"https:\/\/gruendungsbuero.info\/bafa-forderung\/#primaryimage"},"image":{"@id":"https:\/\/gruendungsbuero.info\/bafa-forderung\/#primaryimage"},"thumbnailUrl":"https:\/\/gruendungsbuero.info\/app\/uploads\/2022\/02\/247bef3c563736e84c1de22d1f93b8ccacb4cd7d.png","datePublished":"2022-01-18T12:32:37+00:00","dateModified":"2022-02-03T11:49:52+00:00","breadcrumb":{"@id":"https:\/\/gruendungsbuero.info\/bafa-forderung\/#breadcrumb"},"inLanguage":"en-GB","potentialAction":[{"@type":"ReadAction","target":["https:\/\/gruendungsbuero.info\/bafa-forderung\/"]}]},{"@type":"ImageObject","inLanguage":"en-GB","@id":"https:\/\/gruendungsbuero.info\/bafa-forderung\/#primaryimage","url":"https:\/\/gruendungsbuero.info\/app\/uploads\/2022\/02\/247bef3c563736e84c1de22d1f93b8ccacb4cd7d.png","contentUrl":"https:\/\/gruendungsbuero.info\/app\/uploads\/2022\/02\/247bef3c563736e84c1de22d1f93b8ccacb4cd7d.png","width":940,"height":160},{"@type":"BreadcrumbList","@id":"https:\/\/gruendungsbuero.info\/bafa-forderung\/#breadcrumb","itemListElement":[{"@type":"ListItem","position":1,"name":"Home","item":"https:\/\/gruendungsbuero.info\/"},{"@type":"ListItem","position":2,"name":"BAFA F\u00f6rderung"}]},{"@type":"WebSite","@id":"https:\/\/gruendungsbuero.info\/#website","url":"https:\/\/gruendungsbuero.info\/","name":"Gr\u00fcndungsb\u00fcro","description":"Rheinland-Pf\u00e4lzische Technische Universit\u00e4t &amp; Hochschule Kaiserslautern","potentialAction":[{"@type":"SearchAction","target":{"@type":"EntryPoint","urlTemplate":"https:\/\/gruendungsbuero.info\/?s={search_term_string}"},"query-input":{"@type":"PropertyValueSpecification","valueRequired":true,"valueName":"search_term_string"}}],"inLanguage":"en-GB"}]}},"_links":{"self":[{"href":"https:\/\/gruendungsbuero.info\/en\/wp-json\/wp\/v2\/pages\/99976","targetHints":{"allow":["GET"]}}],"collection":[{"href":"https:\/\/gruendungsbuero.info\/en\/wp-json\/wp\/v2\/pages"}],"about":[{"href":"https:\/\/gruendungsbuero.info\/en\/wp-json\/wp\/v2\/types\/page"}],"author":[{"embeddable":true,"href":"https:\/\/gruendungsbuero.info\/en\/wp-json\/wp\/v2\/users\/810"}],"replies":[{"embeddable":true,"href":"https:\/\/gruendungsbuero.info\/en\/wp-json\/wp\/v2\/comments?post=99976"}],"version-history":[{"count":0,"href":"https:\/\/gruendungsbuero.info\/en\/wp-json\/wp\/v2\/pages\/99976\/revisions"}],"wp:featuredmedia":[{"embeddable":true,"href":"https:\/\/gruendungsbuero.info\/en\/wp-json\/wp\/v2\/media\/101465"}],"wp:attachment":[{"href":"https:\/\/gruendungsbuero.info\/en\/wp-json\/wp\/v2\/media?parent=99976"}],"curies":[{"name":"wp","href":"https:\/\/api.w.org\/{rel}","templated":true}]}}