{"id":99974,"date":"2022-01-18T12:32:37","date_gmt":"2022-01-18T12:32:37","guid":{"rendered":"https:\/\/gruendungsbuero.info\/dinews\/"},"modified":"2022-01-18T12:32:37","modified_gmt":"2022-01-18T12:32:37","slug":"dinews","status":"publish","type":"page","link":"https:\/\/gruendungsbuero.info\/en\/dinews\/","title":{"rendered":"Dinews"},"content":{"rendered":"<p><strong>We are: <\/strong>Dinews: Roberto Maddaloni<\/p>\n<p><strong>What we do: <\/strong>Dinews digitalisiert kommunale Amtsbl\u00e4tter. Dazu entnehmen wir in Zusammenarbeit mit der Verbandsgemeinde Artikel und Termine aus dem Amtsblatt, stellen diese Online auf einer Webseite zur Verf\u00fcgung und teilen diese auf eigenen sozialen Medienkan\u00e4len. Zus\u00e4tzlich werden Videos in regelm\u00e4\u00dfigen Abst\u00e4nden mit B\u00fcrgermeistern der jeweiligen Verbandsgemeinde gedreht mit neusten lokalen Informationen, die ebenfalls in den sozialen Medien geteilt werden.<\/p>\n<p><strong>So kam es dazu: <\/strong>Als Fu\u00dfballer wollte ich immer die Spielberichte aus meiner Liga lesen, aber diese waren in den verschiedenen Amtsbl\u00e4ttern aus den verschiedenen Regionen verteilt oder in der  zahlungspflichtigen Rheinpfalz. Es gab nie wirklich eine digitale L\u00f6sung, au\u00dfer jede gegnerischen Facebook-Seite zu liken und darauf hoffen, dass man einen Bericht in der eigenen Timeline lesen kann. Der Aufwand war einfach zu gro\u00df.<br \/>\nAuf diesem Weg bin ich zu den lokalen Amtsbl\u00e4ttern gekommen und mir kam die Idee nicht nur Fu\u00dfballnachrichten digital verf\u00fcgbar zu machen, sondern gleich die gesamte Lokalzeitung zu digitalisieren.<\/p>\n<p><strong>Website: <\/strong> <a href=\"https:\/\/www.facebook.com\/dinews.de\" target=\"_blank\" rel=\"noopener\">https:\/\/www.facebook.com\/dinews.de<\/a><\/p>\n<p><strong>Founding date: <\/strong>17.03.2016<\/p>\n<p><strong>Contact: <\/strong><br \/>Facebook Messenger: m.me\/dinews.de<br \/>E-Mail: <a href=\"mailto:kontakt@dinews.de\">kontakt@dinews.de<\/p>","protected":false},"excerpt":{"rendered":"<p>Wir sind: Dinews: Roberto Maddaloni Wir machen: Dinews digitalisiert kommunale Amtsbl\u00e4tter. Dazu entnehmen wir in Zusammenarbeit mit der Verbandsgemeinde Artikel und Termine aus dem Amtsblatt, stellen diese Online auf einer Webseite zur Verf\u00fcgung und teilen diese auf eigenen sozialen Medienkan\u00e4len. Zus\u00e4tzlich werden Videos in regelm\u00e4\u00dfigen Abst\u00e4nden mit B\u00fcrgermeistern der jeweiligen Verbandsgemeinde gedreht mit neusten lokalen [&hellip;]<\/p>","protected":false},"author":810,"featured_media":0,"parent":0,"menu_order":0,"comment_status":"closed","ping_status":"closed","template":"","meta":{"_et_pb_use_builder":"","_et_pb_old_content":"","_et_gb_content_width":"","inline_featured_image":false,"footnotes":""},"class_list":["post-99974","page","type-page","status-publish","hentry"],"yoast_head":"<!-- This site is optimized with the Yoast SEO plugin v26.0 - https:\/\/yoast.com\/wordpress\/plugins\/seo\/ -->\n<title>Dinews - Gr\u00fcndungsb\u00fcro<\/title>\n<meta name=\"robots\" content=\"index, follow, max-snippet:-1, max-image-preview:large, max-video-preview:-1\" \/>\n<link rel=\"canonical\" href=\"https:\/\/gruendungsbuero.info\/en\/dinews\/\" \/>\n<meta property=\"og:locale\" content=\"en_GB\" \/>\n<meta property=\"og:type\" content=\"article\" \/>\n<meta property=\"og:title\" content=\"Dinews - Gr\u00fcndungsb\u00fcro\" \/>\n<meta property=\"og:description\" content=\"Wir sind: Dinews: Roberto Maddaloni Wir machen: Dinews digitalisiert kommunale Amtsbl\u00e4tter. Dazu entnehmen wir in Zusammenarbeit mit der Verbandsgemeinde Artikel und Termine aus dem Amtsblatt, stellen diese Online auf einer Webseite zur Verf\u00fcgung und teilen diese auf eigenen sozialen Medienkan\u00e4len. Zus\u00e4tzlich werden Videos in regelm\u00e4\u00dfigen Abst\u00e4nden mit B\u00fcrgermeistern der jeweiligen Verbandsgemeinde gedreht mit neusten lokalen [&hellip;]\" \/>\n<meta property=\"og:url\" content=\"https:\/\/gruendungsbuero.info\/en\/dinews\/\" \/>\n<meta property=\"og:site_name\" content=\"Gr\u00fcndungsb\u00fcro\" \/>\n<meta name=\"twitter:card\" content=\"summary_large_image\" \/>\n<meta name=\"twitter:label1\" content=\"Est. reading time\" \/>\n\t<meta name=\"twitter:data1\" content=\"1 minute\" \/>\n<script type=\"application\/ld+json\" class=\"yoast-schema-graph\">{\"@context\":\"https:\/\/schema.org\",\"@graph\":[{\"@type\":\"WebPage\",\"@id\":\"https:\/\/gruendungsbuero.info\/dinews\/\",\"url\":\"https:\/\/gruendungsbuero.info\/dinews\/\",\"name\":\"Dinews - Gr\u00fcndungsb\u00fcro\",\"isPartOf\":{\"@id\":\"https:\/\/gruendungsbuero.info\/#website\"},\"datePublished\":\"2022-01-18T12:32:37+00:00\",\"breadcrumb\":{\"@id\":\"https:\/\/gruendungsbuero.info\/dinews\/#breadcrumb\"},\"inLanguage\":\"en-GB\",\"potentialAction\":[{\"@type\":\"ReadAction\",\"target\":[\"https:\/\/gruendungsbuero.info\/dinews\/\"]}]},{\"@type\":\"BreadcrumbList\",\"@id\":\"https:\/\/gruendungsbuero.info\/dinews\/#breadcrumb\",\"itemListElement\":[{\"@type\":\"ListItem\",\"position\":1,\"name\":\"Home\",\"item\":\"https:\/\/gruendungsbuero.info\/\"},{\"@type\":\"ListItem\",\"position\":2,\"name\":\"Dinews\"}]},{\"@type\":\"WebSite\",\"@id\":\"https:\/\/gruendungsbuero.info\/#website\",\"url\":\"https:\/\/gruendungsbuero.info\/\",\"name\":\"Gr\u00fcndungsb\u00fcro\",\"description\":\"Rheinland-Pf\u00e4lzische Technische Universit\u00e4t &amp; Hochschule Kaiserslautern\",\"potentialAction\":[{\"@type\":\"SearchAction\",\"target\":{\"@type\":\"EntryPoint\",\"urlTemplate\":\"https:\/\/gruendungsbuero.info\/?s={search_term_string}\"},\"query-input\":{\"@type\":\"PropertyValueSpecification\",\"valueRequired\":true,\"valueName\":\"search_term_string\"}}],\"inLanguage\":\"en-GB\"}]}<\/script>\n<!-- \/ Yoast SEO plugin. -->","yoast_head_json":{"title":"Dinews - Gr\u00fcndungsb\u00fcro","robots":{"index":"index","follow":"follow","max-snippet":"max-snippet:-1","max-image-preview":"max-image-preview:large","max-video-preview":"max-video-preview:-1"},"canonical":"https:\/\/gruendungsbuero.info\/en\/dinews\/","og_locale":"en_GB","og_type":"article","og_title":"Dinews - Gr\u00fcndungsb\u00fcro","og_description":"Wir sind: Dinews: Roberto Maddaloni Wir machen: Dinews digitalisiert kommunale Amtsbl\u00e4tter. Dazu entnehmen wir in Zusammenarbeit mit der Verbandsgemeinde Artikel und Termine aus dem Amtsblatt, stellen diese Online auf einer Webseite zur Verf\u00fcgung und teilen diese auf eigenen sozialen Medienkan\u00e4len. Zus\u00e4tzlich werden Videos in regelm\u00e4\u00dfigen Abst\u00e4nden mit B\u00fcrgermeistern der jeweiligen Verbandsgemeinde gedreht mit neusten lokalen [&hellip;]","og_url":"https:\/\/gruendungsbuero.info\/en\/dinews\/","og_site_name":"Gr\u00fcndungsb\u00fcro","twitter_card":"summary_large_image","twitter_misc":{"Est. reading time":"1 minute"},"schema":{"@context":"https:\/\/schema.org","@graph":[{"@type":"WebPage","@id":"https:\/\/gruendungsbuero.info\/dinews\/","url":"https:\/\/gruendungsbuero.info\/dinews\/","name":"Dinews - Gr\u00fcndungsb\u00fcro","isPartOf":{"@id":"https:\/\/gruendungsbuero.info\/#website"},"datePublished":"2022-01-18T12:32:37+00:00","breadcrumb":{"@id":"https:\/\/gruendungsbuero.info\/dinews\/#breadcrumb"},"inLanguage":"en-GB","potentialAction":[{"@type":"ReadAction","target":["https:\/\/gruendungsbuero.info\/dinews\/"]}]},{"@type":"BreadcrumbList","@id":"https:\/\/gruendungsbuero.info\/dinews\/#breadcrumb","itemListElement":[{"@type":"ListItem","position":1,"name":"Home","item":"https:\/\/gruendungsbuero.info\/"},{"@type":"ListItem","position":2,"name":"Dinews"}]},{"@type":"WebSite","@id":"https:\/\/gruendungsbuero.info\/#website","url":"https:\/\/gruendungsbuero.info\/","name":"Gr\u00fcndungsb\u00fcro","description":"Rheinland-Pf\u00e4lzische Technische Universit\u00e4t &amp; Hochschule Kaiserslautern","potentialAction":[{"@type":"SearchAction","target":{"@type":"EntryPoint","urlTemplate":"https:\/\/gruendungsbuero.info\/?s={search_term_string}"},"query-input":{"@type":"PropertyValueSpecification","valueRequired":true,"valueName":"search_term_string"}}],"inLanguage":"en-GB"}]}},"_links":{"self":[{"href":"https:\/\/gruendungsbuero.info\/en\/wp-json\/wp\/v2\/pages\/99974","targetHints":{"allow":["GET"]}}],"collection":[{"href":"https:\/\/gruendungsbuero.info\/en\/wp-json\/wp\/v2\/pages"}],"about":[{"href":"https:\/\/gruendungsbuero.info\/en\/wp-json\/wp\/v2\/types\/page"}],"author":[{"embeddable":true,"href":"https:\/\/gruendungsbuero.info\/en\/wp-json\/wp\/v2\/users\/810"}],"replies":[{"embeddable":true,"href":"https:\/\/gruendungsbuero.info\/en\/wp-json\/wp\/v2\/comments?post=99974"}],"version-history":[{"count":0,"href":"https:\/\/gruendungsbuero.info\/en\/wp-json\/wp\/v2\/pages\/99974\/revisions"}],"wp:attachment":[{"href":"https:\/\/gruendungsbuero.info\/en\/wp-json\/wp\/v2\/media?parent=99974"}],"curies":[{"name":"wp","href":"https:\/\/api.w.org\/{rel}","templated":true}]}}