{"id":99973,"date":"2022-01-18T12:32:37","date_gmt":"2022-01-18T12:32:37","guid":{"rendered":"https:\/\/gruendungsbuero.info\/partner\/"},"modified":"2024-07-29T08:46:38","modified_gmt":"2024-07-29T07:46:38","slug":"partner","status":"publish","type":"page","link":"https:\/\/gruendungsbuero.info\/en\/partner\/","title":{"rendered":"Partner"},"content":{"rendered":"<p>[et_pb_section fb_built=&#8220;1&#8243; _builder_version=&#8220;4.16&#8243; _module_preset=&#8220;default&#8220; background_color=&#8220;#FFFFFF&#8220; global_colors_info=&#8220;{}&#8220; theme_builder_area=&#8220;post_content&#8220;][et_pb_row _builder_version=&#8220;4.16&#8243; _module_preset=&#8220;default&#8220; global_colors_info=&#8220;{}&#8220; theme_builder_area=&#8220;post_content&#8220;][et_pb_column type=&#8220;4_4&#8243; _builder_version=&#8220;4.16&#8243; _module_preset=&#8220;default&#8220; global_colors_info=&#8220;{}&#8220; theme_builder_area=&#8220;post_content&#8220;][et_pb_blog fullwidth=&#8220;off&#8220; posts_number=&#8220;100&#8243; include_categories=&#8220;78&#8243; show_author=&#8220;off&#8220; show_date=&#8220;off&#8220; show_categories=&#8220;off&#8220; show_excerpt=&#8220;off&#8220; show_pagination=&#8220;off&#8220; use_overlay=&#8220;on&#8220; overlay_icon_color=&#8220;#ffffff&#8220; hover_overlay_color=&#8220;rgba(0,0,0,0.9)&#8220; hover_icon=&#8220;&#x4c;||divi||400&#8243; masonry_tile_background_color=&#8220;rgba(0,0,0,0)&#8220; _builder_version=&#8220;4.25.1&#8243; _module_preset=&#8220;default&#8220; header_font=&#8220;|700|||||||&#8220; header_text_color=&#8220;#11253c&#8220; meta_font=&#8220;||||||||&#8220; meta_text_color=&#8220;#8c8c8c&#8220; module_alignment=&#8220;center&#8220; custom_padding=&#8220;|||&#8220; hover_enabled=&#8220;0&#8243; border_color_all=&#8220;#f2f2f2&#8243; border_width_all_image=&#8220;2px&#8220; border_color_all_image=&#8220;#F2F2F2&#8243; global_colors_info=&#8220;{}&#8220; theme_builder_area=&#8220;post_content&#8220; module_class=&#8220;blogstartup&#8220; sticky_enabled=&#8220;0&#8243;][\/et_pb_blog][\/et_pb_column][\/et_pb_row][\/et_pb_section]<\/p>","protected":false},"excerpt":{"rendered":"<p>We work closely with regional partners to cover a wide range of topics when supporting start-up projects. In this way, we can ensure that we may not have an answer to every question, but can provide a contact person from our network.<\/p>","protected":false},"author":810,"featured_media":101465,"parent":0,"menu_order":0,"comment_status":"closed","ping_status":"closed","template":"","meta":{"_et_pb_use_builder":"on","_et_pb_old_content":"<p class=\"text-justify\">Um eine Vielzahl an Themen bei der Begleitung von Gr\u00fcndungsprojekten abdecken zu k\u00f6nnen, arbeiten wir eng mit regionalen Partnern zusammen. So k\u00f6nnen wir sicherstellen, dass wir vielleicht nicht auf jede Frage eine Antwort haben, daf\u00fcr aber einen Ansprechpartner aus unserem Netzwerk vermitteln k\u00f6nnen.<\/p> \r\n<p>Wer zu unserem Netzwerk geh\u00f6rt? Mehr dazu hier:<\/p>\r\n<ul>\r\n    <li><a href=\"\/galerie\/netzwerkpartner\" title=\"Netwerkpartner\">Netzwerkpartner<\/a><\/li>\r\n    <li><a href=\"\/seite\/657821453\/links\" title=\"Links\">Links<\/a><\/li>\r\n    <li><a href=\"\/galerie\/studentische-initiativen\" title=\"\">Studentische Initiativen<\/a><\/li>\r\n    <li><a href=\"\/seite\/299609549\/veranstaltungen\" title=\"\">Veranstaltungen unserer Netzwerkpartner<\/a><\/li>\r\n<\/ul>\r\n","_et_gb_content_width":"","inline_featured_image":false,"footnotes":""},"class_list":["post-99973","page","type-page","status-publish","has-post-thumbnail","hentry"],"yoast_head":"<!-- This site is optimized with the Yoast SEO plugin v26.0 - https:\/\/yoast.com\/wordpress\/plugins\/seo\/ -->\n<title>Partner - Gr\u00fcndungsb\u00fcro<\/title>\n<meta name=\"robots\" content=\"index, follow, max-snippet:-1, max-image-preview:large, max-video-preview:-1\" \/>\n<link rel=\"canonical\" href=\"https:\/\/gruendungsbuero.info\/en\/partner\/\" \/>\n<meta property=\"og:locale\" content=\"en_GB\" \/>\n<meta property=\"og:type\" content=\"article\" \/>\n<meta property=\"og:title\" content=\"Partner - Gr\u00fcndungsb\u00fcro\" \/>\n<meta property=\"og:description\" content=\"Um eine Vielzahl an Themen bei der Begleitung von Gr\u00fcndungsprojekten abdecken zu k\u00f6nnen, arbeiten wir eng mit regionalen Partnern zusammen. So k\u00f6nnen wir sicherstellen, dass wir vielleicht nicht auf jede Frage eine Antwort haben, daf\u00fcr aber einen Ansprechpartner aus unserem Netzwerk vermitteln k\u00f6nnen.\" \/>\n<meta property=\"og:url\" content=\"https:\/\/gruendungsbuero.info\/en\/partner\/\" \/>\n<meta property=\"og:site_name\" content=\"Gr\u00fcndungsb\u00fcro\" \/>\n<meta property=\"article:modified_time\" content=\"2024-07-29T07:46:38+00:00\" \/>\n<meta property=\"og:image\" content=\"https:\/\/gruendungsbuero.info\/app\/uploads\/2022\/02\/247bef3c563736e84c1de22d1f93b8ccacb4cd7d.png\" \/>\n\t<meta property=\"og:image:width\" content=\"940\" \/>\n\t<meta property=\"og:image:height\" content=\"160\" \/>\n\t<meta property=\"og:image:type\" content=\"image\/png\" \/>\n<meta name=\"twitter:card\" content=\"summary_large_image\" \/>\n<meta name=\"twitter:label1\" content=\"Est. reading time\" \/>\n\t<meta name=\"twitter:data1\" content=\"1 minute\" \/>\n<script type=\"application\/ld+json\" class=\"yoast-schema-graph\">{\"@context\":\"https:\/\/schema.org\",\"@graph\":[{\"@type\":\"WebPage\",\"@id\":\"https:\/\/gruendungsbuero.info\/partner\/\",\"url\":\"https:\/\/gruendungsbuero.info\/partner\/\",\"name\":\"Partner - Gr\u00fcndungsb\u00fcro\",\"isPartOf\":{\"@id\":\"https:\/\/gruendungsbuero.info\/#website\"},\"primaryImageOfPage\":{\"@id\":\"https:\/\/gruendungsbuero.info\/partner\/#primaryimage\"},\"image\":{\"@id\":\"https:\/\/gruendungsbuero.info\/partner\/#primaryimage\"},\"thumbnailUrl\":\"https:\/\/gruendungsbuero.info\/app\/uploads\/2022\/02\/247bef3c563736e84c1de22d1f93b8ccacb4cd7d.png\",\"datePublished\":\"2022-01-18T12:32:37+00:00\",\"dateModified\":\"2024-07-29T07:46:38+00:00\",\"breadcrumb\":{\"@id\":\"https:\/\/gruendungsbuero.info\/partner\/#breadcrumb\"},\"inLanguage\":\"en-GB\",\"potentialAction\":[{\"@type\":\"ReadAction\",\"target\":[\"https:\/\/gruendungsbuero.info\/partner\/\"]}]},{\"@type\":\"ImageObject\",\"inLanguage\":\"en-GB\",\"@id\":\"https:\/\/gruendungsbuero.info\/partner\/#primaryimage\",\"url\":\"https:\/\/gruendungsbuero.info\/app\/uploads\/2022\/02\/247bef3c563736e84c1de22d1f93b8ccacb4cd7d.png\",\"contentUrl\":\"https:\/\/gruendungsbuero.info\/app\/uploads\/2022\/02\/247bef3c563736e84c1de22d1f93b8ccacb4cd7d.png\",\"width\":940,\"height\":160},{\"@type\":\"BreadcrumbList\",\"@id\":\"https:\/\/gruendungsbuero.info\/partner\/#breadcrumb\",\"itemListElement\":[{\"@type\":\"ListItem\",\"position\":1,\"name\":\"Home\",\"item\":\"https:\/\/gruendungsbuero.info\/\"},{\"@type\":\"ListItem\",\"position\":2,\"name\":\"Partner\"}]},{\"@type\":\"WebSite\",\"@id\":\"https:\/\/gruendungsbuero.info\/#website\",\"url\":\"https:\/\/gruendungsbuero.info\/\",\"name\":\"Gr\u00fcndungsb\u00fcro\",\"description\":\"Rheinland-Pf\u00e4lzische Technische Universit\u00e4t &amp; Hochschule Kaiserslautern\",\"potentialAction\":[{\"@type\":\"SearchAction\",\"target\":{\"@type\":\"EntryPoint\",\"urlTemplate\":\"https:\/\/gruendungsbuero.info\/?s={search_term_string}\"},\"query-input\":{\"@type\":\"PropertyValueSpecification\",\"valueRequired\":true,\"valueName\":\"search_term_string\"}}],\"inLanguage\":\"en-GB\"}]}<\/script>\n<!-- \/ Yoast SEO plugin. -->","yoast_head_json":{"title":"Partner - Gr\u00fcndungsb\u00fcro","robots":{"index":"index","follow":"follow","max-snippet":"max-snippet:-1","max-image-preview":"max-image-preview:large","max-video-preview":"max-video-preview:-1"},"canonical":"https:\/\/gruendungsbuero.info\/en\/partner\/","og_locale":"en_GB","og_type":"article","og_title":"Partner - Gr\u00fcndungsb\u00fcro","og_description":"Um eine Vielzahl an Themen bei der Begleitung von Gr\u00fcndungsprojekten abdecken zu k\u00f6nnen, arbeiten wir eng mit regionalen Partnern zusammen. So k\u00f6nnen wir sicherstellen, dass wir vielleicht nicht auf jede Frage eine Antwort haben, daf\u00fcr aber einen Ansprechpartner aus unserem Netzwerk vermitteln k\u00f6nnen.","og_url":"https:\/\/gruendungsbuero.info\/en\/partner\/","og_site_name":"Gr\u00fcndungsb\u00fcro","article_modified_time":"2024-07-29T07:46:38+00:00","og_image":[{"width":940,"height":160,"url":"https:\/\/gruendungsbuero.info\/app\/uploads\/2022\/02\/247bef3c563736e84c1de22d1f93b8ccacb4cd7d.png","type":"image\/png"}],"twitter_card":"summary_large_image","twitter_misc":{"Est. reading time":"1 minute"},"schema":{"@context":"https:\/\/schema.org","@graph":[{"@type":"WebPage","@id":"https:\/\/gruendungsbuero.info\/partner\/","url":"https:\/\/gruendungsbuero.info\/partner\/","name":"Partner - Gr\u00fcndungsb\u00fcro","isPartOf":{"@id":"https:\/\/gruendungsbuero.info\/#website"},"primaryImageOfPage":{"@id":"https:\/\/gruendungsbuero.info\/partner\/#primaryimage"},"image":{"@id":"https:\/\/gruendungsbuero.info\/partner\/#primaryimage"},"thumbnailUrl":"https:\/\/gruendungsbuero.info\/app\/uploads\/2022\/02\/247bef3c563736e84c1de22d1f93b8ccacb4cd7d.png","datePublished":"2022-01-18T12:32:37+00:00","dateModified":"2024-07-29T07:46:38+00:00","breadcrumb":{"@id":"https:\/\/gruendungsbuero.info\/partner\/#breadcrumb"},"inLanguage":"en-GB","potentialAction":[{"@type":"ReadAction","target":["https:\/\/gruendungsbuero.info\/partner\/"]}]},{"@type":"ImageObject","inLanguage":"en-GB","@id":"https:\/\/gruendungsbuero.info\/partner\/#primaryimage","url":"https:\/\/gruendungsbuero.info\/app\/uploads\/2022\/02\/247bef3c563736e84c1de22d1f93b8ccacb4cd7d.png","contentUrl":"https:\/\/gruendungsbuero.info\/app\/uploads\/2022\/02\/247bef3c563736e84c1de22d1f93b8ccacb4cd7d.png","width":940,"height":160},{"@type":"BreadcrumbList","@id":"https:\/\/gruendungsbuero.info\/partner\/#breadcrumb","itemListElement":[{"@type":"ListItem","position":1,"name":"Home","item":"https:\/\/gruendungsbuero.info\/"},{"@type":"ListItem","position":2,"name":"Partner"}]},{"@type":"WebSite","@id":"https:\/\/gruendungsbuero.info\/#website","url":"https:\/\/gruendungsbuero.info\/","name":"Gr\u00fcndungsb\u00fcro","description":"Rheinland-Pf\u00e4lzische Technische Universit\u00e4t &amp; Hochschule Kaiserslautern","potentialAction":[{"@type":"SearchAction","target":{"@type":"EntryPoint","urlTemplate":"https:\/\/gruendungsbuero.info\/?s={search_term_string}"},"query-input":{"@type":"PropertyValueSpecification","valueRequired":true,"valueName":"search_term_string"}}],"inLanguage":"en-GB"}]}},"_links":{"self":[{"href":"https:\/\/gruendungsbuero.info\/en\/wp-json\/wp\/v2\/pages\/99973","targetHints":{"allow":["GET"]}}],"collection":[{"href":"https:\/\/gruendungsbuero.info\/en\/wp-json\/wp\/v2\/pages"}],"about":[{"href":"https:\/\/gruendungsbuero.info\/en\/wp-json\/wp\/v2\/types\/page"}],"author":[{"embeddable":true,"href":"https:\/\/gruendungsbuero.info\/en\/wp-json\/wp\/v2\/users\/810"}],"replies":[{"embeddable":true,"href":"https:\/\/gruendungsbuero.info\/en\/wp-json\/wp\/v2\/comments?post=99973"}],"version-history":[{"count":1,"href":"https:\/\/gruendungsbuero.info\/en\/wp-json\/wp\/v2\/pages\/99973\/revisions"}],"predecessor-version":[{"id":110146,"href":"https:\/\/gruendungsbuero.info\/en\/wp-json\/wp\/v2\/pages\/99973\/revisions\/110146"}],"wp:featuredmedia":[{"embeddable":true,"href":"https:\/\/gruendungsbuero.info\/en\/wp-json\/wp\/v2\/media\/101465"}],"wp:attachment":[{"href":"https:\/\/gruendungsbuero.info\/en\/wp-json\/wp\/v2\/media?parent=99973"}],"curies":[{"name":"wp","href":"https:\/\/api.w.org\/{rel}","templated":true}]}}