{"id":99971,"date":"2022-01-18T12:32:37","date_gmt":"2022-01-18T12:32:37","guid":{"rendered":"https:\/\/gruendungsbuero.info\/referat-technologie-und-innovation\/"},"modified":"2022-01-18T12:32:37","modified_gmt":"2022-01-18T12:32:37","slug":"referat-technologie-und-innovation","status":"publish","type":"page","link":"https:\/\/gruendungsbuero.info\/en\/referat-technologie-und-innovation\/","title":{"rendered":"Referat Technologie und Innovation"},"content":{"rendered":"<p><i>Man muss die Welt nicht verstehen, man muss sich nur darin zurechtfinden.<\/i> (Albert Einstein)<\/p>\n<p>Das Referat Technologie und Innovation ist Dienstleistungszentrum an der Schnittstelle Wirtschaft und Wissenschaft. Es umfasst organisatorisch die Bereiche<\/p>\n<ul>\n<li>Anwendungsorientierte Forschung<\/li>\n<li>Gr\u00fcndungsb\u00fcro TU &amp; HS Kaiserslautern<\/li>\n<li>Kontaktstelle f\u00fcr Information und Technologie<\/li>\n<li>Patent- und Informationszentrum (PIZ) Rheinland-Pfalz<\/li>\n<\/ul>\n<address>\n<strong>Referat Technologie und Innovation<\/strong><br \/>\nPostfach 3049<br \/>\n67653 Kaiserslautern<br \/>\nTelefon: +49 631 205-2209<br \/> <br \/>\nFax: +49 631 205-2925<br \/>\nEmail: <a href=\"mailto:post@rti.uni-kl.de\">post@rti.uni-kl.de<\/a><br \/>\nInternet: <a href=\"http:\/\/www.rti.uni-kl.de\" target=\"_blank\" rel=\"noopener\">www.rti.uni-kl.de<\/a> <br \/>\n<\/address>\n<div class=\"media\">\n  <a class=\"pull-left\" style=\"width:140px\"><br \/>\n    {{image id=&#8220;21549854&#8243;}}<br \/>\n  <\/a><\/p>\n<div class=\"media-body\">\n<h4 class=\"media-heading\">Ansprechpartnerin<\/h4>\n<p>    <strong>Dr. Cornelia Blau<\/strong><br \/>\n    Leiterin Referat Technologie und Innovation<br \/>\n\tLeitungskollegium Gr\u00fcndungsb\u00fcro TU und HS Kaiserslautern\n  <\/div>\n<\/div>","protected":false},"excerpt":{"rendered":"<p>Man muss die Welt nicht verstehen, man muss sich nur darin zurechtfinden. (Albert Einstein) Das Referat Technologie und Innovation ist Dienstleistungszentrum an der Schnittstelle Wirtschaft und Wissenschaft. Es umfasst organisatorisch die Bereiche Anwendungsorientierte Forschung Gr\u00fcndungsb\u00fcro TU &amp; HS Kaiserslautern Kontaktstelle f\u00fcr Information und Technologie Patent- und Informationszentrum (PIZ) Rheinland-Pfalz Referat Technologie und Innovation Postfach 3049 [&hellip;]<\/p>","protected":false},"author":810,"featured_media":0,"parent":0,"menu_order":0,"comment_status":"closed","ping_status":"closed","template":"","meta":{"_et_pb_use_builder":"","_et_pb_old_content":"","_et_gb_content_width":"","inline_featured_image":false,"footnotes":""},"class_list":["post-99971","page","type-page","status-publish","hentry"],"yoast_head":"<!-- This site is optimized with the Yoast SEO plugin v26.0 - https:\/\/yoast.com\/wordpress\/plugins\/seo\/ -->\n<title>Referat Technologie und Innovation - Gr\u00fcndungsb\u00fcro<\/title>\n<meta name=\"robots\" content=\"index, follow, max-snippet:-1, max-image-preview:large, max-video-preview:-1\" \/>\n<link rel=\"canonical\" href=\"https:\/\/gruendungsbuero.info\/en\/referat-technologie-und-innovation\/\" \/>\n<meta property=\"og:locale\" content=\"en_GB\" \/>\n<meta property=\"og:type\" content=\"article\" \/>\n<meta property=\"og:title\" content=\"Referat Technologie und Innovation - Gr\u00fcndungsb\u00fcro\" \/>\n<meta property=\"og:description\" content=\"Man muss die Welt nicht verstehen, man muss sich nur darin zurechtfinden. (Albert Einstein) Das Referat Technologie und Innovation ist Dienstleistungszentrum an der Schnittstelle Wirtschaft und Wissenschaft. Es umfasst organisatorisch die Bereiche Anwendungsorientierte Forschung Gr\u00fcndungsb\u00fcro TU &amp; HS Kaiserslautern Kontaktstelle f\u00fcr Information und Technologie Patent- und Informationszentrum (PIZ) Rheinland-Pfalz Referat Technologie und Innovation Postfach 3049 [&hellip;]\" \/>\n<meta property=\"og:url\" content=\"https:\/\/gruendungsbuero.info\/en\/referat-technologie-und-innovation\/\" \/>\n<meta property=\"og:site_name\" content=\"Gr\u00fcndungsb\u00fcro\" \/>\n<meta name=\"twitter:card\" content=\"summary_large_image\" \/>\n<script type=\"application\/ld+json\" class=\"yoast-schema-graph\">{\"@context\":\"https:\/\/schema.org\",\"@graph\":[{\"@type\":\"WebPage\",\"@id\":\"https:\/\/gruendungsbuero.info\/referat-technologie-und-innovation\/\",\"url\":\"https:\/\/gruendungsbuero.info\/referat-technologie-und-innovation\/\",\"name\":\"Referat Technologie und Innovation - Gr\u00fcndungsb\u00fcro\",\"isPartOf\":{\"@id\":\"https:\/\/gruendungsbuero.info\/#website\"},\"datePublished\":\"2022-01-18T12:32:37+00:00\",\"breadcrumb\":{\"@id\":\"https:\/\/gruendungsbuero.info\/referat-technologie-und-innovation\/#breadcrumb\"},\"inLanguage\":\"en-GB\",\"potentialAction\":[{\"@type\":\"ReadAction\",\"target\":[\"https:\/\/gruendungsbuero.info\/referat-technologie-und-innovation\/\"]}]},{\"@type\":\"BreadcrumbList\",\"@id\":\"https:\/\/gruendungsbuero.info\/referat-technologie-und-innovation\/#breadcrumb\",\"itemListElement\":[{\"@type\":\"ListItem\",\"position\":1,\"name\":\"Home\",\"item\":\"https:\/\/gruendungsbuero.info\/\"},{\"@type\":\"ListItem\",\"position\":2,\"name\":\"Referat Technologie und Innovation\"}]},{\"@type\":\"WebSite\",\"@id\":\"https:\/\/gruendungsbuero.info\/#website\",\"url\":\"https:\/\/gruendungsbuero.info\/\",\"name\":\"Gr\u00fcndungsb\u00fcro\",\"description\":\"Rheinland-Pf\u00e4lzische Technische Universit\u00e4t &amp; Hochschule Kaiserslautern\",\"potentialAction\":[{\"@type\":\"SearchAction\",\"target\":{\"@type\":\"EntryPoint\",\"urlTemplate\":\"https:\/\/gruendungsbuero.info\/?s={search_term_string}\"},\"query-input\":{\"@type\":\"PropertyValueSpecification\",\"valueRequired\":true,\"valueName\":\"search_term_string\"}}],\"inLanguage\":\"en-GB\"}]}<\/script>\n<!-- \/ Yoast SEO plugin. -->","yoast_head_json":{"title":"Referat Technologie und Innovation - Gr\u00fcndungsb\u00fcro","robots":{"index":"index","follow":"follow","max-snippet":"max-snippet:-1","max-image-preview":"max-image-preview:large","max-video-preview":"max-video-preview:-1"},"canonical":"https:\/\/gruendungsbuero.info\/en\/referat-technologie-und-innovation\/","og_locale":"en_GB","og_type":"article","og_title":"Referat Technologie und Innovation - Gr\u00fcndungsb\u00fcro","og_description":"Man muss die Welt nicht verstehen, man muss sich nur darin zurechtfinden. (Albert Einstein) Das Referat Technologie und Innovation ist Dienstleistungszentrum an der Schnittstelle Wirtschaft und Wissenschaft. Es umfasst organisatorisch die Bereiche Anwendungsorientierte Forschung Gr\u00fcndungsb\u00fcro TU &amp; HS Kaiserslautern Kontaktstelle f\u00fcr Information und Technologie Patent- und Informationszentrum (PIZ) Rheinland-Pfalz Referat Technologie und Innovation Postfach 3049 [&hellip;]","og_url":"https:\/\/gruendungsbuero.info\/en\/referat-technologie-und-innovation\/","og_site_name":"Gr\u00fcndungsb\u00fcro","twitter_card":"summary_large_image","schema":{"@context":"https:\/\/schema.org","@graph":[{"@type":"WebPage","@id":"https:\/\/gruendungsbuero.info\/referat-technologie-und-innovation\/","url":"https:\/\/gruendungsbuero.info\/referat-technologie-und-innovation\/","name":"Referat Technologie und Innovation - Gr\u00fcndungsb\u00fcro","isPartOf":{"@id":"https:\/\/gruendungsbuero.info\/#website"},"datePublished":"2022-01-18T12:32:37+00:00","breadcrumb":{"@id":"https:\/\/gruendungsbuero.info\/referat-technologie-und-innovation\/#breadcrumb"},"inLanguage":"en-GB","potentialAction":[{"@type":"ReadAction","target":["https:\/\/gruendungsbuero.info\/referat-technologie-und-innovation\/"]}]},{"@type":"BreadcrumbList","@id":"https:\/\/gruendungsbuero.info\/referat-technologie-und-innovation\/#breadcrumb","itemListElement":[{"@type":"ListItem","position":1,"name":"Home","item":"https:\/\/gruendungsbuero.info\/"},{"@type":"ListItem","position":2,"name":"Referat Technologie und Innovation"}]},{"@type":"WebSite","@id":"https:\/\/gruendungsbuero.info\/#website","url":"https:\/\/gruendungsbuero.info\/","name":"Gr\u00fcndungsb\u00fcro","description":"Rheinland-Pf\u00e4lzische Technische Universit\u00e4t &amp; Hochschule Kaiserslautern","potentialAction":[{"@type":"SearchAction","target":{"@type":"EntryPoint","urlTemplate":"https:\/\/gruendungsbuero.info\/?s={search_term_string}"},"query-input":{"@type":"PropertyValueSpecification","valueRequired":true,"valueName":"search_term_string"}}],"inLanguage":"en-GB"}]}},"_links":{"self":[{"href":"https:\/\/gruendungsbuero.info\/en\/wp-json\/wp\/v2\/pages\/99971","targetHints":{"allow":["GET"]}}],"collection":[{"href":"https:\/\/gruendungsbuero.info\/en\/wp-json\/wp\/v2\/pages"}],"about":[{"href":"https:\/\/gruendungsbuero.info\/en\/wp-json\/wp\/v2\/types\/page"}],"author":[{"embeddable":true,"href":"https:\/\/gruendungsbuero.info\/en\/wp-json\/wp\/v2\/users\/810"}],"replies":[{"embeddable":true,"href":"https:\/\/gruendungsbuero.info\/en\/wp-json\/wp\/v2\/comments?post=99971"}],"version-history":[{"count":0,"href":"https:\/\/gruendungsbuero.info\/en\/wp-json\/wp\/v2\/pages\/99971\/revisions"}],"wp:attachment":[{"href":"https:\/\/gruendungsbuero.info\/en\/wp-json\/wp\/v2\/media?parent=99971"}],"curies":[{"name":"wp","href":"https:\/\/api.w.org\/{rel}","templated":true}]}}