{"id":99968,"date":"2022-01-18T12:32:36","date_gmt":"2022-01-18T12:32:36","guid":{"rendered":"https:\/\/gruendungsbuero.info\/evolime\/"},"modified":"2022-01-18T12:32:36","modified_gmt":"2022-01-18T12:32:36","slug":"evolime-8","status":"publish","type":"page","link":"https:\/\/gruendungsbuero.info\/en\/evolime-8\/","title":{"rendered":"EVOLIME-Radial Composites"},"content":{"rendered":"<p><strong>We are: <\/strong>EVOLIME &#8211; Radial Composites &#8211; Dr.-Ing. Marcel B\u00fccker, Valentin H\u00f6rtd\u00f6rfer, Dr. Thomas Robbert &amp; Frank Belyea<\/p>\n<p><strong>What we do: <\/strong>Wir wollen das Rad neu erfinden!<\/p>\n<p>Mit dem derzeitigen Stand der Technik ist es sehr aufw\u00e4ndig R\u00e4der aus Faserkunststoffverbund herzustellen. Wir haben daher die innovative CompoSpoke Fertigungstechnologie entwickelt, bei dem gezielt die Nachteile von konventionellen Herstellungsmethoden adressiert werden. Mit ihr k\u00f6nnen wir High-Performance Radstrukturen mit geringem Gewicht wirtschaftlicher produzieren und damit Faserkunststoffverbund in ganz neue Anwendungen bringen. Unser Verfahren ist das derzeit einzige vollvariable Verfahren zur Herstellung monolithischer FKV-Radstrukturen aus einem einzelnen kontinuierlichen Faserband. Die Radstrukturen sind viel leichter als herk\u00f6mmliche R\u00e4der. Zudem arbeitet das Verfahren quasi verschnittfrei und hat damit eine sehr gute Umweltbilanz. Unser gr\u00f6\u00dfter Vorteil ist aber, dass CompoSpoke vergleichsweise g\u00fcnstig und zugleich sehr flexibel ist. <\/p>\n<p><strong>So kam es dazu: <\/strong>Marcel B\u00fccker hat im Rahmen eines Aufrufes zu wissenschaftlichen Antr\u00e4gen aus der Automobilindustrie am Institut f\u00fcr Verbundwerkstoffe (IVW) die grundlegende Idee von CompoSpoke konzipiert. Die Entwicklung zur Marktreife erfolgt im Rahmen des EXIST-Forschungstransfers 2019-2020. Im Februar 2020 wurde die Evolime GmbH gegr\u00fcndet, die die Technologie vermarktet.<\/p>\n<p><strong>Website: <\/strong> <a href=\"http:\/\/www.evolime.de\" target=\"_blank\" rel=\"noopener\">www.evolime.de<\/a><\/p>\n<p><strong>Contact: <\/strong> <a href=\"mailto:marcel.buecker@ivw.uni-kl.de\">marcel.buecker@ivw.uni-kl.de<\/a> oder <a href=\"mailto:thomas.robbert@ivw.uni-kl.de\">thomas.robbert@ivw.uni-kl.de<\/a><\/p>","protected":false},"excerpt":{"rendered":"<p>Wir sind: EVOLIME &#8211; Radial Composites &#8211; Dr.-Ing. Marcel B\u00fccker, Valentin H\u00f6rtd\u00f6rfer, Dr. Thomas Robbert &amp; Frank Belyea Wir machen: Wir wollen das Rad neu erfinden! Mit dem derzeitigen Stand der Technik ist es sehr aufw\u00e4ndig R\u00e4der aus Faserkunststoffverbund herzustellen. Wir haben daher die innovative CompoSpoke Fertigungstechnologie entwickelt, bei dem gezielt die Nachteile von konventionellen [&hellip;]<\/p>","protected":false},"author":810,"featured_media":0,"parent":0,"menu_order":0,"comment_status":"closed","ping_status":"closed","template":"","meta":{"_et_pb_use_builder":"","_et_pb_old_content":"","_et_gb_content_width":"","inline_featured_image":false,"footnotes":""},"class_list":["post-99968","page","type-page","status-publish","hentry"],"yoast_head":"<!-- This site is optimized with the Yoast SEO plugin v26.0 - https:\/\/yoast.com\/wordpress\/plugins\/seo\/ -->\n<title>EVOLIME-Radial Composites - Gr\u00fcndungsb\u00fcro<\/title>\n<meta name=\"robots\" content=\"index, follow, max-snippet:-1, max-image-preview:large, max-video-preview:-1\" \/>\n<link rel=\"canonical\" href=\"https:\/\/gruendungsbuero.info\/en\/evolime-8\/\" \/>\n<meta property=\"og:locale\" content=\"en_GB\" \/>\n<meta property=\"og:type\" content=\"article\" \/>\n<meta property=\"og:title\" content=\"EVOLIME-Radial Composites - Gr\u00fcndungsb\u00fcro\" \/>\n<meta property=\"og:description\" content=\"Wir sind: EVOLIME &#8211; Radial Composites &#8211; Dr.-Ing. Marcel B\u00fccker, Valentin H\u00f6rtd\u00f6rfer, Dr. Thomas Robbert &amp; Frank Belyea Wir machen: Wir wollen das Rad neu erfinden! Mit dem derzeitigen Stand der Technik ist es sehr aufw\u00e4ndig R\u00e4der aus Faserkunststoffverbund herzustellen. Wir haben daher die innovative CompoSpoke Fertigungstechnologie entwickelt, bei dem gezielt die Nachteile von konventionellen [&hellip;]\" \/>\n<meta property=\"og:url\" content=\"https:\/\/gruendungsbuero.info\/en\/evolime-8\/\" \/>\n<meta property=\"og:site_name\" content=\"Gr\u00fcndungsb\u00fcro\" \/>\n<meta name=\"twitter:card\" content=\"summary_large_image\" \/>\n<meta name=\"twitter:label1\" content=\"Est. reading time\" \/>\n\t<meta name=\"twitter:data1\" content=\"1 minute\" \/>\n<script type=\"application\/ld+json\" class=\"yoast-schema-graph\">{\"@context\":\"https:\/\/schema.org\",\"@graph\":[{\"@type\":\"WebPage\",\"@id\":\"https:\/\/gruendungsbuero.info\/evolime\/\",\"url\":\"https:\/\/gruendungsbuero.info\/evolime\/\",\"name\":\"EVOLIME-Radial Composites - Gr\u00fcndungsb\u00fcro\",\"isPartOf\":{\"@id\":\"https:\/\/gruendungsbuero.info\/#website\"},\"datePublished\":\"2022-01-18T12:32:36+00:00\",\"breadcrumb\":{\"@id\":\"https:\/\/gruendungsbuero.info\/evolime\/#breadcrumb\"},\"inLanguage\":\"en-GB\",\"potentialAction\":[{\"@type\":\"ReadAction\",\"target\":[\"https:\/\/gruendungsbuero.info\/evolime\/\"]}]},{\"@type\":\"BreadcrumbList\",\"@id\":\"https:\/\/gruendungsbuero.info\/evolime\/#breadcrumb\",\"itemListElement\":[{\"@type\":\"ListItem\",\"position\":1,\"name\":\"Home\",\"item\":\"https:\/\/gruendungsbuero.info\/\"},{\"@type\":\"ListItem\",\"position\":2,\"name\":\"EVOLIME-Radial Composites\"}]},{\"@type\":\"WebSite\",\"@id\":\"https:\/\/gruendungsbuero.info\/#website\",\"url\":\"https:\/\/gruendungsbuero.info\/\",\"name\":\"Gr\u00fcndungsb\u00fcro\",\"description\":\"Rheinland-Pf\u00e4lzische Technische Universit\u00e4t &amp; Hochschule Kaiserslautern\",\"potentialAction\":[{\"@type\":\"SearchAction\",\"target\":{\"@type\":\"EntryPoint\",\"urlTemplate\":\"https:\/\/gruendungsbuero.info\/?s={search_term_string}\"},\"query-input\":{\"@type\":\"PropertyValueSpecification\",\"valueRequired\":true,\"valueName\":\"search_term_string\"}}],\"inLanguage\":\"en-GB\"}]}<\/script>\n<!-- \/ Yoast SEO plugin. -->","yoast_head_json":{"title":"EVOLIME-Radial Composites - Gr\u00fcndungsb\u00fcro","robots":{"index":"index","follow":"follow","max-snippet":"max-snippet:-1","max-image-preview":"max-image-preview:large","max-video-preview":"max-video-preview:-1"},"canonical":"https:\/\/gruendungsbuero.info\/en\/evolime-8\/","og_locale":"en_GB","og_type":"article","og_title":"EVOLIME-Radial Composites - Gr\u00fcndungsb\u00fcro","og_description":"Wir sind: EVOLIME &#8211; Radial Composites &#8211; Dr.-Ing. Marcel B\u00fccker, Valentin H\u00f6rtd\u00f6rfer, Dr. Thomas Robbert &amp; Frank Belyea Wir machen: Wir wollen das Rad neu erfinden! Mit dem derzeitigen Stand der Technik ist es sehr aufw\u00e4ndig R\u00e4der aus Faserkunststoffverbund herzustellen. Wir haben daher die innovative CompoSpoke Fertigungstechnologie entwickelt, bei dem gezielt die Nachteile von konventionellen [&hellip;]","og_url":"https:\/\/gruendungsbuero.info\/en\/evolime-8\/","og_site_name":"Gr\u00fcndungsb\u00fcro","twitter_card":"summary_large_image","twitter_misc":{"Est. reading time":"1 minute"},"schema":{"@context":"https:\/\/schema.org","@graph":[{"@type":"WebPage","@id":"https:\/\/gruendungsbuero.info\/evolime\/","url":"https:\/\/gruendungsbuero.info\/evolime\/","name":"EVOLIME-Radial Composites - Gr\u00fcndungsb\u00fcro","isPartOf":{"@id":"https:\/\/gruendungsbuero.info\/#website"},"datePublished":"2022-01-18T12:32:36+00:00","breadcrumb":{"@id":"https:\/\/gruendungsbuero.info\/evolime\/#breadcrumb"},"inLanguage":"en-GB","potentialAction":[{"@type":"ReadAction","target":["https:\/\/gruendungsbuero.info\/evolime\/"]}]},{"@type":"BreadcrumbList","@id":"https:\/\/gruendungsbuero.info\/evolime\/#breadcrumb","itemListElement":[{"@type":"ListItem","position":1,"name":"Home","item":"https:\/\/gruendungsbuero.info\/"},{"@type":"ListItem","position":2,"name":"EVOLIME-Radial Composites"}]},{"@type":"WebSite","@id":"https:\/\/gruendungsbuero.info\/#website","url":"https:\/\/gruendungsbuero.info\/","name":"Gr\u00fcndungsb\u00fcro","description":"Rheinland-Pf\u00e4lzische Technische Universit\u00e4t &amp; Hochschule Kaiserslautern","potentialAction":[{"@type":"SearchAction","target":{"@type":"EntryPoint","urlTemplate":"https:\/\/gruendungsbuero.info\/?s={search_term_string}"},"query-input":{"@type":"PropertyValueSpecification","valueRequired":true,"valueName":"search_term_string"}}],"inLanguage":"en-GB"}]}},"_links":{"self":[{"href":"https:\/\/gruendungsbuero.info\/en\/wp-json\/wp\/v2\/pages\/99968","targetHints":{"allow":["GET"]}}],"collection":[{"href":"https:\/\/gruendungsbuero.info\/en\/wp-json\/wp\/v2\/pages"}],"about":[{"href":"https:\/\/gruendungsbuero.info\/en\/wp-json\/wp\/v2\/types\/page"}],"author":[{"embeddable":true,"href":"https:\/\/gruendungsbuero.info\/en\/wp-json\/wp\/v2\/users\/810"}],"replies":[{"embeddable":true,"href":"https:\/\/gruendungsbuero.info\/en\/wp-json\/wp\/v2\/comments?post=99968"}],"version-history":[{"count":0,"href":"https:\/\/gruendungsbuero.info\/en\/wp-json\/wp\/v2\/pages\/99968\/revisions"}],"wp:attachment":[{"href":"https:\/\/gruendungsbuero.info\/en\/wp-json\/wp\/v2\/media?parent=99968"}],"curies":[{"name":"wp","href":"https:\/\/api.w.org\/{rel}","templated":true}]}}