{"id":99963,"date":"2022-01-18T12:32:36","date_gmt":"2022-01-18T12:32:36","guid":{"rendered":"https:\/\/gruendungsbuero.info\/was-ist-das-gb\/"},"modified":"2026-03-04T17:59:41","modified_gmt":"2026-03-04T16:59:41","slug":"was-ist-das-gb","status":"publish","type":"page","link":"https:\/\/gruendungsbuero.info\/en\/was-ist-das-gb\/","title":{"rendered":"What is the Gr\u00fcndungsb\u00fcro"},"content":{"rendered":"<p>As a joint institution of the Rheinland-Pf\u00e4lzische Technische Universit\u00e4t Kaiserslautern-Landau (RPTU) and the Hochschule Kaiserslautern, the Gr\u00fcndungsb\u00fcro offers comprehensive support to all students, staff, founders, alumni, and research institutes during the pre-startup phase.<\/p>\n<p>Dabei wollen wir nicht nur Gr\u00fcndungsinteressierte erreichen: auch au\u00dferhalb der Selbstst\u00e4ndigkeit ist eine realistische Karriereplanung ein erster Schritt in eine erfolgreiche berufliche Zukunft. Dar\u00fcber hinaus sind wir \u00fcberzeugt, dass beispielsweise Studierende, die ein Bewusstsein f\u00fcr das Thema &#8222;Unternehmerisches Denken und Handeln&#8220; erlangt haben, es sehr viel leichter haben werden individuelle Karrierewege &#8211; sei es in einem abh\u00e4ngigen Arbeitsverh\u00e4ltnis oder in der Form einer Selbst\u00e4ndigkeit &#8211; zu planen und zu beschreiten.<\/p>\n<p style=\"text-align: left;\">We want to support you with our experience and know-how in viewing your professional future realistically, planning it professionally, and pursuing it purposefully.<\/p>\n<p><iframe loading=\"lazy\" title=\"Was macht das Gr\u00fcndungsb\u00fcro?\" width=\"1080\" height=\"608\" src=\"https:\/\/www.youtube.com\/embed\/PsTi7yanoi0?feature=oembed\"  allow=\"accelerometer; autoplay; clipboard-write; encrypted-media; gyroscope; picture-in-picture; web-share\" allowfullscreen><\/iframe><\/p>\n<p>The Gr\u00fcndungsb\u00fcro is closely linked to the technology transfer offices of both universities. The head of the Department for Transfer, Innovation and Sustainability at RPTU, Nadine Wermke, and the head of the Department for Research and Project Coordination at Kaiserslautern University of Applied Sciences, Dr. Susanne Schohl, together form the management team.<\/p>\n<h4>Rheinland-Pf\u00e4lzische TECHNISCHE UNIVERSIT\u00c4T<\/h4>\n<p>Our offices are located on the Kaiserslautern campus in Building 32, behind the entral ibrary. From here, we coordinate all support services. Our offices are situated right next to the<a href=\"https:\/\/www.rti.uni-kl.de\/piz\/seite\" target=\"_blank\" rel=\"noopener\"> Patent und Informationszentrum (PIZ).<\/a> Therefore, we have very short distances to our colleagues and can often quickly and easily address questions about trademarks, patents, and other intellectual property rights. The central organization for trade fair visits at RPTU is also located on the same floor, ensuring close coordination and enabling us to assist you efficiently with any trade fair-related inquiries.<\/p>\n<p>The campus management, including scouting discussions, your networking with supporters, and the organization of on-site activities, is overseen by <a href=\"https:\/\/gruendungsbuero.info\/en\/2022\/03\/11\/natascha-moller\/\" target=\"_blank\" rel=\"noopener\">Natascha M\u00f6ller<\/a> (in Kaiserslautern) and <a href=\"https:\/\/gruendungsbuero.info\/en\/2022\/03\/11\/lukas-theisen\/\" target=\"_blank\" rel=\"noopener\">Lukas Theisen<\/a> (in Landau).<\/p>\n<h4 id=\"HSKL\">HOCHSCHULE KAISERSLAUTERN<\/h4>\n<p><b>At the University locations Kaiserslautern, Pirmasens and Zweibr\u00fccken,<\/b> assistance in finding your way is provided by the site managers <a href=\"https:\/\/gruendungsbuero.info\/en\/2022\/03\/11\/nadine-ulmen\/\" target=\"_blank\" rel=\"noopener\">Nadine Ulmen<\/a> (Zweibr\u00fccken and Pirmasens) and\u00a0 <a href=\"https:\/\/gruendungsbuero.info\/en\/2022\/03\/11\/natascha-moller\/\" target=\"_blank\" rel=\"noopener\">Natascha M\u00f6ller<\/a> They conduct scouting discussions and connect you with our startup coaches. They also ensure the presence of the startup office at the university and foster strong connections to provide you with optimal support.<\/p>\n<p style=\"text-align: left;\">","protected":false},"excerpt":{"rendered":"<p>Als gemeinsame Einrichtung der Rheinland-Pf\u00e4lzischen Technischen Universit\u00e4t Kaiserslautern-Landau (RPTU) und der Hochschule Kaiserslautern bietet das Gr\u00fcndungsb\u00fcro allen Studierenden, Mitarbeiterinnen und Mitarbeitern, Gr\u00fcnderinnen und Gr\u00fcndern, Alumni und Forschungsinstituten umfassende Unterst\u00fctzung in der Vorgr\u00fcndungsphase. Dabei wollen wir nicht nur Gr\u00fcndungsinteressierte erreichen: auch au\u00dferhalb der Selbstst\u00e4ndigkeit ist eine realistische Karriereplanung ein erster Schritt in eine erfolgreiche berufliche Zukunft. [&hellip;]<\/p>","protected":false},"author":810,"featured_media":101200,"parent":0,"menu_order":0,"comment_status":"closed","ping_status":"closed","template":"","meta":{"_et_pb_use_builder":"off","_et_pb_old_content":"Als gemeinsame Einrichtung der Technischen Universit\u00e4t und der Hochschule Kaiserslautern bietet das Gr\u00fcndungsb\u00fcro allen Studierenden, Mitarbeiterinnen und Mitarbeitern, Gr\u00fcnderinnen und Gr\u00fcndern, Alumni und Forschungsinstituten umfassende Unterst\u00fctzung in der Vorgr\u00fcndungsphase.\n\nDabei wollen wir nicht nur Gr\u00fcndungsinteressierte erreichen: auch au\u00dferhalb der Selbstst\u00e4ndigkeit ist eine realistische Karriereplanung ein erster Schritt in eine erfolgreiche berufliche Zukunft.Dar\u00fcber hinaus sind wir \u00fcberzeugt, dass beispielsweise Studierende, die ein Bewusstsein f\u00fcr das Thema \"Unternehmerisches Denken und Handeln\" erlangt haben, es sehr viel leichter haben werden individuelle Karrierewege - sei es in einem abh\u00e4ngigen Arbeitsverh\u00e4ltnis oder in der Form einer Selbst\u00e4ndigkeit - zu planen und zu beschreiten.\n<p style=\"text-align: left;\">Wir wollen euch mit unserer Erfahrung und unserem Know How dabei unterst\u00fctzen, eure berufliche Zukunft in einem realistischen Rahmen zu sehen, sie professionell zu planen und zielgerichtet zu verfolgen.<\/p>\nhttps:\/\/www.youtube.com\/watch?v=PsTi7yanoi0\n\nDas Gr\u00fcndungsb\u00fcro ist eng mit den Technologietransferstellen beider Hochschulen verbunden. Die Leiterin des Referats f\u00fcr Technologie und Innovation (RTI) der TU Kaiserslautern, Frau Dr. Cornelia Blau, sowie die Leiterin des Referats Forschung und Projektkoordination der HS Kaiserslautern, Frau Dr. Susanne Schohl, bilden gemeinsam das Leitungskollegium.\n<h4>TECHNISCHE UNIVERSIT\u00c4T KAISERSLAUTERN<\/h4>\nAn den TUK findet ihr uns in Geb\u00e4ude 32 \u2013 hinter der Zentralbibliothek. Von hier aus koordinieren wir alle Unterst\u00fctzungsleistungen. Da unsere B\u00fcros sich direkt neben dem<a href=\"https:\/\/www.rti.uni-kl.de\/piz\/seite\" target=\"_blank\" rel=\"noopener\"> Patent und Informationszentrum (PIZ)<\/a> befindet, ist der Weg zu den Kolleg*innen sehr kurz und wir k\u00f6nnen Fragen zu Marken, Patenten und weiteren Schutzrecht of sehr schnell und einfach kl\u00e4ren. Auch die zentrale Organisation f\u00fcr Messebesuche an der TUK befindet sich im gleichen Flur, sodass auch hier ein kurzer Draht herrscht und wir euch im Kontext von m\u00f6glichen Messebesuchen unkompliziert weiterhelfen k\u00f6nnen.\n<h4 id=\"HSKL\">HOCHSCHULE KAISERSLAUTERN<\/h4>\n<b>An den Hochschulstandorten Kaiserslautern, Pirmasens und Zweibr\u00fccken,<\/b>\u00a0helfen euch unsere\u00a0<b>Gr\u00fcndungsbegleiter<\/b>\u00a0<a href=\"https:\/\/gruendungsbuero.info\/2022\/03\/11\/fabian-ilmer\/\" target=\"_blank\" rel=\"noopener\">Fabian Ilmer<\/a> (Kaiserslauten und Pirmasens) und <a href=\"https:\/\/gruendungsbuero.info\/2022\/03\/11\/frank-walthelm\/\" target=\"_blank\" rel=\"noopener\">Frank Walthelm<\/a> (Zweibr\u00fccken) euren Weg zu finden. Sie f\u00fchren Scouting-Gespr\u00e4che und vernetzen euch mit unseren Gr\u00fcndungscoachs. Sie sorgen au\u00dferdem daf\u00fcr, dass ihr innerhalb der Hochschule optimale Unterst\u00fctzung erhaltet. Ihr findet unsere Gr\u00fcndungsbegleiter der Hochschule in verschiedenen curricularen und au\u00dfercurricularen Veranstaltungen rund um das Theme \u201cIdeen generieren und realisieren\u201d sowie in den Makerspaces an allen Standorten der Hochschule Kaiserslautern.\n\n[embed]https:\/\/www.youtube.com\/watch?v=2hS7l_iePdY[\/embed]\n<p style=\"text-align: left;\"><\/p>","_et_gb_content_width":"","inline_featured_image":false,"footnotes":""},"class_list":["post-99963","page","type-page","status-publish","has-post-thumbnail","hentry"],"yoast_head":"<!-- This site is optimized with the Yoast SEO plugin v26.0 - https:\/\/yoast.com\/wordpress\/plugins\/seo\/ -->\n<title>Was ist das Gr\u00fcndungsb\u00fcro? - Gr\u00fcndungsb\u00fcro<\/title>\n<meta name=\"robots\" content=\"index, follow, max-snippet:-1, max-image-preview:large, max-video-preview:-1\" \/>\n<link rel=\"canonical\" href=\"https:\/\/gruendungsbuero.info\/en\/was-ist-das-gb\/\" \/>\n<meta property=\"og:locale\" content=\"en_GB\" \/>\n<meta property=\"og:type\" content=\"article\" \/>\n<meta property=\"og:title\" content=\"Was ist das Gr\u00fcndungsb\u00fcro? - Gr\u00fcndungsb\u00fcro\" \/>\n<meta property=\"og:description\" content=\"Als gemeinsame Einrichtung der Rheinland-Pf\u00e4lzischen Technischen Universit\u00e4t Kaiserslautern-Landau (RPTU) und der Hochschule Kaiserslautern bietet das Gr\u00fcndungsb\u00fcro allen Studierenden, Mitarbeiterinnen und Mitarbeitern, Gr\u00fcnderinnen und Gr\u00fcndern, Alumni und Forschungsinstituten umfassende Unterst\u00fctzung in der Vorgr\u00fcndungsphase. Dabei wollen wir nicht nur Gr\u00fcndungsinteressierte erreichen: auch au\u00dferhalb der Selbstst\u00e4ndigkeit ist eine realistische Karriereplanung ein erster Schritt in eine erfolgreiche berufliche Zukunft. [&hellip;]\" \/>\n<meta property=\"og:url\" content=\"https:\/\/gruendungsbuero.info\/en\/was-ist-das-gb\/\" \/>\n<meta property=\"og:site_name\" content=\"Gr\u00fcndungsb\u00fcro\" \/>\n<meta property=\"article:modified_time\" content=\"2026-03-04T16:59:41+00:00\" \/>\n<meta property=\"og:image\" content=\"https:\/\/gruendungsbuero.info\/app\/uploads\/2022\/02\/70b09a3a1dd0ae4cda301eb5ef7311b25bdf966f.png\" \/>\n\t<meta property=\"og:image:width\" content=\"940\" \/>\n\t<meta property=\"og:image:height\" content=\"160\" \/>\n\t<meta property=\"og:image:type\" content=\"image\/png\" \/>\n<meta name=\"twitter:card\" content=\"summary_large_image\" \/>\n<meta name=\"twitter:label1\" content=\"Est. reading time\" \/>\n\t<meta name=\"twitter:data1\" content=\"3 minutes\" \/>\n<script type=\"application\/ld+json\" class=\"yoast-schema-graph\">{\"@context\":\"https:\/\/schema.org\",\"@graph\":[{\"@type\":\"WebPage\",\"@id\":\"https:\/\/gruendungsbuero.info\/was-ist-das-gb\/\",\"url\":\"https:\/\/gruendungsbuero.info\/was-ist-das-gb\/\",\"name\":\"Was ist das Gr\u00fcndungsb\u00fcro? - Gr\u00fcndungsb\u00fcro\",\"isPartOf\":{\"@id\":\"https:\/\/gruendungsbuero.info\/#website\"},\"primaryImageOfPage\":{\"@id\":\"https:\/\/gruendungsbuero.info\/was-ist-das-gb\/#primaryimage\"},\"image\":{\"@id\":\"https:\/\/gruendungsbuero.info\/was-ist-das-gb\/#primaryimage\"},\"thumbnailUrl\":\"https:\/\/gruendungsbuero.info\/app\/uploads\/2022\/02\/70b09a3a1dd0ae4cda301eb5ef7311b25bdf966f.png\",\"datePublished\":\"2022-01-18T12:32:36+00:00\",\"dateModified\":\"2026-03-04T16:59:41+00:00\",\"breadcrumb\":{\"@id\":\"https:\/\/gruendungsbuero.info\/was-ist-das-gb\/#breadcrumb\"},\"inLanguage\":\"en-GB\",\"potentialAction\":[{\"@type\":\"ReadAction\",\"target\":[\"https:\/\/gruendungsbuero.info\/was-ist-das-gb\/\"]}]},{\"@type\":\"ImageObject\",\"inLanguage\":\"en-GB\",\"@id\":\"https:\/\/gruendungsbuero.info\/was-ist-das-gb\/#primaryimage\",\"url\":\"https:\/\/gruendungsbuero.info\/app\/uploads\/2022\/02\/70b09a3a1dd0ae4cda301eb5ef7311b25bdf966f.png\",\"contentUrl\":\"https:\/\/gruendungsbuero.info\/app\/uploads\/2022\/02\/70b09a3a1dd0ae4cda301eb5ef7311b25bdf966f.png\",\"width\":940,\"height\":160},{\"@type\":\"BreadcrumbList\",\"@id\":\"https:\/\/gruendungsbuero.info\/was-ist-das-gb\/#breadcrumb\",\"itemListElement\":[{\"@type\":\"ListItem\",\"position\":1,\"name\":\"Home\",\"item\":\"https:\/\/gruendungsbuero.info\/\"},{\"@type\":\"ListItem\",\"position\":2,\"name\":\"Was ist das Gr\u00fcndungsb\u00fcro?\"}]},{\"@type\":\"WebSite\",\"@id\":\"https:\/\/gruendungsbuero.info\/#website\",\"url\":\"https:\/\/gruendungsbuero.info\/\",\"name\":\"Gr\u00fcndungsb\u00fcro\",\"description\":\"Rheinland-Pf\u00e4lzische Technische Universit\u00e4t &amp; Hochschule Kaiserslautern\",\"potentialAction\":[{\"@type\":\"SearchAction\",\"target\":{\"@type\":\"EntryPoint\",\"urlTemplate\":\"https:\/\/gruendungsbuero.info\/?s={search_term_string}\"},\"query-input\":{\"@type\":\"PropertyValueSpecification\",\"valueRequired\":true,\"valueName\":\"search_term_string\"}}],\"inLanguage\":\"en-GB\"}]}<\/script>\n<!-- \/ Yoast SEO plugin. -->","yoast_head_json":{"title":"Was ist das Gr\u00fcndungsb\u00fcro? - Gr\u00fcndungsb\u00fcro","robots":{"index":"index","follow":"follow","max-snippet":"max-snippet:-1","max-image-preview":"max-image-preview:large","max-video-preview":"max-video-preview:-1"},"canonical":"https:\/\/gruendungsbuero.info\/en\/was-ist-das-gb\/","og_locale":"en_GB","og_type":"article","og_title":"Was ist das Gr\u00fcndungsb\u00fcro? - Gr\u00fcndungsb\u00fcro","og_description":"Als gemeinsame Einrichtung der Rheinland-Pf\u00e4lzischen Technischen Universit\u00e4t Kaiserslautern-Landau (RPTU) und der Hochschule Kaiserslautern bietet das Gr\u00fcndungsb\u00fcro allen Studierenden, Mitarbeiterinnen und Mitarbeitern, Gr\u00fcnderinnen und Gr\u00fcndern, Alumni und Forschungsinstituten umfassende Unterst\u00fctzung in der Vorgr\u00fcndungsphase. Dabei wollen wir nicht nur Gr\u00fcndungsinteressierte erreichen: auch au\u00dferhalb der Selbstst\u00e4ndigkeit ist eine realistische Karriereplanung ein erster Schritt in eine erfolgreiche berufliche Zukunft. [&hellip;]","og_url":"https:\/\/gruendungsbuero.info\/en\/was-ist-das-gb\/","og_site_name":"Gr\u00fcndungsb\u00fcro","article_modified_time":"2026-03-04T16:59:41+00:00","og_image":[{"width":940,"height":160,"url":"https:\/\/gruendungsbuero.info\/app\/uploads\/2022\/02\/70b09a3a1dd0ae4cda301eb5ef7311b25bdf966f.png","type":"image\/png"}],"twitter_card":"summary_large_image","twitter_misc":{"Est. reading time":"3 minutes"},"schema":{"@context":"https:\/\/schema.org","@graph":[{"@type":"WebPage","@id":"https:\/\/gruendungsbuero.info\/was-ist-das-gb\/","url":"https:\/\/gruendungsbuero.info\/was-ist-das-gb\/","name":"Was ist das Gr\u00fcndungsb\u00fcro? - Gr\u00fcndungsb\u00fcro","isPartOf":{"@id":"https:\/\/gruendungsbuero.info\/#website"},"primaryImageOfPage":{"@id":"https:\/\/gruendungsbuero.info\/was-ist-das-gb\/#primaryimage"},"image":{"@id":"https:\/\/gruendungsbuero.info\/was-ist-das-gb\/#primaryimage"},"thumbnailUrl":"https:\/\/gruendungsbuero.info\/app\/uploads\/2022\/02\/70b09a3a1dd0ae4cda301eb5ef7311b25bdf966f.png","datePublished":"2022-01-18T12:32:36+00:00","dateModified":"2026-03-04T16:59:41+00:00","breadcrumb":{"@id":"https:\/\/gruendungsbuero.info\/was-ist-das-gb\/#breadcrumb"},"inLanguage":"en-GB","potentialAction":[{"@type":"ReadAction","target":["https:\/\/gruendungsbuero.info\/was-ist-das-gb\/"]}]},{"@type":"ImageObject","inLanguage":"en-GB","@id":"https:\/\/gruendungsbuero.info\/was-ist-das-gb\/#primaryimage","url":"https:\/\/gruendungsbuero.info\/app\/uploads\/2022\/02\/70b09a3a1dd0ae4cda301eb5ef7311b25bdf966f.png","contentUrl":"https:\/\/gruendungsbuero.info\/app\/uploads\/2022\/02\/70b09a3a1dd0ae4cda301eb5ef7311b25bdf966f.png","width":940,"height":160},{"@type":"BreadcrumbList","@id":"https:\/\/gruendungsbuero.info\/was-ist-das-gb\/#breadcrumb","itemListElement":[{"@type":"ListItem","position":1,"name":"Home","item":"https:\/\/gruendungsbuero.info\/"},{"@type":"ListItem","position":2,"name":"Was ist das Gr\u00fcndungsb\u00fcro?"}]},{"@type":"WebSite","@id":"https:\/\/gruendungsbuero.info\/#website","url":"https:\/\/gruendungsbuero.info\/","name":"Gr\u00fcndungsb\u00fcro","description":"Rheinland-Pf\u00e4lzische Technische Universit\u00e4t &amp; Hochschule Kaiserslautern","potentialAction":[{"@type":"SearchAction","target":{"@type":"EntryPoint","urlTemplate":"https:\/\/gruendungsbuero.info\/?s={search_term_string}"},"query-input":{"@type":"PropertyValueSpecification","valueRequired":true,"valueName":"search_term_string"}}],"inLanguage":"en-GB"}]}},"_links":{"self":[{"href":"https:\/\/gruendungsbuero.info\/en\/wp-json\/wp\/v2\/pages\/99963","targetHints":{"allow":["GET"]}}],"collection":[{"href":"https:\/\/gruendungsbuero.info\/en\/wp-json\/wp\/v2\/pages"}],"about":[{"href":"https:\/\/gruendungsbuero.info\/en\/wp-json\/wp\/v2\/types\/page"}],"author":[{"embeddable":true,"href":"https:\/\/gruendungsbuero.info\/en\/wp-json\/wp\/v2\/users\/810"}],"replies":[{"embeddable":true,"href":"https:\/\/gruendungsbuero.info\/en\/wp-json\/wp\/v2\/comments?post=99963"}],"version-history":[{"count":21,"href":"https:\/\/gruendungsbuero.info\/en\/wp-json\/wp\/v2\/pages\/99963\/revisions"}],"predecessor-version":[{"id":111070,"href":"https:\/\/gruendungsbuero.info\/en\/wp-json\/wp\/v2\/pages\/99963\/revisions\/111070"}],"wp:featuredmedia":[{"embeddable":true,"href":"https:\/\/gruendungsbuero.info\/en\/wp-json\/wp\/v2\/media\/101200"}],"wp:attachment":[{"href":"https:\/\/gruendungsbuero.info\/en\/wp-json\/wp\/v2\/media?parent=99963"}],"curies":[{"name":"wp","href":"https:\/\/api.w.org\/{rel}","templated":true}]}}