{"id":99962,"date":"2022-01-18T12:32:36","date_gmt":"2022-01-18T12:32:36","guid":{"rendered":"https:\/\/gruendungsbuero.info\/crowdfunding\/"},"modified":"2022-02-03T12:00:34","modified_gmt":"2022-02-03T12:00:34","slug":"crowdfunding","status":"publish","type":"page","link":"https:\/\/gruendungsbuero.info\/en\/crowdfunding\/","title":{"rendered":"Crowdfunding"},"content":{"rendered":"<p><iframe loading=\"lazy\" title=\"Crowdfunding \u2013 Erkl\u00e4rfilm 16\" width=\"1080\" height=\"608\" src=\"https:\/\/www.youtube.com\/embed\/AGMPoFdQE9E?list=PLhyzt-zS305ZwGHwdbO5dlrvws0sef04D\"  allow=\"accelerometer; autoplay; clipboard-write; encrypted-media; gyroscope; picture-in-picture\" allowfullscreen><\/iframe><\/p>\n<p>Crowdfunding stellt eine innovative Methode f\u00fcr Gr\u00fcnderinnen und Gr\u00fcnder dar, ihre Ideen zu verwirklichen. Die Finanzierung durch eine gro\u00dfe Zahl von Geldgebern, die &#8222;Crowd&#8220;, bietet aber mehr als den rein monet\u00e4ren Vorteil. Vielmehr kann eine Crowdfunding-Kampagne als &#8222;Proof of concept&#8220; genutzt werden, also als Test, ob man die Zielgruppe von seiner Gr\u00fcndungsidee \u00fcberzeugen kann. Dabei geht es nicht zuletzt darum, dass sich das Gr\u00fcndungsteam in seiner Zusammenarbeit bei der Realisierung des Projektes bew\u00e4hrt.<\/p>\n<p>Um insbesondere gr\u00fcndungsinteressierte Studierende und Mitarbeiter der Technischen Universit\u00e4t und der Hochschule Kaiserslautern dabei zu unterst\u00fctzen, ihre Projekte und Ideen \u00fcber Crowdfunding zu verwirklichen, hat das Gr\u00fcndungsb\u00fcro das <b>IDEENWALD-Crowdfunding<\/b> Netzwerk f\u00fcr Rheinland-Pfalz &amp; Saarland initiiert. In Zusammenarbeit mit den weiteren Gr\u00fcndungsb\u00fcros beider L\u00e4nder haben wir eine eigene Crowdfunding Plattform (als regionaler Zweig von Startnext) er\u00f6ffnet, auf der wir Kampagnen aus beiden L\u00e4ndern pr\u00e4sentieren.<\/p>\n<p>Ziel ist es, \u00fcber die M\u00f6glichkeiten eines Crowdfundings aufzukl\u00e4ren und insbesondere Gr\u00fcndungsprojekte bei der Planung und Initiierung ihrer Kampagnen mit Spezialwissen zu begleiten und zu betreuen. Mit seiner Ausbildung zum zertifizierten Crowdfunding-Manager in Kombination mit praktischen Erfahrungen mit mehreren eigenen Kampagnen, ist Gr\u00fcndungsb\u00fcro-Mitarbeiter Bernhard Lorig zum bekanntesten Ansprechpartner und Experten in Sachen Crowdfunding in Rheinland-Pfalz und Saarland geworden. Er f\u00fchrt in Zusamenarbeit mit den IDEENWALD-Partnern regelm\u00e4\u00dfig Workshop durch, die Interessierte zu einer eigenen Kampagne qualifizieren. Die n\u00e4chsten Termine findet Ihr in unserem Kalender.<\/p>\n<p>Die Plattform IDEENWALD-Crowdfunding ist unter folgendem Link zu finden: <a href=\"http:\/\/www.ideenwald-crowdfunding.de\">www.ideenwald-crowdfunding.de<\/a> Wir freuen uns auf Eure Anfragen: <a href=\"mailto:lorig@gruendungsbuero.info\">lorig@gruendungsbuero.info .<\/a><\/p>\n\n\n<p><\/p>","protected":false},"excerpt":{"rendered":"<p>Crowdfunding stellt eine innovative Methode f\u00fcr Gr\u00fcnderinnen und Gr\u00fcnder dar, ihre Ideen zu verwirklichen. Die Finanzierung durch eine gro\u00dfe Zahl von Geldgebern, die &#8222;Crowd&#8220;, bietet aber mehr als den rein monet\u00e4ren Vorteil<\/p>","protected":false},"author":810,"featured_media":101465,"parent":0,"menu_order":0,"comment_status":"closed","ping_status":"closed","template":"","meta":{"_et_pb_use_builder":"","_et_pb_old_content":"","_et_gb_content_width":"","inline_featured_image":false,"footnotes":""},"class_list":["post-99962","page","type-page","status-publish","has-post-thumbnail","hentry"],"yoast_head":"<!-- This site is optimized with the Yoast SEO plugin v26.0 - https:\/\/yoast.com\/wordpress\/plugins\/seo\/ -->\n<title>Crowdfunding - Gr\u00fcndungsb\u00fcro<\/title>\n<meta name=\"robots\" content=\"index, follow, max-snippet:-1, max-image-preview:large, max-video-preview:-1\" \/>\n<link rel=\"canonical\" href=\"https:\/\/gruendungsbuero.info\/en\/crowdfunding\/\" \/>\n<meta property=\"og:locale\" content=\"en_GB\" \/>\n<meta property=\"og:type\" content=\"article\" \/>\n<meta property=\"og:title\" content=\"Crowdfunding - Gr\u00fcndungsb\u00fcro\" \/>\n<meta property=\"og:description\" content=\"Crowdfunding stellt eine innovative Methode f\u00fcr Gr\u00fcnderinnen und Gr\u00fcnder dar, ihre Ideen zu verwirklichen. Die Finanzierung durch eine gro\u00dfe Zahl von Geldgebern, die &quot;Crowd&quot;, bietet aber mehr als den rein monet\u00e4ren Vorteil\" \/>\n<meta property=\"og:url\" content=\"https:\/\/gruendungsbuero.info\/en\/crowdfunding\/\" \/>\n<meta property=\"og:site_name\" content=\"Gr\u00fcndungsb\u00fcro\" \/>\n<meta property=\"article:modified_time\" content=\"2022-02-03T12:00:34+00:00\" \/>\n<meta property=\"og:image\" content=\"https:\/\/gruendungsbuero.info\/app\/uploads\/2022\/02\/247bef3c563736e84c1de22d1f93b8ccacb4cd7d.png\" \/>\n\t<meta property=\"og:image:width\" content=\"940\" \/>\n\t<meta property=\"og:image:height\" content=\"160\" \/>\n\t<meta property=\"og:image:type\" content=\"image\/png\" \/>\n<meta name=\"twitter:card\" content=\"summary_large_image\" \/>\n<meta name=\"twitter:label1\" content=\"Est. reading time\" \/>\n\t<meta name=\"twitter:data1\" content=\"1 minute\" \/>\n<script type=\"application\/ld+json\" class=\"yoast-schema-graph\">{\"@context\":\"https:\/\/schema.org\",\"@graph\":[{\"@type\":\"WebPage\",\"@id\":\"https:\/\/gruendungsbuero.info\/crowdfunding\/\",\"url\":\"https:\/\/gruendungsbuero.info\/crowdfunding\/\",\"name\":\"Crowdfunding - Gr\u00fcndungsb\u00fcro\",\"isPartOf\":{\"@id\":\"https:\/\/gruendungsbuero.info\/#website\"},\"primaryImageOfPage\":{\"@id\":\"https:\/\/gruendungsbuero.info\/crowdfunding\/#primaryimage\"},\"image\":{\"@id\":\"https:\/\/gruendungsbuero.info\/crowdfunding\/#primaryimage\"},\"thumbnailUrl\":\"https:\/\/gruendungsbuero.info\/app\/uploads\/2022\/02\/247bef3c563736e84c1de22d1f93b8ccacb4cd7d.png\",\"datePublished\":\"2022-01-18T12:32:36+00:00\",\"dateModified\":\"2022-02-03T12:00:34+00:00\",\"breadcrumb\":{\"@id\":\"https:\/\/gruendungsbuero.info\/crowdfunding\/#breadcrumb\"},\"inLanguage\":\"en-GB\",\"potentialAction\":[{\"@type\":\"ReadAction\",\"target\":[\"https:\/\/gruendungsbuero.info\/crowdfunding\/\"]}]},{\"@type\":\"ImageObject\",\"inLanguage\":\"en-GB\",\"@id\":\"https:\/\/gruendungsbuero.info\/crowdfunding\/#primaryimage\",\"url\":\"https:\/\/gruendungsbuero.info\/app\/uploads\/2022\/02\/247bef3c563736e84c1de22d1f93b8ccacb4cd7d.png\",\"contentUrl\":\"https:\/\/gruendungsbuero.info\/app\/uploads\/2022\/02\/247bef3c563736e84c1de22d1f93b8ccacb4cd7d.png\",\"width\":940,\"height\":160},{\"@type\":\"BreadcrumbList\",\"@id\":\"https:\/\/gruendungsbuero.info\/crowdfunding\/#breadcrumb\",\"itemListElement\":[{\"@type\":\"ListItem\",\"position\":1,\"name\":\"Home\",\"item\":\"https:\/\/gruendungsbuero.info\/\"},{\"@type\":\"ListItem\",\"position\":2,\"name\":\"Crowdfunding\"}]},{\"@type\":\"WebSite\",\"@id\":\"https:\/\/gruendungsbuero.info\/#website\",\"url\":\"https:\/\/gruendungsbuero.info\/\",\"name\":\"Gr\u00fcndungsb\u00fcro\",\"description\":\"Rheinland-Pf\u00e4lzische Technische Universit\u00e4t &amp; Hochschule Kaiserslautern\",\"potentialAction\":[{\"@type\":\"SearchAction\",\"target\":{\"@type\":\"EntryPoint\",\"urlTemplate\":\"https:\/\/gruendungsbuero.info\/?s={search_term_string}\"},\"query-input\":{\"@type\":\"PropertyValueSpecification\",\"valueRequired\":true,\"valueName\":\"search_term_string\"}}],\"inLanguage\":\"en-GB\"}]}<\/script>\n<!-- \/ Yoast SEO plugin. -->","yoast_head_json":{"title":"Crowdfunding - Gr\u00fcndungsb\u00fcro","robots":{"index":"index","follow":"follow","max-snippet":"max-snippet:-1","max-image-preview":"max-image-preview:large","max-video-preview":"max-video-preview:-1"},"canonical":"https:\/\/gruendungsbuero.info\/en\/crowdfunding\/","og_locale":"en_GB","og_type":"article","og_title":"Crowdfunding - Gr\u00fcndungsb\u00fcro","og_description":"Crowdfunding stellt eine innovative Methode f\u00fcr Gr\u00fcnderinnen und Gr\u00fcnder dar, ihre Ideen zu verwirklichen. Die Finanzierung durch eine gro\u00dfe Zahl von Geldgebern, die \"Crowd\", bietet aber mehr als den rein monet\u00e4ren Vorteil","og_url":"https:\/\/gruendungsbuero.info\/en\/crowdfunding\/","og_site_name":"Gr\u00fcndungsb\u00fcro","article_modified_time":"2022-02-03T12:00:34+00:00","og_image":[{"width":940,"height":160,"url":"https:\/\/gruendungsbuero.info\/app\/uploads\/2022\/02\/247bef3c563736e84c1de22d1f93b8ccacb4cd7d.png","type":"image\/png"}],"twitter_card":"summary_large_image","twitter_misc":{"Est. reading time":"1 minute"},"schema":{"@context":"https:\/\/schema.org","@graph":[{"@type":"WebPage","@id":"https:\/\/gruendungsbuero.info\/crowdfunding\/","url":"https:\/\/gruendungsbuero.info\/crowdfunding\/","name":"Crowdfunding - Gr\u00fcndungsb\u00fcro","isPartOf":{"@id":"https:\/\/gruendungsbuero.info\/#website"},"primaryImageOfPage":{"@id":"https:\/\/gruendungsbuero.info\/crowdfunding\/#primaryimage"},"image":{"@id":"https:\/\/gruendungsbuero.info\/crowdfunding\/#primaryimage"},"thumbnailUrl":"https:\/\/gruendungsbuero.info\/app\/uploads\/2022\/02\/247bef3c563736e84c1de22d1f93b8ccacb4cd7d.png","datePublished":"2022-01-18T12:32:36+00:00","dateModified":"2022-02-03T12:00:34+00:00","breadcrumb":{"@id":"https:\/\/gruendungsbuero.info\/crowdfunding\/#breadcrumb"},"inLanguage":"en-GB","potentialAction":[{"@type":"ReadAction","target":["https:\/\/gruendungsbuero.info\/crowdfunding\/"]}]},{"@type":"ImageObject","inLanguage":"en-GB","@id":"https:\/\/gruendungsbuero.info\/crowdfunding\/#primaryimage","url":"https:\/\/gruendungsbuero.info\/app\/uploads\/2022\/02\/247bef3c563736e84c1de22d1f93b8ccacb4cd7d.png","contentUrl":"https:\/\/gruendungsbuero.info\/app\/uploads\/2022\/02\/247bef3c563736e84c1de22d1f93b8ccacb4cd7d.png","width":940,"height":160},{"@type":"BreadcrumbList","@id":"https:\/\/gruendungsbuero.info\/crowdfunding\/#breadcrumb","itemListElement":[{"@type":"ListItem","position":1,"name":"Home","item":"https:\/\/gruendungsbuero.info\/"},{"@type":"ListItem","position":2,"name":"Crowdfunding"}]},{"@type":"WebSite","@id":"https:\/\/gruendungsbuero.info\/#website","url":"https:\/\/gruendungsbuero.info\/","name":"Gr\u00fcndungsb\u00fcro","description":"Rheinland-Pf\u00e4lzische Technische Universit\u00e4t &amp; Hochschule Kaiserslautern","potentialAction":[{"@type":"SearchAction","target":{"@type":"EntryPoint","urlTemplate":"https:\/\/gruendungsbuero.info\/?s={search_term_string}"},"query-input":{"@type":"PropertyValueSpecification","valueRequired":true,"valueName":"search_term_string"}}],"inLanguage":"en-GB"}]}},"_links":{"self":[{"href":"https:\/\/gruendungsbuero.info\/en\/wp-json\/wp\/v2\/pages\/99962","targetHints":{"allow":["GET"]}}],"collection":[{"href":"https:\/\/gruendungsbuero.info\/en\/wp-json\/wp\/v2\/pages"}],"about":[{"href":"https:\/\/gruendungsbuero.info\/en\/wp-json\/wp\/v2\/types\/page"}],"author":[{"embeddable":true,"href":"https:\/\/gruendungsbuero.info\/en\/wp-json\/wp\/v2\/users\/810"}],"replies":[{"embeddable":true,"href":"https:\/\/gruendungsbuero.info\/en\/wp-json\/wp\/v2\/comments?post=99962"}],"version-history":[{"count":0,"href":"https:\/\/gruendungsbuero.info\/en\/wp-json\/wp\/v2\/pages\/99962\/revisions"}],"wp:featuredmedia":[{"embeddable":true,"href":"https:\/\/gruendungsbuero.info\/en\/wp-json\/wp\/v2\/media\/101465"}],"wp:attachment":[{"href":"https:\/\/gruendungsbuero.info\/en\/wp-json\/wp\/v2\/media?parent=99962"}],"curies":[{"name":"wp","href":"https:\/\/api.w.org\/{rel}","templated":true}]}}