{"id":99961,"date":"2022-01-18T12:32:36","date_gmt":"2022-01-18T12:32:36","guid":{"rendered":"https:\/\/gruendungsbuero.info\/summer-school\/"},"modified":"2026-03-04T17:59:42","modified_gmt":"2026-03-04T16:59:42","slug":"summerschool","status":"publish","type":"page","link":"https:\/\/gruendungsbuero.info\/en\/summerschool\/","title":{"rendered":"SummerSchool"},"content":{"rendered":"<p>[et_pb_section fb_built=&#8220;1&#8243; admin_label=&#8220;section&#8220; _builder_version=&#8220;4.14.6&#8243; background_color=&#8220;RGBA(255,255,255,0)&#8220; global_colors_info=&#8220;{}&#8220;][et_pb_row admin_label=&#8220;row&#8220; _builder_version=&#8220;3.25&#8243; background_size=&#8220;initial&#8220; background_position=&#8220;top_left&#8220; background_repeat=&#8220;repeat&#8220; global_colors_info=&#8220;{}&#8220; custom_margin=&#8220;|auto|-95px|auto||&#8220;][et_pb_column type=&#8220;4_4&#8243; _builder_version=&#8220;3.25&#8243; custom_padding=&#8220;|||&#8220; global_colors_info=&#8220;{}&#8220; custom_padding__hover=&#8220;|||&#8220;][et_pb_text admin_label=&#8220;Text&#8220; _builder_version=&#8220;4.14.6&#8243; background_size=&#8220;initial&#8220; background_position=&#8220;top_left&#8220; background_repeat=&#8220;repeat&#8220; global_colors_info=&#8220;{}&#8220;]<\/p>\n<h1>SommerSchool 2022<\/h1>\n<p><span style=\"font-size: x-large;\">Ihr habt eine Gesch\u00e4ftsidee, mit der ihr gerne ein Unternehmen gr\u00fcnden und euch selbstst\u00e4ndig machen m\u00f6chtet? Unsere SummerSchool unterst\u00fctzt <\/span><span style=\"font-size: x-large;\">euch dabei. Aus eurer Idee wird somit Schritt f\u00fcr Schritt ein tragf\u00e4higes Konzept! Im kreativen Ambiente der Villa Denis habt ihr eine ganze Woche lang die <\/span><span style=\"font-size: x-large;\">Chance, eure Idee strukturiert und unter der Anleitung von Expert*innen auszuarbeiten.<\/span><\/p>\n<p><span style=\"color: #ff5300;\"><em><strong>Jetzt zur digitalen Spring School 2023 anmelden!<\/strong><\/em><\/span><\/p>\n<p><span style=\"color: #ff5300;\"><em><strong><a href=\"https:\/\/gruendungsbuero.info\/en\/event\/summerschool-2023\/\" style=\"color: #ff5300;\">Jetzt zur Summer School 2023 anmelden!<\/a><span style=\"font-size: x-large;\"><\/span>\u00a0<\/strong><\/em><\/span><\/p>\n<p>&nbsp;<\/p>\n<p><!-- \/divi:paragraph -->[\/et_pb_text][et_pb_code _builder_version=&#8220;4.14.6&#8243; _module_preset=&#8220;default&#8220; global_colors_info=&#8220;{}&#8220;][\/et_pb_code][\/et_pb_column][\/et_pb_row][et_pb_row column_structure=&#8220;1_2,1_2&#8243; _builder_version=&#8220;4.14.6&#8243; _module_preset=&#8220;default&#8220; custom_padding=&#8220;||136px|||&#8220; global_colors_info=&#8220;{}&#8220;][et_pb_column type=&#8220;1_2&#8243; _builder_version=&#8220;4.14.6&#8243; _module_preset=&#8220;default&#8220; global_colors_info=&#8220;{}&#8220;][et_pb_code _builder_version=&#8220;4.14.6&#8243; _module_preset=&#8220;default&#8220; global_colors_info=&#8220;{}&#8220;]<iframe loading=\"lazy\" width=\"560\" height=\"315\" src=\"https:\/\/www.youtube.com\/embed\/7v2tAMKk0kY\" title=\"YouTube video player\" frameborder=\"0\" allow=\"accelerometer; autoplay; clipboard-write; encrypted-media; gyroscope; picture-in-picture\" allowfullscreen=\"\"><\/iframe><!-- [et_pb_line_break_holder] --><iframe loading=\"lazy\" width=\"560\" height=\"315\" src=\"https:\/\/www.youtube.com\/embed\/MWBckMTZgkk\" title=\"YouTube video player\" frameborder=\"0\" allow=\"accelerometer; autoplay; clipboard-write; encrypted-media; gyroscope; picture-in-picture\" allowfullscreen=\"\"><\/iframe><!-- [et_pb_line_break_holder] --><!-- [et_pb_line_break_holder] --><iframe loading=\"lazy\" width=\"560\" height=\"315\" src=\"https:\/\/www.youtube.com\/embed\/0OKvLsG_s-w\" title=\"YouTube video player\" frameborder=\"0\" allow=\"accelerometer; autoplay; clipboard-write; encrypted-media; gyroscope; picture-in-picture\" allowfullscreen=\"\"><\/iframe>[\/et_pb_code][\/et_pb_column][et_pb_column type=&#8220;1_2&#8243; _builder_version=&#8220;4.14.6&#8243; _module_preset=&#8220;default&#8220; global_colors_info=&#8220;{}&#8220;][et_pb_code _builder_version=&#8220;4.14.6&#8243; _module_preset=&#8220;default&#8220; global_colors_info=&#8220;{}&#8220;]<iframe loading=\"lazy\" width=\"560\" height=\"315\" src=\"https:\/\/www.youtube.com\/embed\/miuxYpSfRhY\" title=\"YouTube video player\" frameborder=\"0\" allow=\"accelerometer; autoplay; clipboard-write; encrypted-media; gyroscope; picture-in-picture\" allowfullscreen=\"\"><\/iframe><!-- [et_pb_line_break_holder] --><!-- [et_pb_line_break_holder] --><iframe loading=\"lazy\" width=\"560\" height=\"315\" src=\"https:\/\/www.youtube.com\/embed\/p3qysG7uVJg\" title=\"YouTube video player\" frameborder=\"0\" allow=\"accelerometer; autoplay; clipboard-write; encrypted-media; gyroscope; picture-in-picture\" allowfullscreen=\"\"><\/iframe><!-- [et_pb_line_break_holder] --><!-- [et_pb_line_break_holder] -->[\/et_pb_code][\/et_pb_column][\/et_pb_row][\/et_pb_section]<\/p>","protected":false},"excerpt":{"rendered":"<p>SommerSchool 2022 Ihr habt eine Gesch\u00e4ftsidee, mit der ihr gerne ein Unternehmen gr\u00fcnden und euch selbstst\u00e4ndig machen m\u00f6chtet? Unsere SummerSchool unterst\u00fctzt euch dabei. Aus eurer Idee wird somit Schritt f\u00fcr Schritt ein tragf\u00e4higes Konzept! Im kreativen Ambiente der Villa Denis habt ihr eine ganze Woche lang die Chance, eure Idee strukturiert und unter der Anleitung [&hellip;]<\/p>","protected":false},"author":810,"featured_media":101639,"parent":0,"menu_order":0,"comment_status":"closed","ping_status":"closed","template":"","meta":{"_et_pb_use_builder":"on","_et_pb_old_content":"<p>\u00a0<\/p>\n<p>Du hast eine Gesch\u00e4ftsidee, mit der Du gerne ein Unternehmen gr\u00fcnden und dich selbstst\u00e4ndig machen m\u00f6chtest? Unsere SummerSchool unterst\u00fctzt <br \/>Dich dabei. Aus Deiner Idee wird so Schritt f\u00fcr Schritt ein tragf\u00e4higes Konzept! Im kreativen Ambiente der Villa Denis hast Du eine ganze Woche lang die <br \/>Chance, Deine Idee strukturiert und unter der Anleitung von Experten auszuarbeiten.<\/p>\n<p>https:\/\/www.youtube.com\/watch?v=782XLF-Pz_A<\/p>\n\n<!-- wp:paragraph -->\n<p><\/p>\n<!-- \/wp:paragraph -->","_et_gb_content_width":"","inline_featured_image":false,"footnotes":""},"class_list":["post-99961","page","type-page","status-publish","has-post-thumbnail","hentry"],"yoast_head":"<!-- This site is optimized with the Yoast SEO plugin v26.0 - https:\/\/yoast.com\/wordpress\/plugins\/seo\/ -->\n<title>SummerSchool - Gr\u00fcndungsb\u00fcro<\/title>\n<meta name=\"robots\" content=\"index, follow, max-snippet:-1, max-image-preview:large, max-video-preview:-1\" \/>\n<link rel=\"canonical\" href=\"https:\/\/gruendungsbuero.info\/en\/summerschool\/\" \/>\n<meta property=\"og:locale\" content=\"en_GB\" \/>\n<meta property=\"og:type\" content=\"article\" \/>\n<meta property=\"og:title\" content=\"SummerSchool - Gr\u00fcndungsb\u00fcro\" \/>\n<meta property=\"og:description\" content=\"SommerSchool 2022 Ihr habt eine Gesch\u00e4ftsidee, mit der ihr gerne ein Unternehmen gr\u00fcnden und euch selbstst\u00e4ndig machen m\u00f6chtet? Unsere SummerSchool unterst\u00fctzt euch dabei. Aus eurer Idee wird somit Schritt f\u00fcr Schritt ein tragf\u00e4higes Konzept! Im kreativen Ambiente der Villa Denis habt ihr eine ganze Woche lang die Chance, eure Idee strukturiert und unter der Anleitung [&hellip;]\" \/>\n<meta property=\"og:url\" content=\"https:\/\/gruendungsbuero.info\/en\/summerschool\/\" \/>\n<meta property=\"og:site_name\" content=\"Gr\u00fcndungsb\u00fcro\" \/>\n<meta property=\"article:modified_time\" content=\"2026-03-04T16:59:42+00:00\" \/>\n<meta property=\"og:image\" content=\"https:\/\/gruendungsbuero.info\/app\/uploads\/2022\/02\/d05c654488e33531da7931c1b9cc2c77d398a7a0-scaled.jpg\" \/>\n\t<meta property=\"og:image:width\" content=\"1920\" \/>\n\t<meta property=\"og:image:height\" content=\"715\" \/>\n\t<meta property=\"og:image:type\" content=\"image\/jpeg\" \/>\n<meta name=\"twitter:card\" content=\"summary_large_image\" \/>\n<meta name=\"twitter:label1\" content=\"Est. reading time\" \/>\n\t<meta name=\"twitter:data1\" content=\"1 minute\" \/>\n<script type=\"application\/ld+json\" class=\"yoast-schema-graph\">{\"@context\":\"https:\/\/schema.org\",\"@graph\":[{\"@type\":\"WebPage\",\"@id\":\"https:\/\/gruendungsbuero.info\/summerschool\/\",\"url\":\"https:\/\/gruendungsbuero.info\/summerschool\/\",\"name\":\"SummerSchool - Gr\u00fcndungsb\u00fcro\",\"isPartOf\":{\"@id\":\"https:\/\/gruendungsbuero.info\/#website\"},\"primaryImageOfPage\":{\"@id\":\"https:\/\/gruendungsbuero.info\/summerschool\/#primaryimage\"},\"image\":{\"@id\":\"https:\/\/gruendungsbuero.info\/summerschool\/#primaryimage\"},\"thumbnailUrl\":\"https:\/\/gruendungsbuero.info\/app\/uploads\/2022\/02\/d05c654488e33531da7931c1b9cc2c77d398a7a0-scaled.jpg\",\"datePublished\":\"2022-01-18T12:32:36+00:00\",\"dateModified\":\"2026-03-04T16:59:42+00:00\",\"breadcrumb\":{\"@id\":\"https:\/\/gruendungsbuero.info\/summerschool\/#breadcrumb\"},\"inLanguage\":\"en-GB\",\"potentialAction\":[{\"@type\":\"ReadAction\",\"target\":[\"https:\/\/gruendungsbuero.info\/summerschool\/\"]}]},{\"@type\":\"ImageObject\",\"inLanguage\":\"en-GB\",\"@id\":\"https:\/\/gruendungsbuero.info\/summerschool\/#primaryimage\",\"url\":\"https:\/\/gruendungsbuero.info\/app\/uploads\/2022\/02\/d05c654488e33531da7931c1b9cc2c77d398a7a0-scaled.jpg\",\"contentUrl\":\"https:\/\/gruendungsbuero.info\/app\/uploads\/2022\/02\/d05c654488e33531da7931c1b9cc2c77d398a7a0-scaled.jpg\",\"width\":1920,\"height\":715},{\"@type\":\"BreadcrumbList\",\"@id\":\"https:\/\/gruendungsbuero.info\/summerschool\/#breadcrumb\",\"itemListElement\":[{\"@type\":\"ListItem\",\"position\":1,\"name\":\"Home\",\"item\":\"https:\/\/gruendungsbuero.info\/\"},{\"@type\":\"ListItem\",\"position\":2,\"name\":\"SummerSchool\"}]},{\"@type\":\"WebSite\",\"@id\":\"https:\/\/gruendungsbuero.info\/#website\",\"url\":\"https:\/\/gruendungsbuero.info\/\",\"name\":\"Gr\u00fcndungsb\u00fcro\",\"description\":\"Rheinland-Pf\u00e4lzische Technische Universit\u00e4t &amp; Hochschule Kaiserslautern\",\"potentialAction\":[{\"@type\":\"SearchAction\",\"target\":{\"@type\":\"EntryPoint\",\"urlTemplate\":\"https:\/\/gruendungsbuero.info\/?s={search_term_string}\"},\"query-input\":{\"@type\":\"PropertyValueSpecification\",\"valueRequired\":true,\"valueName\":\"search_term_string\"}}],\"inLanguage\":\"en-GB\"}]}<\/script>\n<!-- \/ Yoast SEO plugin. -->","yoast_head_json":{"title":"SummerSchool - Gr\u00fcndungsb\u00fcro","robots":{"index":"index","follow":"follow","max-snippet":"max-snippet:-1","max-image-preview":"max-image-preview:large","max-video-preview":"max-video-preview:-1"},"canonical":"https:\/\/gruendungsbuero.info\/en\/summerschool\/","og_locale":"en_GB","og_type":"article","og_title":"SummerSchool - Gr\u00fcndungsb\u00fcro","og_description":"SommerSchool 2022 Ihr habt eine Gesch\u00e4ftsidee, mit der ihr gerne ein Unternehmen gr\u00fcnden und euch selbstst\u00e4ndig machen m\u00f6chtet? Unsere SummerSchool unterst\u00fctzt euch dabei. Aus eurer Idee wird somit Schritt f\u00fcr Schritt ein tragf\u00e4higes Konzept! Im kreativen Ambiente der Villa Denis habt ihr eine ganze Woche lang die Chance, eure Idee strukturiert und unter der Anleitung [&hellip;]","og_url":"https:\/\/gruendungsbuero.info\/en\/summerschool\/","og_site_name":"Gr\u00fcndungsb\u00fcro","article_modified_time":"2026-03-04T16:59:42+00:00","og_image":[{"width":1920,"height":715,"url":"https:\/\/gruendungsbuero.info\/app\/uploads\/2022\/02\/d05c654488e33531da7931c1b9cc2c77d398a7a0-scaled.jpg","type":"image\/jpeg"}],"twitter_card":"summary_large_image","twitter_misc":{"Est. reading time":"1 minute"},"schema":{"@context":"https:\/\/schema.org","@graph":[{"@type":"WebPage","@id":"https:\/\/gruendungsbuero.info\/summerschool\/","url":"https:\/\/gruendungsbuero.info\/summerschool\/","name":"SummerSchool - Gr\u00fcndungsb\u00fcro","isPartOf":{"@id":"https:\/\/gruendungsbuero.info\/#website"},"primaryImageOfPage":{"@id":"https:\/\/gruendungsbuero.info\/summerschool\/#primaryimage"},"image":{"@id":"https:\/\/gruendungsbuero.info\/summerschool\/#primaryimage"},"thumbnailUrl":"https:\/\/gruendungsbuero.info\/app\/uploads\/2022\/02\/d05c654488e33531da7931c1b9cc2c77d398a7a0-scaled.jpg","datePublished":"2022-01-18T12:32:36+00:00","dateModified":"2026-03-04T16:59:42+00:00","breadcrumb":{"@id":"https:\/\/gruendungsbuero.info\/summerschool\/#breadcrumb"},"inLanguage":"en-GB","potentialAction":[{"@type":"ReadAction","target":["https:\/\/gruendungsbuero.info\/summerschool\/"]}]},{"@type":"ImageObject","inLanguage":"en-GB","@id":"https:\/\/gruendungsbuero.info\/summerschool\/#primaryimage","url":"https:\/\/gruendungsbuero.info\/app\/uploads\/2022\/02\/d05c654488e33531da7931c1b9cc2c77d398a7a0-scaled.jpg","contentUrl":"https:\/\/gruendungsbuero.info\/app\/uploads\/2022\/02\/d05c654488e33531da7931c1b9cc2c77d398a7a0-scaled.jpg","width":1920,"height":715},{"@type":"BreadcrumbList","@id":"https:\/\/gruendungsbuero.info\/summerschool\/#breadcrumb","itemListElement":[{"@type":"ListItem","position":1,"name":"Home","item":"https:\/\/gruendungsbuero.info\/"},{"@type":"ListItem","position":2,"name":"SummerSchool"}]},{"@type":"WebSite","@id":"https:\/\/gruendungsbuero.info\/#website","url":"https:\/\/gruendungsbuero.info\/","name":"Gr\u00fcndungsb\u00fcro","description":"Rheinland-Pf\u00e4lzische Technische Universit\u00e4t &amp; Hochschule Kaiserslautern","potentialAction":[{"@type":"SearchAction","target":{"@type":"EntryPoint","urlTemplate":"https:\/\/gruendungsbuero.info\/?s={search_term_string}"},"query-input":{"@type":"PropertyValueSpecification","valueRequired":true,"valueName":"search_term_string"}}],"inLanguage":"en-GB"}]}},"_links":{"self":[{"href":"https:\/\/gruendungsbuero.info\/en\/wp-json\/wp\/v2\/pages\/99961","targetHints":{"allow":["GET"]}}],"collection":[{"href":"https:\/\/gruendungsbuero.info\/en\/wp-json\/wp\/v2\/pages"}],"about":[{"href":"https:\/\/gruendungsbuero.info\/en\/wp-json\/wp\/v2\/types\/page"}],"author":[{"embeddable":true,"href":"https:\/\/gruendungsbuero.info\/en\/wp-json\/wp\/v2\/users\/810"}],"replies":[{"embeddable":true,"href":"https:\/\/gruendungsbuero.info\/en\/wp-json\/wp\/v2\/comments?post=99961"}],"version-history":[{"count":20,"href":"https:\/\/gruendungsbuero.info\/en\/wp-json\/wp\/v2\/pages\/99961\/revisions"}],"predecessor-version":[{"id":106447,"href":"https:\/\/gruendungsbuero.info\/en\/wp-json\/wp\/v2\/pages\/99961\/revisions\/106447"}],"wp:featuredmedia":[{"embeddable":true,"href":"https:\/\/gruendungsbuero.info\/en\/wp-json\/wp\/v2\/media\/101639"}],"wp:attachment":[{"href":"https:\/\/gruendungsbuero.info\/en\/wp-json\/wp\/v2\/media?parent=99961"}],"curies":[{"name":"wp","href":"https:\/\/api.w.org\/{rel}","templated":true}]}}