{"id":99943,"date":"2022-01-17T14:01:16","date_gmt":"2022-01-17T14:01:16","guid":{"rendered":"https:\/\/gruendungsbuero.info\/?page_id=99943"},"modified":"2026-03-04T17:59:41","modified_gmt":"2026-03-04T16:59:41","slug":"downloads","status":"publish","type":"page","link":"https:\/\/gruendungsbuero.info\/en\/downloads\/","title":{"rendered":"DOWNLOADS"},"content":{"rendered":"<p>[et_pb_section fb_built=&#8220;1&#8243; _builder_version=&#8220;4.14.6&#8243; _module_preset=&#8220;default&#8220; background_color=&#8220;#FFFFFF&#8220; custom_padding=&#8220;4px|||||&#8220; wpt_cr_restrict_content=&#8220;on&#8220; wpt_cr_access_denied_text=&#8220;<\/p>\n<p><b>%91RM_Login%93<\/b><\/p>\n<p>&#8220; global_colors_info=&#8220;{}&#8220; theme_builder_area=&#8220;post_content&#8220;][et_pb_row _builder_version=&#8220;4.14.6&#8243; _module_preset=&#8220;default&#8220; module_alignment=&#8220;left&#8220; custom_padding=&#8220;||0px|||&#8220; global_colors_info=&#8220;{}&#8220; custom_css_main_element_last_edited=&#8220;on|tablet&#8220; custom_css_main_element_phone=&#8220;width: 100% !important&#8220; custom_css_main_element_tablet=&#8220;width: 100% !important&#8220; theme_builder_area=&#8220;post_content&#8220;][et_pb_column type=&#8220;4_4&#8243; _builder_version=&#8220;4.14.6&#8243; _module_preset=&#8220;default&#8220; global_colors_info=&#8220;{}&#8220; theme_builder_area=&#8220;post_content&#8220;][et_pb_text _builder_version=&#8220;4.14.6&#8243; _module_preset=&#8220;default&#8220; text_text_color=&#8220;#11253c&#8220; text_font_size=&#8220;24px&#8220; custom_margin=&#8220;||0px|||&#8220; custom_padding=&#8220;||||false|false&#8220; custom_padding_tablet=&#8220;|||30px|false|false&#8220; custom_padding_phone=&#8220;|||30px|false|false&#8220; custom_padding_last_edited=&#8220;on|tablet&#8220; global_colors_info=&#8220;{}&#8220; theme_builder_area=&#8220;post_content&#8220;]<\/p>\n<p><strong>Dokumente<\/strong><\/p>\n<p>[\/et_pb_text][et_pb_code _builder_version=&#8220;4.14.6&#8243; _module_preset=&#8220;default&#8220; global_colors_info=&#8220;{}&#8220; theme_builder_area=&#8220;post_content&#8220;]<div class='w3eden'>\n    <div class=''>\n\n        <form method=\"get\" class=\"\" data-container=\"#content_wpdm_package_1\" id=\"sc_form_wpdm_package_1\" style=\"margin-bottom: 15px\" action=\"\">\n    \n            <div class=\"card panel panel-default wpdm-shortcode-toolbar\">\n                <div class=\"card-body panel-body\">\n                    <div class=\"row\">\n                        <div class=\"col-lg-6 col-md-12\">\n                            <input type=\"search\" name=\"skw\" value=\"\" placeholder=\"Search Keyword...\" class=\"form-control\" \/>\n                        <\/div>\n                        <div class=\"col-lg-2 col-md-4\">\n                            <select name=\"orderby\" class=\"wpdm-custom-select custom-select\">\n                                <option value=\"date\" disabled=\"disabled\">Order By:<\/option>\n                                <option value=\"date\" >Publish Date<\/option>\n                                <option value=\"title\" >Title<\/option>\n                                <option value=\"update_date\" >Update Date<\/option>\n                                <option value=\"downloads\" >Downloads<\/option>\n                                <option value=\"views\" >Views<\/option>\n                            <\/select>\n                        <\/div>\n                        <div class=\"col-lg-2 col-md-4\">\n                            <select name=\"order\" class=\"wpdm-custom-select custom-select\">\n                                <option value=\"desc\" disabled=\"disabled\">Order:<\/option>\n                                <option value=\"desc\" >Descending<\/option>\n                                <option value=\"asc\" >Ascending<\/option>\n                            <\/select>\n                        <\/div>\n                        <div class=\"col-lg-2 col-md-4\">\n                            <button type=\"submit\" class=\"btn btn-info btn-block\">Apply Filter<\/button>\n                        <\/div>\n                    <\/div>\n                <\/div>\n            <\/div>\n\n            <input type=\"hidden\" name=\"trp-form-language\" value=\"en\"\/><\/form>\n<div class=\"spacer mb-3 d-block clearfix\"><\/div>\n\n        <div id=\"content_wpdm_package_1\">\n            <div class='row'><div class='col-lg-4 col-md-6 col-12'><!-- WPDM Link Template: Default Template -->\n\n<div class=\"link-template-default card mb-2\">\n    <div class=\"card-body\">\n        <div class=\"media\">\n            <div class=\"mr-3 img-48\"><img decoding=\"async\" class=\"wpdm_icon\" alt=\"Icon\" src=\"https:\/\/gruendungsbuero.info\/app\/plugins\/download-manager\/assets\/file-type-icons\/jpg.svg\" \/><\/div>\n            <div class=\"media-body\">\n                <h3 class=\"package-title\"><a href='https:\/\/gruendungsbuero.info\/en\/downloadinactive\/drive-to-destination-sketch-grundungsburo\/'>Anfahrtsskizze Gr\u00fcndungsb\u00fcro<\/a><\/h3>\n                <div class=\"text-muted text-small\"><i class=\"fas fa-copy\"><\/i> 1 file(s) <i class=\"fas fa-hdd ml-3\"><\/i> 3.87 MB<\/div>\n            <\/div>\n            <div class=\"ml-3\">\n                <a class='wpdm-download-link download-on-click btn btn-primary' rel='nofollow' href='#' data-downloadurl=\"https:\/\/gruendungsbuero.info\/en\/downloadinactive\/drive-to-destination-sketch-grundungsburo\/?wpdmdl=102356&refresh=69e45d6c8007f1776573804\">Download<\/a>\n            <\/div>\n        <\/div>\n    <\/div>\n<\/div>\n\n<\/div><\/div>            <div style='clear:both'><\/div><div class='text-center'><ul class='pagination wpdm-pagination pagination-centered text-center'><\/ul><\/div><div style='clear:both'><\/div>        <\/div>\n\n        <div style='clear:both'><\/div>\n    <\/div>\n<\/div>\n[\/et_pb_code][et_pb_text _builder_version=&#8220;4.14.6&#8243; _module_preset=&#8220;default&#8220; text_text_color=&#8220;#11253c&#8220; text_font_size=&#8220;24px&#8220; custom_margin=&#8220;||0px|||&#8220; custom_padding=&#8220;||||false|false&#8220; custom_padding_tablet=&#8220;|||30px|false|false&#8220; custom_padding_phone=&#8220;|||30px|false|false&#8220; custom_padding_last_edited=&#8220;on|tablet&#8220; hover_enabled=&#8220;0&#8243; global_colors_info=&#8220;{}&#8220; theme_builder_area=&#8220;post_content&#8220; sticky_enabled=&#8220;0&#8243;]<\/p>\n<p><strong>Gr\u00fcndungswissen<\/strong><\/p>\n<p>[\/et_pb_text][et_pb_code _builder_version=&#8220;4.14.6&#8243; _module_preset=&#8220;default&#8220; global_colors_info=&#8220;{}&#8220; theme_builder_area=&#8220;post_content&#8220;]<div class='w3eden'>\n    <div class=''>\n\n        <form method=\"get\" class=\"\" data-container=\"#content_wpdm_package_2\" id=\"sc_form_wpdm_package_2\" style=\"margin-bottom: 15px\" action=\"\">\n    \n            <div class=\"card panel panel-default wpdm-shortcode-toolbar\">\n                <div class=\"card-body panel-body\">\n                    <div class=\"row\">\n                        <div class=\"col-lg-6 col-md-12\">\n                            <input type=\"search\" name=\"skw\" value=\"\" placeholder=\"Search Keyword...\" class=\"form-control\" \/>\n                        <\/div>\n                        <div class=\"col-lg-2 col-md-4\">\n                            <select name=\"orderby\" class=\"wpdm-custom-select custom-select\">\n                                <option value=\"date\" disabled=\"disabled\">Order By:<\/option>\n                                <option value=\"date\" >Publish Date<\/option>\n                                <option value=\"title\" >Title<\/option>\n                                <option value=\"update_date\" >Update Date<\/option>\n                                <option value=\"downloads\" >Downloads<\/option>\n                                <option value=\"views\" >Views<\/option>\n                            <\/select>\n                        <\/div>\n                        <div class=\"col-lg-2 col-md-4\">\n                            <select name=\"order\" class=\"wpdm-custom-select custom-select\">\n                                <option value=\"desc\" disabled=\"disabled\">Order:<\/option>\n                                <option value=\"desc\" >Descending<\/option>\n                                <option value=\"asc\" >Ascending<\/option>\n                            <\/select>\n                        <\/div>\n                        <div class=\"col-lg-2 col-md-4\">\n                            <button type=\"submit\" class=\"btn btn-info btn-block\">Apply Filter<\/button>\n                        <\/div>\n                    <\/div>\n                <\/div>\n            <\/div>\n\n            <input type=\"hidden\" name=\"trp-form-language\" value=\"en\"\/><\/form>\n<div class=\"spacer mb-3 d-block clearfix\"><\/div>\n\n        <div id=\"content_wpdm_package_2\">\n            <div class='row'><div class='col-lg-4 col-md-6 col-12'><!-- WPDM Link Template: Default Template -->\n\n<div class=\"link-template-default card mb-2\">\n    <div class=\"card-body\">\n        <div class=\"media\">\n            <div class=\"mr-3 img-48\"><img decoding=\"async\" class=\"wpdm_icon\" alt=\"Icon\" src=\"https:\/\/gruendungsbuero.info\/app\/plugins\/download-manager\/assets\/file-type-icons\/jpg.svg\" \/><\/div>\n            <div class=\"media-body\">\n                <h3 class=\"package-title\"><a href='https:\/\/gruendungsbuero.info\/en\/downloadinactive\/smig\/'>SMIG<\/a><\/h3>\n                <div class=\"text-muted text-small\"><i class=\"fas fa-copy\"><\/i> 1 file(s) <i class=\"fas fa-hdd ml-3\"><\/i> 54.66 KB<\/div>\n            <\/div>\n            <div class=\"ml-3\">\n                <a class='wpdm-download-link download-on-click btn btn-primary' rel='nofollow' href='#' data-downloadurl=\"https:\/\/gruendungsbuero.info\/en\/downloadinactive\/smig\/?wpdmdl=102358&refresh=69e45d6c885881776573804\">Download<\/a>\n            <\/div>\n        <\/div>\n    <\/div>\n<\/div>\n\n<\/div><\/div>            <div style='clear:both'><\/div><div class='text-center'><ul class='pagination wpdm-pagination pagination-centered text-center'><\/ul><\/div><div style='clear:both'><\/div>        <\/div>\n\n        <div style='clear:both'><\/div>\n    <\/div>\n<\/div>\n[\/et_pb_code][\/et_pb_column][\/et_pb_row][\/et_pb_section]<\/p>","protected":false},"excerpt":{"rendered":"<p>We work closely with regional partners to cover a wide range of topics when supporting start-up projects. In this way, we can ensure that we may not have an answer to every question, but can provide a contact person from our network.<\/p>","protected":false},"author":810,"featured_media":101477,"parent":0,"menu_order":0,"comment_status":"closed","ping_status":"closed","template":"","meta":{"_et_pb_use_builder":"on","_et_pb_old_content":"<!-- wp:group -->\n<div class=\"wp-block-group\"><\/div>\n<!-- \/wp:group -->\n\n<!-- wp:paragraph -->\n<p><\/p>\n<!-- \/wp:paragraph -->","_et_gb_content_width":"","inline_featured_image":false,"footnotes":""},"class_list":["post-99943","page","type-page","status-publish","has-post-thumbnail","hentry"],"yoast_head":"<!-- This site is optimized with the Yoast SEO plugin v26.0 - https:\/\/yoast.com\/wordpress\/plugins\/seo\/ -->\n<title>DOWNLOADS - Gr\u00fcndungsb\u00fcro<\/title>\n<meta name=\"robots\" content=\"index, follow, max-snippet:-1, max-image-preview:large, max-video-preview:-1\" \/>\n<link rel=\"canonical\" href=\"https:\/\/gruendungsbuero.info\/en\/downloads\/\" \/>\n<meta property=\"og:locale\" content=\"en_GB\" \/>\n<meta property=\"og:type\" content=\"article\" \/>\n<meta property=\"og:title\" content=\"DOWNLOADS - Gr\u00fcndungsb\u00fcro\" \/>\n<meta property=\"og:description\" content=\"Um eine Vielzahl an Themen bei der Begleitung von Gr\u00fcndungsprojekten abdecken zu k\u00f6nnen, arbeiten wir eng mit regionalen Partnern zusammen. So k\u00f6nnen wir sicherstellen, dass wir vielleicht nicht auf jede Frage eine Antwort haben, daf\u00fcr aber einen Ansprechpartner aus unserem Netzwerk vermitteln k\u00f6nnen.\" \/>\n<meta property=\"og:url\" content=\"https:\/\/gruendungsbuero.info\/en\/downloads\/\" \/>\n<meta property=\"og:site_name\" content=\"Gr\u00fcndungsb\u00fcro\" \/>\n<meta property=\"article:modified_time\" content=\"2026-03-04T16:59:41+00:00\" \/>\n<meta property=\"og:image\" content=\"https:\/\/gruendungsbuero.info\/app\/uploads\/2022\/02\/downloads-head.png\" \/>\n\t<meta property=\"og:image:width\" content=\"940\" \/>\n\t<meta property=\"og:image:height\" content=\"160\" \/>\n\t<meta property=\"og:image:type\" content=\"image\/png\" \/>\n<meta name=\"twitter:card\" content=\"summary_large_image\" \/>\n<meta name=\"twitter:label1\" content=\"Est. reading time\" \/>\n\t<meta name=\"twitter:data1\" content=\"1 minute\" \/>\n<script type=\"application\/ld+json\" class=\"yoast-schema-graph\">{\"@context\":\"https:\/\/schema.org\",\"@graph\":[{\"@type\":\"WebPage\",\"@id\":\"https:\/\/gruendungsbuero.info\/downloads\/\",\"url\":\"https:\/\/gruendungsbuero.info\/downloads\/\",\"name\":\"DOWNLOADS - Gr\u00fcndungsb\u00fcro\",\"isPartOf\":{\"@id\":\"https:\/\/gruendungsbuero.info\/#website\"},\"primaryImageOfPage\":{\"@id\":\"https:\/\/gruendungsbuero.info\/downloads\/#primaryimage\"},\"image\":{\"@id\":\"https:\/\/gruendungsbuero.info\/downloads\/#primaryimage\"},\"thumbnailUrl\":\"https:\/\/gruendungsbuero.info\/app\/uploads\/2022\/02\/downloads-head.png\",\"datePublished\":\"2022-01-17T14:01:16+00:00\",\"dateModified\":\"2026-03-04T16:59:41+00:00\",\"breadcrumb\":{\"@id\":\"https:\/\/gruendungsbuero.info\/downloads\/#breadcrumb\"},\"inLanguage\":\"en-GB\",\"potentialAction\":[{\"@type\":\"ReadAction\",\"target\":[\"https:\/\/gruendungsbuero.info\/downloads\/\"]}]},{\"@type\":\"ImageObject\",\"inLanguage\":\"en-GB\",\"@id\":\"https:\/\/gruendungsbuero.info\/downloads\/#primaryimage\",\"url\":\"https:\/\/gruendungsbuero.info\/app\/uploads\/2022\/02\/downloads-head.png\",\"contentUrl\":\"https:\/\/gruendungsbuero.info\/app\/uploads\/2022\/02\/downloads-head.png\",\"width\":940,\"height\":160},{\"@type\":\"BreadcrumbList\",\"@id\":\"https:\/\/gruendungsbuero.info\/downloads\/#breadcrumb\",\"itemListElement\":[{\"@type\":\"ListItem\",\"position\":1,\"name\":\"Home\",\"item\":\"https:\/\/gruendungsbuero.info\/\"},{\"@type\":\"ListItem\",\"position\":2,\"name\":\"DOWNLOADS\"}]},{\"@type\":\"WebSite\",\"@id\":\"https:\/\/gruendungsbuero.info\/#website\",\"url\":\"https:\/\/gruendungsbuero.info\/\",\"name\":\"Gr\u00fcndungsb\u00fcro\",\"description\":\"Rheinland-Pf\u00e4lzische Technische Universit\u00e4t &amp; Hochschule Kaiserslautern\",\"potentialAction\":[{\"@type\":\"SearchAction\",\"target\":{\"@type\":\"EntryPoint\",\"urlTemplate\":\"https:\/\/gruendungsbuero.info\/?s={search_term_string}\"},\"query-input\":{\"@type\":\"PropertyValueSpecification\",\"valueRequired\":true,\"valueName\":\"search_term_string\"}}],\"inLanguage\":\"en-GB\"}]}<\/script>\n<!-- \/ Yoast SEO plugin. -->","yoast_head_json":{"title":"DOWNLOADS - Gr\u00fcndungsb\u00fcro","robots":{"index":"index","follow":"follow","max-snippet":"max-snippet:-1","max-image-preview":"max-image-preview:large","max-video-preview":"max-video-preview:-1"},"canonical":"https:\/\/gruendungsbuero.info\/en\/downloads\/","og_locale":"en_GB","og_type":"article","og_title":"DOWNLOADS - Gr\u00fcndungsb\u00fcro","og_description":"Um eine Vielzahl an Themen bei der Begleitung von Gr\u00fcndungsprojekten abdecken zu k\u00f6nnen, arbeiten wir eng mit regionalen Partnern zusammen. So k\u00f6nnen wir sicherstellen, dass wir vielleicht nicht auf jede Frage eine Antwort haben, daf\u00fcr aber einen Ansprechpartner aus unserem Netzwerk vermitteln k\u00f6nnen.","og_url":"https:\/\/gruendungsbuero.info\/en\/downloads\/","og_site_name":"Gr\u00fcndungsb\u00fcro","article_modified_time":"2026-03-04T16:59:41+00:00","og_image":[{"width":940,"height":160,"url":"https:\/\/gruendungsbuero.info\/app\/uploads\/2022\/02\/downloads-head.png","type":"image\/png"}],"twitter_card":"summary_large_image","twitter_misc":{"Est. reading time":"1 minute"},"schema":{"@context":"https:\/\/schema.org","@graph":[{"@type":"WebPage","@id":"https:\/\/gruendungsbuero.info\/downloads\/","url":"https:\/\/gruendungsbuero.info\/downloads\/","name":"DOWNLOADS - Gr\u00fcndungsb\u00fcro","isPartOf":{"@id":"https:\/\/gruendungsbuero.info\/#website"},"primaryImageOfPage":{"@id":"https:\/\/gruendungsbuero.info\/downloads\/#primaryimage"},"image":{"@id":"https:\/\/gruendungsbuero.info\/downloads\/#primaryimage"},"thumbnailUrl":"https:\/\/gruendungsbuero.info\/app\/uploads\/2022\/02\/downloads-head.png","datePublished":"2022-01-17T14:01:16+00:00","dateModified":"2026-03-04T16:59:41+00:00","breadcrumb":{"@id":"https:\/\/gruendungsbuero.info\/downloads\/#breadcrumb"},"inLanguage":"en-GB","potentialAction":[{"@type":"ReadAction","target":["https:\/\/gruendungsbuero.info\/downloads\/"]}]},{"@type":"ImageObject","inLanguage":"en-GB","@id":"https:\/\/gruendungsbuero.info\/downloads\/#primaryimage","url":"https:\/\/gruendungsbuero.info\/app\/uploads\/2022\/02\/downloads-head.png","contentUrl":"https:\/\/gruendungsbuero.info\/app\/uploads\/2022\/02\/downloads-head.png","width":940,"height":160},{"@type":"BreadcrumbList","@id":"https:\/\/gruendungsbuero.info\/downloads\/#breadcrumb","itemListElement":[{"@type":"ListItem","position":1,"name":"Home","item":"https:\/\/gruendungsbuero.info\/"},{"@type":"ListItem","position":2,"name":"DOWNLOADS"}]},{"@type":"WebSite","@id":"https:\/\/gruendungsbuero.info\/#website","url":"https:\/\/gruendungsbuero.info\/","name":"Gr\u00fcndungsb\u00fcro","description":"Rheinland-Pf\u00e4lzische Technische Universit\u00e4t &amp; Hochschule Kaiserslautern","potentialAction":[{"@type":"SearchAction","target":{"@type":"EntryPoint","urlTemplate":"https:\/\/gruendungsbuero.info\/?s={search_term_string}"},"query-input":{"@type":"PropertyValueSpecification","valueRequired":true,"valueName":"search_term_string"}}],"inLanguage":"en-GB"}]}},"_links":{"self":[{"href":"https:\/\/gruendungsbuero.info\/en\/wp-json\/wp\/v2\/pages\/99943","targetHints":{"allow":["GET"]}}],"collection":[{"href":"https:\/\/gruendungsbuero.info\/en\/wp-json\/wp\/v2\/pages"}],"about":[{"href":"https:\/\/gruendungsbuero.info\/en\/wp-json\/wp\/v2\/types\/page"}],"author":[{"embeddable":true,"href":"https:\/\/gruendungsbuero.info\/en\/wp-json\/wp\/v2\/users\/810"}],"replies":[{"embeddable":true,"href":"https:\/\/gruendungsbuero.info\/en\/wp-json\/wp\/v2\/comments?post=99943"}],"version-history":[{"count":24,"href":"https:\/\/gruendungsbuero.info\/en\/wp-json\/wp\/v2\/pages\/99943\/revisions"}],"predecessor-version":[{"id":104856,"href":"https:\/\/gruendungsbuero.info\/en\/wp-json\/wp\/v2\/pages\/99943\/revisions\/104856"}],"wp:featuredmedia":[{"embeddable":true,"href":"https:\/\/gruendungsbuero.info\/en\/wp-json\/wp\/v2\/media\/101477"}],"wp:attachment":[{"href":"https:\/\/gruendungsbuero.info\/en\/wp-json\/wp\/v2\/media?parent=99943"}],"curies":[{"name":"wp","href":"https:\/\/api.w.org\/{rel}","templated":true}]}}