{"id":7,"date":"2022-01-15T14:58:07","date_gmt":"2022-01-15T14:58:07","guid":{"rendered":"https:\/\/gruendungsbuero.info\/password-recovery\/"},"modified":"2022-01-15T14:58:07","modified_gmt":"2022-01-15T14:58:07","slug":"password-recovery","status":"publish","type":"page","link":"https:\/\/gruendungsbuero.info\/en\/password-recovery\/","title":{"rendered":"Password Recovery"},"content":{"rendered":"<!--noptimize--><div class='rmagic'>    \n    <div class='rmcontent rm-login-wrapper'>\n                    <style type=\"text\/css\">label span.required { color: #B94A48; }span.help-inline, span.help-block { color: #888; font-size: .9em; font-style: italic; }<\/style><form action =\"http:\/\/1\" id=\"rm_recovery_form\" method=\"post\" style=\"\" class=\"form-horizontal\" data-trp-original-action><fieldset><input type=\"hidden\" name=\"rm_form_sub_id\" value=\"rm_recovery_form\"><input type=\"hidden\" name=\"rm_form_sub_no\" value=\"\"><div class=\"rmrow\"><div class=\"rmfield\" for=\"rm_recovery_form-element-0\"><label>Your Email<sup class=\"required\">&nbsp;*<\/sup><\/label><\/div><div class=\"rminput\"><input type=\"email\" name=\"user_email\" required class placeholder style=\"\" id=\"rm_recovery_form-element-0\"\/><\/div><\/div><div class=\"rmrow rm_captcha_fieldrow\"><div class=\"rminput\"><pre class=\"rm-pre-wrapper-for-script-tags\"><script type=\"text\/javascript\">if(typeof rm_captcha_site_key === \"undefined\")rm_captcha_site_key=\"6LeJfGwgAAAAAEPUZy3DBDyFqIo8PcxvuGR4fddS\";<\/script><\/pre><div style=\"overflow:hidden\" class=\"g-recaptcha\" data-sitekey=\"6LeJfGwgAAAAAEPUZy3DBDyFqIo8PcxvuGR4fddS\"><\/div><\/div><\/div><div class=\"buttonarea\"><input   type=\"submit\" value=\"Reset Password\" name=\"submit\" id=\"rm_submit_btn\" class=\"rm_btn rm-btn rm-btn-primary button button-primary\" style=\"float:left\"\/><\/div><\/fieldset><input type=\"hidden\" name=\"trp-form-language\" value=\"en\"\/><\/form><pre class=\"rm-pre-wrapper-for-script-tags\"><script type=\"text\/javascript\">jQuery(document).ready(function() {\t\tjQuery(\"#rm_recovery_form\").bind(\"submit\", function(){\n                        \/\/jQuery(this).find(\"input[name=rm_slug]\").attr(\"value\",jQuery(this).find(\"input[name=submit]\").attr(\"value\"));\n\t\t\tjQuery(this).find(\"input[type=submit]\").attr(\"disabled\", \"disabled\"); \n\t\t});}); <\/script><\/pre>        <noscript>\n            <div class=\"rm-js-disabled\"><b>Note: It looks like JavaScript is disabled in your browser. Some elements of this form may require JavaScript to work properly. If you have trouble submitting the form, try enabling JavaScript momentarily and resubmit. JavaScript settings are usually found in Browser Settings or Browser Developer menu.<\/b><\/div>\n            <style>\n                .rm_next_btn {display:none !important}\n                .rm_noscript_btn {display: block !important}\n            <\/style>\n        <\/noscript>\n                <\/div>\n<\/div><!--\/noptimize-->","protected":false},"excerpt":{"rendered":"","protected":false},"author":810,"featured_media":0,"parent":0,"menu_order":0,"comment_status":"closed","ping_status":"closed","template":"","meta":{"_et_pb_use_builder":"","_et_pb_old_content":"","_et_gb_content_width":"","inline_featured_image":false,"footnotes":""},"class_list":["post-7","page","type-page","status-publish","hentry"],"yoast_head":"<!-- This site is optimized with the Yoast SEO plugin v26.0 - https:\/\/yoast.com\/wordpress\/plugins\/seo\/ -->\n<title>Password Recovery - Gr\u00fcndungsb\u00fcro<\/title>\n<meta name=\"robots\" content=\"index, follow, max-snippet:-1, max-image-preview:large, max-video-preview:-1\" \/>\n<link rel=\"canonical\" href=\"https:\/\/gruendungsbuero.info\/en\/password-recovery\/\" \/>\n<meta property=\"og:locale\" content=\"en_GB\" \/>\n<meta property=\"og:type\" content=\"article\" \/>\n<meta property=\"og:title\" content=\"Password Recovery - Gr\u00fcndungsb\u00fcro\" \/>\n<meta property=\"og:url\" content=\"https:\/\/gruendungsbuero.info\/en\/password-recovery\/\" \/>\n<meta property=\"og:site_name\" content=\"Gr\u00fcndungsb\u00fcro\" \/>\n<meta name=\"twitter:card\" content=\"summary_large_image\" \/>\n<script type=\"application\/ld+json\" class=\"yoast-schema-graph\">{\"@context\":\"https:\/\/schema.org\",\"@graph\":[{\"@type\":\"WebPage\",\"@id\":\"https:\/\/gruendungsbuero.info\/password-recovery\/\",\"url\":\"https:\/\/gruendungsbuero.info\/password-recovery\/\",\"name\":\"Password Recovery - Gr\u00fcndungsb\u00fcro\",\"isPartOf\":{\"@id\":\"https:\/\/gruendungsbuero.info\/#website\"},\"datePublished\":\"2022-01-15T14:58:07+00:00\",\"breadcrumb\":{\"@id\":\"https:\/\/gruendungsbuero.info\/password-recovery\/#breadcrumb\"},\"inLanguage\":\"en-GB\",\"potentialAction\":[{\"@type\":\"ReadAction\",\"target\":[\"https:\/\/gruendungsbuero.info\/password-recovery\/\"]}]},{\"@type\":\"BreadcrumbList\",\"@id\":\"https:\/\/gruendungsbuero.info\/password-recovery\/#breadcrumb\",\"itemListElement\":[{\"@type\":\"ListItem\",\"position\":1,\"name\":\"Home\",\"item\":\"https:\/\/gruendungsbuero.info\/\"},{\"@type\":\"ListItem\",\"position\":2,\"name\":\"Password Recovery\"}]},{\"@type\":\"WebSite\",\"@id\":\"https:\/\/gruendungsbuero.info\/#website\",\"url\":\"https:\/\/gruendungsbuero.info\/\",\"name\":\"Gr\u00fcndungsb\u00fcro\",\"description\":\"Rheinland-Pf\u00e4lzische Technische Universit\u00e4t &amp; Hochschule Kaiserslautern\",\"potentialAction\":[{\"@type\":\"SearchAction\",\"target\":{\"@type\":\"EntryPoint\",\"urlTemplate\":\"https:\/\/gruendungsbuero.info\/?s={search_term_string}\"},\"query-input\":{\"@type\":\"PropertyValueSpecification\",\"valueRequired\":true,\"valueName\":\"search_term_string\"}}],\"inLanguage\":\"en-GB\"}]}<\/script>\n<!-- \/ Yoast SEO plugin. -->","yoast_head_json":{"title":"Password Recovery - Gr\u00fcndungsb\u00fcro","robots":{"index":"index","follow":"follow","max-snippet":"max-snippet:-1","max-image-preview":"max-image-preview:large","max-video-preview":"max-video-preview:-1"},"canonical":"https:\/\/gruendungsbuero.info\/en\/password-recovery\/","og_locale":"en_GB","og_type":"article","og_title":"Password Recovery - Gr\u00fcndungsb\u00fcro","og_url":"https:\/\/gruendungsbuero.info\/en\/password-recovery\/","og_site_name":"Gr\u00fcndungsb\u00fcro","twitter_card":"summary_large_image","schema":{"@context":"https:\/\/schema.org","@graph":[{"@type":"WebPage","@id":"https:\/\/gruendungsbuero.info\/password-recovery\/","url":"https:\/\/gruendungsbuero.info\/password-recovery\/","name":"Password Recovery - Gr\u00fcndungsb\u00fcro","isPartOf":{"@id":"https:\/\/gruendungsbuero.info\/#website"},"datePublished":"2022-01-15T14:58:07+00:00","breadcrumb":{"@id":"https:\/\/gruendungsbuero.info\/password-recovery\/#breadcrumb"},"inLanguage":"en-GB","potentialAction":[{"@type":"ReadAction","target":["https:\/\/gruendungsbuero.info\/password-recovery\/"]}]},{"@type":"BreadcrumbList","@id":"https:\/\/gruendungsbuero.info\/password-recovery\/#breadcrumb","itemListElement":[{"@type":"ListItem","position":1,"name":"Home","item":"https:\/\/gruendungsbuero.info\/"},{"@type":"ListItem","position":2,"name":"Password Recovery"}]},{"@type":"WebSite","@id":"https:\/\/gruendungsbuero.info\/#website","url":"https:\/\/gruendungsbuero.info\/","name":"Gr\u00fcndungsb\u00fcro","description":"Rheinland-Pf\u00e4lzische Technische Universit\u00e4t &amp; Hochschule Kaiserslautern","potentialAction":[{"@type":"SearchAction","target":{"@type":"EntryPoint","urlTemplate":"https:\/\/gruendungsbuero.info\/?s={search_term_string}"},"query-input":{"@type":"PropertyValueSpecification","valueRequired":true,"valueName":"search_term_string"}}],"inLanguage":"en-GB"}]}},"_links":{"self":[{"href":"https:\/\/gruendungsbuero.info\/en\/wp-json\/wp\/v2\/pages\/7","targetHints":{"allow":["GET"]}}],"collection":[{"href":"https:\/\/gruendungsbuero.info\/en\/wp-json\/wp\/v2\/pages"}],"about":[{"href":"https:\/\/gruendungsbuero.info\/en\/wp-json\/wp\/v2\/types\/page"}],"author":[{"embeddable":true,"href":"https:\/\/gruendungsbuero.info\/en\/wp-json\/wp\/v2\/users\/810"}],"replies":[{"embeddable":true,"href":"https:\/\/gruendungsbuero.info\/en\/wp-json\/wp\/v2\/comments?post=7"}],"version-history":[{"count":0,"href":"https:\/\/gruendungsbuero.info\/en\/wp-json\/wp\/v2\/pages\/7\/revisions"}],"wp:attachment":[{"href":"https:\/\/gruendungsbuero.info\/en\/wp-json\/wp\/v2\/media?parent=7"}],"curies":[{"name":"wp","href":"https:\/\/api.w.org\/{rel}","templated":true}]}}