{"id":112053,"date":"2025-08-11T13:01:44","date_gmt":"2025-08-11T12:01:44","guid":{"rendered":"https:\/\/gruendungsbuero.info\/?page_id=112053"},"modified":"2025-08-12T12:42:06","modified_gmt":"2025-08-12T11:42:06","slug":"coaching-with-katharina","status":"publish","type":"page","link":"https:\/\/gruendungsbuero.info\/en\/potigrue\/coaching-with-katharina\/","title":{"rendered":"CoachingGespr\u00e4ch mit Katharina"},"content":{"rendered":"<p>[et_pb_section fb_built=&#8220;1&#8243; _builder_version=&#8220;4.25.1&#8243; _module_preset=&#8220;default&#8220; background_enable_color=&#8220;off&#8220; global_colors_info=&#8220;{}&#8220;][et_pb_row _builder_version=&#8220;4.25.1&#8243; _module_preset=&#8220;default&#8220; global_colors_info=&#8220;{}&#8220;][et_pb_column type=&#8220;4_4&#8243; _builder_version=&#8220;4.25.1&#8243; _module_preset=&#8220;default&#8220; global_colors_info=&#8220;{}&#8220;][et_pb_testimonial author=&#8220;Katharina Neitzel&#8220; job_title=&#8220;Gr\u00fcndungscoach&#8220; portrait_url=&#8220;https:\/\/gruendungsbuero.info\/app\/uploads\/2022\/11\/A662982-300&#215;200.jpg&#8220; _builder_version=&#8220;4.25.1&#8243; _module_preset=&#8220;default&#8220; hover_enabled=&#8220;0&#8243; global_colors_info=&#8220;{}&#8220; sticky_enabled=&#8220;0&#8243;]<\/p>\n<p>Hallo, ich bin Katharina \ud83d\udc4b<\/p>\n<p>Mein Herz schl\u00e4gt f\u00fcr EXIST-Gr\u00fcndungsvorhaben \u2013 vom ersten Funken einer Idee bis zum erfolgreichen Antrag.<\/p>\n<p>Ob EXIST-Gr\u00fcndungsstipendium oder EXIST-Forschungstransfer \u2013 ich unterst\u00fctze dich dabei, deine Idee, dein Team und eure Innovationskraft so auf den Punkt zu bringen, dass sie nicht nur auf dem Papier, sondern auch in den K\u00f6pfen z\u00fcndet. Gemeinsam schauen wir, wie ihr eure Forschungsergebnisse erfolgreich in die Wirtschaft bringt.<\/p>\n<p>Keine Sorge: B\u00fcrokratie klingt schlimmer, als sie ist \u2013 ich \u00fcbersetze sie f\u00fcr dich in verst\u00e4ndlich und machbar.<\/p>\n<p>Und versprochen: Bei mir gibt\u2019s keine trockenen Coachings. \ud83d\ude09<\/p>\n<p>\u00a0Such dir einfach einen passenden Termin in meinem Kalender aus \u2013 ich freue mich darauf, euch und eure spannende Idee kennenzulernen!<\/p>\n<p>[\/et_pb_testimonial][\/et_pb_column][\/et_pb_row][et_pb_row _builder_version=&#8220;4.25.1&#8243; _module_preset=&#8220;default&#8220; global_colors_info=&#8220;{}&#8220;][et_pb_column type=&#8220;4_4&#8243; _builder_version=&#8220;4.25.1&#8243; _module_preset=&#8220;default&#8220; global_colors_info=&#8220;{}&#8220;][et_pb_code _builder_version=&#8220;4.25.1&#8243; _module_preset=&#8220;default&#8220; global_colors_info=&#8220;{}&#8220;] <iframe src=\"https:\/\/gruendungsbuero.info\/en\/wp-json\/ssa\/v1\/embed-inner?integration&type=exist-coaching&label&types=2&edit&view&payment_provider&ssa_locale=en_GB&ssa_is_rtl&sid=25326cb40b6784abef8bd9eb361f974eac0d8384&availability_start_date&availability_end_date&suggest_first_available&suggest_first_available_within_minutes&flow&fallback_flow&time_view&date_view&appointment_types_view&version&accent_color&background&padding&font&booking_url=https%3A%2F%2Fgruendungsbuero.info%2Fen%2Fpotigrue%2Fcoaching-with-katharina%2F&booking_post_id=112053&booking_title=CoachingGespr%C3%A4ch+mit+Katharina&_wpnonce=e8633900f5&redirect_post_id&mepr_membership_id#\/\" height=\"400px\" width=\"100%\" name=\"ssa_booking\" loading=\"eager\" frameborder=\"0\" data-skip-lazy=\"1\" class=\"ssa_booking_iframe skip-lazy\" title=\"Book a time\"><\/iframe> [\/et_pb_code][\/et_pb_column][\/et_pb_row][\/et_pb_section]<\/p>","protected":false},"excerpt":{"rendered":"<p>Hallo, ich bin Katharina \ud83d\udc4b Mein Herz schl\u00e4gt f\u00fcr EXIST-Gr\u00fcndungsvorhaben \u2013 vom ersten Funken einer Idee bis zum erfolgreichen Antrag. Ob EXIST-Gr\u00fcndungsstipendium oder EXIST-Forschungstransfer \u2013 ich unterst\u00fctze dich dabei, deine Idee, dein Team und eure Innovationskraft so auf den Punkt zu bringen, dass sie nicht nur auf dem Papier, sondern auch in den K\u00f6pfen z\u00fcndet. [&hellip;]<\/p>","protected":false},"author":18,"featured_media":0,"parent":108908,"menu_order":3,"comment_status":"closed","ping_status":"closed","template":"","meta":{"_et_pb_use_builder":"on","_et_pb_old_content":"","_et_gb_content_width":"","inline_featured_image":false,"footnotes":""},"class_list":["post-112053","page","type-page","status-publish","hentry"],"yoast_head":"<!-- This site is optimized with the Yoast SEO plugin v26.0 - https:\/\/yoast.com\/wordpress\/plugins\/seo\/ -->\n<title>CoachingGespr\u00e4ch mit Katharina - Gr\u00fcndungsb\u00fcro<\/title>\n<meta name=\"robots\" content=\"index, follow, max-snippet:-1, max-image-preview:large, max-video-preview:-1\" \/>\n<link rel=\"canonical\" href=\"https:\/\/gruendungsbuero.info\/en\/potigrue\/coaching-with-katharina\/\" \/>\n<meta property=\"og:locale\" content=\"en_GB\" \/>\n<meta property=\"og:type\" content=\"article\" \/>\n<meta property=\"og:title\" content=\"CoachingGespr\u00e4ch mit Katharina - Gr\u00fcndungsb\u00fcro\" \/>\n<meta property=\"og:description\" content=\"Hallo, ich bin Katharina \ud83d\udc4b Mein Herz schl\u00e4gt f\u00fcr EXIST-Gr\u00fcndungsvorhaben \u2013 vom ersten Funken einer Idee bis zum erfolgreichen Antrag. Ob EXIST-Gr\u00fcndungsstipendium oder EXIST-Forschungstransfer \u2013 ich unterst\u00fctze dich dabei, deine Idee, dein Team und eure Innovationskraft so auf den Punkt zu bringen, dass sie nicht nur auf dem Papier, sondern auch in den K\u00f6pfen z\u00fcndet. [&hellip;]\" \/>\n<meta property=\"og:url\" content=\"https:\/\/gruendungsbuero.info\/en\/potigrue\/coaching-with-katharina\/\" \/>\n<meta property=\"og:site_name\" content=\"Gr\u00fcndungsb\u00fcro\" \/>\n<meta property=\"article:modified_time\" content=\"2025-08-12T11:42:06+00:00\" \/>\n<meta name=\"twitter:card\" content=\"summary_large_image\" \/>\n<script type=\"application\/ld+json\" class=\"yoast-schema-graph\">{\"@context\":\"https:\/\/schema.org\",\"@graph\":[{\"@type\":\"WebPage\",\"@id\":\"https:\/\/gruendungsbuero.info\/potigrue\/coachinggespraech-mit-katharina\/\",\"url\":\"https:\/\/gruendungsbuero.info\/potigrue\/coachinggespraech-mit-katharina\/\",\"name\":\"CoachingGespr\u00e4ch mit Katharina - Gr\u00fcndungsb\u00fcro\",\"isPartOf\":{\"@id\":\"https:\/\/gruendungsbuero.info\/#website\"},\"datePublished\":\"2025-08-11T12:01:44+00:00\",\"dateModified\":\"2025-08-12T11:42:06+00:00\",\"breadcrumb\":{\"@id\":\"https:\/\/gruendungsbuero.info\/potigrue\/coachinggespraech-mit-katharina\/#breadcrumb\"},\"inLanguage\":\"en-GB\",\"potentialAction\":[{\"@type\":\"ReadAction\",\"target\":[\"https:\/\/gruendungsbuero.info\/potigrue\/coachinggespraech-mit-katharina\/\"]}]},{\"@type\":\"BreadcrumbList\",\"@id\":\"https:\/\/gruendungsbuero.info\/potigrue\/coachinggespraech-mit-katharina\/#breadcrumb\",\"itemListElement\":[{\"@type\":\"ListItem\",\"position\":1,\"name\":\"Home\",\"item\":\"https:\/\/gruendungsbuero.info\/\"},{\"@type\":\"ListItem\",\"position\":2,\"name\":\"PotiGrue\",\"item\":\"https:\/\/gruendungsbuero.info\/potigrue\/\"},{\"@type\":\"ListItem\",\"position\":3,\"name\":\"CoachingGespr\u00e4ch mit Katharina\"}]},{\"@type\":\"WebSite\",\"@id\":\"https:\/\/gruendungsbuero.info\/#website\",\"url\":\"https:\/\/gruendungsbuero.info\/\",\"name\":\"Gr\u00fcndungsb\u00fcro\",\"description\":\"Rheinland-Pf\u00e4lzische Technische Universit\u00e4t &amp; Hochschule Kaiserslautern\",\"potentialAction\":[{\"@type\":\"SearchAction\",\"target\":{\"@type\":\"EntryPoint\",\"urlTemplate\":\"https:\/\/gruendungsbuero.info\/?s={search_term_string}\"},\"query-input\":{\"@type\":\"PropertyValueSpecification\",\"valueRequired\":true,\"valueName\":\"search_term_string\"}}],\"inLanguage\":\"en-GB\"}]}<\/script>\n<!-- \/ Yoast SEO plugin. -->","yoast_head_json":{"title":"CoachingGespr\u00e4ch mit Katharina - Gr\u00fcndungsb\u00fcro","robots":{"index":"index","follow":"follow","max-snippet":"max-snippet:-1","max-image-preview":"max-image-preview:large","max-video-preview":"max-video-preview:-1"},"canonical":"https:\/\/gruendungsbuero.info\/en\/potigrue\/coaching-with-katharina\/","og_locale":"en_GB","og_type":"article","og_title":"CoachingGespr\u00e4ch mit Katharina - Gr\u00fcndungsb\u00fcro","og_description":"Hallo, ich bin Katharina \ud83d\udc4b Mein Herz schl\u00e4gt f\u00fcr EXIST-Gr\u00fcndungsvorhaben \u2013 vom ersten Funken einer Idee bis zum erfolgreichen Antrag. Ob EXIST-Gr\u00fcndungsstipendium oder EXIST-Forschungstransfer \u2013 ich unterst\u00fctze dich dabei, deine Idee, dein Team und eure Innovationskraft so auf den Punkt zu bringen, dass sie nicht nur auf dem Papier, sondern auch in den K\u00f6pfen z\u00fcndet. [&hellip;]","og_url":"https:\/\/gruendungsbuero.info\/en\/potigrue\/coaching-with-katharina\/","og_site_name":"Gr\u00fcndungsb\u00fcro","article_modified_time":"2025-08-12T11:42:06+00:00","twitter_card":"summary_large_image","schema":{"@context":"https:\/\/schema.org","@graph":[{"@type":"WebPage","@id":"https:\/\/gruendungsbuero.info\/potigrue\/coachinggespraech-mit-katharina\/","url":"https:\/\/gruendungsbuero.info\/potigrue\/coachinggespraech-mit-katharina\/","name":"CoachingGespr\u00e4ch mit Katharina - Gr\u00fcndungsb\u00fcro","isPartOf":{"@id":"https:\/\/gruendungsbuero.info\/#website"},"datePublished":"2025-08-11T12:01:44+00:00","dateModified":"2025-08-12T11:42:06+00:00","breadcrumb":{"@id":"https:\/\/gruendungsbuero.info\/potigrue\/coachinggespraech-mit-katharina\/#breadcrumb"},"inLanguage":"en-GB","potentialAction":[{"@type":"ReadAction","target":["https:\/\/gruendungsbuero.info\/potigrue\/coachinggespraech-mit-katharina\/"]}]},{"@type":"BreadcrumbList","@id":"https:\/\/gruendungsbuero.info\/potigrue\/coachinggespraech-mit-katharina\/#breadcrumb","itemListElement":[{"@type":"ListItem","position":1,"name":"Home","item":"https:\/\/gruendungsbuero.info\/"},{"@type":"ListItem","position":2,"name":"PotiGrue","item":"https:\/\/gruendungsbuero.info\/potigrue\/"},{"@type":"ListItem","position":3,"name":"CoachingGespr\u00e4ch mit Katharina"}]},{"@type":"WebSite","@id":"https:\/\/gruendungsbuero.info\/#website","url":"https:\/\/gruendungsbuero.info\/","name":"Gr\u00fcndungsb\u00fcro","description":"Rheinland-Pf\u00e4lzische Technische Universit\u00e4t &amp; Hochschule Kaiserslautern","potentialAction":[{"@type":"SearchAction","target":{"@type":"EntryPoint","urlTemplate":"https:\/\/gruendungsbuero.info\/?s={search_term_string}"},"query-input":{"@type":"PropertyValueSpecification","valueRequired":true,"valueName":"search_term_string"}}],"inLanguage":"en-GB"}]}},"_links":{"self":[{"href":"https:\/\/gruendungsbuero.info\/en\/wp-json\/wp\/v2\/pages\/112053","targetHints":{"allow":["GET"]}}],"collection":[{"href":"https:\/\/gruendungsbuero.info\/en\/wp-json\/wp\/v2\/pages"}],"about":[{"href":"https:\/\/gruendungsbuero.info\/en\/wp-json\/wp\/v2\/types\/page"}],"author":[{"embeddable":true,"href":"https:\/\/gruendungsbuero.info\/en\/wp-json\/wp\/v2\/users\/18"}],"replies":[{"embeddable":true,"href":"https:\/\/gruendungsbuero.info\/en\/wp-json\/wp\/v2\/comments?post=112053"}],"version-history":[{"count":3,"href":"https:\/\/gruendungsbuero.info\/en\/wp-json\/wp\/v2\/pages\/112053\/revisions"}],"predecessor-version":[{"id":112065,"href":"https:\/\/gruendungsbuero.info\/en\/wp-json\/wp\/v2\/pages\/112053\/revisions\/112065"}],"up":[{"embeddable":true,"href":"https:\/\/gruendungsbuero.info\/en\/wp-json\/wp\/v2\/pages\/108908"}],"wp:attachment":[{"href":"https:\/\/gruendungsbuero.info\/en\/wp-json\/wp\/v2\/media?parent=112053"}],"curies":[{"name":"wp","href":"https:\/\/api.w.org\/{rel}","templated":true}]}}