{"id":112031,"date":"2025-08-06T13:14:44","date_gmt":"2025-08-06T12:14:44","guid":{"rendered":"https:\/\/gruendungsbuero.info\/?page_id=112031"},"modified":"2025-09-08T11:58:38","modified_gmt":"2025-09-08T10:58:38","slug":"coaching-2","status":"publish","type":"page","link":"https:\/\/gruendungsbuero.info\/en\/potigrue\/coaching-2\/","title":{"rendered":"Coaching Gespr\u00e4ch mit Bernie"},"content":{"rendered":"<p>[et_pb_section fb_built=&#8220;1&#8243; _builder_version=&#8220;4.25.1&#8243; _module_preset=&#8220;default&#8220; background_enable_color=&#8220;off&#8220; global_colors_info=&#8220;{}&#8220;][et_pb_row _builder_version=&#8220;4.25.1&#8243; _module_preset=&#8220;default&#8220; global_colors_info=&#8220;{}&#8220;][et_pb_column type=&#8220;4_4&#8243; _builder_version=&#8220;4.25.1&#8243; _module_preset=&#8220;default&#8220; global_colors_info=&#8220;{}&#8220;][et_pb_testimonial author=&#8220;Bernhard Lorig&#8220; job_title=&#8220;Gr\u00fcndungscoach&#8220; portrait_url=&#8220;https:\/\/gruendungsbuero.info\/app\/uploads\/2022\/11\/Bernie_lustig-300&#215;202.jpg&#8220; _builder_version=&#8220;4.25.1&#8243; _module_preset=&#8220;default&#8220; hover_enabled=&#8220;0&#8243; global_colors_info=&#8220;{}&#8220; alt=&#8220;Bernhard Lorig, Gr\u00fcndungscoach im Gr\u00fcndungsb\u00fcro, mit seiner Lieblingsfigur in der Hand. Im Hintergrund befinden sich B\u00e4ume.&#8220; title_text=&#8220;Bernie_lustig&#8220; sticky_enabled=&#8220;0&#8243;]<\/p>\n<p>Hi, herzlich willkommen.<\/p>\n<p>Buch hier deinen Termin f\u00fcr ein Coachinggespr\u00e4ch. Wir werden uns &#8211; in der Regel- zu einem Videocall treffen und uns ausf\u00fchrlich \u00fcber dein Vorhaben unterhalten. Ich freue mich bereits darauf und bin gespannt wie ich dir weiterhelfen kann und mit wem in unseren Netzwerk ich zusammen bringen kann, um deine Idee zum Fliegen zu bringen.<\/p>\n<p>[\/et_pb_testimonial][\/et_pb_column][\/et_pb_row][et_pb_row _builder_version=&#8220;4.25.1&#8243; _module_preset=&#8220;default&#8220; global_colors_info=&#8220;{}&#8220;][et_pb_column type=&#8220;4_4&#8243; _builder_version=&#8220;4.25.1&#8243; _module_preset=&#8220;default&#8220; global_colors_info=&#8220;{}&#8220;][et_pb_code _builder_version=&#8220;4.25.1&#8243; _module_preset=&#8220;default&#8220; global_colors_info=&#8220;{}&#8220;] <iframe src=\"https:\/\/gruendungsbuero.info\/en\/wp-json\/ssa\/v1\/embed-inner?integration&type=coachinggespraech-coachingcall&label&types=1&edit&view&payment_provider&ssa_locale=en_GB&ssa_is_rtl&sid=efe40a3739d881f749a05efe909d448cedc83947&availability_start_date&availability_end_date&suggest_first_available&suggest_first_available_within_minutes&flow&fallback_flow&time_view&date_view&appointment_types_view&version&accent_color&background&padding&font&booking_url=https%3A%2F%2Fgruendungsbuero.info%2Fen%2Fpotigrue%2Fcoaching-2%2F&booking_post_id=112031&booking_title=Coaching+Gespr%C3%A4ch+mit+Bernie&_wpnonce=b8d73344ac&redirect_post_id&mepr_membership_id#\/\" height=\"400px\" width=\"100%\" name=\"ssa_booking\" loading=\"eager\" frameborder=\"0\" data-skip-lazy=\"1\" class=\"ssa_booking_iframe skip-lazy\" title=\"Book a time\"><\/iframe> [\/et_pb_code][\/et_pb_column][\/et_pb_row][\/et_pb_section]<\/p>","protected":false},"excerpt":{"rendered":"<p>Hi, herzlich willkommen. Buch hier deinen Termin f\u00fcr ein Coachinggespr\u00e4ch. Wir werden uns &#8211; in der Regel- zu einem Videocall treffen und uns ausf\u00fchrlich \u00fcber dein Vorhaben unterhalten. Ich freue mich bereits darauf und bin gespannt wie ich dir weiterhelfen kann und mit wem in unseren Netzwerk ich zusammen bringen kann, um deine Idee zum [&hellip;]<\/p>","protected":false},"author":18,"featured_media":0,"parent":108908,"menu_order":2,"comment_status":"closed","ping_status":"closed","template":"","meta":{"_et_pb_use_builder":"on","_et_pb_old_content":"","_et_gb_content_width":"","inline_featured_image":false,"footnotes":""},"class_list":["post-112031","page","type-page","status-publish","hentry"],"yoast_head":"<!-- This site is optimized with the Yoast SEO plugin v26.0 - https:\/\/yoast.com\/wordpress\/plugins\/seo\/ -->\n<title>Coaching Gespr\u00e4ch mit Bernie - Gr\u00fcndungsb\u00fcro<\/title>\n<meta name=\"robots\" content=\"index, follow, max-snippet:-1, max-image-preview:large, max-video-preview:-1\" \/>\n<link rel=\"canonical\" href=\"https:\/\/gruendungsbuero.info\/en\/potigrue\/coaching-2\/\" \/>\n<meta property=\"og:locale\" content=\"en_GB\" \/>\n<meta property=\"og:type\" content=\"article\" \/>\n<meta property=\"og:title\" content=\"Coaching Gespr\u00e4ch mit Bernie - Gr\u00fcndungsb\u00fcro\" \/>\n<meta property=\"og:description\" content=\"Hi, herzlich willkommen. Buch hier deinen Termin f\u00fcr ein Coachinggespr\u00e4ch. Wir werden uns - in der Regel- zu einem Videocall treffen und uns ausf\u00fchrlich \u00fcber dein Vorhaben unterhalten. Ich freue mich bereits darauf und bin gespannt wie ich dir weiterhelfen kann und mit wem in unseren Netzwerk ich zusammen bringen kann, um deine Idee zum [&hellip;]\" \/>\n<meta property=\"og:url\" content=\"https:\/\/gruendungsbuero.info\/en\/potigrue\/coaching-2\/\" \/>\n<meta property=\"og:site_name\" content=\"Gr\u00fcndungsb\u00fcro\" \/>\n<meta property=\"article:modified_time\" content=\"2025-09-08T10:58:38+00:00\" \/>\n<meta name=\"twitter:card\" content=\"summary_large_image\" \/>\n<script type=\"application\/ld+json\" class=\"yoast-schema-graph\">{\"@context\":\"https:\/\/schema.org\",\"@graph\":[{\"@type\":\"WebPage\",\"@id\":\"https:\/\/gruendungsbuero.info\/potigrue\/coaching-gespraech-2\/\",\"url\":\"https:\/\/gruendungsbuero.info\/potigrue\/coaching-gespraech-2\/\",\"name\":\"Coaching Gespr\u00e4ch mit Bernie - Gr\u00fcndungsb\u00fcro\",\"isPartOf\":{\"@id\":\"https:\/\/gruendungsbuero.info\/#website\"},\"datePublished\":\"2025-08-06T12:14:44+00:00\",\"dateModified\":\"2025-09-08T10:58:38+00:00\",\"breadcrumb\":{\"@id\":\"https:\/\/gruendungsbuero.info\/potigrue\/coaching-gespraech-2\/#breadcrumb\"},\"inLanguage\":\"en-GB\",\"potentialAction\":[{\"@type\":\"ReadAction\",\"target\":[\"https:\/\/gruendungsbuero.info\/potigrue\/coaching-gespraech-2\/\"]}]},{\"@type\":\"BreadcrumbList\",\"@id\":\"https:\/\/gruendungsbuero.info\/potigrue\/coaching-gespraech-2\/#breadcrumb\",\"itemListElement\":[{\"@type\":\"ListItem\",\"position\":1,\"name\":\"Home\",\"item\":\"https:\/\/gruendungsbuero.info\/\"},{\"@type\":\"ListItem\",\"position\":2,\"name\":\"PotiGrue\",\"item\":\"https:\/\/gruendungsbuero.info\/potigrue\/\"},{\"@type\":\"ListItem\",\"position\":3,\"name\":\"Coaching Gespr\u00e4ch mit Bernie\"}]},{\"@type\":\"WebSite\",\"@id\":\"https:\/\/gruendungsbuero.info\/#website\",\"url\":\"https:\/\/gruendungsbuero.info\/\",\"name\":\"Gr\u00fcndungsb\u00fcro\",\"description\":\"Rheinland-Pf\u00e4lzische Technische Universit\u00e4t &amp; Hochschule Kaiserslautern\",\"potentialAction\":[{\"@type\":\"SearchAction\",\"target\":{\"@type\":\"EntryPoint\",\"urlTemplate\":\"https:\/\/gruendungsbuero.info\/?s={search_term_string}\"},\"query-input\":{\"@type\":\"PropertyValueSpecification\",\"valueRequired\":true,\"valueName\":\"search_term_string\"}}],\"inLanguage\":\"en-GB\"}]}<\/script>\n<!-- \/ Yoast SEO plugin. -->","yoast_head_json":{"title":"Coaching Gespr\u00e4ch mit Bernie - Gr\u00fcndungsb\u00fcro","robots":{"index":"index","follow":"follow","max-snippet":"max-snippet:-1","max-image-preview":"max-image-preview:large","max-video-preview":"max-video-preview:-1"},"canonical":"https:\/\/gruendungsbuero.info\/en\/potigrue\/coaching-2\/","og_locale":"en_GB","og_type":"article","og_title":"Coaching Gespr\u00e4ch mit Bernie - Gr\u00fcndungsb\u00fcro","og_description":"Hi, herzlich willkommen. Buch hier deinen Termin f\u00fcr ein Coachinggespr\u00e4ch. Wir werden uns - in der Regel- zu einem Videocall treffen und uns ausf\u00fchrlich \u00fcber dein Vorhaben unterhalten. Ich freue mich bereits darauf und bin gespannt wie ich dir weiterhelfen kann und mit wem in unseren Netzwerk ich zusammen bringen kann, um deine Idee zum [&hellip;]","og_url":"https:\/\/gruendungsbuero.info\/en\/potigrue\/coaching-2\/","og_site_name":"Gr\u00fcndungsb\u00fcro","article_modified_time":"2025-09-08T10:58:38+00:00","twitter_card":"summary_large_image","schema":{"@context":"https:\/\/schema.org","@graph":[{"@type":"WebPage","@id":"https:\/\/gruendungsbuero.info\/potigrue\/coaching-gespraech-2\/","url":"https:\/\/gruendungsbuero.info\/potigrue\/coaching-gespraech-2\/","name":"Coaching Gespr\u00e4ch mit Bernie - Gr\u00fcndungsb\u00fcro","isPartOf":{"@id":"https:\/\/gruendungsbuero.info\/#website"},"datePublished":"2025-08-06T12:14:44+00:00","dateModified":"2025-09-08T10:58:38+00:00","breadcrumb":{"@id":"https:\/\/gruendungsbuero.info\/potigrue\/coaching-gespraech-2\/#breadcrumb"},"inLanguage":"en-GB","potentialAction":[{"@type":"ReadAction","target":["https:\/\/gruendungsbuero.info\/potigrue\/coaching-gespraech-2\/"]}]},{"@type":"BreadcrumbList","@id":"https:\/\/gruendungsbuero.info\/potigrue\/coaching-gespraech-2\/#breadcrumb","itemListElement":[{"@type":"ListItem","position":1,"name":"Home","item":"https:\/\/gruendungsbuero.info\/"},{"@type":"ListItem","position":2,"name":"PotiGrue","item":"https:\/\/gruendungsbuero.info\/potigrue\/"},{"@type":"ListItem","position":3,"name":"Coaching Gespr\u00e4ch mit Bernie"}]},{"@type":"WebSite","@id":"https:\/\/gruendungsbuero.info\/#website","url":"https:\/\/gruendungsbuero.info\/","name":"Gr\u00fcndungsb\u00fcro","description":"Rheinland-Pf\u00e4lzische Technische Universit\u00e4t &amp; Hochschule Kaiserslautern","potentialAction":[{"@type":"SearchAction","target":{"@type":"EntryPoint","urlTemplate":"https:\/\/gruendungsbuero.info\/?s={search_term_string}"},"query-input":{"@type":"PropertyValueSpecification","valueRequired":true,"valueName":"search_term_string"}}],"inLanguage":"en-GB"}]}},"_links":{"self":[{"href":"https:\/\/gruendungsbuero.info\/en\/wp-json\/wp\/v2\/pages\/112031","targetHints":{"allow":["GET"]}}],"collection":[{"href":"https:\/\/gruendungsbuero.info\/en\/wp-json\/wp\/v2\/pages"}],"about":[{"href":"https:\/\/gruendungsbuero.info\/en\/wp-json\/wp\/v2\/types\/page"}],"author":[{"embeddable":true,"href":"https:\/\/gruendungsbuero.info\/en\/wp-json\/wp\/v2\/users\/18"}],"replies":[{"embeddable":true,"href":"https:\/\/gruendungsbuero.info\/en\/wp-json\/wp\/v2\/comments?post=112031"}],"version-history":[{"count":4,"href":"https:\/\/gruendungsbuero.info\/en\/wp-json\/wp\/v2\/pages\/112031\/revisions"}],"predecessor-version":[{"id":112452,"href":"https:\/\/gruendungsbuero.info\/en\/wp-json\/wp\/v2\/pages\/112031\/revisions\/112452"}],"up":[{"embeddable":true,"href":"https:\/\/gruendungsbuero.info\/en\/wp-json\/wp\/v2\/pages\/108908"}],"wp:attachment":[{"href":"https:\/\/gruendungsbuero.info\/en\/wp-json\/wp\/v2\/media?parent=112031"}],"curies":[{"name":"wp","href":"https:\/\/api.w.org\/{rel}","templated":true}]}}