{"id":108908,"date":"2024-01-25T17:04:25","date_gmt":"2024-01-25T16:04:25","guid":{"rendered":"https:\/\/gruendungsbuero.info\/?page_id=108908"},"modified":"2025-09-17T16:46:59","modified_gmt":"2025-09-17T15:46:59","slug":"potigrue","status":"publish","type":"page","link":"https:\/\/gruendungsbuero.info\/en\/potigrue\/","title":{"rendered":"PotiGrue"},"content":{"rendered":"<p>[et_pb_section fb_built=&#8220;1&#8243; custom_padding_last_edited=&#8220;on|phone&#8220; _builder_version=&#8220;4.16&#8243; _module_preset=&#8220;default&#8220; background_color=&#8220;#FFFFFF&#8220; custom_padding_tablet=&#8220;&#8220; custom_padding_phone=&#8220;0px||0px||false|false&#8220; global_colors_info=&#8220;{}&#8220;][et_pb_row _builder_version=&#8220;4.16&#8243; _module_preset=&#8220;default&#8220; global_colors_info=&#8220;{}&#8220;][et_pb_column type=&#8220;4_4&#8243; _builder_version=&#8220;4.16&#8243; _module_preset=&#8220;default&#8220; global_colors_info=&#8220;{}&#8220;][et_pb_image src=&#8220;https:\/\/gruendungsbuero.info\/app\/uploads\/2025\/09\/COLOURBOX43756342_Begleitung_fit.jpg&#8220; title_text=&#8220;COLOURBOX43756342_Begleitung_fit&#8220; align=&#8220;center&#8220; _builder_version=&#8220;4.25.1&#8243; _module_preset=&#8220;default&#8220; hover_enabled=&#8220;0&#8243; global_colors_info=&#8220;{}&#8220; alt=&#8220;Zwei m\u00e4nnliche Personen diskutieren ein Gesch\u00e4ftsmodell.&#8220; sticky_enabled=&#8220;0&#8243;][\/et_pb_image][\/et_pb_column][\/et_pb_row][et_pb_row column_structure=&#8220;3_5,2_5&#8243; custom_padding_last_edited=&#8220;on|phone&#8220; _builder_version=&#8220;4.16&#8243; _module_preset=&#8220;default&#8220; background_color=&#8220;#FFFFFF&#8220; custom_padding_tablet=&#8220;&#8220; custom_padding_phone=&#8220;0px||0px||false|false&#8220; global_colors_info=&#8220;{}&#8220; custom_css_main_element_last_edited=&#8220;on|phone&#8220; custom_css_main_element_phone=&#8220;width: 100% !important;&#8220;][et_pb_column type=&#8220;3_5&#8243; _builder_version=&#8220;4.16&#8243; _module_preset=&#8220;default&#8220; global_colors_info=&#8220;{}&#8220;][et_pb_text _builder_version=&#8220;4.16&#8243; _module_preset=&#8220;default&#8220; global_colors_info=&#8220;{}&#8220;]<\/p>\n<h3 class=\"wpem-heading-text\">coaching session<\/h3>\n<p><span>With\u00a0<\/span><a href=\"https:\/\/gruendungsbuero.info\/en\/event-organizer\/katharina-neitzel\/\">Katharina Neitzel<\/a><span>,\u00a0<\/span><a href=\"https:\/\/gruendungsbuero.info\/en\/event-organizer\/bernhard-lorig\/\">BERNHARD LORIG<\/a><\/p>\n<p>[\/et_pb_text][et_pb_text _builder_version=&#8220;4.16&#8243; _module_preset=&#8220;default&#8220; global_colors_info=&#8220;{}&#8220;]<\/p>\n<p class=\"translation-block\"><strong>Let's talk!<\/strong>  We'll get to know each other in a detailed coaching session and consider together what your next steps could be and how we can support you.<\/p>\n<p>After you have registered here, you will receive an email with a form to fill in, after which Bernie or Katharina will arrange a specific appointment with you. This way we can prepare a little and think about where we or parts of our network can help you.\u00a0<\/p>\n<p>The coaching session takes place via Zoom, so you can conduct it from the comfort of your own home. It usually lasts around 60 minutes - so bring some time with you. You don't need to prepare anything else.<\/p>\n<p>We look forward to hearing your ideas and being able to accompany and support you on your way to founding a company!<\/p>\n<p><a href=\"https:\/\/gruendungsbuero.info\/en\/2022\/03\/11\/bernhard-lorig\/\" target=\"_blank\" rel=\"noreferrer noopener\">Bernie<\/a><span>\u00a0<\/span>&amp;<span>\u00a0<\/span><a href=\"https:\/\/gruendungsbuero.info\/en\/2022\/03\/11\/katharina-neitzel\/\" target=\"_blank\" rel=\"noreferrer noopener\">Katharina<\/a><\/p>\n<p>[\/et_pb_text][\/et_pb_column][et_pb_column type=&#8220;2_5&#8243; _builder_version=&#8220;4.16&#8243; _module_preset=&#8220;default&#8220; global_colors_info=&#8220;{}&#8220;][et_pb_code admin_label=&#8220;Code&#8220; _builder_version=&#8220;4.16&#8243; _module_preset=&#8220;default&#8220; custom_padding=&#8220;15px|28px|15px|28px|true|true&#8220; global_colors_info=&#8220;{}&#8220;]<div class=\"rm_fac_resp\">You need to login to access this form<\/div><!--noptimize--><style><\/style><style>#rm_login_form_1 .rmrow .rmfield label {  }<\/style>        <div class='rmagic'>    \r\n            <div class='rmcontent rm-login-wrapper'>\r\n                                    <div class=\"rm-thirdp-login-button-wrap\">\r\n                                        <\/div>\r\n                    <style type=\"text\/css\">label span.required { color: #B94A48; }span.help-inline, span.help-block { color: #888; font-size: .9em; font-style: italic; }<\/style><form action =\"http:\/\/1\" id=\"rm_login_form_1\" method=\"post\" style class=\"form-horizontal\" data-trp-original-action><fieldset><input type=\"hidden\" name=\"rm_form_sub_id\" value=\"rm_login_form_1\"><input type=\"hidden\" name=\"rm_form_sub_no\" value=\"\"><input type=\"hidden\" name=\"rm_slug\" value=\"rm_login_form\" id=\"rm_login_form_1-element-0\"\/><div class=\"rmrow\"><div class=\"rmfield\" for=\"rm_login_form_1-element-1\"><label>Login ID<sup class=\"required\">&nbsp;*<\/sup><\/label><\/div><div class=\"rminput\"><input type=\"text\" name=\"username\" required class minlength=\"0\" maxlength placeholder=\"Benutzernamen oder E-Mail\" style id=\"rm_login_form_1-element-1\"\/><\/div><\/div><div class=\"rmrow\"><div class=\"rmfield\" for=\"rm_login_form_1-element-2\"><label>Passwort<sup class=\"required\">&nbsp;*<\/sup><\/label><\/div><div class=\"rminput\"><input type=\"password\" name=\"pwd\" required class=\"rm_login_pwd_field\" minlength=\"0\" maxlength placeholder=\"Passwort eingeben\" style id=\"rm_login_form_1-element-2\"\/><\/div><\/div><div class=\"rmrow\"><div class=\"rmfield\" for=\"rm_login_form-element-3\"><\/div><div class=\"rminput\"><ul class=\"rmradio\"><li class=\"rm-login-remember\"> <input id=\"rm_login_form-element-3-0\" type=\"checkbox\" name=\"remember[]\" value=\"1\"><label for=\"rm_login_form-element-3-0\"><span>Remember Me<\/span><\/label> <\/li> <\/ul><\/div><\/div><div class=\"buttonarea\"><input   type=\"submit\" value=\"Login\" name=\"submit\" id=\"rm_submit_btn\" class=\"rm_btn rm_login_btn rm-btn rm-btn-primary button button-primary\" style=\"border-width: 3px; border-color: rgb(255, 16, 52); border-style: solid;;float:left\"\/> <input   type=\"button\" value=\"Registrieren\" name id=\"rm_register_btn\" class=\"rm_btn rm-btn\" onclick=\"location.href=&#039;https:\/\/gruendungsbuero.info\/en\/registration\/&#039;\" style=\"border-width: 3px; border-color: rgb(255, 16, 52); border-style: solid;;float:left\"\/><\/div><\/fieldset><input type=\"hidden\" name=\"trp-form-language\" value=\"en\"\/><\/form><pre class=\"rm-pre-wrapper-for-script-tags\"><script type=\"text\/javascript\">jQuery(document).ready(function() {\t\tjQuery(\"#rm_login_form_1\").bind(\"submit\", function(){\n                        \/\/jQuery(this).find(\"input[name=rm_slug]\").attr(\"value\",jQuery(this).find(\"input[name=submit]\").attr(\"value\"));\n\t\t\tjQuery(this).find(\"input[type=submit]\").attr(\"disabled\", \"disabled\"); \n\t\t});}); <\/script><\/pre>        <noscript>\n            <div class=\"rm-js-disabled\"><b>Note: It looks like JavaScript is disabled in your browser. Some elements of this form may require JavaScript to work properly. If you have trouble submitting the form, try enabling JavaScript momentarily and resubmit. JavaScript settings are usually found in Browser Settings or Browser Developer menu.<\/b><\/div>\n            <style>\n                .rm_next_btn {display:none !important}\n                .rm_noscript_btn {display: block !important}\n            <\/style>\n        <\/noscript>\n    \r\n                            <\/div>\r\n        <\/div> \r\n\r\n    \r\n\r\n\r\n\r\n<!--\/noptimize-->[\/et_pb_code][\/et_pb_column][\/et_pb_row][\/et_pb_section]<\/p>","protected":false},"excerpt":{"rendered":"<p>COACHINGGESPR\u00c4CH Mit\u00a0Katharina Neitzel,\u00a0BERNHARD LORIGLass uns reden!\u00a0In einem ausf\u00fchrlichen Coachinggespr\u00e4ch lernen wir uns kennen und \u00fcberlegen gemeinsam, was Eure n\u00e4chsten Schritte sein k\u00f6nnten und wie wir Euch dabei unterst\u00fctzen k\u00f6nnen. Nachdem ihr euch hier angemeldet habt, erhaltet ihr eine Mail mit einem Formular zum ausf\u00fcllen, danach vereinbaren Bernie oder Katharina einen konkreten Termin mit Euch. So [&hellip;]<\/p>","protected":false},"author":18,"featured_media":0,"parent":0,"menu_order":0,"comment_status":"closed","ping_status":"closed","template":"","meta":{"_et_pb_use_builder":"on","_et_pb_old_content":"","_et_gb_content_width":"","inline_featured_image":false,"footnotes":""},"class_list":["post-108908","page","type-page","status-publish","hentry"],"yoast_head":"<!-- This site is optimized with the Yoast SEO plugin v26.0 - https:\/\/yoast.com\/wordpress\/plugins\/seo\/ -->\n<title>PotiGrue - Gr\u00fcndungsb\u00fcro<\/title>\n<meta name=\"robots\" content=\"index, follow, max-snippet:-1, max-image-preview:large, max-video-preview:-1\" \/>\n<link rel=\"canonical\" href=\"https:\/\/gruendungsbuero.info\/en\/potigrue\/\" \/>\n<meta property=\"og:locale\" content=\"en_GB\" \/>\n<meta property=\"og:type\" content=\"article\" \/>\n<meta property=\"og:title\" content=\"PotiGrue - Gr\u00fcndungsb\u00fcro\" \/>\n<meta property=\"og:description\" content=\"COACHINGGESPR\u00c4CH Mit\u00a0Katharina Neitzel,\u00a0BERNHARD LORIGLass uns reden!\u00a0In einem ausf\u00fchrlichen Coachinggespr\u00e4ch lernen wir uns kennen und \u00fcberlegen gemeinsam, was Eure n\u00e4chsten Schritte sein k\u00f6nnten und wie wir Euch dabei unterst\u00fctzen k\u00f6nnen. Nachdem ihr euch hier angemeldet habt, erhaltet ihr eine Mail mit einem Formular zum ausf\u00fcllen, danach vereinbaren Bernie oder Katharina einen konkreten Termin mit Euch. So [&hellip;]\" \/>\n<meta property=\"og:url\" content=\"https:\/\/gruendungsbuero.info\/en\/potigrue\/\" \/>\n<meta property=\"og:site_name\" content=\"Gr\u00fcndungsb\u00fcro\" \/>\n<meta property=\"article:modified_time\" content=\"2025-09-17T15:46:59+00:00\" \/>\n<meta name=\"twitter:card\" content=\"summary_large_image\" \/>\n<script type=\"application\/ld+json\" class=\"yoast-schema-graph\">{\"@context\":\"https:\/\/schema.org\",\"@graph\":[{\"@type\":\"WebPage\",\"@id\":\"https:\/\/gruendungsbuero.info\/potigrue\/\",\"url\":\"https:\/\/gruendungsbuero.info\/potigrue\/\",\"name\":\"PotiGrue - Gr\u00fcndungsb\u00fcro\",\"isPartOf\":{\"@id\":\"https:\/\/gruendungsbuero.info\/#website\"},\"datePublished\":\"2024-01-25T16:04:25+00:00\",\"dateModified\":\"2025-09-17T15:46:59+00:00\",\"breadcrumb\":{\"@id\":\"https:\/\/gruendungsbuero.info\/potigrue\/#breadcrumb\"},\"inLanguage\":\"en-GB\",\"potentialAction\":[{\"@type\":\"ReadAction\",\"target\":[\"https:\/\/gruendungsbuero.info\/potigrue\/\"]}]},{\"@type\":\"BreadcrumbList\",\"@id\":\"https:\/\/gruendungsbuero.info\/potigrue\/#breadcrumb\",\"itemListElement\":[{\"@type\":\"ListItem\",\"position\":1,\"name\":\"Home\",\"item\":\"https:\/\/gruendungsbuero.info\/\"},{\"@type\":\"ListItem\",\"position\":2,\"name\":\"PotiGrue\"}]},{\"@type\":\"WebSite\",\"@id\":\"https:\/\/gruendungsbuero.info\/#website\",\"url\":\"https:\/\/gruendungsbuero.info\/\",\"name\":\"Gr\u00fcndungsb\u00fcro\",\"description\":\"Rheinland-Pf\u00e4lzische Technische Universit\u00e4t &amp; Hochschule Kaiserslautern\",\"potentialAction\":[{\"@type\":\"SearchAction\",\"target\":{\"@type\":\"EntryPoint\",\"urlTemplate\":\"https:\/\/gruendungsbuero.info\/?s={search_term_string}\"},\"query-input\":{\"@type\":\"PropertyValueSpecification\",\"valueRequired\":true,\"valueName\":\"search_term_string\"}}],\"inLanguage\":\"en-GB\"}]}<\/script>\n<!-- \/ Yoast SEO plugin. -->","yoast_head_json":{"title":"PotiGrue - Gr\u00fcndungsb\u00fcro","robots":{"index":"index","follow":"follow","max-snippet":"max-snippet:-1","max-image-preview":"max-image-preview:large","max-video-preview":"max-video-preview:-1"},"canonical":"https:\/\/gruendungsbuero.info\/en\/potigrue\/","og_locale":"en_GB","og_type":"article","og_title":"PotiGrue - Gr\u00fcndungsb\u00fcro","og_description":"COACHINGGESPR\u00c4CH Mit\u00a0Katharina Neitzel,\u00a0BERNHARD LORIGLass uns reden!\u00a0In einem ausf\u00fchrlichen Coachinggespr\u00e4ch lernen wir uns kennen und \u00fcberlegen gemeinsam, was Eure n\u00e4chsten Schritte sein k\u00f6nnten und wie wir Euch dabei unterst\u00fctzen k\u00f6nnen. Nachdem ihr euch hier angemeldet habt, erhaltet ihr eine Mail mit einem Formular zum ausf\u00fcllen, danach vereinbaren Bernie oder Katharina einen konkreten Termin mit Euch. So [&hellip;]","og_url":"https:\/\/gruendungsbuero.info\/en\/potigrue\/","og_site_name":"Gr\u00fcndungsb\u00fcro","article_modified_time":"2025-09-17T15:46:59+00:00","twitter_card":"summary_large_image","schema":{"@context":"https:\/\/schema.org","@graph":[{"@type":"WebPage","@id":"https:\/\/gruendungsbuero.info\/potigrue\/","url":"https:\/\/gruendungsbuero.info\/potigrue\/","name":"PotiGrue - Gr\u00fcndungsb\u00fcro","isPartOf":{"@id":"https:\/\/gruendungsbuero.info\/#website"},"datePublished":"2024-01-25T16:04:25+00:00","dateModified":"2025-09-17T15:46:59+00:00","breadcrumb":{"@id":"https:\/\/gruendungsbuero.info\/potigrue\/#breadcrumb"},"inLanguage":"en-GB","potentialAction":[{"@type":"ReadAction","target":["https:\/\/gruendungsbuero.info\/potigrue\/"]}]},{"@type":"BreadcrumbList","@id":"https:\/\/gruendungsbuero.info\/potigrue\/#breadcrumb","itemListElement":[{"@type":"ListItem","position":1,"name":"Home","item":"https:\/\/gruendungsbuero.info\/"},{"@type":"ListItem","position":2,"name":"PotiGrue"}]},{"@type":"WebSite","@id":"https:\/\/gruendungsbuero.info\/#website","url":"https:\/\/gruendungsbuero.info\/","name":"Gr\u00fcndungsb\u00fcro","description":"Rheinland-Pf\u00e4lzische Technische Universit\u00e4t &amp; Hochschule Kaiserslautern","potentialAction":[{"@type":"SearchAction","target":{"@type":"EntryPoint","urlTemplate":"https:\/\/gruendungsbuero.info\/?s={search_term_string}"},"query-input":{"@type":"PropertyValueSpecification","valueRequired":true,"valueName":"search_term_string"}}],"inLanguage":"en-GB"}]}},"_links":{"self":[{"href":"https:\/\/gruendungsbuero.info\/en\/wp-json\/wp\/v2\/pages\/108908","targetHints":{"allow":["GET"]}}],"collection":[{"href":"https:\/\/gruendungsbuero.info\/en\/wp-json\/wp\/v2\/pages"}],"about":[{"href":"https:\/\/gruendungsbuero.info\/en\/wp-json\/wp\/v2\/types\/page"}],"author":[{"embeddable":true,"href":"https:\/\/gruendungsbuero.info\/en\/wp-json\/wp\/v2\/users\/18"}],"replies":[{"embeddable":true,"href":"https:\/\/gruendungsbuero.info\/en\/wp-json\/wp\/v2\/comments?post=108908"}],"version-history":[{"count":14,"href":"https:\/\/gruendungsbuero.info\/en\/wp-json\/wp\/v2\/pages\/108908\/revisions"}],"predecessor-version":[{"id":112592,"href":"https:\/\/gruendungsbuero.info\/en\/wp-json\/wp\/v2\/pages\/108908\/revisions\/112592"}],"wp:attachment":[{"href":"https:\/\/gruendungsbuero.info\/en\/wp-json\/wp\/v2\/media?parent=108908"}],"curies":[{"name":"wp","href":"https:\/\/api.w.org\/{rel}","templated":true}]}}