{"id":108000,"date":"2023-06-29T10:58:54","date_gmt":"2023-06-29T09:58:54","guid":{"rendered":"https:\/\/gruendungsbuero.info\/?page_id=108000"},"modified":"2023-06-30T10:13:35","modified_gmt":"2023-06-30T09:13:35","slug":"betterworld-sign-out","status":"publish","type":"page","link":"https:\/\/gruendungsbuero.info\/en\/better-world-community-sign-up\/betterworld-sign-out\/","title":{"rendered":"Abmeldung"},"content":{"rendered":"<!--noptimize--><div class=\"rmagic rm_theme_matchmytheme rm_layout_label_top\"><style><\/style><style><\/style><div class=\"rmcontent\"><pre class='rm-pre-wrapper-for-script-tags'><script>\r\n        \r\n   \/*form specific onload functionality*\/\r\njQuery(document).ready(function () {\r\nif(jQuery(\"#form_22_1 [name='rm_payment_method']\").length>0 && jQuery(\"#form_22_1 [name='rm_payment_method']:checked\").val()=='stripe'){jQuery('#rm_stripe_fields_container_22_1').show();}\r\n\r\n    jQuery('[data-rm-unique=\"1\"]').change(function(event) {\r\n        rm_unique_field_check(jQuery(this));\r\n    });\r\n    \r\n   });\r\n                \r\nif (typeof window['rm_multipage'] == 'undefined') {\r\n\r\n    rm_multipage = {\r\n        global_page_no_form_22_1: 1\r\n    };\r\n\r\n}\r\nelse\r\n rm_multipage.global_page_no_form_22_1 = 1;\r\n\r\nfunction gotonext_form_22_1(){\r\n        \/* Making sure action attribute is empty *\/\r\n        jQuery(\"form.rmagic-form\").attr(\"action\",\"\");\r\n        var maxpage = 1 ;\r\n        jQuery.validator.setDefaults({errorClass: 'rm-form-field-invalid-msg',\n                ignore:':hidden,.ignore,:not(:visible),.rm_untouched',wrapper:'div',\n                errorPlacement: function(error, element) {\n                    \/\/error.appendTo(element.closest('.rminput'));\n                    error.appendTo(element.closest('div'));\n                },\n                rules: {\n                    email_confirmation: {\n                        required: true,\n                        equalTo: \"#rm_reg_form_email_22_1\"\n                    }\n                },\n                messages: {\n                    email_confirmation: {\n                        equalTo: \"Emails stimmen nicht \u00fcberein.\"\n                    }\n                }\n            });        \r\n        \r\n        var jq_prev_button = jQuery(\"#rm_prev_form_page_button_22_1\");\r\n        var jq_next_button = jQuery(\"#rm_next_form_page_button_22_1\");\r\n        \r\n        var next_label = jq_next_button.data(\"label-next\");\r\n        var payment_method = jQuery('[name=rm_payment_method]:checked').val();\r\n        var form_object= jQuery(\"#rm_form_page_form_22_1_\"+rm_multipage.global_page_no_form_22_1).closest(\"form\");\r\n        var submit_btn= form_object.find(\"[type=submit]:not(.rm_noscript_btn)\");\r\n        var sub_label = submit_btn.data(\"label-sub\");\r\n        form_object.find('input.rm_price_field_quantity').each(function() {\r\n            if(typeof jQuery(this).attr('min') == 'undefined') {\r\n                jQuery(this).attr('min', 0);\r\n            }\r\n        });\r\n        if(form_object.find('.rm_privacy_cb').is(':visible') && !form_object.find('.rm_privacy_cb').prop('checked')){\r\n             \/\/form_object.find('.rm_privacy_cb').trigger('change');\r\n             form_object.find('.rm_privacy_cb').focus();\r\n             form_object.find('.rm_privacy_cb').parent().parent().siblings('div.rm-form-error-message').show();\r\n             return false;\r\n        } \r\n        if(typeof payment_method == 'undefined' || payment_method != 'stripe')\r\n        {            \r\n            elements_to_validate = jQuery(\"#rm_form_page_form_22_1_\"+rm_multipage.global_page_no_form_22_1+\" :input\").not('#rm_stripe_fields_container_22_1 :input');\r\n        }\r\n        else\r\n            var elements_to_validate = jQuery(\"#rm_form_page_form_22_1_\"+rm_multipage.global_page_no_form_22_1+\" :input\");\r\n        \r\n        if(elements_to_validate.length > 0)\r\n        {\r\n            var valid = elements_to_validate.valid();\r\n            elements_to_validate.each(function(){\r\n            var if_mobile= jQuery(this).attr('data-mobile-intel-field');\r\n                if(if_mobile){\r\n                    var tel_error = rm_toggle_tel_error(this.dataset.validnumber,jQuery(this),jQuery(this).data('error-message'));\r\n                    if(tel_error){\r\n                        valid= false;\r\n                    }\r\n                    else\r\n                    {\r\n                        jQuery(this).val(this.dataset.fullnumber);\r\n                    }\r\n                }\r\n            });\r\n\r\n            if(!valid)\r\n            {   \r\n                setTimeout(function(){ submit_btn.prop('disabled',false); }, 1000);\r\n                var error_element= jQuery(document).find(\"input.rm-form-field-invalid-msg\")[0];\r\n                if(error_element){\r\n                    error_element.focus();\r\n                }\r\n                return false;\r\n            }\r\n            else{\r\n                if(maxpage==rm_multipage.global_page_no_form_22_1){\r\n                    return true;\r\n                }\r\n            }\r\n           \r\n        } else{\r\n            if(maxpage==rm_multipage.global_page_no_form_22_1){\r\n                    return true;\r\n            }\r\n        }\r\n        \r\n        \/* Server validation for Username and Email field *\/\r\n        for(var i=0;i<rm_validation_attr.length;i++){\r\n            var validation_flag= true;\r\n            jQuery(\"[\" + rm_validation_attr[i] + \"=0]\").each(function(){\r\n               validation_flag= false;\r\n               return false;\r\n            });\r\n            \r\n           \r\n            if(!validation_flag)\r\n              return;\r\n        }\r\n        \r\n       \r\n        rm_multipage.global_page_no_form_22_1++;\r\n        if(rm_multipage.global_page_no_form_22_1>=maxpage){\r\n            submit_btn.prop('value',sub_label);\r\n            submit_btn.addClass('rm-submit-btn-show');\r\n        }\r\n        else{\r\n            submit_btn.prop('value','Next');\r\n            submit_btn.removeClass('rm-submit-btn-show');\r\n        }\r\n       \r\n        \/*skip blank form pages*\/\r\n        \/*while(jQuery(\"#rm_form_page_form_22_1_\"+rm_multipage.global_page_no_form_22_1+\" :input\").length == 0)\r\n        {\r\n            if(maxpage <= rm_multipage.global_page_no_form_22_1)\r\n            {\r\n                    if(jQuery(\"#rm_form_page_form_22_1_\"+rm_multipage.global_page_no_form_22_1+\" :input\").length == 0){\r\n                        jq_next_button.prop('type','submit');\r\n                        jq_prev_button.prop('disabled',true);\r\n                        return;\r\n                    }        \r\n                    else\r\n                        break;\r\n            }    \r\n           rm_multipage.global_page_no_form_22_1++;\t\t       \r\n        }*\/\r\n          \t\t\r\n\tif(rm_multipage.global_page_no_form_22_1 >= maxpage){\r\n            jq_next_button.attr(\"value\", sub_label);\r\n        }\r\n\tif(maxpage < rm_multipage.global_page_no_form_22_1)\r\n\t{\r\n\t\trm_multipage.global_page_no_form_22_1 = maxpage;\r\n\t\tjq_next_button.prop('type','submit');\r\n                jq_prev_button.prop('disabled',true);\r\n\t}\r\n        \r\n\tjQuery(\".rmformpage_form_22_1\").each(function (){\r\n        \r\n\t\tvar visibledivid = \"rm_form_page_form_22_1_\"+rm_multipage.global_page_no_form_22_1;\r\n\t\tvar current_page= jQuery(this);\r\n                    if(jQuery(this).attr('id') == visibledivid){\r\n                        setTimeout(function(){ \/\/ Delaying field show to skip validation for untouched fields\r\n                            current_page.show();\r\n                            current_page.find(':input').addClass('rm_untouched');\r\n                            setTimeout(function(){ current_page.find(':input').removeClass('rm_untouched'); }, 1000);\r\n                        },100);\r\n                }\r\n\t\telse\r\n                    current_page.hide();  \r\n        });         \r\n        \r\n        jQuery('.rmformpage_form_22_1').find(':input').filter(':visible').eq(0).focus();\r\n        jQuery('#rmagic-progressbar').animate({\r\n            scrollTop: (jQuery('.rmformpage_form_22_1').first().offset().top)\r\n        },500);\r\n        \r\n        jQuery('ul#rmagic-progressbar').children('li').each(function(index) {\r\n            if(!jQuery(this).hasClass('active')) {\r\n                jQuery(this).addClass('active');\r\n                return false;\r\n            }\r\n        });\r\n    \r\n        jq_prev_button.prop('disabled',false);\r\n        rmInitGoogleApi();\r\n        \r\n        setTimeout(function(){ submit_btn.prop('disabled',false); }, 1000);\r\n        \r\n        if(jq_prev_button.length > 0 && rm_multipage.global_page_no_form_22_1>=1){\r\n            jq_prev_button.show();\r\n        }\r\n        \r\n        if(rm_multipage.global_page_no_form_22_1 == maxpage){\r\n            return false;\r\n        }\r\n        \r\n        if(maxpage=='1'){\r\n            return true;\r\n        }\r\n        return false;\r\n           \r\n}\r\n    <\/script><\/pre><pre class='rm-pre-wrapper-for-script-tags'><script>\r\nfunction gotoprev_form_22_1(){\r\n\t\r\n\tvar maxpage = 1 ;\r\n        var jq_prev_button = jQuery(\"#rm_prev_form_page_button_22_1\");\r\n        var jq_next_button = jQuery(\"#rm_next_form_page_button_22_1\");\r\n        \/\/var sub_label = jq_next_button.data(\"label-sub\");\r\n        var next_label = jq_next_button.data(\"label-next\");\r\n        var form_object= jQuery(\"#rm_form_page_form_22_1_\"+rm_multipage.global_page_no_form_22_1).closest(\"form\");\r\n        var submit_btn= form_object.find(\"[type=submit]:not(.rm_noscript_btn)\");\r\n        var sub_label = submit_btn.data(\"label-sub\");\r\n        \/*\r\n        if(form_object.find('.rm_privacy_cb').is(':visible') && !form_object.find('.rm_privacy_cb').prop('checked')){\r\n            \/\/form_object.find('.rm_privacy_cb').trigger('change');\r\n            form_object.find('.rm_privacy_cb').focus();\r\n            form_object.find('.rm_privacy_cb').parent().parent().siblings('div.rm-form-error-message').show();\r\n            return false;\r\n        }\r\n        *\/\r\n\trm_multipage.global_page_no_form_22_1--;\r\n        jq_next_button.attr('type','button');        \r\n        \r\n        if(maxpage==rm_multipage.global_page_no_form_22_1){\r\n            submit_btn.prop('value',sub_label);\r\n            submit_btn.addClass('rm-submit-btn-show');\r\n        }\r\n        else{\r\n            submit_btn.prop('value','Next');\r\n            submit_btn.removeClass('rm-submit-btn-show');\r\n        }\r\n        \/*skip blank form pages*\/\r\n        while(jQuery(\"#rm_form_page_form_22_1_\"+rm_multipage.global_page_no_form_22_1+\" :input,.rm-total-price \").length == 0)\r\n        {\r\n            if(1 >= rm_multipage.global_page_no_form_22_1)\r\n            {\r\n                    if(jQuery(\"#rm_form_page_form_22_1_\"+rm_multipage.global_page_no_form_22_1+\" :input,.rm-total-price \").length == 0){\r\n                        rm_multipage.global_page_no_form_22_1 = 1;\r\n                        \/\/jq_prev_button.prop('disabled',true);\r\n                        return;\r\n                    }        \r\n                    else\r\n                        break;\r\n            }\r\n        \r\n            rm_multipage.global_page_no_form_22_1--;\r\n        }\r\n        \r\n        if(rm_multipage.global_page_no_form_22_1 <= maxpage-1)\r\n            jq_next_button.attr(\"value\", next_label);\r\n            \r\n\tjQuery(\".rmformpage_form_22_1\").each(function (){\r\n\t\tvar visibledivid = \"rm_form_page_form_22_1_\"+rm_multipage.global_page_no_form_22_1;\r\n\t\tif(jQuery(this).attr('id') == visibledivid){\r\n\t\t\tjQuery(this).show();\r\n                }\r\n\t\telse\r\n\t\t\tjQuery(this).hide();\r\n\t});\r\n        jQuery('.rmformpage_form_22_1').find(':input').filter(':visible').eq(0).focus();\r\n        if(rm_multipage.global_page_no_form_22_1 <= 1)\r\n        {\r\n            rm_multipage.global_page_no_form_22_1 = 1;\r\n           \/\/ jq_prev_button.prop('disabled',true);\r\n        }\r\n        jQuery('#rmagic-progressbar').animate({\r\n            scrollTop: (jQuery('.rmformpage_form_22_1').first().offset().top)\r\n        },500);\r\n        \r\n        jQuery('ul#rmagic-progressbar').children('li').each(function(index) {\r\n            if(!jQuery(this).next().hasClass('active')) {\r\n                jQuery(this).removeClass('active');\r\n                return false;\r\n            }\r\n        });\r\n        \r\n        if(rm_multipage.global_page_no_form_22_1==1){\r\n            jq_prev_button.hide();\r\n            submit_btn.prop('disabled',false);\r\n        }\r\n}\r\n         \r\n<\/script>\r\n    <script src=\"\/\/www.youtube.com\/player_api\"><\/script>\r\n    <script>\r\n    var players = [];\r\n    function onYouTubePlayerAPIReady() {\r\n        \/\/ create the global player from the specific iframe (#video)\r\n        var pre_id = '';\r\n        jQuery(\".allow-autoplay\").each(function(){\r\n            if(pre_id!=jQuery(this).attr(\"id\")){\r\n                players.push(new YT.Player(jQuery(this).attr(\"id\")));\r\n            }\r\n            pre_id = jQuery(this).attr(\"id\");\r\n        });\r\n    }\r\n    jQuery(document).ready(function(){\r\n        var videosArr = [];\r\n        var pre_id = '';\r\n        jQuery(\".allow-autoplay\").each(function(i){\r\n            if(pre_id!=jQuery(this).attr(\"id\")){\r\n                videosArr[jQuery(this).attr(\"id\")] = i;\r\n            }\r\n            pre_id = jQuery(this).attr(\"id\");\r\n        });\r\n        jQuery('.buttonarea input').click(function(){\r\n            setTimeout(function(){\r\n                jQuery(\".rmformpage_form_22_1\").each(function(){\r\n                    if(jQuery(this).css('display')=='block'){\r\n                        var page_video_id= jQuery(this).attr(\"id\");\r\n                        if(jQuery('#'+page_video_id+' .allow-autoplay').length){\r\n                            players[videosArr[jQuery('#'+page_video_id+' .allow-autoplay').attr('id')]].playVideo();\r\n                        }\r\n                    }\r\n                });\r\n            }, 300);\r\n        });\r\n    });\r\n    <\/script> \r\n   <\/pre><style type=\"text\/css\">label span.required { color: #B94A48; }span.help-inline, span.help-block { color: #888; font-size: .9em; font-style: italic; }<\/style><form novalidate onsubmit=\"return gotonext_form_22_1()\" autocomplete=\"off\"  action =\"http:\/\/1\" id=\"form_22_1\" method=\"post\" class=\"rmagic-form rmagic-form-btn-left form-horizontal\" name=\"rm_form\" number=\"1\" style=\"\" data-trp-original-action><fieldset><input type=\"hidden\" name=\"rm_form_sub_id\" value=\"form_22_1\"><input type=\"hidden\" name=\"rm_form_sub_no\" value=\"1\"><input type=\"hidden\" name=\"rm_cond_hidden_fields\" id=\"rm_cond_hidden_fields\" value=\"\"><div id=\"rm_stat_container\"><div class=\"rmrow\"><div class=\"rmfield\" for=\"form_22_1-element-1\" style=\"\"><label>RM_Stats<\/label><\/div><div class=\"rminput\"><input type=\"text\" name=\"stat_id\" value=\"__uninit\" style=\"display:none\" id=\"form_22_1-element-1\"\/><\/div><\/div><\/div><div class=\"rm-multi-page-form rmformpage_form_22_1\" id=\"rm_form_page_form_22_1_1\"><fieldset class='rmfieldset'><div class=\"rmrow\"><div class=\"rminput\"><div  class=\"rm_form_field_type_richtext\"><p>Ich melde mich hiermit von der <strong>Better World Community<\/strong> ab.<\/p>\n<\/div><\/div><\/div><div class=\"rmrow\"><div class=\"rmfield\" for=\"rm_reg_form_email_22_1\" style=\"\"><label>E-Mail<sup class=\"required\">&nbsp;*<\/sup><\/label><\/div><div class=\"rminput\"><input type=\"email\" name=\"Email_208\" placeholder=\"E-mail\" class=\"regm-feild-50\" required value=\"\" id=\"rm_reg_form_email_22_1\"\/><\/div><\/div><\/fieldset><\/div><div class=\"buttonarea\"><input   type=\"submit\" value=\"SEND\" name=\"rm_sb_btn\" class=\"rm_next_btn rm-btn rm-btn-primary button button-primary\" data-label-next=\"Next\" data-label-sub=\"ABSENDEN\" style=\"\" id=\"form_22_1-element-9\"\/> <input   type=\"submit\" value=\"SEND\" name style=\"\" class=\"rm_noscript_btn rm-btn rm-btn-primary button button-primary\" id=\"form_22_1-element-10\"\/><\/div><\/fieldset><input type=\"hidden\" name=\"trp-form-language\" value=\"en\"\/><\/form><pre class=\"rm-pre-wrapper-for-script-tags\"><script type=\"text\/javascript\">jQuery(document).ready(function() {\t\tjQuery(\"#form_22_1\").bind(\"submit\", function(){\n                        \/\/jQuery(this).find(\"input[name=rm_slug]\").attr(\"value\",jQuery(this).find(\"input[name=submit]\").attr(\"value\"));\n\t\t\tjQuery(this).find(\"input[type=submit]\").attr(\"disabled\", \"disabled\"); \n\t\t});            \n                   \n                   jQuery(\"#rm_reg_form_email_22_1\").change(function(){\n                   var data = {\n                           'action': 'rm_user_exists',\n                           'rm_sec_nonce': 'ffd7296b6d',\n                           'rm_slug': 'rm_user_exists',\n                           'email': jQuery(this).val(),\n                           'attr': 'data-rm-valid-email',\n                           'form_id':\"22\"\n                   };\n                   \n                   rm_user_exists(this,rm_ajax_url,data);\n                  \n                 });\n           }); <\/script><\/pre>        <noscript>\n            <div class=\"rm-js-disabled\"><b>Note: It looks like JavaScript is disabled in your browser. Some elements of this form may require JavaScript to work properly. If you have trouble submitting the form, try enabling JavaScript momentarily and resubmit. JavaScript settings are usually found in Browser Settings or Browser Developer menu.<\/b><\/div>\n            <style>\n                .rm_next_btn {display:none !important}\n                .rm_noscript_btn {display: block !important}\n            <\/style>\n        <\/noscript>\n    <\/div><\/div><!--\/noptimize-->","protected":false},"excerpt":{"rendered":"","protected":false},"author":18,"featured_media":0,"parent":107996,"menu_order":0,"comment_status":"closed","ping_status":"closed","template":"","meta":{"_et_pb_use_builder":"off","_et_pb_old_content":"","_et_gb_content_width":"","inline_featured_image":false,"footnotes":""},"class_list":["post-108000","page","type-page","status-publish","hentry"],"yoast_head":"<!-- This site is optimized with the Yoast SEO plugin v26.0 - https:\/\/yoast.com\/wordpress\/plugins\/seo\/ -->\n<title>Abmeldung - Gr\u00fcndungsb\u00fcro<\/title>\n<meta name=\"robots\" content=\"index, follow, max-snippet:-1, max-image-preview:large, max-video-preview:-1\" \/>\n<link rel=\"canonical\" href=\"https:\/\/gruendungsbuero.info\/en\/better-world-community-sign-up\/betterworld-sign-out\/\" \/>\n<meta property=\"og:locale\" content=\"en_GB\" \/>\n<meta property=\"og:type\" content=\"article\" \/>\n<meta property=\"og:title\" content=\"Abmeldung - Gr\u00fcndungsb\u00fcro\" \/>\n<meta property=\"og:url\" content=\"https:\/\/gruendungsbuero.info\/en\/better-world-community-sign-up\/betterworld-sign-out\/\" \/>\n<meta property=\"og:site_name\" content=\"Gr\u00fcndungsb\u00fcro\" \/>\n<meta property=\"article:modified_time\" content=\"2023-06-30T09:13:35+00:00\" \/>\n<meta name=\"twitter:card\" content=\"summary_large_image\" \/>\n<meta name=\"twitter:label1\" content=\"Est. reading time\" \/>\n\t<meta name=\"twitter:data1\" content=\"1 minute\" \/>\n<script type=\"application\/ld+json\" class=\"yoast-schema-graph\">{\"@context\":\"https:\/\/schema.org\",\"@graph\":[{\"@type\":\"WebPage\",\"@id\":\"https:\/\/gruendungsbuero.info\/better-world-community-anmeldung\/betterworld_abmeldung\/\",\"url\":\"https:\/\/gruendungsbuero.info\/better-world-community-anmeldung\/betterworld_abmeldung\/\",\"name\":\"Abmeldung - Gr\u00fcndungsb\u00fcro\",\"isPartOf\":{\"@id\":\"https:\/\/gruendungsbuero.info\/#website\"},\"datePublished\":\"2023-06-29T09:58:54+00:00\",\"dateModified\":\"2023-06-30T09:13:35+00:00\",\"breadcrumb\":{\"@id\":\"https:\/\/gruendungsbuero.info\/better-world-community-anmeldung\/betterworld_abmeldung\/#breadcrumb\"},\"inLanguage\":\"en-GB\",\"potentialAction\":[{\"@type\":\"ReadAction\",\"target\":[\"https:\/\/gruendungsbuero.info\/better-world-community-anmeldung\/betterworld_abmeldung\/\"]}]},{\"@type\":\"BreadcrumbList\",\"@id\":\"https:\/\/gruendungsbuero.info\/better-world-community-anmeldung\/betterworld_abmeldung\/#breadcrumb\",\"itemListElement\":[{\"@type\":\"ListItem\",\"position\":1,\"name\":\"Home\",\"item\":\"https:\/\/gruendungsbuero.info\/\"},{\"@type\":\"ListItem\",\"position\":2,\"name\":\"Better World Community Anmeldung\",\"item\":\"https:\/\/gruendungsbuero.info\/better-world-community-anmeldung\/\"},{\"@type\":\"ListItem\",\"position\":3,\"name\":\"Abmeldung\"}]},{\"@type\":\"WebSite\",\"@id\":\"https:\/\/gruendungsbuero.info\/#website\",\"url\":\"https:\/\/gruendungsbuero.info\/\",\"name\":\"Gr\u00fcndungsb\u00fcro\",\"description\":\"Rheinland-Pf\u00e4lzische Technische Universit\u00e4t &amp; Hochschule Kaiserslautern\",\"potentialAction\":[{\"@type\":\"SearchAction\",\"target\":{\"@type\":\"EntryPoint\",\"urlTemplate\":\"https:\/\/gruendungsbuero.info\/?s={search_term_string}\"},\"query-input\":{\"@type\":\"PropertyValueSpecification\",\"valueRequired\":true,\"valueName\":\"search_term_string\"}}],\"inLanguage\":\"en-GB\"}]}<\/script>\n<!-- \/ Yoast SEO plugin. -->","yoast_head_json":{"title":"Abmeldung - Gr\u00fcndungsb\u00fcro","robots":{"index":"index","follow":"follow","max-snippet":"max-snippet:-1","max-image-preview":"max-image-preview:large","max-video-preview":"max-video-preview:-1"},"canonical":"https:\/\/gruendungsbuero.info\/en\/better-world-community-sign-up\/betterworld-sign-out\/","og_locale":"en_GB","og_type":"article","og_title":"Abmeldung - Gr\u00fcndungsb\u00fcro","og_url":"https:\/\/gruendungsbuero.info\/en\/better-world-community-sign-up\/betterworld-sign-out\/","og_site_name":"Gr\u00fcndungsb\u00fcro","article_modified_time":"2023-06-30T09:13:35+00:00","twitter_card":"summary_large_image","twitter_misc":{"Est. reading time":"1 minute"},"schema":{"@context":"https:\/\/schema.org","@graph":[{"@type":"WebPage","@id":"https:\/\/gruendungsbuero.info\/better-world-community-anmeldung\/betterworld_abmeldung\/","url":"https:\/\/gruendungsbuero.info\/better-world-community-anmeldung\/betterworld_abmeldung\/","name":"Abmeldung - Gr\u00fcndungsb\u00fcro","isPartOf":{"@id":"https:\/\/gruendungsbuero.info\/#website"},"datePublished":"2023-06-29T09:58:54+00:00","dateModified":"2023-06-30T09:13:35+00:00","breadcrumb":{"@id":"https:\/\/gruendungsbuero.info\/better-world-community-anmeldung\/betterworld_abmeldung\/#breadcrumb"},"inLanguage":"en-GB","potentialAction":[{"@type":"ReadAction","target":["https:\/\/gruendungsbuero.info\/better-world-community-anmeldung\/betterworld_abmeldung\/"]}]},{"@type":"BreadcrumbList","@id":"https:\/\/gruendungsbuero.info\/better-world-community-anmeldung\/betterworld_abmeldung\/#breadcrumb","itemListElement":[{"@type":"ListItem","position":1,"name":"Home","item":"https:\/\/gruendungsbuero.info\/"},{"@type":"ListItem","position":2,"name":"Better World Community Anmeldung","item":"https:\/\/gruendungsbuero.info\/better-world-community-anmeldung\/"},{"@type":"ListItem","position":3,"name":"Abmeldung"}]},{"@type":"WebSite","@id":"https:\/\/gruendungsbuero.info\/#website","url":"https:\/\/gruendungsbuero.info\/","name":"Gr\u00fcndungsb\u00fcro","description":"Rheinland-Pf\u00e4lzische Technische Universit\u00e4t &amp; Hochschule Kaiserslautern","potentialAction":[{"@type":"SearchAction","target":{"@type":"EntryPoint","urlTemplate":"https:\/\/gruendungsbuero.info\/?s={search_term_string}"},"query-input":{"@type":"PropertyValueSpecification","valueRequired":true,"valueName":"search_term_string"}}],"inLanguage":"en-GB"}]}},"_links":{"self":[{"href":"https:\/\/gruendungsbuero.info\/en\/wp-json\/wp\/v2\/pages\/108000","targetHints":{"allow":["GET"]}}],"collection":[{"href":"https:\/\/gruendungsbuero.info\/en\/wp-json\/wp\/v2\/pages"}],"about":[{"href":"https:\/\/gruendungsbuero.info\/en\/wp-json\/wp\/v2\/types\/page"}],"author":[{"embeddable":true,"href":"https:\/\/gruendungsbuero.info\/en\/wp-json\/wp\/v2\/users\/18"}],"replies":[{"embeddable":true,"href":"https:\/\/gruendungsbuero.info\/en\/wp-json\/wp\/v2\/comments?post=108000"}],"version-history":[{"count":2,"href":"https:\/\/gruendungsbuero.info\/en\/wp-json\/wp\/v2\/pages\/108000\/revisions"}],"predecessor-version":[{"id":108002,"href":"https:\/\/gruendungsbuero.info\/en\/wp-json\/wp\/v2\/pages\/108000\/revisions\/108002"}],"up":[{"embeddable":true,"href":"https:\/\/gruendungsbuero.info\/en\/wp-json\/wp\/v2\/pages\/107996"}],"wp:attachment":[{"href":"https:\/\/gruendungsbuero.info\/en\/wp-json\/wp\/v2\/media?parent=108000"}],"curies":[{"name":"wp","href":"https:\/\/api.w.org\/{rel}","templated":true}]}}