{"id":107440,"date":"2023-03-22T13:33:08","date_gmt":"2023-03-22T12:33:08","guid":{"rendered":"https:\/\/gruendungsbuero.info\/?page_id=107440"},"modified":"2024-01-31T11:29:24","modified_gmt":"2024-01-31T10:29:24","slug":"landing_gb","status":"publish","type":"page","link":"https:\/\/gruendungsbuero.info\/en\/landing_gb\/","title":{"rendered":"landing_GB"},"content":{"rendered":"<p>[et_pb_section fb_built=&#8220;1&#8243; _builder_version=&#8220;4.14.6&#8243; _module_preset=&#8220;default&#8220; background_enable_color=&#8220;off&#8220; background_video_mp4=&#8220;https:\/\/gruendungsbuero.info\/app\/uploads\/2023\/03\/iStock-1032159736.mp4&#8243; background_enable_video_webm=&#8220;off&#8220; custom_css_main_element=&#8220;||&#8220; locked=&#8220;off&#8220; global_colors_info=&#8220;{}&#8220;][et_pb_row column_structure=&#8220;3_5,2_5&#8243; _builder_version=&#8220;4.14.6&#8243; _module_preset=&#8220;default&#8220; background_enable_color=&#8220;off&#8220; custom_margin=&#8220;0px||0px||true|false&#8220; global_colors_info=&#8220;{}&#8220;][et_pb_column type=&#8220;3_5&#8243; _builder_version=&#8220;4.14.6&#8243; _module_preset=&#8220;default&#8220; global_colors_info=&#8220;{}&#8220;][et_pb_text _builder_version=&#8220;4.14.6&#8243; _module_preset=&#8220;default&#8220; header_font=&#8220;|800|||||||&#8220; header_text_align=&#8220;left&#8220; header_text_color=&#8220;#EDEDED&#8220; header_font_size=&#8220;78px&#8220; background_enable_color=&#8220;off&#8220; header_font_size_tablet=&#8220;78px&#8220; header_font_size_phone=&#8220;22px&#8220; header_font_size_last_edited=&#8220;on|phone&#8220; header_text_shadow_style=&#8220;preset5&#8243; header_text_shadow_color=&#8220;#11253C&#8220; global_colors_info=&#8220;{}&#8220;]<\/p>\n<h1>Informiere dich \u00fcber die EXIST-F\u00f6rderung<\/h1>\n<p>[\/et_pb_text][et_pb_text _builder_version=&#8220;4.14.6&#8243; _module_preset=&#8220;default&#8220; text_text_color=&#8220;#EDEDED&#8220; background_enable_color=&#8220;off&#8220; background_color_gradient_start=&#8220;rgba(17,37,60,0.2)&#8220; background_color_gradient_end=&#8220;rgba(17,37,60,0.21)&#8220; background_layout=&#8220;dark&#8220; max_width=&#8220;100%&#8220; module_alignment=&#8220;left&#8220; custom_margin=&#8220;||||false|false&#8220; custom_padding=&#8220;0px|0px||||&#8220; text_font_tablet=&#8220;&#8220; text_font_phone=&#8220;|600|||||||&#8220; text_font_last_edited=&#8220;on|phone&#8220; background_color_phone=&#8220;rgba(0,0,0,0.55)&#8220; background_last_edited=&#8220;on|phone&#8220; background_enable_color_phone=&#8220;on&#8220; global_colors_info=&#8220;{}&#8220;]<\/p>\n<p>Mit diesem Angebot kannst du deine innovative Gr\u00fcndungsidee vollkommen risikofrei vorbereiten. Eine F\u00f6rderung kann exklusiv \u00fcber das Gr\u00fcndungsb\u00fcro beantragt werden. Durch unsere intensive Unterst\u00fctzung bei der Ausgestaltung der Antr\u00e4ge sind deine Chancen sehr gro\u00df. Bisher liegt unsere Erfolgsquote bei nahezu 100%.<\/p>\n<p>[\/et_pb_text][et_pb_button button_url=&#8220;@ET-DC@eyJkeW5hbWljIjp0cnVlLCJjb250ZW50IjoicG9zdF9saW5rX3VybF9wYWdlIiwic2V0dGluZ3MiOnsicG9zdF9pZCI6Ijk5OTY2In19@&#8220; button_text=&#8220;Z\u00f6gere nicht lange und informiere dich!&#8220; button_text_tablet=&#8220;Z\u00f6gere nicht lange und informiere dich!&#8220; button_text_phone=&#8220;Informiere Dich!&#8220; button_text_last_edited=&#8220;on|phone&#8220; _builder_version=&#8220;4.14.6&#8243; _dynamic_attributes=&#8220;button_url&#8220; _module_preset=&#8220;default&#8220; custom_button=&#8220;on&#8220; button_text_color=&#8220;#FF5300&#8243; button_bg_color=&#8220;#EDEDED&#8220; button_border_color=&#8220;#FF5300&#8243; button_border_radius=&#8220;24px&#8220; custom_margin=&#8220;||0px||false|false&#8220; custom_padding=&#8220;|77px||77px|false|true&#8220; custom_padding_tablet=&#8220;|77px||77px|false|true&#8220; custom_padding_phone=&#8220;|50px||50px|false|true&#8220; custom_padding_last_edited=&#8220;on|phone&#8220; button_text_size_tablet=&#8220;16px&#8220; button_text_size_phone=&#8220;13px&#8220; button_text_size_last_edited=&#8220;on|phone&#8220; global_colors_info=&#8220;{}&#8220;][\/et_pb_button][\/et_pb_column][et_pb_column type=&#8220;2_5&#8243; _builder_version=&#8220;4.14.6&#8243; _module_preset=&#8220;default&#8220; global_colors_info=&#8220;{}&#8220;][\/et_pb_column][\/et_pb_row][et_pb_row column_structure=&#8220;1_4,1_4,1_4,1_4&#8243; use_custom_gutter=&#8220;on&#8220; gutter_width=&#8220;1&#8243; _builder_version=&#8220;4.14.6&#8243; _module_preset=&#8220;default&#8220; custom_padding=&#8220;0px||0px||true|false&#8220; locked=&#8220;off&#8220; global_colors_info=&#8220;{}&#8220;][et_pb_column type=&#8220;1_4&#8243; _builder_version=&#8220;4.14.6&#8243; _module_preset=&#8220;default&#8220; global_colors_info=&#8220;{}&#8220;][et_pb_code _builder_version=&#8220;4.14.6&#8243; _module_preset=&#8220;default&#8220; hover_enabled=&#8220;0&#8243; global_colors_info=&#8220;{}&#8220; sticky_enabled=&#8220;0&#8243;]<\/p>\n<div id=\"countdown\"><!-- [et_pb_line_break_holder] -->  <pee id=\"countdown-text\"  style=\"color: white;\"><\/pee><!-- [et_pb_line_break_holder] --> <pee id=\"countdown-number\" style=\"color: #ffffff00;\"><\/pee><!-- [et_pb_line_break_holder] --> <\/div>\n<p><!-- [et_pb_line_break_holder] --><script><!-- [et_pb_line_break_holder] -->  \/\/ Countdown-Funktion<!-- [et_pb_line_break_holder] -->  function countdown() {<!-- [et_pb_line_break_holder] -->    \/\/ Erhalte das Countdown-Element<!-- [et_pb_line_break_holder] -->    var countdownElement = document.getElementById(\"countdown\");<!-- [et_pb_line_break_holder] -->    var countdownTextElement = document.getElementById(\"countdown-text\");<!-- [et_pb_line_break_holder] -->    var countdownNumberElement = document.getElementById(\"countdown-number\");<!-- [et_pb_line_break_holder] -->    <!-- [et_pb_line_break_holder] -->    \/\/ Starte bei 15<!-- [et_pb_line_break_holder] -->    var count = 15;<!-- [et_pb_line_break_holder] -->    <!-- [et_pb_line_break_holder] -->    \/\/ Setze den Countdown-Text<!-- [et_pb_line_break_holder] -->    countdownTextElement.innerHTML = \"In \" + count + \" Sekunden weiter zum\";<!-- [et_pb_line_break_holder] -->    countdownNumberElement.innerHTML = count;<!-- [et_pb_line_break_holder] -->    <!-- [et_pb_line_break_holder] -->    \/\/ Z\u00e4hle jede Sekunde herunter<!-- [et_pb_line_break_holder] -->    var countdownInterval = setInterval(function() {<!-- [et_pb_line_break_holder] -->      count--;<!-- [et_pb_line_break_holder] -->      <!-- [et_pb_line_break_holder] -->      \/\/ Aktualisiere den Countdown-Text<!-- [et_pb_line_break_holder] -->      countdownTextElement.innerHTML = \"In \" + count + \" Sekunden weiter zum\";<!-- [et_pb_line_break_holder] -->      countdownNumberElement.innerHTML = count;<!-- [et_pb_line_break_holder] -->      <!-- [et_pb_line_break_holder] -->      \/\/ Wenn der Countdown 0 erreicht hat, stoppe den Interval<!-- [et_pb_line_break_holder] -->      if (count == 0) {<!-- [et_pb_line_break_holder] -->        clearInterval(countdownInterval);<!-- [et_pb_line_break_holder] -->        <!-- [et_pb_line_break_holder] -->        \/\/ Weiterleitung zur n\u00e4chsten Seite oder URL<!-- [et_pb_line_break_holder] -->        window.location.href = \"https:\/\/www.gruendungsbuero.info\/\";<!-- [et_pb_line_break_holder] -->      }<!-- [et_pb_line_break_holder] -->    }, 1000);<!-- [et_pb_line_break_holder] -->  }<!-- [et_pb_line_break_holder] --><!-- [et_pb_line_break_holder] -->  \/\/ Rufe die Countdown-Funktion auf, sobald die Seite geladen wurde<!-- [et_pb_line_break_holder] -->  window.onload = function() {<!-- [et_pb_line_break_holder] -->    countdown();<!-- [et_pb_line_break_holder] -->  };<!-- [et_pb_line_break_holder] --><\/script><!-- [et_pb_line_break_holder] --><!-- [et_pb_line_break_holder] --><!-- [et_pb_line_break_holder] --><!-- [et_pb_line_break_holder] -->[\/et_pb_code][\/et_pb_column][et_pb_column type=&#8220;1_4&#8243; _builder_version=&#8220;4.14.6&#8243; _module_preset=&#8220;default&#8220; global_colors_info=&#8220;{}&#8220;][et_pb_button button_url=&#8220;@ET-DC@eyJkeW5hbWljIjp0cnVlLCJjb250ZW50IjoiaG9tZV91cmwiLCJzZXR0aW5ncyI6e319@&#8220; button_text=&#8220;Gr\u00fcndungsb\u00fcro&#8220; button_alignment=&#8220;left&#8220; _builder_version=&#8220;4.14.6&#8243; _dynamic_attributes=&#8220;button_url&#8220; _module_preset=&#8220;default&#8220; custom_button=&#8220;on&#8220; button_text_size=&#8220;15px&#8220; button_text_color=&#8220;#FF5300&#8243; button_bg_color=&#8220;RGBA(255,255,255,0)&#8220; button_border_color=&#8220;#FF5300&#8243; button_border_radius=&#8220;24px&#8220; custom_margin=&#8220;0px||0px||true|false&#8220; custom_padding=&#8220;|77px||77px|false|true&#8220; button_text_size_tablet=&#8220;&#8220; button_text_size_phone=&#8220;14px&#8220; button_text_size_last_edited=&#8220;on|phone&#8220; global_colors_info=&#8220;{}&#8220;][\/et_pb_button][\/et_pb_column][et_pb_column type=&#8220;1_4&#8243; _builder_version=&#8220;4.14.6&#8243; _module_preset=&#8220;default&#8220; global_colors_info=&#8220;{}&#8220;][\/et_pb_column][et_pb_column type=&#8220;1_4&#8243; _builder_version=&#8220;4.14.6&#8243; _module_preset=&#8220;default&#8220; global_colors_info=&#8220;{}&#8220;][\/et_pb_column][\/et_pb_row][\/et_pb_section]<\/p>","protected":false},"excerpt":{"rendered":"<p>Informiere dich \u00fcber die EXIST-F\u00f6rderungMit diesem Angebot kannst du deine innovative Gr\u00fcndungsidee vollkommen risikofrei vorbereiten. Eine F\u00f6rderung kann exklusiv \u00fcber das Gr\u00fcndungsb\u00fcro beantragt werden. Durch unsere intensive Unterst\u00fctzung bei der Ausgestaltung der Antr\u00e4ge sind deine Chancen sehr gro\u00df. Bisher liegt unsere Erfolgsquote bei nahezu 100%.<\/p>","protected":false},"author":18,"featured_media":0,"parent":0,"menu_order":0,"comment_status":"closed","ping_status":"closed","template":"","meta":{"_et_pb_use_builder":"on","_et_pb_old_content":"","_et_gb_content_width":"","inline_featured_image":false,"footnotes":""},"class_list":["post-107440","page","type-page","status-publish","hentry"],"yoast_head":"<!-- This site is optimized with the Yoast SEO plugin v26.0 - https:\/\/yoast.com\/wordpress\/plugins\/seo\/ -->\n<title>landing_GB - Gr\u00fcndungsb\u00fcro<\/title>\n<meta name=\"robots\" content=\"index, follow, max-snippet:-1, max-image-preview:large, max-video-preview:-1\" \/>\n<link rel=\"canonical\" href=\"https:\/\/gruendungsbuero.info\/en\/landing_gb\/\" \/>\n<meta property=\"og:locale\" content=\"en_GB\" \/>\n<meta property=\"og:type\" content=\"article\" \/>\n<meta property=\"og:title\" content=\"landing_GB - Gr\u00fcndungsb\u00fcro\" \/>\n<meta property=\"og:description\" content=\"Informiere dich \u00fcber die EXIST-F\u00f6rderungMit diesem Angebot kannst du deine innovative Gr\u00fcndungsidee vollkommen risikofrei vorbereiten. Eine F\u00f6rderung kann exklusiv \u00fcber das Gr\u00fcndungsb\u00fcro beantragt werden. Durch unsere intensive Unterst\u00fctzung bei der Ausgestaltung der Antr\u00e4ge sind deine Chancen sehr gro\u00df. Bisher liegt unsere Erfolgsquote bei nahezu 100%.\" \/>\n<meta property=\"og:url\" content=\"https:\/\/gruendungsbuero.info\/en\/landing_gb\/\" \/>\n<meta property=\"og:site_name\" content=\"Gr\u00fcndungsb\u00fcro\" \/>\n<meta property=\"article:modified_time\" content=\"2024-01-31T10:29:24+00:00\" \/>\n<meta name=\"twitter:card\" content=\"summary_large_image\" \/>\n<script type=\"application\/ld+json\" class=\"yoast-schema-graph\">{\"@context\":\"https:\/\/schema.org\",\"@graph\":[{\"@type\":\"WebPage\",\"@id\":\"https:\/\/gruendungsbuero.info\/landing_gb\/\",\"url\":\"https:\/\/gruendungsbuero.info\/landing_gb\/\",\"name\":\"landing_GB - Gr\u00fcndungsb\u00fcro\",\"isPartOf\":{\"@id\":\"https:\/\/gruendungsbuero.info\/#website\"},\"datePublished\":\"2023-03-22T12:33:08+00:00\",\"dateModified\":\"2024-01-31T10:29:24+00:00\",\"breadcrumb\":{\"@id\":\"https:\/\/gruendungsbuero.info\/landing_gb\/#breadcrumb\"},\"inLanguage\":\"en-GB\",\"potentialAction\":[{\"@type\":\"ReadAction\",\"target\":[\"https:\/\/gruendungsbuero.info\/landing_gb\/\"]}]},{\"@type\":\"BreadcrumbList\",\"@id\":\"https:\/\/gruendungsbuero.info\/landing_gb\/#breadcrumb\",\"itemListElement\":[{\"@type\":\"ListItem\",\"position\":1,\"name\":\"Home\",\"item\":\"https:\/\/gruendungsbuero.info\/\"},{\"@type\":\"ListItem\",\"position\":2,\"name\":\"landing_GB\"}]},{\"@type\":\"WebSite\",\"@id\":\"https:\/\/gruendungsbuero.info\/#website\",\"url\":\"https:\/\/gruendungsbuero.info\/\",\"name\":\"Gr\u00fcndungsb\u00fcro\",\"description\":\"Rheinland-Pf\u00e4lzische Technische Universit\u00e4t &amp; Hochschule Kaiserslautern\",\"potentialAction\":[{\"@type\":\"SearchAction\",\"target\":{\"@type\":\"EntryPoint\",\"urlTemplate\":\"https:\/\/gruendungsbuero.info\/?s={search_term_string}\"},\"query-input\":{\"@type\":\"PropertyValueSpecification\",\"valueRequired\":true,\"valueName\":\"search_term_string\"}}],\"inLanguage\":\"en-GB\"}]}<\/script>\n<!-- \/ Yoast SEO plugin. -->","yoast_head_json":{"title":"landing_GB - Gr\u00fcndungsb\u00fcro","robots":{"index":"index","follow":"follow","max-snippet":"max-snippet:-1","max-image-preview":"max-image-preview:large","max-video-preview":"max-video-preview:-1"},"canonical":"https:\/\/gruendungsbuero.info\/en\/landing_gb\/","og_locale":"en_GB","og_type":"article","og_title":"landing_GB - Gr\u00fcndungsb\u00fcro","og_description":"Informiere dich \u00fcber die EXIST-F\u00f6rderungMit diesem Angebot kannst du deine innovative Gr\u00fcndungsidee vollkommen risikofrei vorbereiten. Eine F\u00f6rderung kann exklusiv \u00fcber das Gr\u00fcndungsb\u00fcro beantragt werden. Durch unsere intensive Unterst\u00fctzung bei der Ausgestaltung der Antr\u00e4ge sind deine Chancen sehr gro\u00df. Bisher liegt unsere Erfolgsquote bei nahezu 100%.","og_url":"https:\/\/gruendungsbuero.info\/en\/landing_gb\/","og_site_name":"Gr\u00fcndungsb\u00fcro","article_modified_time":"2024-01-31T10:29:24+00:00","twitter_card":"summary_large_image","schema":{"@context":"https:\/\/schema.org","@graph":[{"@type":"WebPage","@id":"https:\/\/gruendungsbuero.info\/landing_gb\/","url":"https:\/\/gruendungsbuero.info\/landing_gb\/","name":"landing_GB - Gr\u00fcndungsb\u00fcro","isPartOf":{"@id":"https:\/\/gruendungsbuero.info\/#website"},"datePublished":"2023-03-22T12:33:08+00:00","dateModified":"2024-01-31T10:29:24+00:00","breadcrumb":{"@id":"https:\/\/gruendungsbuero.info\/landing_gb\/#breadcrumb"},"inLanguage":"en-GB","potentialAction":[{"@type":"ReadAction","target":["https:\/\/gruendungsbuero.info\/landing_gb\/"]}]},{"@type":"BreadcrumbList","@id":"https:\/\/gruendungsbuero.info\/landing_gb\/#breadcrumb","itemListElement":[{"@type":"ListItem","position":1,"name":"Home","item":"https:\/\/gruendungsbuero.info\/"},{"@type":"ListItem","position":2,"name":"landing_GB"}]},{"@type":"WebSite","@id":"https:\/\/gruendungsbuero.info\/#website","url":"https:\/\/gruendungsbuero.info\/","name":"Gr\u00fcndungsb\u00fcro","description":"Rheinland-Pf\u00e4lzische Technische Universit\u00e4t &amp; Hochschule Kaiserslautern","potentialAction":[{"@type":"SearchAction","target":{"@type":"EntryPoint","urlTemplate":"https:\/\/gruendungsbuero.info\/?s={search_term_string}"},"query-input":{"@type":"PropertyValueSpecification","valueRequired":true,"valueName":"search_term_string"}}],"inLanguage":"en-GB"}]}},"_links":{"self":[{"href":"https:\/\/gruendungsbuero.info\/en\/wp-json\/wp\/v2\/pages\/107440","targetHints":{"allow":["GET"]}}],"collection":[{"href":"https:\/\/gruendungsbuero.info\/en\/wp-json\/wp\/v2\/pages"}],"about":[{"href":"https:\/\/gruendungsbuero.info\/en\/wp-json\/wp\/v2\/types\/page"}],"author":[{"embeddable":true,"href":"https:\/\/gruendungsbuero.info\/en\/wp-json\/wp\/v2\/users\/18"}],"replies":[{"embeddable":true,"href":"https:\/\/gruendungsbuero.info\/en\/wp-json\/wp\/v2\/comments?post=107440"}],"version-history":[{"count":50,"href":"https:\/\/gruendungsbuero.info\/en\/wp-json\/wp\/v2\/pages\/107440\/revisions"}],"predecessor-version":[{"id":112969,"href":"https:\/\/gruendungsbuero.info\/en\/wp-json\/wp\/v2\/pages\/107440\/revisions\/112969"}],"wp:attachment":[{"href":"https:\/\/gruendungsbuero.info\/en\/wp-json\/wp\/v2\/media?parent=107440"}],"curies":[{"name":"wp","href":"https:\/\/api.w.org\/{rel}","templated":true}]}}