{"id":106706,"date":"2023-01-18T10:00:25","date_gmt":"2023-01-18T09:00:25","guid":{"rendered":"https:\/\/gruendungsbuero.info\/?page_id=106706"},"modified":"2026-02-04T13:51:40","modified_gmt":"2026-02-04T12:51:40","slug":"start-in-rlp","status":"publish","type":"page","link":"https:\/\/gruendungsbuero.info\/en\/start-in-rlp\/","title":{"rendered":"Start.in.RLP"},"content":{"rendered":"<p class=\"has-white-background-color has-background\">Start.in.RLP, das Gr\u00fcnderstipendium Rheinland-Pfalz er\u00f6ffnet dir die Chance, deine innovative Gesch\u00e4ftsidee auf den Weg zu bringen und dir ein Netzwerk in deiner Region aufzubauen. Wenn du kurz vor der Gr\u00fcndung stehst oder innerhalb der letzten 12 Monate ein Unternehmen gegr\u00fcndet hast, kannst du mit einem monatlichen Stipendium in H\u00f6he von 1.000 Euro (brutto) f\u00fcr maximal ein Jahr unterst\u00fctzt werden.<\/p>\n\n\n\n<p class=\"has-white-background-color has-background\">Gr\u00fcndungb\u00fcro is an accredited partner in the Start.in.RLP network and is happy to assist you with the application process. <\/p>\n\n\n\n<p class=\"has-white-background-color has-background\">Little tip: Start.in.RLP can also be used after receiving funding from the EXISTBusiness Start-up Grant or EXIST Research Transfer. We are happy to assist you further. <\/p>\n\n\n\n<p class=\"has-white-background-color has-background translation-block\">More information here: gruenden.rlp.de\/<\/p>\n\n\n\n<hr class=\"wp-block-separator has-text-color has-white-color has-alpha-channel-opacity has-white-background-color has-background is-style-dots\"\/>\n\n\n\n<figure class=\"wp-block-image size-large is-style-default\"><img decoding=\"async\" width=\"1024\" height=\"566\" src=\"https:\/\/gruendungsbuero.info\/app\/uploads\/2023\/01\/Start.in_.RLP_.Antragsphase-1024x566.png\" alt=\"Start.in.RLP\" class=\"wp-image-106718\" srcset=\"https:\/\/gruendungsbuero.info\/app\/uploads\/2023\/01\/Start.in_.RLP_.Antragsphase-980x542.png 980w, https:\/\/gruendungsbuero.info\/app\/uploads\/2023\/01\/Start.in_.RLP_.Antragsphase-480x266.png 480w\" sizes=\"(min-width: 0px) and (max-width: 480px) 480px, (min-width: 481px) and (max-width: 980px) 980px, (min-width: 981px) 1024px, 100vw\" \/><\/figure>","protected":false},"excerpt":{"rendered":"<p>Start.in.RLP, das Gr\u00fcnderstipendium Rheinland-Pfalz er\u00f6ffnet dir die Chance, deine innovative Gesch\u00e4ftsidee auf den Weg zu bringen und dir ein Netzwerk in deiner Region aufzubauen. Wenn du kurz vor der Gr\u00fcndung stehst oder innerhalb der letzten 12 Monate ein Unternehmen gegr\u00fcndet hast, kannst du mit einem monatlichen Stipendium in H\u00f6he von 1.000 Euro (brutto) f\u00fcr maximal [&hellip;]<\/p>","protected":false},"author":18,"featured_media":0,"parent":0,"menu_order":0,"comment_status":"closed","ping_status":"closed","template":"","meta":{"_et_pb_use_builder":"off","_et_pb_old_content":"<!-- wp:paragraph -->\n<p>Start.in.RLP, das Gr\u00fcnderstipendium Rheinland-Pfalz er\u00f6ffnet dir die Chance, deine innovative Gesch\u00e4ftsidee auf den Weg zu bringen und sich ein Netzwerk in Ihrer Region aufzubauen. Wenn du kurz vor der Gr\u00fcndung stehst oder innerhalb der letzten 12 Monate ein Unternehmen gegr\u00fcndet hast, kannst du mit einem monatlichen Stipendium in H\u00f6he von 1.000 Euro (brutto) f\u00fcr maximal ein Jahr unterst\u00fctzt werden. <\/p>\n<!-- \/wp:paragraph -->\n\n<!-- wp:paragraph -->\n<p>Das Gr\u00fcndungsb\u00fcro ist akkreditierter Partner im Netzwerk von Start.in.RLP und hilft dir gerne bei der Beantragung weiter. <\/p>\n<!-- \/wp:paragraph -->\n\n<!-- wp:paragraph -->\n<p>Kleiner Tipp: Start.in.RLP kann auch nach einer F\u00f6rderung von durch EXIST-Gr\u00fcnderstipendium oder EXIST-Forschungstransfer in Anspruch genommen werden. Wir helfen dir gerne weiter. <\/p>\n<!-- \/wp:paragraph -->\n\n<!-- wp:paragraph -->\n<p>Weitere Infos unter <a href=\"https:\/\/gruenden.rlp.de\/de\/startinrlp\/\" target=\"_blank\" rel=\"noreferrer noopener\"><mark style=\"background-color:rgba(0, 0, 0, 0);color:#509ac8\" class=\"has-inline-color\">gruenden.rlp.de\/<\/mark>.<\/a><\/p>\n<!-- \/wp:paragraph -->\n\n<!-- wp:separator {\"opacity\":\"css\",\"className\":\"is-style-dots\"} -->\n<hr class=\"wp-block-separator has-css-opacity is-style-dots\"\/>\n<!-- \/wp:separator -->\n\n<!-- wp:image {\"id\":106718,\"sizeSlug\":\"large\",\"linkDestination\":\"none\",\"className\":\"is-style-default\"} -->\n<figure class=\"wp-block-image size-large is-style-default\"><img src=\"https:\/\/gruendungsbuero.info\/app\/uploads\/2023\/01\/Start.in_.RLP_.Antragsphase-1024x566.png\" alt=\"Start.in.RLP\" class=\"wp-image-106718\"\/><\/figure>\n<!-- \/wp:image -->","_et_gb_content_width":"","inline_featured_image":false,"footnotes":""},"class_list":["post-106706","page","type-page","status-publish","hentry"],"yoast_head":"<!-- This site is optimized with the Yoast SEO plugin v26.0 - https:\/\/yoast.com\/wordpress\/plugins\/seo\/ -->\n<title>Start.in.RLP - Gr\u00fcndungsb\u00fcro<\/title>\n<meta name=\"robots\" content=\"index, follow, max-snippet:-1, max-image-preview:large, max-video-preview:-1\" \/>\n<link rel=\"canonical\" href=\"https:\/\/gruendungsbuero.info\/en\/start-in-rlp\/\" \/>\n<meta property=\"og:locale\" content=\"en_GB\" \/>\n<meta property=\"og:type\" content=\"article\" \/>\n<meta property=\"og:title\" content=\"Start.in.RLP - Gr\u00fcndungsb\u00fcro\" \/>\n<meta property=\"og:description\" content=\"Start.in.RLP, das Gr\u00fcnderstipendium Rheinland-Pfalz er\u00f6ffnet dir die Chance, deine innovative Gesch\u00e4ftsidee auf den Weg zu bringen und dir ein Netzwerk in deiner Region aufzubauen. Wenn du kurz vor der Gr\u00fcndung stehst oder innerhalb der letzten 12 Monate ein Unternehmen gegr\u00fcndet hast, kannst du mit einem monatlichen Stipendium in H\u00f6he von 1.000 Euro (brutto) f\u00fcr maximal [&hellip;]\" \/>\n<meta property=\"og:url\" content=\"https:\/\/gruendungsbuero.info\/en\/start-in-rlp\/\" \/>\n<meta property=\"og:site_name\" content=\"Gr\u00fcndungsb\u00fcro\" \/>\n<meta property=\"article:modified_time\" content=\"2026-02-04T12:51:40+00:00\" \/>\n<meta property=\"og:image\" content=\"https:\/\/gruendungsbuero.info\/app\/uploads\/2023\/01\/Start.in_.RLP_.Antragsphase.png\" \/>\n\t<meta property=\"og:image:width\" content=\"1920\" \/>\n\t<meta property=\"og:image:height\" content=\"1062\" \/>\n\t<meta property=\"og:image:type\" content=\"image\/png\" \/>\n<meta name=\"twitter:card\" content=\"summary_large_image\" \/>\n<meta name=\"twitter:label1\" content=\"Est. reading time\" \/>\n\t<meta name=\"twitter:data1\" content=\"1 minute\" \/>\n<script type=\"application\/ld+json\" class=\"yoast-schema-graph\">{\"@context\":\"https:\/\/schema.org\",\"@graph\":[{\"@type\":\"WebPage\",\"@id\":\"https:\/\/gruendungsbuero.info\/start-in-rlp\/\",\"url\":\"https:\/\/gruendungsbuero.info\/start-in-rlp\/\",\"name\":\"Start.in.RLP - Gr\u00fcndungsb\u00fcro\",\"isPartOf\":{\"@id\":\"https:\/\/gruendungsbuero.info\/#website\"},\"primaryImageOfPage\":{\"@id\":\"https:\/\/gruendungsbuero.info\/start-in-rlp\/#primaryimage\"},\"image\":{\"@id\":\"https:\/\/gruendungsbuero.info\/start-in-rlp\/#primaryimage\"},\"thumbnailUrl\":\"https:\/\/gruendungsbuero.info\/app\/uploads\/2023\/01\/Start.in_.RLP_.Antragsphase-1024x566.png\",\"datePublished\":\"2023-01-18T09:00:25+00:00\",\"dateModified\":\"2026-02-04T12:51:40+00:00\",\"breadcrumb\":{\"@id\":\"https:\/\/gruendungsbuero.info\/start-in-rlp\/#breadcrumb\"},\"inLanguage\":\"en-GB\",\"potentialAction\":[{\"@type\":\"ReadAction\",\"target\":[\"https:\/\/gruendungsbuero.info\/start-in-rlp\/\"]}]},{\"@type\":\"ImageObject\",\"inLanguage\":\"en-GB\",\"@id\":\"https:\/\/gruendungsbuero.info\/start-in-rlp\/#primaryimage\",\"url\":\"https:\/\/gruendungsbuero.info\/app\/uploads\/2023\/01\/Start.in_.RLP_.Antragsphase-1024x566.png\",\"contentUrl\":\"https:\/\/gruendungsbuero.info\/app\/uploads\/2023\/01\/Start.in_.RLP_.Antragsphase-1024x566.png\"},{\"@type\":\"BreadcrumbList\",\"@id\":\"https:\/\/gruendungsbuero.info\/start-in-rlp\/#breadcrumb\",\"itemListElement\":[{\"@type\":\"ListItem\",\"position\":1,\"name\":\"Home\",\"item\":\"https:\/\/gruendungsbuero.info\/\"},{\"@type\":\"ListItem\",\"position\":2,\"name\":\"Start.in.RLP\"}]},{\"@type\":\"WebSite\",\"@id\":\"https:\/\/gruendungsbuero.info\/#website\",\"url\":\"https:\/\/gruendungsbuero.info\/\",\"name\":\"Gr\u00fcndungsb\u00fcro\",\"description\":\"Rheinland-Pf\u00e4lzische Technische Universit\u00e4t &amp; Hochschule Kaiserslautern\",\"potentialAction\":[{\"@type\":\"SearchAction\",\"target\":{\"@type\":\"EntryPoint\",\"urlTemplate\":\"https:\/\/gruendungsbuero.info\/?s={search_term_string}\"},\"query-input\":{\"@type\":\"PropertyValueSpecification\",\"valueRequired\":true,\"valueName\":\"search_term_string\"}}],\"inLanguage\":\"en-GB\"}]}<\/script>\n<!-- \/ Yoast SEO plugin. -->","yoast_head_json":{"title":"Start.in.RLP - Gr\u00fcndungsb\u00fcro","robots":{"index":"index","follow":"follow","max-snippet":"max-snippet:-1","max-image-preview":"max-image-preview:large","max-video-preview":"max-video-preview:-1"},"canonical":"https:\/\/gruendungsbuero.info\/en\/start-in-rlp\/","og_locale":"en_GB","og_type":"article","og_title":"Start.in.RLP - Gr\u00fcndungsb\u00fcro","og_description":"Start.in.RLP, das Gr\u00fcnderstipendium Rheinland-Pfalz er\u00f6ffnet dir die Chance, deine innovative Gesch\u00e4ftsidee auf den Weg zu bringen und dir ein Netzwerk in deiner Region aufzubauen. Wenn du kurz vor der Gr\u00fcndung stehst oder innerhalb der letzten 12 Monate ein Unternehmen gegr\u00fcndet hast, kannst du mit einem monatlichen Stipendium in H\u00f6he von 1.000 Euro (brutto) f\u00fcr maximal [&hellip;]","og_url":"https:\/\/gruendungsbuero.info\/en\/start-in-rlp\/","og_site_name":"Gr\u00fcndungsb\u00fcro","article_modified_time":"2026-02-04T12:51:40+00:00","og_image":[{"width":1920,"height":1062,"url":"https:\/\/gruendungsbuero.info\/app\/uploads\/2023\/01\/Start.in_.RLP_.Antragsphase.png","type":"image\/png"}],"twitter_card":"summary_large_image","twitter_misc":{"Est. reading time":"1 minute"},"schema":{"@context":"https:\/\/schema.org","@graph":[{"@type":"WebPage","@id":"https:\/\/gruendungsbuero.info\/start-in-rlp\/","url":"https:\/\/gruendungsbuero.info\/start-in-rlp\/","name":"Start.in.RLP - Gr\u00fcndungsb\u00fcro","isPartOf":{"@id":"https:\/\/gruendungsbuero.info\/#website"},"primaryImageOfPage":{"@id":"https:\/\/gruendungsbuero.info\/start-in-rlp\/#primaryimage"},"image":{"@id":"https:\/\/gruendungsbuero.info\/start-in-rlp\/#primaryimage"},"thumbnailUrl":"https:\/\/gruendungsbuero.info\/app\/uploads\/2023\/01\/Start.in_.RLP_.Antragsphase-1024x566.png","datePublished":"2023-01-18T09:00:25+00:00","dateModified":"2026-02-04T12:51:40+00:00","breadcrumb":{"@id":"https:\/\/gruendungsbuero.info\/start-in-rlp\/#breadcrumb"},"inLanguage":"en-GB","potentialAction":[{"@type":"ReadAction","target":["https:\/\/gruendungsbuero.info\/start-in-rlp\/"]}]},{"@type":"ImageObject","inLanguage":"en-GB","@id":"https:\/\/gruendungsbuero.info\/start-in-rlp\/#primaryimage","url":"https:\/\/gruendungsbuero.info\/app\/uploads\/2023\/01\/Start.in_.RLP_.Antragsphase-1024x566.png","contentUrl":"https:\/\/gruendungsbuero.info\/app\/uploads\/2023\/01\/Start.in_.RLP_.Antragsphase-1024x566.png"},{"@type":"BreadcrumbList","@id":"https:\/\/gruendungsbuero.info\/start-in-rlp\/#breadcrumb","itemListElement":[{"@type":"ListItem","position":1,"name":"Home","item":"https:\/\/gruendungsbuero.info\/"},{"@type":"ListItem","position":2,"name":"Start.in.RLP"}]},{"@type":"WebSite","@id":"https:\/\/gruendungsbuero.info\/#website","url":"https:\/\/gruendungsbuero.info\/","name":"Gr\u00fcndungsb\u00fcro","description":"Rheinland-Pf\u00e4lzische Technische Universit\u00e4t &amp; Hochschule Kaiserslautern","potentialAction":[{"@type":"SearchAction","target":{"@type":"EntryPoint","urlTemplate":"https:\/\/gruendungsbuero.info\/?s={search_term_string}"},"query-input":{"@type":"PropertyValueSpecification","valueRequired":true,"valueName":"search_term_string"}}],"inLanguage":"en-GB"}]}},"_links":{"self":[{"href":"https:\/\/gruendungsbuero.info\/en\/wp-json\/wp\/v2\/pages\/106706","targetHints":{"allow":["GET"]}}],"collection":[{"href":"https:\/\/gruendungsbuero.info\/en\/wp-json\/wp\/v2\/pages"}],"about":[{"href":"https:\/\/gruendungsbuero.info\/en\/wp-json\/wp\/v2\/types\/page"}],"author":[{"embeddable":true,"href":"https:\/\/gruendungsbuero.info\/en\/wp-json\/wp\/v2\/users\/18"}],"replies":[{"embeddable":true,"href":"https:\/\/gruendungsbuero.info\/en\/wp-json\/wp\/v2\/comments?post=106706"}],"version-history":[{"count":13,"href":"https:\/\/gruendungsbuero.info\/en\/wp-json\/wp\/v2\/pages\/106706\/revisions"}],"predecessor-version":[{"id":113109,"href":"https:\/\/gruendungsbuero.info\/en\/wp-json\/wp\/v2\/pages\/106706\/revisions\/113109"}],"wp:attachment":[{"href":"https:\/\/gruendungsbuero.info\/en\/wp-json\/wp\/v2\/media?parent=106706"}],"curies":[{"name":"wp","href":"https:\/\/api.w.org\/{rel}","templated":true}]}}