{"id":102100,"date":"2022-02-14T08:47:08","date_gmt":"2022-02-14T07:47:08","guid":{"rendered":"https:\/\/gruendungsbuero.info\/?page_id=102100"},"modified":"2022-05-11T13:27:12","modified_gmt":"2022-05-11T12:27:12","slug":"first-interview","status":"publish","type":"page","link":"https:\/\/gruendungsbuero.info\/en\/first-interview\/","title":{"rendered":"Erstgespr\u00e4ch"},"content":{"rendered":"[et_pb_section fb_built=&#8220;1&#8243; admin_label=&#8220;section&#8220; _builder_version=&#8220;4.14.6&#8243; hover_enabled=&#8220;0&#8243; global_colors_info=&#8220;{}&#8220; theme_builder_area=&#8220;post_content&#8220; background_color=&#8220;RGBA(255,255,255,0)&#8220; sticky_enabled=&#8220;0&#8243;][et_pb_row admin_label=&#8220;row&#8220; _builder_version=&#8220;3.25&#8243; background_size=&#8220;initial&#8220; background_position=&#8220;top_left&#8220; background_repeat=&#8220;repeat&#8220; hover_enabled=&#8220;0&#8243; global_colors_info=&#8220;{}&#8220; theme_builder_area=&#8220;post_content&#8220; sticky_enabled=&#8220;0&#8243;][et_pb_column type=&#8220;4_4&#8243; _builder_version=&#8220;3.25&#8243; custom_padding=&#8220;|||&#8220; global_colors_info=&#8220;{}&#8220; custom_padding__hover=&#8220;|||&#8220; theme_builder_area=&#8220;post_content&#8220;][et_pb_text admin_label=&#8220;Text&#8220; _builder_version=&#8220;4.14.6&#8243; background_size=&#8220;initial&#8220; background_position=&#8220;top_left&#8220; background_repeat=&#8220;repeat&#8220; hover_enabled=&#8220;0&#8243; global_colors_info=&#8220;{}&#8220; theme_builder_area=&#8220;post_content&#8220; sticky_enabled=&#8220;0&#8243;]<p>Starthilfe f\u00fcr Gr\u00fcndungsideen gibt es in individuellen Gespr\u00e4chen. Wir diskutieren \u00fcber eure Gr\u00fcndungsidee und erarbeiten gemeinsam die n\u00e4chsten Schritte, um aus eurer Idee ein tragf\u00e4higes Konzept zu entwickeln. Zus\u00e4tzlich informieren wir \u00fcber die Unterst\u00fctzungsangebote unserer regionalen und bundesweiten Partner*innen. Weitere Gespr\u00e4che folgen bedarfsorientiert.<\/p>\n<p>Um einen Termin f\u00fcr diese kostenfreie und unverbindliche Unterst\u00fctzung zu vereinbaren, meldet euch bitte unter folgendem Link an: <a href=\"https:\/\/gruendungsbuero.info\/en\/veranstaltungen\/892348068\/\">Erstgespr\u00e4ch<\/a>. Wir freuen uns darauf, euch kennenzulernen!<\/p>\n<p><\/p>\n<p><\/p>\n<p><\/p>\n<p><\/p>\n<p><\/p>\n<p><\/p>\n<p><\/p>[\/et_pb_text][\/et_pb_column][\/et_pb_row][\/et_pb_section]","protected":false},"excerpt":{"rendered":"<p>Starthilfe f\u00fcr Gr\u00fcndungsideen gibt es in individuellen Gespr\u00e4chen. Wir diskutieren \u00fcber eure Gr\u00fcndungsidee und erarbeiten gemeinsam die n\u00e4chsten Schritte, um aus eurer Idee ein tragf\u00e4higes Konzept zu entwickeln. Zus\u00e4tzlich informieren wir \u00fcber die Unterst\u00fctzungsangebote unserer regionalen und bundesweiten Partner*innen. Weitere Gespr\u00e4che folgen bedarfsorientiert. Um einen Termin f\u00fcr diese kostenfreie und unverbindliche Unterst\u00fctzung zu vereinbaren, meldet [&hellip;]<\/p>","protected":false},"author":810,"featured_media":101465,"parent":0,"menu_order":1,"comment_status":"closed","ping_status":"closed","template":"","meta":{"_et_pb_use_builder":"on","_et_pb_old_content":"<!-- wp:paragraph -->\n<p>Starthilfe f\u00fcr Gr\u00fcndungsideen gibt es in individuellen Gespr\u00e4chen.<\/p>\n<!-- \/wp:paragraph -->\n\n<!-- wp:paragraph -->\n<p>Wir diskutieren \u00fcber Eure Gr\u00fcndungsidee und erarbeiten gemeinsam die n\u00e4chsten Schritte, um aus Eurer Idee ein tragf\u00e4higes Konzept zu entwickeln.<\/p>\n<!-- \/wp:paragraph -->\n\n<!-- wp:paragraph -->\n<p>Zus\u00e4tzlich informieren wir \u00fcber die Unterst\u00fctzungsangebote unserer regionaler und bundesweiter . Weitere Gespr\u00e4che folgen bedarfsorientiert.<\/p>\n<!-- \/wp:paragraph -->\n\n<!-- wp:paragraph -->\n<p>Um einen Termin f\u00fcr diese kostenfreie und unverbindliche Unterst\u00fctzung zu vereinbaren, meldet euch bitte unter folgendem Link an: <a href=\"http:\/\/www.gruendungsbuero.info\/veranstaltungen\/892348068\">Erstgespr\u00e4ch<\/a>.<\/p>\n<!-- \/wp:paragraph -->\n\n<!-- wp:paragraph -->\n<p>Wir freuen uns darauf, Euch kennenzulernen.<\/p>\n<!-- \/wp:paragraph -->\n\n<!-- wp:paragraph -->\n<p><\/p>\n<!-- \/wp:paragraph -->","_et_gb_content_width":"","inline_featured_image":false,"footnotes":""},"class_list":["post-102100","page","type-page","status-publish","has-post-thumbnail","hentry"],"yoast_head":"<!-- This site is optimized with the Yoast SEO plugin v26.0 - https:\/\/yoast.com\/wordpress\/plugins\/seo\/ -->\n<title>Erstgespr\u00e4ch - Gr\u00fcndungsb\u00fcro<\/title>\n<meta name=\"robots\" content=\"index, follow, max-snippet:-1, max-image-preview:large, max-video-preview:-1\" \/>\n<link rel=\"canonical\" href=\"https:\/\/gruendungsbuero.info\/en\/angebote__trashed\/first-interview\/\" \/>\n<meta property=\"og:locale\" content=\"en_GB\" \/>\n<meta property=\"og:type\" content=\"article\" \/>\n<meta property=\"og:title\" content=\"Erstgespr\u00e4ch - Gr\u00fcndungsb\u00fcro\" \/>\n<meta property=\"og:description\" content=\"Starthilfe f\u00fcr Gr\u00fcndungsideen gibt es in individuellen Gespr\u00e4chen. Wir diskutieren \u00fcber eure Gr\u00fcndungsidee und erarbeiten gemeinsam die n\u00e4chsten Schritte, um aus eurer Idee ein tragf\u00e4higes Konzept zu entwickeln. Zus\u00e4tzlich informieren wir \u00fcber die Unterst\u00fctzungsangebote unserer regionalen und bundesweiten Partner*innen. Weitere Gespr\u00e4che folgen bedarfsorientiert. Um einen Termin f\u00fcr diese kostenfreie und unverbindliche Unterst\u00fctzung zu vereinbaren, meldet [&hellip;]\" \/>\n<meta property=\"og:url\" content=\"https:\/\/gruendungsbuero.info\/en\/angebote__trashed\/first-interview\/\" \/>\n<meta property=\"og:site_name\" content=\"Gr\u00fcndungsb\u00fcro\" \/>\n<meta property=\"article:modified_time\" content=\"2022-05-11T12:27:12+00:00\" \/>\n<meta property=\"og:image\" content=\"https:\/\/gruendungsbuero.info\/app\/uploads\/2022\/02\/247bef3c563736e84c1de22d1f93b8ccacb4cd7d.png\" \/>\n\t<meta property=\"og:image:width\" content=\"940\" \/>\n\t<meta property=\"og:image:height\" content=\"160\" \/>\n\t<meta property=\"og:image:type\" content=\"image\/png\" \/>\n<meta name=\"twitter:card\" content=\"summary_large_image\" \/>\n<meta name=\"twitter:label1\" content=\"Est. reading time\" \/>\n\t<meta name=\"twitter:data1\" content=\"1 minute\" \/>\n<script type=\"application\/ld+json\" class=\"yoast-schema-graph\">{\"@context\":\"https:\/\/schema.org\",\"@graph\":[{\"@type\":\"WebPage\",\"@id\":\"https:\/\/gruendungsbuero.info\/angebote__trashed\/erstgespraech\/\",\"url\":\"https:\/\/gruendungsbuero.info\/angebote__trashed\/erstgespraech\/\",\"name\":\"Erstgespr\u00e4ch - Gr\u00fcndungsb\u00fcro\",\"isPartOf\":{\"@id\":\"https:\/\/gruendungsbuero.info\/#website\"},\"primaryImageOfPage\":{\"@id\":\"https:\/\/gruendungsbuero.info\/angebote__trashed\/erstgespraech\/#primaryimage\"},\"image\":{\"@id\":\"https:\/\/gruendungsbuero.info\/angebote__trashed\/erstgespraech\/#primaryimage\"},\"thumbnailUrl\":\"https:\/\/gruendungsbuero.info\/app\/uploads\/2022\/02\/247bef3c563736e84c1de22d1f93b8ccacb4cd7d.png\",\"datePublished\":\"2022-02-14T07:47:08+00:00\",\"dateModified\":\"2022-05-11T12:27:12+00:00\",\"breadcrumb\":{\"@id\":\"https:\/\/gruendungsbuero.info\/angebote__trashed\/erstgespraech\/#breadcrumb\"},\"inLanguage\":\"en-GB\",\"potentialAction\":[{\"@type\":\"ReadAction\",\"target\":[\"https:\/\/gruendungsbuero.info\/angebote__trashed\/erstgespraech\/\"]}]},{\"@type\":\"ImageObject\",\"inLanguage\":\"en-GB\",\"@id\":\"https:\/\/gruendungsbuero.info\/angebote__trashed\/erstgespraech\/#primaryimage\",\"url\":\"https:\/\/gruendungsbuero.info\/app\/uploads\/2022\/02\/247bef3c563736e84c1de22d1f93b8ccacb4cd7d.png\",\"contentUrl\":\"https:\/\/gruendungsbuero.info\/app\/uploads\/2022\/02\/247bef3c563736e84c1de22d1f93b8ccacb4cd7d.png\",\"width\":940,\"height\":160},{\"@type\":\"BreadcrumbList\",\"@id\":\"https:\/\/gruendungsbuero.info\/angebote__trashed\/erstgespraech\/#breadcrumb\",\"itemListElement\":[{\"@type\":\"ListItem\",\"position\":1,\"name\":\"Home\",\"item\":\"https:\/\/gruendungsbuero.info\/\"},{\"@type\":\"ListItem\",\"position\":2,\"name\":\"Erstgespr\u00e4ch\"}]},{\"@type\":\"WebSite\",\"@id\":\"https:\/\/gruendungsbuero.info\/#website\",\"url\":\"https:\/\/gruendungsbuero.info\/\",\"name\":\"Gr\u00fcndungsb\u00fcro\",\"description\":\"Rheinland-Pf\u00e4lzische Technische Universit\u00e4t &amp; Hochschule Kaiserslautern\",\"potentialAction\":[{\"@type\":\"SearchAction\",\"target\":{\"@type\":\"EntryPoint\",\"urlTemplate\":\"https:\/\/gruendungsbuero.info\/?s={search_term_string}\"},\"query-input\":{\"@type\":\"PropertyValueSpecification\",\"valueRequired\":true,\"valueName\":\"search_term_string\"}}],\"inLanguage\":\"en-GB\"}]}<\/script>\n<!-- \/ Yoast SEO plugin. -->","yoast_head_json":{"title":"Erstgespr\u00e4ch - Gr\u00fcndungsb\u00fcro","robots":{"index":"index","follow":"follow","max-snippet":"max-snippet:-1","max-image-preview":"max-image-preview:large","max-video-preview":"max-video-preview:-1"},"canonical":"https:\/\/gruendungsbuero.info\/en\/angebote__trashed\/first-interview\/","og_locale":"en_GB","og_type":"article","og_title":"Erstgespr\u00e4ch - Gr\u00fcndungsb\u00fcro","og_description":"Starthilfe f\u00fcr Gr\u00fcndungsideen gibt es in individuellen Gespr\u00e4chen. Wir diskutieren \u00fcber eure Gr\u00fcndungsidee und erarbeiten gemeinsam die n\u00e4chsten Schritte, um aus eurer Idee ein tragf\u00e4higes Konzept zu entwickeln. Zus\u00e4tzlich informieren wir \u00fcber die Unterst\u00fctzungsangebote unserer regionalen und bundesweiten Partner*innen. Weitere Gespr\u00e4che folgen bedarfsorientiert. Um einen Termin f\u00fcr diese kostenfreie und unverbindliche Unterst\u00fctzung zu vereinbaren, meldet [&hellip;]","og_url":"https:\/\/gruendungsbuero.info\/en\/angebote__trashed\/first-interview\/","og_site_name":"Gr\u00fcndungsb\u00fcro","article_modified_time":"2022-05-11T12:27:12+00:00","og_image":[{"width":940,"height":160,"url":"https:\/\/gruendungsbuero.info\/app\/uploads\/2022\/02\/247bef3c563736e84c1de22d1f93b8ccacb4cd7d.png","type":"image\/png"}],"twitter_card":"summary_large_image","twitter_misc":{"Est. reading time":"1 minute"},"schema":{"@context":"https:\/\/schema.org","@graph":[{"@type":"WebPage","@id":"https:\/\/gruendungsbuero.info\/angebote__trashed\/erstgespraech\/","url":"https:\/\/gruendungsbuero.info\/angebote__trashed\/erstgespraech\/","name":"Erstgespr\u00e4ch - Gr\u00fcndungsb\u00fcro","isPartOf":{"@id":"https:\/\/gruendungsbuero.info\/#website"},"primaryImageOfPage":{"@id":"https:\/\/gruendungsbuero.info\/angebote__trashed\/erstgespraech\/#primaryimage"},"image":{"@id":"https:\/\/gruendungsbuero.info\/angebote__trashed\/erstgespraech\/#primaryimage"},"thumbnailUrl":"https:\/\/gruendungsbuero.info\/app\/uploads\/2022\/02\/247bef3c563736e84c1de22d1f93b8ccacb4cd7d.png","datePublished":"2022-02-14T07:47:08+00:00","dateModified":"2022-05-11T12:27:12+00:00","breadcrumb":{"@id":"https:\/\/gruendungsbuero.info\/angebote__trashed\/erstgespraech\/#breadcrumb"},"inLanguage":"en-GB","potentialAction":[{"@type":"ReadAction","target":["https:\/\/gruendungsbuero.info\/angebote__trashed\/erstgespraech\/"]}]},{"@type":"ImageObject","inLanguage":"en-GB","@id":"https:\/\/gruendungsbuero.info\/angebote__trashed\/erstgespraech\/#primaryimage","url":"https:\/\/gruendungsbuero.info\/app\/uploads\/2022\/02\/247bef3c563736e84c1de22d1f93b8ccacb4cd7d.png","contentUrl":"https:\/\/gruendungsbuero.info\/app\/uploads\/2022\/02\/247bef3c563736e84c1de22d1f93b8ccacb4cd7d.png","width":940,"height":160},{"@type":"BreadcrumbList","@id":"https:\/\/gruendungsbuero.info\/angebote__trashed\/erstgespraech\/#breadcrumb","itemListElement":[{"@type":"ListItem","position":1,"name":"Home","item":"https:\/\/gruendungsbuero.info\/"},{"@type":"ListItem","position":2,"name":"Erstgespr\u00e4ch"}]},{"@type":"WebSite","@id":"https:\/\/gruendungsbuero.info\/#website","url":"https:\/\/gruendungsbuero.info\/","name":"Gr\u00fcndungsb\u00fcro","description":"Rheinland-Pf\u00e4lzische Technische Universit\u00e4t &amp; Hochschule Kaiserslautern","potentialAction":[{"@type":"SearchAction","target":{"@type":"EntryPoint","urlTemplate":"https:\/\/gruendungsbuero.info\/?s={search_term_string}"},"query-input":{"@type":"PropertyValueSpecification","valueRequired":true,"valueName":"search_term_string"}}],"inLanguage":"en-GB"}]}},"_links":{"self":[{"href":"https:\/\/gruendungsbuero.info\/en\/wp-json\/wp\/v2\/pages\/102100","targetHints":{"allow":["GET"]}}],"collection":[{"href":"https:\/\/gruendungsbuero.info\/en\/wp-json\/wp\/v2\/pages"}],"about":[{"href":"https:\/\/gruendungsbuero.info\/en\/wp-json\/wp\/v2\/types\/page"}],"author":[{"embeddable":true,"href":"https:\/\/gruendungsbuero.info\/en\/wp-json\/wp\/v2\/users\/810"}],"replies":[{"embeddable":true,"href":"https:\/\/gruendungsbuero.info\/en\/wp-json\/wp\/v2\/comments?post=102100"}],"version-history":[{"count":6,"href":"https:\/\/gruendungsbuero.info\/en\/wp-json\/wp\/v2\/pages\/102100\/revisions"}],"predecessor-version":[{"id":105142,"href":"https:\/\/gruendungsbuero.info\/en\/wp-json\/wp\/v2\/pages\/102100\/revisions\/105142"}],"wp:featuredmedia":[{"embeddable":true,"href":"https:\/\/gruendungsbuero.info\/en\/wp-json\/wp\/v2\/media\/101465"}],"wp:attachment":[{"href":"https:\/\/gruendungsbuero.info\/en\/wp-json\/wp\/v2\/media?parent=102100"}],"curies":[{"name":"wp","href":"https:\/\/api.w.org\/{rel}","templated":true}]}}