{"id":101731,"date":"2022-02-03T13:25:20","date_gmt":"2022-02-03T13:25:20","guid":{"rendered":"https:\/\/gruendungsbuero.info\/?page_id=101731"},"modified":"2022-03-10T15:28:10","modified_gmt":"2022-03-10T14:28:10","slug":"presse","status":"publish","type":"page","link":"https:\/\/gruendungsbuero.info\/en\/presse\/","title":{"rendered":"presse"},"content":{"rendered":"<p>tests<\/p>\n\n\n\n<p>tests<\/p>\n\n\n\n<p>tests<\/p>\n\n\n\n<p>tests<\/p>\n\n\n\n<p>tests<\/p>\n\n\n\n<p>tests<\/p>\n\n\n\n<p>tests<\/p>\n\n\n\n<p>tests<\/p>\n\n\n\n<p>tests<\/p>\n\n\n\n<p>tests<\/p>\n\n\n\n<p>tests<\/p>\n\n\n\n<p>tests<\/p>\n\n\n\n<p><\/p>\n\n\n\n<p><\/p>\n\n\n\n<p>tests<\/p>\n\n\n\n<p>tests<\/p>\n\n\n\n<p>tests<\/p>\n\n\n\n<p>tests<\/p>\n\n\n\n<p>tests<\/p>\n\n\n\n<p>tests<\/p>\n\n\n\n<p>tests<\/p>\n\n\n\n<p>tests<\/p>\n\n\n\n<p>tests<\/p>\n\n\n\n<p>tests<\/p>\n\n\n\n<p>tests<\/p>\n\n\n\n<p>tests<\/p>\n\n\n\n<p>tests<\/p>\n\n\n\n<p>tests<\/p>\n\n\n\n<p>tests<\/p>\n\n\n\n<p>tests<\/p>\n\n\n\n<p><\/p>\n\n\n\n<p><\/p>","protected":false},"excerpt":{"rendered":"<p>tests tests tests tests tests tests tests tests tests tests tests tests tests tests tests tests tests tests tests tests tests tests tests tests tests tests tests tests<\/p>","protected":false},"author":810,"featured_media":101729,"parent":0,"menu_order":0,"comment_status":"closed","ping_status":"closed","template":"","meta":{"_et_pb_use_builder":"off","_et_pb_old_content":"","_et_gb_content_width":"","inline_featured_image":false,"footnotes":""},"class_list":["post-101731","page","type-page","status-publish","has-post-thumbnail","hentry"],"yoast_head":"<!-- This site is optimized with the Yoast SEO plugin v26.0 - https:\/\/yoast.com\/wordpress\/plugins\/seo\/ -->\n<title>presse - Gr\u00fcndungsb\u00fcro<\/title>\n<meta name=\"robots\" content=\"index, follow, max-snippet:-1, max-image-preview:large, max-video-preview:-1\" \/>\n<link rel=\"canonical\" href=\"https:\/\/gruendungsbuero.info\/en\/presse\/\" \/>\n<meta property=\"og:locale\" content=\"en_GB\" \/>\n<meta property=\"og:type\" content=\"article\" \/>\n<meta property=\"og:title\" content=\"presse - Gr\u00fcndungsb\u00fcro\" \/>\n<meta property=\"og:description\" content=\"tests tests tests tests tests tests tests tests tests tests tests tests tests tests tests tests tests tests tests tests tests tests tests tests tests tests tests tests\" \/>\n<meta property=\"og:url\" content=\"https:\/\/gruendungsbuero.info\/en\/presse\/\" \/>\n<meta property=\"og:site_name\" content=\"Gr\u00fcndungsb\u00fcro\" \/>\n<meta property=\"article:modified_time\" content=\"2022-03-10T14:28:10+00:00\" \/>\n<meta property=\"og:image\" content=\"https:\/\/gruendungsbuero.info\/app\/uploads\/2022\/02\/home-header-1.png\" \/>\n\t<meta property=\"og:image:width\" content=\"1920\" \/>\n\t<meta property=\"og:image:height\" content=\"350\" \/>\n\t<meta property=\"og:image:type\" content=\"image\/png\" \/>\n<meta name=\"twitter:card\" content=\"summary_large_image\" \/>\n<script type=\"application\/ld+json\" class=\"yoast-schema-graph\">{\"@context\":\"https:\/\/schema.org\",\"@graph\":[{\"@type\":\"WebPage\",\"@id\":\"https:\/\/gruendungsbuero.info\/presse\/\",\"url\":\"https:\/\/gruendungsbuero.info\/presse\/\",\"name\":\"presse - Gr\u00fcndungsb\u00fcro\",\"isPartOf\":{\"@id\":\"https:\/\/gruendungsbuero.info\/#website\"},\"primaryImageOfPage\":{\"@id\":\"https:\/\/gruendungsbuero.info\/presse\/#primaryimage\"},\"image\":{\"@id\":\"https:\/\/gruendungsbuero.info\/presse\/#primaryimage\"},\"thumbnailUrl\":\"https:\/\/gruendungsbuero.info\/app\/uploads\/2022\/02\/home-header-1.png\",\"datePublished\":\"2022-02-03T13:25:20+00:00\",\"dateModified\":\"2022-03-10T14:28:10+00:00\",\"breadcrumb\":{\"@id\":\"https:\/\/gruendungsbuero.info\/presse\/#breadcrumb\"},\"inLanguage\":\"en-GB\",\"potentialAction\":[{\"@type\":\"ReadAction\",\"target\":[\"https:\/\/gruendungsbuero.info\/presse\/\"]}]},{\"@type\":\"ImageObject\",\"inLanguage\":\"en-GB\",\"@id\":\"https:\/\/gruendungsbuero.info\/presse\/#primaryimage\",\"url\":\"https:\/\/gruendungsbuero.info\/app\/uploads\/2022\/02\/home-header-1.png\",\"contentUrl\":\"https:\/\/gruendungsbuero.info\/app\/uploads\/2022\/02\/home-header-1.png\",\"width\":1920,\"height\":350},{\"@type\":\"BreadcrumbList\",\"@id\":\"https:\/\/gruendungsbuero.info\/presse\/#breadcrumb\",\"itemListElement\":[{\"@type\":\"ListItem\",\"position\":1,\"name\":\"Home\",\"item\":\"https:\/\/gruendungsbuero.info\/\"},{\"@type\":\"ListItem\",\"position\":2,\"name\":\"presse\"}]},{\"@type\":\"WebSite\",\"@id\":\"https:\/\/gruendungsbuero.info\/#website\",\"url\":\"https:\/\/gruendungsbuero.info\/\",\"name\":\"Gr\u00fcndungsb\u00fcro\",\"description\":\"Rheinland-Pf\u00e4lzische Technische Universit\u00e4t &amp; Hochschule Kaiserslautern\",\"potentialAction\":[{\"@type\":\"SearchAction\",\"target\":{\"@type\":\"EntryPoint\",\"urlTemplate\":\"https:\/\/gruendungsbuero.info\/?s={search_term_string}\"},\"query-input\":{\"@type\":\"PropertyValueSpecification\",\"valueRequired\":true,\"valueName\":\"search_term_string\"}}],\"inLanguage\":\"en-GB\"}]}<\/script>\n<!-- \/ Yoast SEO plugin. -->","yoast_head_json":{"title":"presse - Gr\u00fcndungsb\u00fcro","robots":{"index":"index","follow":"follow","max-snippet":"max-snippet:-1","max-image-preview":"max-image-preview:large","max-video-preview":"max-video-preview:-1"},"canonical":"https:\/\/gruendungsbuero.info\/en\/presse\/","og_locale":"en_GB","og_type":"article","og_title":"presse - Gr\u00fcndungsb\u00fcro","og_description":"tests tests tests tests tests tests tests tests tests tests tests tests tests tests tests tests tests tests tests tests tests tests tests tests tests tests tests tests","og_url":"https:\/\/gruendungsbuero.info\/en\/presse\/","og_site_name":"Gr\u00fcndungsb\u00fcro","article_modified_time":"2022-03-10T14:28:10+00:00","og_image":[{"width":1920,"height":350,"url":"https:\/\/gruendungsbuero.info\/app\/uploads\/2022\/02\/home-header-1.png","type":"image\/png"}],"twitter_card":"summary_large_image","schema":{"@context":"https:\/\/schema.org","@graph":[{"@type":"WebPage","@id":"https:\/\/gruendungsbuero.info\/presse\/","url":"https:\/\/gruendungsbuero.info\/presse\/","name":"presse - Gr\u00fcndungsb\u00fcro","isPartOf":{"@id":"https:\/\/gruendungsbuero.info\/#website"},"primaryImageOfPage":{"@id":"https:\/\/gruendungsbuero.info\/presse\/#primaryimage"},"image":{"@id":"https:\/\/gruendungsbuero.info\/presse\/#primaryimage"},"thumbnailUrl":"https:\/\/gruendungsbuero.info\/app\/uploads\/2022\/02\/home-header-1.png","datePublished":"2022-02-03T13:25:20+00:00","dateModified":"2022-03-10T14:28:10+00:00","breadcrumb":{"@id":"https:\/\/gruendungsbuero.info\/presse\/#breadcrumb"},"inLanguage":"en-GB","potentialAction":[{"@type":"ReadAction","target":["https:\/\/gruendungsbuero.info\/presse\/"]}]},{"@type":"ImageObject","inLanguage":"en-GB","@id":"https:\/\/gruendungsbuero.info\/presse\/#primaryimage","url":"https:\/\/gruendungsbuero.info\/app\/uploads\/2022\/02\/home-header-1.png","contentUrl":"https:\/\/gruendungsbuero.info\/app\/uploads\/2022\/02\/home-header-1.png","width":1920,"height":350},{"@type":"BreadcrumbList","@id":"https:\/\/gruendungsbuero.info\/presse\/#breadcrumb","itemListElement":[{"@type":"ListItem","position":1,"name":"Home","item":"https:\/\/gruendungsbuero.info\/"},{"@type":"ListItem","position":2,"name":"presse"}]},{"@type":"WebSite","@id":"https:\/\/gruendungsbuero.info\/#website","url":"https:\/\/gruendungsbuero.info\/","name":"Gr\u00fcndungsb\u00fcro","description":"Rheinland-Pf\u00e4lzische Technische Universit\u00e4t &amp; Hochschule Kaiserslautern","potentialAction":[{"@type":"SearchAction","target":{"@type":"EntryPoint","urlTemplate":"https:\/\/gruendungsbuero.info\/?s={search_term_string}"},"query-input":{"@type":"PropertyValueSpecification","valueRequired":true,"valueName":"search_term_string"}}],"inLanguage":"en-GB"}]}},"_links":{"self":[{"href":"https:\/\/gruendungsbuero.info\/en\/wp-json\/wp\/v2\/pages\/101731","targetHints":{"allow":["GET"]}}],"collection":[{"href":"https:\/\/gruendungsbuero.info\/en\/wp-json\/wp\/v2\/pages"}],"about":[{"href":"https:\/\/gruendungsbuero.info\/en\/wp-json\/wp\/v2\/types\/page"}],"author":[{"embeddable":true,"href":"https:\/\/gruendungsbuero.info\/en\/wp-json\/wp\/v2\/users\/810"}],"replies":[{"embeddable":true,"href":"https:\/\/gruendungsbuero.info\/en\/wp-json\/wp\/v2\/comments?post=101731"}],"version-history":[{"count":2,"href":"https:\/\/gruendungsbuero.info\/en\/wp-json\/wp\/v2\/pages\/101731\/revisions"}],"predecessor-version":[{"id":103355,"href":"https:\/\/gruendungsbuero.info\/en\/wp-json\/wp\/v2\/pages\/101731\/revisions\/103355"}],"wp:featuredmedia":[{"embeddable":true,"href":"https:\/\/gruendungsbuero.info\/en\/wp-json\/wp\/v2\/media\/101729"}],"wp:attachment":[{"href":"https:\/\/gruendungsbuero.info\/en\/wp-json\/wp\/v2\/media?parent=101731"}],"curies":[{"name":"wp","href":"https:\/\/api.w.org\/{rel}","templated":true}]}}