{"id":101470,"date":"2022-02-03T09:25:13","date_gmt":"2022-02-03T09:25:13","guid":{"rendered":"https:\/\/gruendungsbuero.info\/?page_id=101470"},"modified":"2026-03-04T17:59:41","modified_gmt":"2026-03-04T16:59:41","slug":"contact-2","status":"publish","type":"page","link":"https:\/\/gruendungsbuero.info\/en\/contact-2\/","title":{"rendered":"Contact us"},"content":{"rendered":"<p>[et_pb_section fb_built=&#8220;1&#8243; _builder_version=&#8220;4.16&#8243; _module_preset=&#8220;default&#8220; background_color=&#8220;#FFFFFF&#8220; custom_margin=&#8220;||||false|false&#8220; custom_margin_tablet=&#8220;||||false|false&#8220; custom_margin_phone=&#8220;||||false|false&#8220; custom_margin_last_edited=&#8220;on|phone&#8220; custom_padding=&#8220;0px|0px|0px|0px|false|false&#8220; global_colors_info=&#8220;{}&#8220; theme_builder_area=&#8220;post_content&#8220;][et_pb_row column_structure=&#8220;1_2,1_2&#8243; custom_padding_last_edited=&#8220;on|phone&#8220; module_class=&#8220;content&#8220; _builder_version=&#8220;4.25.1&#8243; background_color=&#8220;#ffffff&#8220; width_tablet=&#8220;100%&#8220; width_phone=&#8220;100%&#8220; width_last_edited=&#8220;on|phone&#8220; custom_margin=&#8220;|||&#8220; custom_margin_tablet=&#8220;|||&#8220; custom_margin_phone=&#8220;|||&#8220; custom_margin_last_edited=&#8220;on|phone&#8220; custom_padding=&#8220;3.4%|5%|3.4%|5%|true|true&#8220; custom_padding_tablet=&#8220;&#8220; custom_padding_phone=&#8220;10%|10%|10%|10%|true|true&#8220; locked=&#8220;off&#8220; global_colors_info=&#8220;{}&#8220; theme_builder_area=&#8220;post_content&#8220;][et_pb_column type=&#8220;1_2&#8243; module_class=&#8220;column1&#8243; _builder_version=&#8220;4.16&#8243; custom_padding=&#8220;|||&#8220; global_colors_info=&#8220;{}&#8220; custom_padding__hover=&#8220;|||&#8220; theme_builder_area=&#8220;post_content&#8220;][et_pb_text quote_border_weight=&#8220;0px&#8220; quote_border_color=&#8220;rgba(0,0,0,0)&#8220; _builder_version=&#8220;4.16&#8243; text_font=&#8220;||||||||&#8220; link_font=&#8220;|100|||on|||#000000|&#8220; link_text_color=&#8220;#000000&#8243; quote_font=&#8220;Playfair Display||on||||||&#8220; quote_text_color=&#8220;#000000&#8243; quote_line_height=&#8220;1.3em&#8220; header_font=&#8220;|700|||||||&#8220; header_2_font=&#8220;|700|||||||&#8220; header_3_font=&#8220;|700|||||||&#8220; header_3_text_color=&#8220;#000000&#8243; header_4_letter_spacing=&#8220;12px&#8220; header_5_font=&#8220;|300|||||||&#8220; header_5_text_color=&#8220;#bfbfbf&#8220; header_5_letter_spacing=&#8220;12px&#8220; header_6_font=&#8220;|700|||||||&#8220; header_6_letter_spacing=&#8220;12px&#8220; module_alignment=&#8220;left&#8220; custom_margin_tablet=&#8220;|||&#8220; custom_margin_phone=&#8220;&#8220; custom_margin_last_edited=&#8220;on|tablet&#8220; custom_padding=&#8220;|||&#8220; hover_enabled=&#8220;0&#8243; quote_font_size_tablet=&#8220;&#8220; quote_font_size_phone=&#8220;&#8220; quote_font_size_last_edited=&#8220;on|desktop&#8220; saved_tabs=&#8220;all&#8220; locked=&#8220;off&#8220; global_colors_info=&#8220;{}&#8220; theme_builder_area=&#8220;post_content&#8220; sticky_enabled=&#8220;0&#8243;]<\/p>\n<p>If you have a start-up idea that you would like to discuss with us, you can contact us here. The team at the Gr\u00fcndungsb\u00fcro is looking forward to getting to know you and your ideas!<\/p>\n<p>Please contact us via our <a href=\"https:\/\/gruendungsbuero.info\/en\/potigrue\/\">Onlineformular<\/a> .<\/p>\n<p>See you!<\/p>\n<p><i><\/i><\/p>\n<p><i>Entrepreneur is not a job title. It is the mindset of people who want to change the future<\/i><\/p>\n<p><small>Guy Kawasaki<\/small><\/p>\n<p>[\/et_pb_text][\/et_pb_column][et_pb_column type=&#8220;1_2&#8243; module_class=&#8220;column2&#8243; _builder_version=&#8220;4.16&#8243; custom_padding=&#8220;|||&#8220; custom_padding_tablet=&#8220;35px|||&#8220; custom_padding_phone=&#8220;35px|||&#8220; custom_padding_last_edited=&#8220;on|tablet&#8220; global_colors_info=&#8220;{}&#8220; padding_tablet=&#8220;35px|||&#8220; padding_last_edited=&#8220;on|tablet&#8220; custom_padding__hover=&#8220;|||&#8220; padding_phone=&#8220;35px|||&#8220; theme_builder_area=&#8220;post_content&#8220;][et_pb_accordion open_toggle_text_color=&#8220;#000000&#8243; open_toggle_background_color=&#8220;#ffffff&#8220; closed_toggle_text_color=&#8220;#000000&#8243; closed_toggle_background_color=&#8220;#ffffff&#8220; icon_color=&#8220;#bfbfbf&#8220; _builder_version=&#8220;4.25.1&#8243; toggle_text_color=&#8220;#000000&#8243; toggle_font=&#8220;|700|||||||&#8220; toggle_font_size=&#8220;16px&#8220; body_font=&#8220;||||||||&#8220; custom_margin=&#8220;|||&#8220; custom_css_toggle=&#8220;margin-bottom: 15px !important;&#8220; custom_css_toggle_title=&#8220;padding-top: 5px !important;&#8220; custom_css_toggle_icon=&#8220;font-size: 24px;&#8220; global_colors_info=&#8220;{}&#8220; theme_builder_area=&#8220;post_content&#8220;][et_pb_accordion_item title=&#8220;Telephone&#8220; _builder_version=&#8220;4.25.1&#8243; global_colors_info=&#8220;{}&#8220; theme_builder_area=&#8220;post_content&#8220; open=&#8220;on&#8220;]<\/p>\n<p><a href=\"tel:%20+06312052833\"><span>0631 205-2833<\/span><\/a><\/p>\n<p>[\/et_pb_accordion_item][et_pb_accordion_item title=&#8220;E-mail&#8220; _builder_version=&#8220;4.16&#8243; global_colors_info=&#8220;{}&#8220; theme_builder_area=&#8220;post_content&#8220; open=&#8220;off&#8220;]<\/p>\n<p><a href=\"mailto:info@gruendungsbuero.info\"><strong>info@gruendungsbuero.info<\/strong><\/a><\/p>\n<p>[\/et_pb_accordion_item][et_pb_accordion_item title=&#8220;Postadresse&#8220; open=&#8220;off&#8220; _builder_version=&#8220;4.16&#8243; global_colors_info=&#8220;{}&#8220; theme_builder_area=&#8220;post_content&#8220;]<\/p>\n<p><span>Gr\u00fcndungsb\u00fcro\u00a0<br \/><\/span><span>Rheinland-Pf\u00e4lzische Technische Universit\u00e4t &amp;<br \/><\/span><span>Hochschule Kaiserslautern<br \/>Postfach 3049<\/span><br \/><span>67653 Kaiserslautern<\/span><\/p>\n<p>[\/et_pb_accordion_item][et_pb_accordion_item title=&#8220;Besucheradresse RPTU Campus Kaiserslautern&#8220; _builder_version=&#8220;4.25.1&#8243; global_colors_info=&#8220;{}&#8220; theme_builder_area=&#8220;post_content&#8220; open=&#8220;off&#8220;]<\/p>\n<div class=\"infobox clickableBox clearfix\">\n<address>Paul-Ehrlich-Str., Geb\u00e4ude 32<br \/>67663 Kaiserslautern<br \/>Eingang \u00fcber das Referat f\u00fcr Transfer, Innovation und Nachhaltigkeit\u00a0 beim blauen Briefkasten<\/address>\n<\/div>\n<div class=\"infobox clickableBox clearfix\"><\/div>\n<p>[\/et_pb_accordion_item][et_pb_accordion_item title=&#8220;Besucheradresse RPTU Campus Landau&#8220; _builder_version=&#8220;4.25.1&#8243; _module_preset=&#8220;default&#8220; global_colors_info=&#8220;{}&#8220; theme_builder_area=&#8220;post_content&#8220; open=&#8220;off&#8220;]<\/p>\n<p>Leider haben wir noch keine feste Bleibe in Landau. Aber wir arbeiten daran. Bitte meldet euch per E-Mail. Dann vereinbaren wir einen Termin und finden einen Ort in Landau, wo wir uns treffen k\u00f6nnen.<\/p>\n<p>[\/et_pb_accordion_item][et_pb_accordion_item title=&#8220;Besucheradresse HSKL &#8211; Campus Kaiserslautern&#8220; _builder_version=&#8220;4.16&#8243; global_colors_info=&#8220;{}&#8220; theme_builder_area=&#8220;post_content&#8220; open=&#8220;off&#8220;]<\/p>\n<div class=\"infobox clickableBox clearfix\">\n<address><span>Schoenstra\u00dfe 9, Raum F 3.038<\/span><br \/><span>67659 Kaiserslautern<\/span><\/address>\n<\/div>\n<p>[\/et_pb_accordion_item][et_pb_accordion_item title=&#8220;Besucheradresse HSKL &#8211; Campus Zweibr\u00fccken&#8220; _builder_version=&#8220;4.16&#8243; global_colors_info=&#8220;{}&#8220; theme_builder_area=&#8220;post_content&#8220; open=&#8220;off&#8220;]<\/p>\n<div class=\"infobox clickableBox clearfix\">\n<address><span>Amerikastr. 1, Raum A102<\/span><br \/><span>66482 Zweibr\u00fccken<\/span><\/address>\n<\/div>\n<p>[\/et_pb_accordion_item][\/et_pb_accordion][\/et_pb_column][\/et_pb_row][\/et_pb_section]<\/p>","protected":false},"excerpt":{"rendered":"<p>Wenn ihr eine Gr\u00fcndungsidee habt, die ihr gerne mit uns diskutieren m\u00f6chtet, dann k\u00f6nnt ihr hier Kontakt zu uns aufnehmen. Das Team des Gr\u00fcndungsb\u00fcros freut sich darauf, euch und eure Ideen kennenzulernen! Meldet euch dazu bitte \u00fcber unser Onlineformular an. Wir sehen uns! \u201eEntrepreneur ist keine Berufsbezeichnung. Es ist die Geisteshaltung von Menschen, die die [&hellip;]<\/p>","protected":false},"author":17,"featured_media":0,"parent":0,"menu_order":0,"comment_status":"closed","ping_status":"closed","template":"","meta":{"_et_pb_use_builder":"on","_et_pb_old_content":"<!-- wp:paragraph -->\n<p><\/p>\n<!-- \/wp:paragraph -->\n\n<!-- wp:paragraph -->\n<p><\/p>\n<!-- \/wp:paragraph -->","_et_gb_content_width":"","inline_featured_image":false,"footnotes":""},"class_list":["post-101470","page","type-page","status-publish","hentry"],"yoast_head":"<!-- This site is optimized with the Yoast SEO plugin v26.0 - https:\/\/yoast.com\/wordpress\/plugins\/seo\/ -->\n<title>Kontakt - Gr\u00fcndungsb\u00fcro<\/title>\n<meta name=\"description\" content=\"Wenn ihr eine Gr\u00fcndungsidee habt, die ihr gerne mit uns diskutieren m\u00f6chtet, dann k\u00f6nnt ihr hier Kontakt zu uns aufnehmen.\" \/>\n<meta name=\"robots\" content=\"index, follow, max-snippet:-1, max-image-preview:large, max-video-preview:-1\" \/>\n<link rel=\"canonical\" href=\"https:\/\/gruendungsbuero.info\/en\/contact-2\/\" \/>\n<meta property=\"og:locale\" content=\"en_GB\" \/>\n<meta property=\"og:type\" content=\"article\" \/>\n<meta property=\"og:title\" content=\"Kontakt - Gr\u00fcndungsb\u00fcro\" \/>\n<meta property=\"og:description\" content=\"Wenn ihr eine Gr\u00fcndungsidee habt, die ihr gerne mit uns diskutieren m\u00f6chtet, dann k\u00f6nnt ihr hier Kontakt zu uns aufnehmen.\" \/>\n<meta property=\"og:url\" content=\"https:\/\/gruendungsbuero.info\/en\/contact-2\/\" \/>\n<meta property=\"og:site_name\" content=\"Gr\u00fcndungsb\u00fcro\" \/>\n<meta property=\"article:modified_time\" content=\"2026-03-04T16:59:41+00:00\" \/>\n<meta name=\"twitter:card\" content=\"summary_large_image\" \/>\n<meta name=\"twitter:label1\" content=\"Est. reading time\" \/>\n\t<meta name=\"twitter:data1\" content=\"2 minutes\" \/>\n<script type=\"application\/ld+json\" class=\"yoast-schema-graph\">{\"@context\":\"https:\/\/schema.org\",\"@graph\":[{\"@type\":\"WebPage\",\"@id\":\"https:\/\/gruendungsbuero.info\/kontakt\/\",\"url\":\"https:\/\/gruendungsbuero.info\/kontakt\/\",\"name\":\"Kontakt - Gr\u00fcndungsb\u00fcro\",\"isPartOf\":{\"@id\":\"https:\/\/gruendungsbuero.info\/#website\"},\"datePublished\":\"2022-02-03T09:25:13+00:00\",\"dateModified\":\"2026-03-04T16:59:41+00:00\",\"description\":\"Wenn ihr eine Gr\u00fcndungsidee habt, die ihr gerne mit uns diskutieren m\u00f6chtet, dann k\u00f6nnt ihr hier Kontakt zu uns aufnehmen.\",\"breadcrumb\":{\"@id\":\"https:\/\/gruendungsbuero.info\/kontakt\/#breadcrumb\"},\"inLanguage\":\"en-GB\",\"potentialAction\":[{\"@type\":\"ReadAction\",\"target\":[\"https:\/\/gruendungsbuero.info\/kontakt\/\"]}]},{\"@type\":\"BreadcrumbList\",\"@id\":\"https:\/\/gruendungsbuero.info\/kontakt\/#breadcrumb\",\"itemListElement\":[{\"@type\":\"ListItem\",\"position\":1,\"name\":\"Home\",\"item\":\"https:\/\/gruendungsbuero.info\/\"},{\"@type\":\"ListItem\",\"position\":2,\"name\":\"Kontakt\"}]},{\"@type\":\"WebSite\",\"@id\":\"https:\/\/gruendungsbuero.info\/#website\",\"url\":\"https:\/\/gruendungsbuero.info\/\",\"name\":\"Gr\u00fcndungsb\u00fcro\",\"description\":\"Rheinland-Pf\u00e4lzische Technische Universit\u00e4t &amp; Hochschule Kaiserslautern\",\"potentialAction\":[{\"@type\":\"SearchAction\",\"target\":{\"@type\":\"EntryPoint\",\"urlTemplate\":\"https:\/\/gruendungsbuero.info\/?s={search_term_string}\"},\"query-input\":{\"@type\":\"PropertyValueSpecification\",\"valueRequired\":true,\"valueName\":\"search_term_string\"}}],\"inLanguage\":\"en-GB\"}]}<\/script>\n<!-- \/ Yoast SEO plugin. -->","yoast_head_json":{"title":"Kontakt - Gr\u00fcndungsb\u00fcro","description":"Wenn ihr eine Gr\u00fcndungsidee habt, die ihr gerne mit uns diskutieren m\u00f6chtet, dann k\u00f6nnt ihr hier Kontakt zu uns aufnehmen.","robots":{"index":"index","follow":"follow","max-snippet":"max-snippet:-1","max-image-preview":"max-image-preview:large","max-video-preview":"max-video-preview:-1"},"canonical":"https:\/\/gruendungsbuero.info\/en\/contact-2\/","og_locale":"en_GB","og_type":"article","og_title":"Kontakt - Gr\u00fcndungsb\u00fcro","og_description":"Wenn ihr eine Gr\u00fcndungsidee habt, die ihr gerne mit uns diskutieren m\u00f6chtet, dann k\u00f6nnt ihr hier Kontakt zu uns aufnehmen.","og_url":"https:\/\/gruendungsbuero.info\/en\/contact-2\/","og_site_name":"Gr\u00fcndungsb\u00fcro","article_modified_time":"2026-03-04T16:59:41+00:00","twitter_card":"summary_large_image","twitter_misc":{"Est. reading time":"2 minutes"},"schema":{"@context":"https:\/\/schema.org","@graph":[{"@type":"WebPage","@id":"https:\/\/gruendungsbuero.info\/kontakt\/","url":"https:\/\/gruendungsbuero.info\/kontakt\/","name":"Kontakt - Gr\u00fcndungsb\u00fcro","isPartOf":{"@id":"https:\/\/gruendungsbuero.info\/#website"},"datePublished":"2022-02-03T09:25:13+00:00","dateModified":"2026-03-04T16:59:41+00:00","description":"Wenn ihr eine Gr\u00fcndungsidee habt, die ihr gerne mit uns diskutieren m\u00f6chtet, dann k\u00f6nnt ihr hier Kontakt zu uns aufnehmen.","breadcrumb":{"@id":"https:\/\/gruendungsbuero.info\/kontakt\/#breadcrumb"},"inLanguage":"en-GB","potentialAction":[{"@type":"ReadAction","target":["https:\/\/gruendungsbuero.info\/kontakt\/"]}]},{"@type":"BreadcrumbList","@id":"https:\/\/gruendungsbuero.info\/kontakt\/#breadcrumb","itemListElement":[{"@type":"ListItem","position":1,"name":"Home","item":"https:\/\/gruendungsbuero.info\/"},{"@type":"ListItem","position":2,"name":"Kontakt"}]},{"@type":"WebSite","@id":"https:\/\/gruendungsbuero.info\/#website","url":"https:\/\/gruendungsbuero.info\/","name":"Gr\u00fcndungsb\u00fcro","description":"Rheinland-Pf\u00e4lzische Technische Universit\u00e4t &amp; Hochschule Kaiserslautern","potentialAction":[{"@type":"SearchAction","target":{"@type":"EntryPoint","urlTemplate":"https:\/\/gruendungsbuero.info\/?s={search_term_string}"},"query-input":{"@type":"PropertyValueSpecification","valueRequired":true,"valueName":"search_term_string"}}],"inLanguage":"en-GB"}]}},"_links":{"self":[{"href":"https:\/\/gruendungsbuero.info\/en\/wp-json\/wp\/v2\/pages\/101470","targetHints":{"allow":["GET"]}}],"collection":[{"href":"https:\/\/gruendungsbuero.info\/en\/wp-json\/wp\/v2\/pages"}],"about":[{"href":"https:\/\/gruendungsbuero.info\/en\/wp-json\/wp\/v2\/types\/page"}],"author":[{"embeddable":true,"href":"https:\/\/gruendungsbuero.info\/en\/wp-json\/wp\/v2\/users\/17"}],"replies":[{"embeddable":true,"href":"https:\/\/gruendungsbuero.info\/en\/wp-json\/wp\/v2\/comments?post=101470"}],"version-history":[{"count":27,"href":"https:\/\/gruendungsbuero.info\/en\/wp-json\/wp\/v2\/pages\/101470\/revisions"}],"predecessor-version":[{"id":112259,"href":"https:\/\/gruendungsbuero.info\/en\/wp-json\/wp\/v2\/pages\/101470\/revisions\/112259"}],"wp:attachment":[{"href":"https:\/\/gruendungsbuero.info\/en\/wp-json\/wp\/v2\/media?parent=101470"}],"curies":[{"name":"wp","href":"https:\/\/api.w.org\/{rel}","templated":true}]}}