{"id":100916,"date":"2022-02-01T15:43:33","date_gmt":"2022-02-01T15:43:33","guid":{"rendered":"https:\/\/gruendungsbuero.info\/?page_id=100916"},"modified":"2026-03-04T17:59:43","modified_gmt":"2026-03-04T16:59:43","slug":"founder-gallery","status":"publish","type":"page","link":"https:\/\/gruendungsbuero.info\/en\/founder-gallery\/","title":{"rendered":"Startup gallery"},"content":{"rendered":"[et_pb_section fb_built=&#8220;1&#8243; _builder_version=&#8220;4.16&#8243; _module_preset=&#8220;default&#8220; background_enable_color=&#8220;off&#8220; global_colors_info=&#8220;{}&#8220; theme_builder_area=&#8220;post_content&#8220;][et_pb_row _builder_version=&#8220;4.16&#8243; _module_preset=&#8220;default&#8220; background_enable_color=&#8220;off&#8220; global_colors_info=&#8220;{}&#8220; theme_builder_area=&#8220;post_content&#8220;][et_pb_column type=&#8220;4_4&#8243; _builder_version=&#8220;4.16&#8243; _module_preset=&#8220;default&#8220; global_colors_info=&#8220;{}&#8220; theme_builder_area=&#8220;post_content&#8220;][et_pb_blog fullwidth=&#8220;off&#8220; posts_number=&#8220;100&#8243; include_categories=&#8220;73&#8243; show_author=&#8220;off&#8220; show_date=&#8220;off&#8220; show_categories=&#8220;off&#8220; show_excerpt=&#8220;off&#8220; show_pagination=&#8220;off&#8220; use_overlay=&#8220;on&#8220; overlay_icon_color=&#8220;#ffffff&#8220; hover_overlay_color=&#8220;rgba(0,0,0,0.9)&#8220; hover_icon=&#8220;&#x4c;||divi||400&#8243; masonry_tile_background_color=&#8220;#FFFFFF&#8220; module_class=&#8220;blogstartup&#8220; _builder_version=&#8220;4.25.1&#8243; _module_preset=&#8220;default&#8220; header_font=&#8220;|700|||||||&#8220; header_text_color=&#8220;#11253c&#8220; meta_font=&#8220;||||||||&#8220; meta_text_color=&#8220;#8c8c8c&#8220; module_alignment=&#8220;center&#8220; custom_padding=&#8220;|||&#8220; hover_enabled=&#8220;0&#8243; border_color_all=&#8220;#f2f2f2&#8243; border_color_all_image=&#8220;#F2F2F2&#8243; global_colors_info=&#8220;{}&#8220; theme_builder_area=&#8220;post_content&#8220; border_width_all=&#8220;3px&#8220; sticky_enabled=&#8220;0&#8243;][\/et_pb_blog][\/et_pb_column][\/et_pb_row][\/et_pb_section]","protected":false},"excerpt":{"rendered":"<p>In the Startup Gallery, we present successful startups that have emerged from RPTU, Kaiserslautern University of Applied Sciences or the research institutes or have been supported by us in some way. Many of these companies are still active and enrich our ecosystem with new, fresh ideas. We look forward to continuing to work closely with them and are happy to arrange contacts directly with the founders.<\/p>","protected":false},"author":810,"featured_media":101041,"parent":0,"menu_order":0,"comment_status":"closed","ping_status":"closed","template":"","meta":{"_et_pb_use_builder":"on","_et_pb_old_content":"<!-- wp:divi\/placeholder \/-->","_et_gb_content_width":"","inline_featured_image":false,"footnotes":""},"class_list":["post-100916","page","type-page","status-publish","has-post-thumbnail","hentry"],"yoast_head":"<!-- This site is optimized with the Yoast SEO plugin v26.0 - https:\/\/yoast.com\/wordpress\/plugins\/seo\/ -->\n<title>Startup-Galerie - Gr\u00fcndungsb\u00fcro<\/title>\n<meta name=\"robots\" content=\"index, follow, max-snippet:-1, max-image-preview:large, max-video-preview:-1\" \/>\n<link rel=\"canonical\" href=\"https:\/\/gruendungsbuero.info\/en\/founder-gallery\/\" \/>\n<meta property=\"og:locale\" content=\"en_GB\" \/>\n<meta property=\"og:type\" content=\"article\" \/>\n<meta property=\"og:title\" content=\"Startup-Galerie - Gr\u00fcndungsb\u00fcro\" \/>\n<meta property=\"og:description\" content=\"In der Startup-Galerie stellen wir erfolgreiche Gr\u00fcndungen vor, die aus RPTU, der Hochschule Kaiserslautern oder den Forschungsinstituten hervorgegangen sind oder in irgendeiner Art von uns unterst\u00fctzt wurden. Viele dieser Unternehmen sind nach wie vor aktiv und bereichern unser \u00d6kosystem mit neuen, frischen Ideen. Wir freuen uns auch weiterhin eng mit ihnen zusammen arbeiten zu d\u00fcrfen und vermitteln gerne Kontakte direkt zu den Gr\u00fcnderinnen und Gr\u00fcndern.\" \/>\n<meta property=\"og:url\" content=\"https:\/\/gruendungsbuero.info\/en\/founder-gallery\/\" \/>\n<meta property=\"og:site_name\" content=\"Gr\u00fcndungsb\u00fcro\" \/>\n<meta property=\"article:modified_time\" content=\"2026-03-04T16:59:43+00:00\" \/>\n<meta property=\"og:image\" content=\"https:\/\/gruendungsbuero.info\/app\/uploads\/2022\/02\/Rectangle-77.png\" \/>\n\t<meta property=\"og:image:width\" content=\"1899\" \/>\n\t<meta property=\"og:image:height\" content=\"468\" \/>\n\t<meta property=\"og:image:type\" content=\"image\/png\" \/>\n<meta name=\"twitter:card\" content=\"summary_large_image\" \/>\n<meta name=\"twitter:label1\" content=\"Est. reading time\" \/>\n\t<meta name=\"twitter:data1\" content=\"41 minutes\" \/>\n<script type=\"application\/ld+json\" class=\"yoast-schema-graph\">{\"@context\":\"https:\/\/schema.org\",\"@graph\":[{\"@type\":\"WebPage\",\"@id\":\"https:\/\/gruendungsbuero.info\/gruendergalerie\/\",\"url\":\"https:\/\/gruendungsbuero.info\/gruendergalerie\/\",\"name\":\"Startup-Galerie - Gr\u00fcndungsb\u00fcro\",\"isPartOf\":{\"@id\":\"https:\/\/gruendungsbuero.info\/#website\"},\"primaryImageOfPage\":{\"@id\":\"https:\/\/gruendungsbuero.info\/gruendergalerie\/#primaryimage\"},\"image\":{\"@id\":\"https:\/\/gruendungsbuero.info\/gruendergalerie\/#primaryimage\"},\"thumbnailUrl\":\"https:\/\/gruendungsbuero.info\/app\/uploads\/2022\/02\/Rectangle-77.png\",\"datePublished\":\"2022-02-01T15:43:33+00:00\",\"dateModified\":\"2026-03-04T16:59:43+00:00\",\"breadcrumb\":{\"@id\":\"https:\/\/gruendungsbuero.info\/gruendergalerie\/#breadcrumb\"},\"inLanguage\":\"en-GB\",\"potentialAction\":[{\"@type\":\"ReadAction\",\"target\":[\"https:\/\/gruendungsbuero.info\/gruendergalerie\/\"]}]},{\"@type\":\"ImageObject\",\"inLanguage\":\"en-GB\",\"@id\":\"https:\/\/gruendungsbuero.info\/gruendergalerie\/#primaryimage\",\"url\":\"https:\/\/gruendungsbuero.info\/app\/uploads\/2022\/02\/Rectangle-77.png\",\"contentUrl\":\"https:\/\/gruendungsbuero.info\/app\/uploads\/2022\/02\/Rectangle-77.png\",\"width\":1899,\"height\":468},{\"@type\":\"BreadcrumbList\",\"@id\":\"https:\/\/gruendungsbuero.info\/gruendergalerie\/#breadcrumb\",\"itemListElement\":[{\"@type\":\"ListItem\",\"position\":1,\"name\":\"Home\",\"item\":\"https:\/\/gruendungsbuero.info\/\"},{\"@type\":\"ListItem\",\"position\":2,\"name\":\"Startup-Galerie\"}]},{\"@type\":\"WebSite\",\"@id\":\"https:\/\/gruendungsbuero.info\/#website\",\"url\":\"https:\/\/gruendungsbuero.info\/\",\"name\":\"Gr\u00fcndungsb\u00fcro\",\"description\":\"Rheinland-Pf\u00e4lzische Technische Universit\u00e4t &amp; Hochschule Kaiserslautern\",\"potentialAction\":[{\"@type\":\"SearchAction\",\"target\":{\"@type\":\"EntryPoint\",\"urlTemplate\":\"https:\/\/gruendungsbuero.info\/?s={search_term_string}\"},\"query-input\":{\"@type\":\"PropertyValueSpecification\",\"valueRequired\":true,\"valueName\":\"search_term_string\"}}],\"inLanguage\":\"en-GB\"}]}<\/script>\n<!-- \/ Yoast SEO plugin. -->","yoast_head_json":{"title":"Startup-Galerie - Gr\u00fcndungsb\u00fcro","robots":{"index":"index","follow":"follow","max-snippet":"max-snippet:-1","max-image-preview":"max-image-preview:large","max-video-preview":"max-video-preview:-1"},"canonical":"https:\/\/gruendungsbuero.info\/en\/founder-gallery\/","og_locale":"en_GB","og_type":"article","og_title":"Startup-Galerie - Gr\u00fcndungsb\u00fcro","og_description":"In der Startup-Galerie stellen wir erfolgreiche Gr\u00fcndungen vor, die aus RPTU, der Hochschule Kaiserslautern oder den Forschungsinstituten hervorgegangen sind oder in irgendeiner Art von uns unterst\u00fctzt wurden. Viele dieser Unternehmen sind nach wie vor aktiv und bereichern unser \u00d6kosystem mit neuen, frischen Ideen. Wir freuen uns auch weiterhin eng mit ihnen zusammen arbeiten zu d\u00fcrfen und vermitteln gerne Kontakte direkt zu den Gr\u00fcnderinnen und Gr\u00fcndern.","og_url":"https:\/\/gruendungsbuero.info\/en\/founder-gallery\/","og_site_name":"Gr\u00fcndungsb\u00fcro","article_modified_time":"2026-03-04T16:59:43+00:00","og_image":[{"width":1899,"height":468,"url":"https:\/\/gruendungsbuero.info\/app\/uploads\/2022\/02\/Rectangle-77.png","type":"image\/png"}],"twitter_card":"summary_large_image","twitter_misc":{"Est. reading time":"41 minutes"},"schema":{"@context":"https:\/\/schema.org","@graph":[{"@type":"WebPage","@id":"https:\/\/gruendungsbuero.info\/gruendergalerie\/","url":"https:\/\/gruendungsbuero.info\/gruendergalerie\/","name":"Startup-Galerie - Gr\u00fcndungsb\u00fcro","isPartOf":{"@id":"https:\/\/gruendungsbuero.info\/#website"},"primaryImageOfPage":{"@id":"https:\/\/gruendungsbuero.info\/gruendergalerie\/#primaryimage"},"image":{"@id":"https:\/\/gruendungsbuero.info\/gruendergalerie\/#primaryimage"},"thumbnailUrl":"https:\/\/gruendungsbuero.info\/app\/uploads\/2022\/02\/Rectangle-77.png","datePublished":"2022-02-01T15:43:33+00:00","dateModified":"2026-03-04T16:59:43+00:00","breadcrumb":{"@id":"https:\/\/gruendungsbuero.info\/gruendergalerie\/#breadcrumb"},"inLanguage":"en-GB","potentialAction":[{"@type":"ReadAction","target":["https:\/\/gruendungsbuero.info\/gruendergalerie\/"]}]},{"@type":"ImageObject","inLanguage":"en-GB","@id":"https:\/\/gruendungsbuero.info\/gruendergalerie\/#primaryimage","url":"https:\/\/gruendungsbuero.info\/app\/uploads\/2022\/02\/Rectangle-77.png","contentUrl":"https:\/\/gruendungsbuero.info\/app\/uploads\/2022\/02\/Rectangle-77.png","width":1899,"height":468},{"@type":"BreadcrumbList","@id":"https:\/\/gruendungsbuero.info\/gruendergalerie\/#breadcrumb","itemListElement":[{"@type":"ListItem","position":1,"name":"Home","item":"https:\/\/gruendungsbuero.info\/"},{"@type":"ListItem","position":2,"name":"Startup-Galerie"}]},{"@type":"WebSite","@id":"https:\/\/gruendungsbuero.info\/#website","url":"https:\/\/gruendungsbuero.info\/","name":"Gr\u00fcndungsb\u00fcro","description":"Rheinland-Pf\u00e4lzische Technische Universit\u00e4t &amp; Hochschule Kaiserslautern","potentialAction":[{"@type":"SearchAction","target":{"@type":"EntryPoint","urlTemplate":"https:\/\/gruendungsbuero.info\/?s={search_term_string}"},"query-input":{"@type":"PropertyValueSpecification","valueRequired":true,"valueName":"search_term_string"}}],"inLanguage":"en-GB"}]}},"_links":{"self":[{"href":"https:\/\/gruendungsbuero.info\/en\/wp-json\/wp\/v2\/pages\/100916","targetHints":{"allow":["GET"]}}],"collection":[{"href":"https:\/\/gruendungsbuero.info\/en\/wp-json\/wp\/v2\/pages"}],"about":[{"href":"https:\/\/gruendungsbuero.info\/en\/wp-json\/wp\/v2\/types\/page"}],"author":[{"embeddable":true,"href":"https:\/\/gruendungsbuero.info\/en\/wp-json\/wp\/v2\/users\/810"}],"replies":[{"embeddable":true,"href":"https:\/\/gruendungsbuero.info\/en\/wp-json\/wp\/v2\/comments?post=100916"}],"version-history":[{"count":24,"href":"https:\/\/gruendungsbuero.info\/en\/wp-json\/wp\/v2\/pages\/100916\/revisions"}],"predecessor-version":[{"id":111236,"href":"https:\/\/gruendungsbuero.info\/en\/wp-json\/wp\/v2\/pages\/100916\/revisions\/111236"}],"wp:featuredmedia":[{"embeddable":true,"href":"https:\/\/gruendungsbuero.info\/en\/wp-json\/wp\/v2\/media\/101041"}],"wp:attachment":[{"href":"https:\/\/gruendungsbuero.info\/en\/wp-json\/wp\/v2\/media?parent=100916"}],"curies":[{"name":"wp","href":"https:\/\/api.w.org\/{rel}","templated":true}]}}