{"id":100058,"date":"2022-01-18T12:32:38","date_gmt":"2022-01-18T12:32:38","guid":{"rendered":"https:\/\/gruendungsbuero.info\/dr-bernhard-schu\/"},"modified":"2022-01-18T12:32:38","modified_gmt":"2022-01-18T12:32:38","slug":"dr-bernhard-schu","status":"publish","type":"page","link":"https:\/\/gruendungsbuero.info\/en\/dr-bernhard-schu\/","title":{"rendered":"Dr. Bernhard Schu"},"content":{"rendered":"<p><strong>Leiter Gr&uuml;ndungsb&uuml;ro<\/strong><\/p>\n<p>Dem Diplom-Biologen Dr. Bernhard Schu liegt als Mehrfachgr&uuml;nder die<br \/>\nArbeit mit den Gr&uuml;nderteams besonders am Herzen. Neben der Betreuung von EXIST &ndash; Gr&uuml;nderstipendianten<br \/>\nfungiert er auch als Ansprechpartner f&uuml;r unser Gr&uuml;ndungsnetzwerk und unsere Unterst&uuml;tzer.&nbsp;<\/p>\n<p><strong>Contact us<\/strong><\/p>\n<p>Tel.: 0631 205-2744 <br \/>Fax: 0631 205-2925<br \/>E-Mail:&nbsp;<a href=\"mailto:schu@gruendungsbuero.info\">schu@gruendungsbuero.info<\/a><\/p>","protected":false},"excerpt":{"rendered":"<p>Leiter Gr&uuml;ndungsb&uuml;ro Dem Diplom-Biologen Dr. Bernhard Schu liegt als Mehrfachgr&uuml;nder die Arbeit mit den Gr&uuml;nderteams besonders am Herzen. Neben der Betreuung von EXIST &ndash; Gr&uuml;nderstipendianten fungiert er auch als Ansprechpartner f&uuml;r unser Gr&uuml;ndungsnetzwerk und unsere Unterst&uuml;tzer.&nbsp; Kontakt Tel.: 0631 205-2744 Fax: 0631 205-2925E-Mail:&nbsp;schu@gruendungsbuero.info<\/p>","protected":false},"author":810,"featured_media":0,"parent":0,"menu_order":0,"comment_status":"closed","ping_status":"closed","template":"","meta":{"_et_pb_use_builder":"","_et_pb_old_content":"","_et_gb_content_width":"","inline_featured_image":false,"footnotes":""},"class_list":["post-100058","page","type-page","status-publish","hentry"],"yoast_head":"<!-- This site is optimized with the Yoast SEO plugin v26.0 - https:\/\/yoast.com\/wordpress\/plugins\/seo\/ -->\n<title>Dr. Bernhard Schu - Gr\u00fcndungsb\u00fcro<\/title>\n<meta name=\"robots\" content=\"index, follow, max-snippet:-1, max-image-preview:large, max-video-preview:-1\" \/>\n<link rel=\"canonical\" href=\"https:\/\/gruendungsbuero.info\/en\/dr-bernhard-schu\/\" \/>\n<meta property=\"og:locale\" content=\"en_GB\" \/>\n<meta property=\"og:type\" content=\"article\" \/>\n<meta property=\"og:title\" content=\"Dr. Bernhard Schu - Gr\u00fcndungsb\u00fcro\" \/>\n<meta property=\"og:description\" content=\"Leiter Gr&uuml;ndungsb&uuml;ro Dem Diplom-Biologen Dr. Bernhard Schu liegt als Mehrfachgr&uuml;nder die Arbeit mit den Gr&uuml;nderteams besonders am Herzen. Neben der Betreuung von EXIST &ndash; Gr&uuml;nderstipendianten fungiert er auch als Ansprechpartner f&uuml;r unser Gr&uuml;ndungsnetzwerk und unsere Unterst&uuml;tzer.&nbsp; Kontakt Tel.: 0631 205-2744 Fax: 0631 205-2925E-Mail:&nbsp;schu@gruendungsbuero.info\" \/>\n<meta property=\"og:url\" content=\"https:\/\/gruendungsbuero.info\/en\/dr-bernhard-schu\/\" \/>\n<meta property=\"og:site_name\" content=\"Gr\u00fcndungsb\u00fcro\" \/>\n<meta name=\"twitter:card\" content=\"summary_large_image\" \/>\n<script type=\"application\/ld+json\" class=\"yoast-schema-graph\">{\"@context\":\"https:\/\/schema.org\",\"@graph\":[{\"@type\":\"WebPage\",\"@id\":\"https:\/\/gruendungsbuero.info\/dr-bernhard-schu\/\",\"url\":\"https:\/\/gruendungsbuero.info\/dr-bernhard-schu\/\",\"name\":\"Dr. Bernhard Schu - Gr\u00fcndungsb\u00fcro\",\"isPartOf\":{\"@id\":\"https:\/\/gruendungsbuero.info\/#website\"},\"datePublished\":\"2022-01-18T12:32:38+00:00\",\"breadcrumb\":{\"@id\":\"https:\/\/gruendungsbuero.info\/dr-bernhard-schu\/#breadcrumb\"},\"inLanguage\":\"en-GB\",\"potentialAction\":[{\"@type\":\"ReadAction\",\"target\":[\"https:\/\/gruendungsbuero.info\/dr-bernhard-schu\/\"]}]},{\"@type\":\"BreadcrumbList\",\"@id\":\"https:\/\/gruendungsbuero.info\/dr-bernhard-schu\/#breadcrumb\",\"itemListElement\":[{\"@type\":\"ListItem\",\"position\":1,\"name\":\"Home\",\"item\":\"https:\/\/gruendungsbuero.info\/\"},{\"@type\":\"ListItem\",\"position\":2,\"name\":\"Dr. Bernhard Schu\"}]},{\"@type\":\"WebSite\",\"@id\":\"https:\/\/gruendungsbuero.info\/#website\",\"url\":\"https:\/\/gruendungsbuero.info\/\",\"name\":\"Gr\u00fcndungsb\u00fcro\",\"description\":\"Rheinland-Pf\u00e4lzische Technische Universit\u00e4t &amp; Hochschule Kaiserslautern\",\"potentialAction\":[{\"@type\":\"SearchAction\",\"target\":{\"@type\":\"EntryPoint\",\"urlTemplate\":\"https:\/\/gruendungsbuero.info\/?s={search_term_string}\"},\"query-input\":{\"@type\":\"PropertyValueSpecification\",\"valueRequired\":true,\"valueName\":\"search_term_string\"}}],\"inLanguage\":\"en-GB\"}]}<\/script>\n<!-- \/ Yoast SEO plugin. -->","yoast_head_json":{"title":"Dr. Bernhard Schu - Gr\u00fcndungsb\u00fcro","robots":{"index":"index","follow":"follow","max-snippet":"max-snippet:-1","max-image-preview":"max-image-preview:large","max-video-preview":"max-video-preview:-1"},"canonical":"https:\/\/gruendungsbuero.info\/en\/dr-bernhard-schu\/","og_locale":"en_GB","og_type":"article","og_title":"Dr. Bernhard Schu - Gr\u00fcndungsb\u00fcro","og_description":"Leiter Gr&uuml;ndungsb&uuml;ro Dem Diplom-Biologen Dr. Bernhard Schu liegt als Mehrfachgr&uuml;nder die Arbeit mit den Gr&uuml;nderteams besonders am Herzen. Neben der Betreuung von EXIST &ndash; Gr&uuml;nderstipendianten fungiert er auch als Ansprechpartner f&uuml;r unser Gr&uuml;ndungsnetzwerk und unsere Unterst&uuml;tzer.&nbsp; Kontakt Tel.: 0631 205-2744 Fax: 0631 205-2925E-Mail:&nbsp;schu@gruendungsbuero.info","og_url":"https:\/\/gruendungsbuero.info\/en\/dr-bernhard-schu\/","og_site_name":"Gr\u00fcndungsb\u00fcro","twitter_card":"summary_large_image","schema":{"@context":"https:\/\/schema.org","@graph":[{"@type":"WebPage","@id":"https:\/\/gruendungsbuero.info\/dr-bernhard-schu\/","url":"https:\/\/gruendungsbuero.info\/dr-bernhard-schu\/","name":"Dr. Bernhard Schu - Gr\u00fcndungsb\u00fcro","isPartOf":{"@id":"https:\/\/gruendungsbuero.info\/#website"},"datePublished":"2022-01-18T12:32:38+00:00","breadcrumb":{"@id":"https:\/\/gruendungsbuero.info\/dr-bernhard-schu\/#breadcrumb"},"inLanguage":"en-GB","potentialAction":[{"@type":"ReadAction","target":["https:\/\/gruendungsbuero.info\/dr-bernhard-schu\/"]}]},{"@type":"BreadcrumbList","@id":"https:\/\/gruendungsbuero.info\/dr-bernhard-schu\/#breadcrumb","itemListElement":[{"@type":"ListItem","position":1,"name":"Home","item":"https:\/\/gruendungsbuero.info\/"},{"@type":"ListItem","position":2,"name":"Dr. Bernhard Schu"}]},{"@type":"WebSite","@id":"https:\/\/gruendungsbuero.info\/#website","url":"https:\/\/gruendungsbuero.info\/","name":"Gr\u00fcndungsb\u00fcro","description":"Rheinland-Pf\u00e4lzische Technische Universit\u00e4t &amp; Hochschule Kaiserslautern","potentialAction":[{"@type":"SearchAction","target":{"@type":"EntryPoint","urlTemplate":"https:\/\/gruendungsbuero.info\/?s={search_term_string}"},"query-input":{"@type":"PropertyValueSpecification","valueRequired":true,"valueName":"search_term_string"}}],"inLanguage":"en-GB"}]}},"_links":{"self":[{"href":"https:\/\/gruendungsbuero.info\/en\/wp-json\/wp\/v2\/pages\/100058","targetHints":{"allow":["GET"]}}],"collection":[{"href":"https:\/\/gruendungsbuero.info\/en\/wp-json\/wp\/v2\/pages"}],"about":[{"href":"https:\/\/gruendungsbuero.info\/en\/wp-json\/wp\/v2\/types\/page"}],"author":[{"embeddable":true,"href":"https:\/\/gruendungsbuero.info\/en\/wp-json\/wp\/v2\/users\/810"}],"replies":[{"embeddable":true,"href":"https:\/\/gruendungsbuero.info\/en\/wp-json\/wp\/v2\/comments?post=100058"}],"version-history":[{"count":0,"href":"https:\/\/gruendungsbuero.info\/en\/wp-json\/wp\/v2\/pages\/100058\/revisions"}],"wp:attachment":[{"href":"https:\/\/gruendungsbuero.info\/en\/wp-json\/wp\/v2\/media?parent=100058"}],"curies":[{"name":"wp","href":"https:\/\/api.w.org\/{rel}","templated":true}]}}