{"id":100054,"date":"2022-01-18T12:32:38","date_gmt":"2022-01-18T12:32:38","guid":{"rendered":"https:\/\/gruendungsbuero.info\/acomposites\/"},"modified":"2026-03-04T17:59:42","modified_gmt":"2026-03-04T16:59:42","slug":"acomposites","status":"publish","type":"page","link":"https:\/\/gruendungsbuero.info\/en\/acomposites\/","title":{"rendered":"A+Composites"},"content":{"rendered":"<p><strong>Auszeichnungen:<\/strong> Gr\u00fcndungsidee des Jahres 2014, Transferpreis &#8211; Gr\u00fcnder des Jahres 2017<\/p>\n<p><strong>We are: <\/strong> A+Composites<\/p>\n<p><strong>What we do: <\/strong>Der gezielte Einsatz von Leichtbauteilen erh\u00e4lt eine best\u00e4ndig wachsende Bedeutung auf Grund der st\u00e4rkeren Anforderungen an Ressourceneffizienz und steigender Energiekosten. Das von Markus Brzeski an der Institut f\u00fcr Verbundwerkstoffe GmbH neu entwickelte Verfahren f\u00fcr die Verarbeitung endlosfaserverst\u00e4rkter Kunststoffe greift bei den beiden Kostentreibern Materialkosten und Automatisierungsgrad an. Durch eine innovative Zusammenf\u00fchrung von Fasern und Kunststoff und deren selektive Erw\u00e4rmung w\u00e4hrend der Verarbeitung k\u00f6nnen deutlich h\u00f6here Verarbeitungstemperaturen benutzt werden ohne das Material zu besch\u00e4digen. Dadurch ist es erstmals m\u00f6glich, thermoplastische Faserverbundwerkstoffe w\u00e4hrend des Tapelegens zu impr\u00e4gnieren. Die Materialkosten werden durch den Wegfall von bisher notwendigen Veredelungsschritten drastisch reduziert. Das hei\u00dft, es werden keine Zwischenprodukte wie Halbzeuge mehr ben\u00f6tigt, welche ca. 50% bis 80% der Materialkosten ausmachen.<\/p>\n<p><strong>So kam es dazu: <\/strong>Herr Brzeski pr\u00e4sentierte seine Ergebnisse auf der weltweit gr\u00f6\u00dften technischen Konferenz f\u00fcr neuartige Materialien und Prozesse (SAMPE 2012). Dort wurde er mit dem sehr renommierten SAMPE Outstanding Paper Award ausgezeichnet.<\/p>\n<p>2014 wurde vom EXIST-Forschungstransfer-Programm des BMWi eine F\u00f6rderung zur Unternehmensgr\u00fcndung gew\u00e4hrt.<\/p>\n<p><strong>Website: <\/strong> <a href=\"http:\/\/www.aplus-composites.de\/index.html\" target=\"_blank\" rel=\"noopener\">www.aplus-composites.de<\/a><\/p>\n<p><strong>Founding date: <\/strong>09.06.2015<\/p>\n<p><strong>Contact: <\/strong>Markus.Brzeski@ivw.uni-kl.de<\/p>","protected":false},"excerpt":{"rendered":"<p>Auszeichnungen: Gr\u00fcndungsidee des Jahres 2014, Transferpreis &#8211; Gr\u00fcnder des Jahres 2017 Wir sind: A+Composites Wir machen: Der gezielte Einsatz von Leichtbauteilen erh\u00e4lt eine best\u00e4ndig wachsende Bedeutung auf Grund der st\u00e4rkeren Anforderungen an Ressourceneffizienz und steigender Energiekosten. Das von Markus Brzeski an der Institut f\u00fcr Verbundwerkstoffe GmbH neu entwickelte Verfahren f\u00fcr die Verarbeitung endlosfaserverst\u00e4rkter Kunststoffe greift [&hellip;]<\/p>","protected":false},"author":810,"featured_media":0,"parent":0,"menu_order":0,"comment_status":"closed","ping_status":"closed","template":"","meta":{"_et_pb_use_builder":"off","_et_pb_old_content":"<strong>Auszeichnungen:<\/strong> Gr\u00fcndungsidee des Jahres 2014, Transferpreis - Gr\u00fcnder des Jahres 2017\n\n<strong>Wir sind: <\/strong> A+Composites\n\n<strong>Wir machen: <\/strong>Der gezielte Einsatz von Leichtbauteilen erh\u00e4lt eine best\u00e4ndig wachsende Bedeutung auf Grund der st\u00e4rkeren Anforderungen an Ressourceneffizienz und steigender Energiekosten. Das von Markus Brzeski an der Institut f\u00fcr Verbundwerkstoffe GmbH neu entwickelte Verfahren f\u00fcr die Verarbeitung endlosfaserverst\u00e4rkter Kunststoffe greift bei den beiden Kostentreibern Materialkosten und Automatisierungsgrad an. Durch eine innovative Zusammenf\u00fchrung von Fasern und Kunststoff und deren selektive Erw\u00e4rmung w\u00e4hrend der Verarbeitung k\u00f6nnen deutlich h\u00f6here Verarbeitungstemperaturen benutzt werden ohne das Material zu besch\u00e4digen. Dadurch ist es erstmals m\u00f6glich, thermoplastische Faserverbundwerkstoffe w\u00e4hrend des Tapelegens zu impr\u00e4gnieren. Die Materialkosten werden durch den Wegfall von bisher notwendigen Veredelungsschritten drastisch reduziert. Das hei\u00dft, es werden keine Zwischenprodukte wie Halbzeuge mehr ben\u00f6tigt, welche ca. 50% bis 80% der Materialkosten ausmachen.\n\n<strong>So kam es dazu: <\/strong>Herr Brzeski pr\u00e4sentierte seine Ergebnisse auf der weltweit gr\u00f6\u00dften technischen Konferenz f\u00fcr neuartige Materialien und Prozesse (SAMPE 2012). Dort wurde er mit dem sehr renommierten SAMPE Outstanding Paper Award ausgezeichnet.\n\n2014 wurde vom EXIST-Forschungstransfer-Programm des BMWi eine F\u00f6rderung zur Unternehmensgr\u00fcndung gew\u00e4hrt.\n\n<strong>Internetseite: <\/strong> <a href=\"http:\/\/www.aplus-composites.de\/index.html\" target=\"_blank\" rel=\"noopener\">www.aplus-composites.de<\/a>\n\n<strong>Gr\u00fcndungsdatum: <\/strong>09.06.2015\n\n<strong>Kontakt: <\/strong>Markus.Brzeski@ivw.uni-kl.de","_et_gb_content_width":"","inline_featured_image":false,"footnotes":""},"class_list":["post-100054","page","type-page","status-publish","hentry"],"yoast_head":"<!-- This site is optimized with the Yoast SEO plugin v26.0 - https:\/\/yoast.com\/wordpress\/plugins\/seo\/ -->\n<title>A+Composites - Gr\u00fcndungsb\u00fcro<\/title>\n<meta name=\"robots\" content=\"index, follow, max-snippet:-1, max-image-preview:large, max-video-preview:-1\" \/>\n<link rel=\"canonical\" href=\"https:\/\/gruendungsbuero.info\/en\/acomposites\/\" \/>\n<meta property=\"og:locale\" content=\"en_GB\" \/>\n<meta property=\"og:type\" content=\"article\" \/>\n<meta property=\"og:title\" content=\"A+Composites - Gr\u00fcndungsb\u00fcro\" \/>\n<meta property=\"og:description\" content=\"Auszeichnungen: Gr\u00fcndungsidee des Jahres 2014, Transferpreis &#8211; Gr\u00fcnder des Jahres 2017 Wir sind: A+Composites Wir machen: Der gezielte Einsatz von Leichtbauteilen erh\u00e4lt eine best\u00e4ndig wachsende Bedeutung auf Grund der st\u00e4rkeren Anforderungen an Ressourceneffizienz und steigender Energiekosten. Das von Markus Brzeski an der Institut f\u00fcr Verbundwerkstoffe GmbH neu entwickelte Verfahren f\u00fcr die Verarbeitung endlosfaserverst\u00e4rkter Kunststoffe greift [&hellip;]\" \/>\n<meta property=\"og:url\" content=\"https:\/\/gruendungsbuero.info\/en\/acomposites\/\" \/>\n<meta property=\"og:site_name\" content=\"Gr\u00fcndungsb\u00fcro\" \/>\n<meta property=\"article:modified_time\" content=\"2026-03-04T16:59:42+00:00\" \/>\n<meta name=\"twitter:card\" content=\"summary_large_image\" \/>\n<meta name=\"twitter:label1\" content=\"Est. reading time\" \/>\n\t<meta name=\"twitter:data1\" content=\"1 minute\" \/>\n<script type=\"application\/ld+json\" class=\"yoast-schema-graph\">{\"@context\":\"https:\/\/schema.org\",\"@graph\":[{\"@type\":\"WebPage\",\"@id\":\"https:\/\/gruendungsbuero.info\/acomposites\/\",\"url\":\"https:\/\/gruendungsbuero.info\/acomposites\/\",\"name\":\"A+Composites - Gr\u00fcndungsb\u00fcro\",\"isPartOf\":{\"@id\":\"https:\/\/gruendungsbuero.info\/#website\"},\"datePublished\":\"2022-01-18T12:32:38+00:00\",\"dateModified\":\"2026-03-04T16:59:42+00:00\",\"breadcrumb\":{\"@id\":\"https:\/\/gruendungsbuero.info\/acomposites\/#breadcrumb\"},\"inLanguage\":\"en-GB\",\"potentialAction\":[{\"@type\":\"ReadAction\",\"target\":[\"https:\/\/gruendungsbuero.info\/acomposites\/\"]}]},{\"@type\":\"BreadcrumbList\",\"@id\":\"https:\/\/gruendungsbuero.info\/acomposites\/#breadcrumb\",\"itemListElement\":[{\"@type\":\"ListItem\",\"position\":1,\"name\":\"Home\",\"item\":\"https:\/\/gruendungsbuero.info\/\"},{\"@type\":\"ListItem\",\"position\":2,\"name\":\"A+Composites\"}]},{\"@type\":\"WebSite\",\"@id\":\"https:\/\/gruendungsbuero.info\/#website\",\"url\":\"https:\/\/gruendungsbuero.info\/\",\"name\":\"Gr\u00fcndungsb\u00fcro\",\"description\":\"Rheinland-Pf\u00e4lzische Technische Universit\u00e4t &amp; Hochschule Kaiserslautern\",\"potentialAction\":[{\"@type\":\"SearchAction\",\"target\":{\"@type\":\"EntryPoint\",\"urlTemplate\":\"https:\/\/gruendungsbuero.info\/?s={search_term_string}\"},\"query-input\":{\"@type\":\"PropertyValueSpecification\",\"valueRequired\":true,\"valueName\":\"search_term_string\"}}],\"inLanguage\":\"en-GB\"}]}<\/script>\n<!-- \/ Yoast SEO plugin. -->","yoast_head_json":{"title":"A+Composites - Gr\u00fcndungsb\u00fcro","robots":{"index":"index","follow":"follow","max-snippet":"max-snippet:-1","max-image-preview":"max-image-preview:large","max-video-preview":"max-video-preview:-1"},"canonical":"https:\/\/gruendungsbuero.info\/en\/acomposites\/","og_locale":"en_GB","og_type":"article","og_title":"A+Composites - Gr\u00fcndungsb\u00fcro","og_description":"Auszeichnungen: Gr\u00fcndungsidee des Jahres 2014, Transferpreis &#8211; Gr\u00fcnder des Jahres 2017 Wir sind: A+Composites Wir machen: Der gezielte Einsatz von Leichtbauteilen erh\u00e4lt eine best\u00e4ndig wachsende Bedeutung auf Grund der st\u00e4rkeren Anforderungen an Ressourceneffizienz und steigender Energiekosten. Das von Markus Brzeski an der Institut f\u00fcr Verbundwerkstoffe GmbH neu entwickelte Verfahren f\u00fcr die Verarbeitung endlosfaserverst\u00e4rkter Kunststoffe greift [&hellip;]","og_url":"https:\/\/gruendungsbuero.info\/en\/acomposites\/","og_site_name":"Gr\u00fcndungsb\u00fcro","article_modified_time":"2026-03-04T16:59:42+00:00","twitter_card":"summary_large_image","twitter_misc":{"Est. reading time":"1 minute"},"schema":{"@context":"https:\/\/schema.org","@graph":[{"@type":"WebPage","@id":"https:\/\/gruendungsbuero.info\/acomposites\/","url":"https:\/\/gruendungsbuero.info\/acomposites\/","name":"A+Composites - Gr\u00fcndungsb\u00fcro","isPartOf":{"@id":"https:\/\/gruendungsbuero.info\/#website"},"datePublished":"2022-01-18T12:32:38+00:00","dateModified":"2026-03-04T16:59:42+00:00","breadcrumb":{"@id":"https:\/\/gruendungsbuero.info\/acomposites\/#breadcrumb"},"inLanguage":"en-GB","potentialAction":[{"@type":"ReadAction","target":["https:\/\/gruendungsbuero.info\/acomposites\/"]}]},{"@type":"BreadcrumbList","@id":"https:\/\/gruendungsbuero.info\/acomposites\/#breadcrumb","itemListElement":[{"@type":"ListItem","position":1,"name":"Home","item":"https:\/\/gruendungsbuero.info\/"},{"@type":"ListItem","position":2,"name":"A+Composites"}]},{"@type":"WebSite","@id":"https:\/\/gruendungsbuero.info\/#website","url":"https:\/\/gruendungsbuero.info\/","name":"Gr\u00fcndungsb\u00fcro","description":"Rheinland-Pf\u00e4lzische Technische Universit\u00e4t &amp; Hochschule Kaiserslautern","potentialAction":[{"@type":"SearchAction","target":{"@type":"EntryPoint","urlTemplate":"https:\/\/gruendungsbuero.info\/?s={search_term_string}"},"query-input":{"@type":"PropertyValueSpecification","valueRequired":true,"valueName":"search_term_string"}}],"inLanguage":"en-GB"}]}},"_links":{"self":[{"href":"https:\/\/gruendungsbuero.info\/en\/wp-json\/wp\/v2\/pages\/100054","targetHints":{"allow":["GET"]}}],"collection":[{"href":"https:\/\/gruendungsbuero.info\/en\/wp-json\/wp\/v2\/pages"}],"about":[{"href":"https:\/\/gruendungsbuero.info\/en\/wp-json\/wp\/v2\/types\/page"}],"author":[{"embeddable":true,"href":"https:\/\/gruendungsbuero.info\/en\/wp-json\/wp\/v2\/users\/810"}],"replies":[{"embeddable":true,"href":"https:\/\/gruendungsbuero.info\/en\/wp-json\/wp\/v2\/comments?post=100054"}],"version-history":[{"count":1,"href":"https:\/\/gruendungsbuero.info\/en\/wp-json\/wp\/v2\/pages\/100054\/revisions"}],"predecessor-version":[{"id":102103,"href":"https:\/\/gruendungsbuero.info\/en\/wp-json\/wp\/v2\/pages\/100054\/revisions\/102103"}],"wp:attachment":[{"href":"https:\/\/gruendungsbuero.info\/en\/wp-json\/wp\/v2\/media?parent=100054"}],"curies":[{"name":"wp","href":"https:\/\/api.w.org\/{rel}","templated":true}]}}