{"id":100050,"date":"2022-01-18T12:32:38","date_gmt":"2022-01-18T12:32:38","guid":{"rendered":"https:\/\/gruendungsbuero.info\/sommerevent-successful-summer\/"},"modified":"2022-01-18T12:32:38","modified_gmt":"2022-01-18T12:32:38","slug":"sommerevent-successful-summer","status":"publish","type":"page","link":"https:\/\/gruendungsbuero.info\/en\/sommerevent-successful-summer\/","title":{"rendered":"Sommerevent &#8211; Successful Summer"},"content":{"rendered":"<p>Unter dem Motto &#8222;Start-up\u2019s, Sun &amp; Fun&#8220; stellen sich Gr\u00fcndungsprojekte mit ihren Produkten und<br \/>\nDienstleistungen vor. Das Fest bildet eine Plattform zum Networking und Erfahrungsaustausch. In<br \/>\ngem\u00fctlicher Atmosph\u00e4re wird Gr\u00fcndung zum Erlebnis.<\/p>","protected":false},"excerpt":{"rendered":"<p>Unter dem Motto &#8222;Start-up\u2019s, Sun &amp; Fun&#8220; stellen sich Gr\u00fcndungsprojekte mit ihren Produkten und Dienstleistungen vor. Das Fest bildet eine Plattform zum Networking und Erfahrungsaustausch. In gem\u00fctlicher Atmosph\u00e4re wird Gr\u00fcndung zum Erlebnis.<\/p>","protected":false},"author":810,"featured_media":0,"parent":0,"menu_order":0,"comment_status":"closed","ping_status":"closed","template":"","meta":{"_et_pb_use_builder":"","_et_pb_old_content":"","_et_gb_content_width":"","inline_featured_image":false,"footnotes":""},"class_list":["post-100050","page","type-page","status-publish","hentry"],"yoast_head":"<!-- This site is optimized with the Yoast SEO plugin v26.0 - https:\/\/yoast.com\/wordpress\/plugins\/seo\/ -->\n<title>Sommerevent - Successful Summer - Gr\u00fcndungsb\u00fcro<\/title>\n<meta name=\"robots\" content=\"index, follow, max-snippet:-1, max-image-preview:large, max-video-preview:-1\" \/>\n<link rel=\"canonical\" href=\"https:\/\/gruendungsbuero.info\/en\/sommerevent-successful-summer\/\" \/>\n<meta property=\"og:locale\" content=\"en_GB\" \/>\n<meta property=\"og:type\" content=\"article\" \/>\n<meta property=\"og:title\" content=\"Sommerevent - Successful Summer - Gr\u00fcndungsb\u00fcro\" \/>\n<meta property=\"og:description\" content=\"Unter dem Motto &#8222;Start-up\u2019s, Sun &amp; Fun&#8220; stellen sich Gr\u00fcndungsprojekte mit ihren Produkten und Dienstleistungen vor. Das Fest bildet eine Plattform zum Networking und Erfahrungsaustausch. In gem\u00fctlicher Atmosph\u00e4re wird Gr\u00fcndung zum Erlebnis.\" \/>\n<meta property=\"og:url\" content=\"https:\/\/gruendungsbuero.info\/en\/sommerevent-successful-summer\/\" \/>\n<meta property=\"og:site_name\" content=\"Gr\u00fcndungsb\u00fcro\" \/>\n<meta name=\"twitter:card\" content=\"summary_large_image\" \/>\n<script type=\"application\/ld+json\" class=\"yoast-schema-graph\">{\"@context\":\"https:\/\/schema.org\",\"@graph\":[{\"@type\":\"WebPage\",\"@id\":\"https:\/\/gruendungsbuero.info\/sommerevent-successful-summer\/\",\"url\":\"https:\/\/gruendungsbuero.info\/sommerevent-successful-summer\/\",\"name\":\"Sommerevent - Successful Summer - Gr\u00fcndungsb\u00fcro\",\"isPartOf\":{\"@id\":\"https:\/\/gruendungsbuero.info\/#website\"},\"datePublished\":\"2022-01-18T12:32:38+00:00\",\"breadcrumb\":{\"@id\":\"https:\/\/gruendungsbuero.info\/sommerevent-successful-summer\/#breadcrumb\"},\"inLanguage\":\"en-GB\",\"potentialAction\":[{\"@type\":\"ReadAction\",\"target\":[\"https:\/\/gruendungsbuero.info\/sommerevent-successful-summer\/\"]}]},{\"@type\":\"BreadcrumbList\",\"@id\":\"https:\/\/gruendungsbuero.info\/sommerevent-successful-summer\/#breadcrumb\",\"itemListElement\":[{\"@type\":\"ListItem\",\"position\":1,\"name\":\"Home\",\"item\":\"https:\/\/gruendungsbuero.info\/\"},{\"@type\":\"ListItem\",\"position\":2,\"name\":\"Sommerevent &#8211; Successful Summer\"}]},{\"@type\":\"WebSite\",\"@id\":\"https:\/\/gruendungsbuero.info\/#website\",\"url\":\"https:\/\/gruendungsbuero.info\/\",\"name\":\"Gr\u00fcndungsb\u00fcro\",\"description\":\"Rheinland-Pf\u00e4lzische Technische Universit\u00e4t &amp; Hochschule Kaiserslautern\",\"potentialAction\":[{\"@type\":\"SearchAction\",\"target\":{\"@type\":\"EntryPoint\",\"urlTemplate\":\"https:\/\/gruendungsbuero.info\/?s={search_term_string}\"},\"query-input\":{\"@type\":\"PropertyValueSpecification\",\"valueRequired\":true,\"valueName\":\"search_term_string\"}}],\"inLanguage\":\"en-GB\"}]}<\/script>\n<!-- \/ Yoast SEO plugin. -->","yoast_head_json":{"title":"Sommerevent - Successful Summer - Gr\u00fcndungsb\u00fcro","robots":{"index":"index","follow":"follow","max-snippet":"max-snippet:-1","max-image-preview":"max-image-preview:large","max-video-preview":"max-video-preview:-1"},"canonical":"https:\/\/gruendungsbuero.info\/en\/sommerevent-successful-summer\/","og_locale":"en_GB","og_type":"article","og_title":"Sommerevent - Successful Summer - Gr\u00fcndungsb\u00fcro","og_description":"Unter dem Motto &#8222;Start-up\u2019s, Sun &amp; Fun&#8220; stellen sich Gr\u00fcndungsprojekte mit ihren Produkten und Dienstleistungen vor. Das Fest bildet eine Plattform zum Networking und Erfahrungsaustausch. In gem\u00fctlicher Atmosph\u00e4re wird Gr\u00fcndung zum Erlebnis.","og_url":"https:\/\/gruendungsbuero.info\/en\/sommerevent-successful-summer\/","og_site_name":"Gr\u00fcndungsb\u00fcro","twitter_card":"summary_large_image","schema":{"@context":"https:\/\/schema.org","@graph":[{"@type":"WebPage","@id":"https:\/\/gruendungsbuero.info\/sommerevent-successful-summer\/","url":"https:\/\/gruendungsbuero.info\/sommerevent-successful-summer\/","name":"Sommerevent - Successful Summer - Gr\u00fcndungsb\u00fcro","isPartOf":{"@id":"https:\/\/gruendungsbuero.info\/#website"},"datePublished":"2022-01-18T12:32:38+00:00","breadcrumb":{"@id":"https:\/\/gruendungsbuero.info\/sommerevent-successful-summer\/#breadcrumb"},"inLanguage":"en-GB","potentialAction":[{"@type":"ReadAction","target":["https:\/\/gruendungsbuero.info\/sommerevent-successful-summer\/"]}]},{"@type":"BreadcrumbList","@id":"https:\/\/gruendungsbuero.info\/sommerevent-successful-summer\/#breadcrumb","itemListElement":[{"@type":"ListItem","position":1,"name":"Home","item":"https:\/\/gruendungsbuero.info\/"},{"@type":"ListItem","position":2,"name":"Sommerevent &#8211; Successful Summer"}]},{"@type":"WebSite","@id":"https:\/\/gruendungsbuero.info\/#website","url":"https:\/\/gruendungsbuero.info\/","name":"Gr\u00fcndungsb\u00fcro","description":"Rheinland-Pf\u00e4lzische Technische Universit\u00e4t &amp; Hochschule Kaiserslautern","potentialAction":[{"@type":"SearchAction","target":{"@type":"EntryPoint","urlTemplate":"https:\/\/gruendungsbuero.info\/?s={search_term_string}"},"query-input":{"@type":"PropertyValueSpecification","valueRequired":true,"valueName":"search_term_string"}}],"inLanguage":"en-GB"}]}},"_links":{"self":[{"href":"https:\/\/gruendungsbuero.info\/en\/wp-json\/wp\/v2\/pages\/100050","targetHints":{"allow":["GET"]}}],"collection":[{"href":"https:\/\/gruendungsbuero.info\/en\/wp-json\/wp\/v2\/pages"}],"about":[{"href":"https:\/\/gruendungsbuero.info\/en\/wp-json\/wp\/v2\/types\/page"}],"author":[{"embeddable":true,"href":"https:\/\/gruendungsbuero.info\/en\/wp-json\/wp\/v2\/users\/810"}],"replies":[{"embeddable":true,"href":"https:\/\/gruendungsbuero.info\/en\/wp-json\/wp\/v2\/comments?post=100050"}],"version-history":[{"count":0,"href":"https:\/\/gruendungsbuero.info\/en\/wp-json\/wp\/v2\/pages\/100050\/revisions"}],"wp:attachment":[{"href":"https:\/\/gruendungsbuero.info\/en\/wp-json\/wp\/v2\/media?parent=100050"}],"curies":[{"name":"wp","href":"https:\/\/api.w.org\/{rel}","templated":true}]}}