{"id":100042,"date":"2022-01-18T12:32:38","date_gmt":"2022-01-18T12:32:38","guid":{"rendered":"https:\/\/gruendungsbuero.info\/referat-forschung-und-projektkoordination\/"},"modified":"2022-01-18T12:32:38","modified_gmt":"2022-01-18T12:32:38","slug":"referat-forschung-und-projektkoordination","status":"publish","type":"page","link":"https:\/\/gruendungsbuero.info\/en\/referat-forschung-und-projektkoordination\/","title":{"rendered":"Referat Forschung und Projektkoordination"},"content":{"rendered":"<p>\n<strong>Das Referat Forschung und Projektkoordination<\/strong><\/p>\n<ul>\n<li>unterst\u00fctzt die angewandte Forschung an der Fachhochschule Kaiserslautern \u00fcber die Beantragung von F&amp;E Projekten und die Darstellung der Ergebnisse bis zur Ergebnisverwertung.<\/li>\n<li>begleitet die Entwicklung der angewandten Forschung strategisch.<\/li>\n<li>koordiniert mehrere hochschulweite und hochschul\u00fcbergreifende Projekte.<\/li>\n<li>steht den Professorinnen und Professoren der Hochschule mit seinem Service zur Verf\u00fcgung.<\/li>\n<li>vermittelt wissenschaftliche Anfragen in die Hochschule und unterst\u00fctzt die Vernetzung.<\/li>\n<\/ul>\n<p>\n<strong>Unsere Ziele<\/strong><\/p>\n<ul>\n<li>Beschleunigung des Wissenstransfers durch h\u00f6here Transparenz wissenschaftlicher Forschungsergebnisse.<\/li>\n<li>F\u00f6rderung der Drittmittelf\u00e4higkeit<\/li>\n<li>Unterst\u00fctzung der Profilbildung in der Forschung<\/li>\n<li>Schaffung von Synergieeffekten innerhalb und zwischen Forschunseinrichtungen<\/li>\n<li>F\u00f6rderung von Ausgr\u00fcndungen aus der Hochschule<\/li>\n<\/ul>\n<p><address>\n<strong>Fachhochschule Kaiserslautern<\/strong><br \/>\nMorlauterer Stra\u00dfe 31<br \/>\n67657 Kaiserslautern<br \/>\nTelefon: +49 631 3724 2159<br \/> <br \/>\nFax: +49 631 3724 2174<br \/>\nEmail: <a href=\"mailto:susanne.schohl@fh-kl.de\">susanne.schohl@fh-kl.de<\/a><br \/>\n<\/address>\n<\/p>\n<p><div class=\"media\">\n  <a class=\"pull-left\" style=\"width:140px\"><br \/>\n    {{image id=&#8220;66692849&#8243;}}<br \/>\n  <\/a><\/p>\n<div class=\"media-body\">\n<h4 class=\"media-heading\">Ansprechpartnerin<\/h4>\n<p>    <strong>Dr. Susanne Schohl<\/strong><br \/>\n    Referatsleitung Forschung und Projektkoordination<\/p>\n<ul>\n<li>Forschung und Innovation<\/li>\n<li>Leitungskollegium Gr\u00fcndungsb\u00fcro<\/li>\n<li>Projektkoordination FIS (F\u00f6rderung Individueller Studienwege)<\/li>\n<li>beratendes Mitglied im Forschungsausschuss<\/li>\n<\/ul><\/div>\n<\/div>","protected":false},"excerpt":{"rendered":"<p>Das Referat Forschung und Projektkoordination unterst\u00fctzt die angewandte Forschung an der Fachhochschule Kaiserslautern \u00fcber die Beantragung von F&amp;E Projekten und die Darstellung der Ergebnisse bis zur Ergebnisverwertung. begleitet die Entwicklung der angewandten Forschung strategisch. koordiniert mehrere hochschulweite und hochschul\u00fcbergreifende Projekte. steht den Professorinnen und Professoren der Hochschule mit seinem Service zur Verf\u00fcgung. vermittelt wissenschaftliche Anfragen [&hellip;]<\/p>","protected":false},"author":810,"featured_media":0,"parent":0,"menu_order":0,"comment_status":"closed","ping_status":"closed","template":"","meta":{"_et_pb_use_builder":"","_et_pb_old_content":"","_et_gb_content_width":"","inline_featured_image":false,"footnotes":""},"class_list":["post-100042","page","type-page","status-publish","hentry"],"yoast_head":"<!-- This site is optimized with the Yoast SEO plugin v26.0 - https:\/\/yoast.com\/wordpress\/plugins\/seo\/ -->\n<title>Referat Forschung und Projektkoordination - Gr\u00fcndungsb\u00fcro<\/title>\n<meta name=\"robots\" content=\"index, follow, max-snippet:-1, max-image-preview:large, max-video-preview:-1\" \/>\n<link rel=\"canonical\" href=\"https:\/\/gruendungsbuero.info\/en\/referat-forschung-und-projektkoordination\/\" \/>\n<meta property=\"og:locale\" content=\"en_GB\" \/>\n<meta property=\"og:type\" content=\"article\" \/>\n<meta property=\"og:title\" content=\"Referat Forschung und Projektkoordination - Gr\u00fcndungsb\u00fcro\" \/>\n<meta property=\"og:description\" content=\"Das Referat Forschung und Projektkoordination unterst\u00fctzt die angewandte Forschung an der Fachhochschule Kaiserslautern \u00fcber die Beantragung von F&amp;E Projekten und die Darstellung der Ergebnisse bis zur Ergebnisverwertung. begleitet die Entwicklung der angewandten Forschung strategisch. koordiniert mehrere hochschulweite und hochschul\u00fcbergreifende Projekte. steht den Professorinnen und Professoren der Hochschule mit seinem Service zur Verf\u00fcgung. vermittelt wissenschaftliche Anfragen [&hellip;]\" \/>\n<meta property=\"og:url\" content=\"https:\/\/gruendungsbuero.info\/en\/referat-forschung-und-projektkoordination\/\" \/>\n<meta property=\"og:site_name\" content=\"Gr\u00fcndungsb\u00fcro\" \/>\n<meta name=\"twitter:card\" content=\"summary_large_image\" \/>\n<meta name=\"twitter:label1\" content=\"Est. reading time\" \/>\n\t<meta name=\"twitter:data1\" content=\"1 minute\" \/>\n<script type=\"application\/ld+json\" class=\"yoast-schema-graph\">{\"@context\":\"https:\/\/schema.org\",\"@graph\":[{\"@type\":\"WebPage\",\"@id\":\"https:\/\/gruendungsbuero.info\/referat-forschung-und-projektkoordination\/\",\"url\":\"https:\/\/gruendungsbuero.info\/referat-forschung-und-projektkoordination\/\",\"name\":\"Referat Forschung und Projektkoordination - Gr\u00fcndungsb\u00fcro\",\"isPartOf\":{\"@id\":\"https:\/\/gruendungsbuero.info\/#website\"},\"datePublished\":\"2022-01-18T12:32:38+00:00\",\"breadcrumb\":{\"@id\":\"https:\/\/gruendungsbuero.info\/referat-forschung-und-projektkoordination\/#breadcrumb\"},\"inLanguage\":\"en-GB\",\"potentialAction\":[{\"@type\":\"ReadAction\",\"target\":[\"https:\/\/gruendungsbuero.info\/referat-forschung-und-projektkoordination\/\"]}]},{\"@type\":\"BreadcrumbList\",\"@id\":\"https:\/\/gruendungsbuero.info\/referat-forschung-und-projektkoordination\/#breadcrumb\",\"itemListElement\":[{\"@type\":\"ListItem\",\"position\":1,\"name\":\"Home\",\"item\":\"https:\/\/gruendungsbuero.info\/\"},{\"@type\":\"ListItem\",\"position\":2,\"name\":\"Referat Forschung und Projektkoordination\"}]},{\"@type\":\"WebSite\",\"@id\":\"https:\/\/gruendungsbuero.info\/#website\",\"url\":\"https:\/\/gruendungsbuero.info\/\",\"name\":\"Gr\u00fcndungsb\u00fcro\",\"description\":\"Rheinland-Pf\u00e4lzische Technische Universit\u00e4t &amp; Hochschule Kaiserslautern\",\"potentialAction\":[{\"@type\":\"SearchAction\",\"target\":{\"@type\":\"EntryPoint\",\"urlTemplate\":\"https:\/\/gruendungsbuero.info\/?s={search_term_string}\"},\"query-input\":{\"@type\":\"PropertyValueSpecification\",\"valueRequired\":true,\"valueName\":\"search_term_string\"}}],\"inLanguage\":\"en-GB\"}]}<\/script>\n<!-- \/ Yoast SEO plugin. -->","yoast_head_json":{"title":"Referat Forschung und Projektkoordination - Gr\u00fcndungsb\u00fcro","robots":{"index":"index","follow":"follow","max-snippet":"max-snippet:-1","max-image-preview":"max-image-preview:large","max-video-preview":"max-video-preview:-1"},"canonical":"https:\/\/gruendungsbuero.info\/en\/referat-forschung-und-projektkoordination\/","og_locale":"en_GB","og_type":"article","og_title":"Referat Forschung und Projektkoordination - Gr\u00fcndungsb\u00fcro","og_description":"Das Referat Forschung und Projektkoordination unterst\u00fctzt die angewandte Forschung an der Fachhochschule Kaiserslautern \u00fcber die Beantragung von F&amp;E Projekten und die Darstellung der Ergebnisse bis zur Ergebnisverwertung. begleitet die Entwicklung der angewandten Forschung strategisch. koordiniert mehrere hochschulweite und hochschul\u00fcbergreifende Projekte. steht den Professorinnen und Professoren der Hochschule mit seinem Service zur Verf\u00fcgung. vermittelt wissenschaftliche Anfragen [&hellip;]","og_url":"https:\/\/gruendungsbuero.info\/en\/referat-forschung-und-projektkoordination\/","og_site_name":"Gr\u00fcndungsb\u00fcro","twitter_card":"summary_large_image","twitter_misc":{"Est. reading time":"1 minute"},"schema":{"@context":"https:\/\/schema.org","@graph":[{"@type":"WebPage","@id":"https:\/\/gruendungsbuero.info\/referat-forschung-und-projektkoordination\/","url":"https:\/\/gruendungsbuero.info\/referat-forschung-und-projektkoordination\/","name":"Referat Forschung und Projektkoordination - Gr\u00fcndungsb\u00fcro","isPartOf":{"@id":"https:\/\/gruendungsbuero.info\/#website"},"datePublished":"2022-01-18T12:32:38+00:00","breadcrumb":{"@id":"https:\/\/gruendungsbuero.info\/referat-forschung-und-projektkoordination\/#breadcrumb"},"inLanguage":"en-GB","potentialAction":[{"@type":"ReadAction","target":["https:\/\/gruendungsbuero.info\/referat-forschung-und-projektkoordination\/"]}]},{"@type":"BreadcrumbList","@id":"https:\/\/gruendungsbuero.info\/referat-forschung-und-projektkoordination\/#breadcrumb","itemListElement":[{"@type":"ListItem","position":1,"name":"Home","item":"https:\/\/gruendungsbuero.info\/"},{"@type":"ListItem","position":2,"name":"Referat Forschung und Projektkoordination"}]},{"@type":"WebSite","@id":"https:\/\/gruendungsbuero.info\/#website","url":"https:\/\/gruendungsbuero.info\/","name":"Gr\u00fcndungsb\u00fcro","description":"Rheinland-Pf\u00e4lzische Technische Universit\u00e4t &amp; Hochschule Kaiserslautern","potentialAction":[{"@type":"SearchAction","target":{"@type":"EntryPoint","urlTemplate":"https:\/\/gruendungsbuero.info\/?s={search_term_string}"},"query-input":{"@type":"PropertyValueSpecification","valueRequired":true,"valueName":"search_term_string"}}],"inLanguage":"en-GB"}]}},"_links":{"self":[{"href":"https:\/\/gruendungsbuero.info\/en\/wp-json\/wp\/v2\/pages\/100042","targetHints":{"allow":["GET"]}}],"collection":[{"href":"https:\/\/gruendungsbuero.info\/en\/wp-json\/wp\/v2\/pages"}],"about":[{"href":"https:\/\/gruendungsbuero.info\/en\/wp-json\/wp\/v2\/types\/page"}],"author":[{"embeddable":true,"href":"https:\/\/gruendungsbuero.info\/en\/wp-json\/wp\/v2\/users\/810"}],"replies":[{"embeddable":true,"href":"https:\/\/gruendungsbuero.info\/en\/wp-json\/wp\/v2\/comments?post=100042"}],"version-history":[{"count":0,"href":"https:\/\/gruendungsbuero.info\/en\/wp-json\/wp\/v2\/pages\/100042\/revisions"}],"wp:attachment":[{"href":"https:\/\/gruendungsbuero.info\/en\/wp-json\/wp\/v2\/media?parent=100042"}],"curies":[{"name":"wp","href":"https:\/\/api.w.org\/{rel}","templated":true}]}}