{"id":100037,"date":"2022-01-18T12:32:38","date_gmt":"2022-01-18T12:32:38","guid":{"rendered":"https:\/\/gruendungsbuero.info\/katharina-neitzel\/"},"modified":"2023-03-23T08:49:32","modified_gmt":"2023-03-23T07:49:32","slug":"katharina-neitzel","status":"publish","type":"page","link":"https:\/\/gruendungsbuero.info\/en\/katharina-neitzel\/","title":{"rendered":"Katharina Neitzel"},"content":{"rendered":"<p><strong>Gr\u00fcndungs companion<\/strong><\/p>\n\n\n\n<figure class=\"wp-block-image size-large\"><img decoding=\"async\" width=\"1024\" height=\"684\" src=\"https:\/\/gruendungsbuero.info\/app\/uploads\/2022\/11\/A662982-1024x684.jpg\" alt=\"\" class=\"wp-image-106472\" srcset=\"https:\/\/gruendungsbuero.info\/app\/uploads\/2022\/11\/A662982-980x654.jpg 980w, https:\/\/gruendungsbuero.info\/app\/uploads\/2022\/11\/A662982-480x321.jpg 480w\" sizes=\"(min-width: 0px) and (max-width: 480px) 480px, (min-width: 481px) and (max-width: 980px) 980px, (min-width: 981px) 1024px, 100vw\" \/><figcaption>Gr\u00fcndungscoach<\/figcaption><\/figure>\n\n\n\n<p>Mit dem Diplom in technischer BWL unterst\u00fctzt Katharina Neitzel als Gr\u00fcndungsbegleiterin das Gr\u00fcndungsb\u00fcro. Sie steht f\u00fcr Erstberatungen zur Verf\u00fcgung und ist Spezialistin f\u00fcr die EXIST-F\u00f6rderung. Sie organisiert u.a. Messeauftritte, vernetzt EXIST-Gr\u00fcndungen mit der Wirtschaft und gestaltet die Konzeption der Angebote des des Gr\u00fcndungsb\u00fcros mit.<\/p>\n\n\n\n<p><strong>Contact us<\/strong><\/p>\n\n\n\n<p>Tel.: 0631 205-3892<br>Fax: 0631 205-2925<br>eMail:<a href=\"mailto:neitzel@gruendungsbuero.info\">neitzel@gruendungsbuero.info<\/a><\/p>","protected":false},"excerpt":{"rendered":"<p>Gr\u00fcndungsbegleiterin Mit dem Diplom in technischer BWL unterst\u00fctzt Katharina Neitzel als Gr\u00fcndungsbegleiterin das Gr\u00fcndungsb\u00fcro. Sie steht f\u00fcr Erstberatungen zur Verf\u00fcgung und ist Spezialistin f\u00fcr die EXIST-F\u00f6rderung. Sie organisiert u.a. Messeauftritte, vernetzt EXIST-Gr\u00fcndungen mit der Wirtschaft und gestaltet die Konzeption der Angebote des des Gr\u00fcndungsb\u00fcros mit. Kontakt Tel.: 0631 205-3892Fax: 0631 205-2925eMail:neitzel@gruendungsbuero.info<\/p>","protected":false},"author":810,"featured_media":106472,"parent":0,"menu_order":0,"comment_status":"closed","ping_status":"closed","template":"","meta":{"_et_pb_use_builder":"","_et_pb_old_content":"","_et_gb_content_width":"","inline_featured_image":false,"footnotes":""},"class_list":["post-100037","page","type-page","status-publish","has-post-thumbnail","hentry"],"yoast_head":"<!-- This site is optimized with the Yoast SEO plugin v26.0 - https:\/\/yoast.com\/wordpress\/plugins\/seo\/ -->\n<title>Katharina Neitzel - Gr\u00fcndungsb\u00fcro<\/title>\n<meta name=\"robots\" content=\"index, follow, max-snippet:-1, max-image-preview:large, max-video-preview:-1\" \/>\n<link rel=\"canonical\" href=\"https:\/\/gruendungsbuero.info\/en\/katharina-neitzel\/\" \/>\n<meta property=\"og:locale\" content=\"en_GB\" \/>\n<meta property=\"og:type\" content=\"article\" \/>\n<meta property=\"og:title\" content=\"Katharina Neitzel - Gr\u00fcndungsb\u00fcro\" \/>\n<meta property=\"og:description\" content=\"Gr\u00fcndungsbegleiterin Mit dem Diplom in technischer BWL unterst\u00fctzt Katharina Neitzel als Gr\u00fcndungsbegleiterin das Gr\u00fcndungsb\u00fcro. Sie steht f\u00fcr Erstberatungen zur Verf\u00fcgung und ist Spezialistin f\u00fcr die EXIST-F\u00f6rderung. Sie organisiert u.a. Messeauftritte, vernetzt EXIST-Gr\u00fcndungen mit der Wirtschaft und gestaltet die Konzeption der Angebote des des Gr\u00fcndungsb\u00fcros mit. Kontakt Tel.: 0631 205-3892Fax: 0631 205-2925eMail:neitzel@gruendungsbuero.info\" \/>\n<meta property=\"og:url\" content=\"https:\/\/gruendungsbuero.info\/en\/katharina-neitzel\/\" \/>\n<meta property=\"og:site_name\" content=\"Gr\u00fcndungsb\u00fcro\" \/>\n<meta property=\"article:modified_time\" content=\"2023-03-23T07:49:32+00:00\" \/>\n<meta property=\"og:image\" content=\"https:\/\/gruendungsbuero.info\/app\/uploads\/2022\/11\/A662982.jpg\" \/>\n\t<meta property=\"og:image:width\" content=\"1920\" \/>\n\t<meta property=\"og:image:height\" content=\"1282\" \/>\n\t<meta property=\"og:image:type\" content=\"image\/jpeg\" \/>\n<meta name=\"twitter:card\" content=\"summary_large_image\" \/>\n<meta name=\"twitter:label1\" content=\"Est. reading time\" \/>\n\t<meta name=\"twitter:data1\" content=\"1 minute\" \/>\n<script type=\"application\/ld+json\" class=\"yoast-schema-graph\">{\"@context\":\"https:\/\/schema.org\",\"@graph\":[{\"@type\":\"WebPage\",\"@id\":\"https:\/\/gruendungsbuero.info\/katharina-neitzel\/\",\"url\":\"https:\/\/gruendungsbuero.info\/katharina-neitzel\/\",\"name\":\"Katharina Neitzel - Gr\u00fcndungsb\u00fcro\",\"isPartOf\":{\"@id\":\"https:\/\/gruendungsbuero.info\/#website\"},\"primaryImageOfPage\":{\"@id\":\"https:\/\/gruendungsbuero.info\/katharina-neitzel\/#primaryimage\"},\"image\":{\"@id\":\"https:\/\/gruendungsbuero.info\/katharina-neitzel\/#primaryimage\"},\"thumbnailUrl\":\"https:\/\/gruendungsbuero.info\/app\/uploads\/2022\/11\/A662982.jpg\",\"datePublished\":\"2022-01-18T12:32:38+00:00\",\"dateModified\":\"2023-03-23T07:49:32+00:00\",\"breadcrumb\":{\"@id\":\"https:\/\/gruendungsbuero.info\/katharina-neitzel\/#breadcrumb\"},\"inLanguage\":\"en-GB\",\"potentialAction\":[{\"@type\":\"ReadAction\",\"target\":[\"https:\/\/gruendungsbuero.info\/katharina-neitzel\/\"]}]},{\"@type\":\"ImageObject\",\"inLanguage\":\"en-GB\",\"@id\":\"https:\/\/gruendungsbuero.info\/katharina-neitzel\/#primaryimage\",\"url\":\"https:\/\/gruendungsbuero.info\/app\/uploads\/2022\/11\/A662982.jpg\",\"contentUrl\":\"https:\/\/gruendungsbuero.info\/app\/uploads\/2022\/11\/A662982.jpg\",\"width\":1920,\"height\":1282,\"caption\":\"Katharina Neitzel\"},{\"@type\":\"BreadcrumbList\",\"@id\":\"https:\/\/gruendungsbuero.info\/katharina-neitzel\/#breadcrumb\",\"itemListElement\":[{\"@type\":\"ListItem\",\"position\":1,\"name\":\"Home\",\"item\":\"https:\/\/gruendungsbuero.info\/\"},{\"@type\":\"ListItem\",\"position\":2,\"name\":\"Katharina Neitzel\"}]},{\"@type\":\"WebSite\",\"@id\":\"https:\/\/gruendungsbuero.info\/#website\",\"url\":\"https:\/\/gruendungsbuero.info\/\",\"name\":\"Gr\u00fcndungsb\u00fcro\",\"description\":\"Rheinland-Pf\u00e4lzische Technische Universit\u00e4t &amp; Hochschule Kaiserslautern\",\"potentialAction\":[{\"@type\":\"SearchAction\",\"target\":{\"@type\":\"EntryPoint\",\"urlTemplate\":\"https:\/\/gruendungsbuero.info\/?s={search_term_string}\"},\"query-input\":{\"@type\":\"PropertyValueSpecification\",\"valueRequired\":true,\"valueName\":\"search_term_string\"}}],\"inLanguage\":\"en-GB\"}]}<\/script>\n<!-- \/ Yoast SEO plugin. -->","yoast_head_json":{"title":"Katharina Neitzel - Gr\u00fcndungsb\u00fcro","robots":{"index":"index","follow":"follow","max-snippet":"max-snippet:-1","max-image-preview":"max-image-preview:large","max-video-preview":"max-video-preview:-1"},"canonical":"https:\/\/gruendungsbuero.info\/en\/katharina-neitzel\/","og_locale":"en_GB","og_type":"article","og_title":"Katharina Neitzel - Gr\u00fcndungsb\u00fcro","og_description":"Gr\u00fcndungsbegleiterin Mit dem Diplom in technischer BWL unterst\u00fctzt Katharina Neitzel als Gr\u00fcndungsbegleiterin das Gr\u00fcndungsb\u00fcro. Sie steht f\u00fcr Erstberatungen zur Verf\u00fcgung und ist Spezialistin f\u00fcr die EXIST-F\u00f6rderung. Sie organisiert u.a. Messeauftritte, vernetzt EXIST-Gr\u00fcndungen mit der Wirtschaft und gestaltet die Konzeption der Angebote des des Gr\u00fcndungsb\u00fcros mit. Kontakt Tel.: 0631 205-3892Fax: 0631 205-2925eMail:neitzel@gruendungsbuero.info","og_url":"https:\/\/gruendungsbuero.info\/en\/katharina-neitzel\/","og_site_name":"Gr\u00fcndungsb\u00fcro","article_modified_time":"2023-03-23T07:49:32+00:00","og_image":[{"width":1920,"height":1282,"url":"https:\/\/gruendungsbuero.info\/app\/uploads\/2022\/11\/A662982.jpg","type":"image\/jpeg"}],"twitter_card":"summary_large_image","twitter_misc":{"Est. reading time":"1 minute"},"schema":{"@context":"https:\/\/schema.org","@graph":[{"@type":"WebPage","@id":"https:\/\/gruendungsbuero.info\/katharina-neitzel\/","url":"https:\/\/gruendungsbuero.info\/katharina-neitzel\/","name":"Katharina Neitzel - Gr\u00fcndungsb\u00fcro","isPartOf":{"@id":"https:\/\/gruendungsbuero.info\/#website"},"primaryImageOfPage":{"@id":"https:\/\/gruendungsbuero.info\/katharina-neitzel\/#primaryimage"},"image":{"@id":"https:\/\/gruendungsbuero.info\/katharina-neitzel\/#primaryimage"},"thumbnailUrl":"https:\/\/gruendungsbuero.info\/app\/uploads\/2022\/11\/A662982.jpg","datePublished":"2022-01-18T12:32:38+00:00","dateModified":"2023-03-23T07:49:32+00:00","breadcrumb":{"@id":"https:\/\/gruendungsbuero.info\/katharina-neitzel\/#breadcrumb"},"inLanguage":"en-GB","potentialAction":[{"@type":"ReadAction","target":["https:\/\/gruendungsbuero.info\/katharina-neitzel\/"]}]},{"@type":"ImageObject","inLanguage":"en-GB","@id":"https:\/\/gruendungsbuero.info\/katharina-neitzel\/#primaryimage","url":"https:\/\/gruendungsbuero.info\/app\/uploads\/2022\/11\/A662982.jpg","contentUrl":"https:\/\/gruendungsbuero.info\/app\/uploads\/2022\/11\/A662982.jpg","width":1920,"height":1282,"caption":"Katharina Neitzel"},{"@type":"BreadcrumbList","@id":"https:\/\/gruendungsbuero.info\/katharina-neitzel\/#breadcrumb","itemListElement":[{"@type":"ListItem","position":1,"name":"Home","item":"https:\/\/gruendungsbuero.info\/"},{"@type":"ListItem","position":2,"name":"Katharina Neitzel"}]},{"@type":"WebSite","@id":"https:\/\/gruendungsbuero.info\/#website","url":"https:\/\/gruendungsbuero.info\/","name":"Gr\u00fcndungsb\u00fcro","description":"Rheinland-Pf\u00e4lzische Technische Universit\u00e4t &amp; Hochschule Kaiserslautern","potentialAction":[{"@type":"SearchAction","target":{"@type":"EntryPoint","urlTemplate":"https:\/\/gruendungsbuero.info\/?s={search_term_string}"},"query-input":{"@type":"PropertyValueSpecification","valueRequired":true,"valueName":"search_term_string"}}],"inLanguage":"en-GB"}]}},"_links":{"self":[{"href":"https:\/\/gruendungsbuero.info\/en\/wp-json\/wp\/v2\/pages\/100037","targetHints":{"allow":["GET"]}}],"collection":[{"href":"https:\/\/gruendungsbuero.info\/en\/wp-json\/wp\/v2\/pages"}],"about":[{"href":"https:\/\/gruendungsbuero.info\/en\/wp-json\/wp\/v2\/types\/page"}],"author":[{"embeddable":true,"href":"https:\/\/gruendungsbuero.info\/en\/wp-json\/wp\/v2\/users\/810"}],"replies":[{"embeddable":true,"href":"https:\/\/gruendungsbuero.info\/en\/wp-json\/wp\/v2\/comments?post=100037"}],"version-history":[{"count":4,"href":"https:\/\/gruendungsbuero.info\/en\/wp-json\/wp\/v2\/pages\/100037\/revisions"}],"predecessor-version":[{"id":107495,"href":"https:\/\/gruendungsbuero.info\/en\/wp-json\/wp\/v2\/pages\/100037\/revisions\/107495"}],"wp:featuredmedia":[{"embeddable":true,"href":"https:\/\/gruendungsbuero.info\/en\/wp-json\/wp\/v2\/media\/106472"}],"wp:attachment":[{"href":"https:\/\/gruendungsbuero.info\/en\/wp-json\/wp\/v2\/media?parent=100037"}],"curies":[{"name":"wp","href":"https:\/\/api.w.org\/{rel}","templated":true}]}}