{"id":100034,"date":"2022-01-18T12:32:38","date_gmt":"2022-01-18T12:32:38","guid":{"rendered":"https:\/\/gruendungsbuero.info\/anfahrt\/"},"modified":"2022-03-10T13:05:09","modified_gmt":"2022-03-10T12:05:09","slug":"drive-to-destination","status":"publish","type":"page","link":"https:\/\/gruendungsbuero.info\/en\/drive-to-destination\/","title":{"rendered":"How to find us"},"content":{"rendered":"<p><!-- Es stehen insgesamt 8 spalten zur Verf\u00fcgung --><\/p>\n<div class=\"row\"><!-- Ein Spalten layout --><\/p>\n<div class=\"span8\"><img decoding=\"async\" class=\"alignnone size-full wp-image-103233\" src=\"https:\/\/gruendungsbuero.info\/app\/uploads\/2022\/03\/da0c56549134e7a05c080f88e52d8c2d8d3f1cb0-scaled.jpg\" alt=\"\" width=\"2560\" height=\"1717\" srcset=\"https:\/\/gruendungsbuero.info\/app\/uploads\/2022\/03\/da0c56549134e7a05c080f88e52d8c2d8d3f1cb0-scaled.jpg 2560w, https:\/\/gruendungsbuero.info\/app\/uploads\/2022\/03\/da0c56549134e7a05c080f88e52d8c2d8d3f1cb0-1280x859.jpg 1280w, https:\/\/gruendungsbuero.info\/app\/uploads\/2022\/03\/da0c56549134e7a05c080f88e52d8c2d8d3f1cb0-980x657.jpg 980w, https:\/\/gruendungsbuero.info\/app\/uploads\/2022\/03\/da0c56549134e7a05c080f88e52d8c2d8d3f1cb0-480x322.jpg 480w\" sizes=\"(min-width: 0px) and (max-width: 480px) 480px, (min-width: 481px) and (max-width: 980px) 980px, (min-width: 981px) and (max-width: 1280px) 1280px, (min-width: 1281px) 2560px, 100vw\" \/><\/div>\n<\/div>\n<div class=\"row\"><!-- Zwei spalten layout --><\/p>\n<div class=\"span4\"><\/div>\n<div class=\"span4\"><\/div>\n<\/div>\n<div class=\"row\"><!-- Vier spalten layout --><\/p>\n<div class=\"span2\"><\/div>\n<div class=\"span2\"><\/div>\n<div class=\"span2\"><\/div>\n<div class=\"span2\"><\/div>\n<\/div>","protected":false},"excerpt":{"rendered":"","protected":false},"author":810,"featured_media":0,"parent":0,"menu_order":0,"comment_status":"closed","ping_status":"closed","template":"","meta":{"_et_pb_use_builder":"","_et_pb_old_content":"","_et_gb_content_width":"","inline_featured_image":false,"footnotes":""},"class_list":["post-100034","page","type-page","status-publish","hentry"],"yoast_head":"<!-- This site is optimized with the Yoast SEO plugin v26.0 - https:\/\/yoast.com\/wordpress\/plugins\/seo\/ -->\n<title>Anfahrt - Gr\u00fcndungsb\u00fcro<\/title>\n<meta name=\"robots\" content=\"index, follow, max-snippet:-1, max-image-preview:large, max-video-preview:-1\" \/>\n<link rel=\"canonical\" href=\"https:\/\/gruendungsbuero.info\/en\/drive-to-destination\/\" \/>\n<meta property=\"og:locale\" content=\"en_GB\" \/>\n<meta property=\"og:type\" content=\"article\" \/>\n<meta property=\"og:title\" content=\"Anfahrt - Gr\u00fcndungsb\u00fcro\" \/>\n<meta property=\"og:url\" content=\"https:\/\/gruendungsbuero.info\/en\/drive-to-destination\/\" \/>\n<meta property=\"og:site_name\" content=\"Gr\u00fcndungsb\u00fcro\" \/>\n<meta property=\"article:modified_time\" content=\"2022-03-10T12:05:09+00:00\" \/>\n<meta property=\"og:image\" content=\"https:\/\/gruendungsbuero.info\/app\/uploads\/2022\/03\/da0c56549134e7a05c080f88e52d8c2d8d3f1cb0-scaled.jpg\" \/>\n<meta name=\"twitter:card\" content=\"summary_large_image\" \/>\n<script type=\"application\/ld+json\" class=\"yoast-schema-graph\">{\"@context\":\"https:\/\/schema.org\",\"@graph\":[{\"@type\":\"WebPage\",\"@id\":\"https:\/\/gruendungsbuero.info\/anfahrt\/\",\"url\":\"https:\/\/gruendungsbuero.info\/anfahrt\/\",\"name\":\"Anfahrt - Gr\u00fcndungsb\u00fcro\",\"isPartOf\":{\"@id\":\"https:\/\/gruendungsbuero.info\/#website\"},\"primaryImageOfPage\":{\"@id\":\"https:\/\/gruendungsbuero.info\/anfahrt\/#primaryimage\"},\"image\":{\"@id\":\"https:\/\/gruendungsbuero.info\/anfahrt\/#primaryimage\"},\"thumbnailUrl\":\"https:\/\/gruendungsbuero.info\/app\/uploads\/2022\/03\/da0c56549134e7a05c080f88e52d8c2d8d3f1cb0-scaled.jpg\",\"datePublished\":\"2022-01-18T12:32:38+00:00\",\"dateModified\":\"2022-03-10T12:05:09+00:00\",\"breadcrumb\":{\"@id\":\"https:\/\/gruendungsbuero.info\/anfahrt\/#breadcrumb\"},\"inLanguage\":\"en-GB\",\"potentialAction\":[{\"@type\":\"ReadAction\",\"target\":[\"https:\/\/gruendungsbuero.info\/anfahrt\/\"]}]},{\"@type\":\"ImageObject\",\"inLanguage\":\"en-GB\",\"@id\":\"https:\/\/gruendungsbuero.info\/anfahrt\/#primaryimage\",\"url\":\"https:\/\/gruendungsbuero.info\/app\/uploads\/2022\/03\/da0c56549134e7a05c080f88e52d8c2d8d3f1cb0-scaled.jpg\",\"contentUrl\":\"https:\/\/gruendungsbuero.info\/app\/uploads\/2022\/03\/da0c56549134e7a05c080f88e52d8c2d8d3f1cb0-scaled.jpg\"},{\"@type\":\"BreadcrumbList\",\"@id\":\"https:\/\/gruendungsbuero.info\/anfahrt\/#breadcrumb\",\"itemListElement\":[{\"@type\":\"ListItem\",\"position\":1,\"name\":\"Home\",\"item\":\"https:\/\/gruendungsbuero.info\/\"},{\"@type\":\"ListItem\",\"position\":2,\"name\":\"Anfahrt\"}]},{\"@type\":\"WebSite\",\"@id\":\"https:\/\/gruendungsbuero.info\/#website\",\"url\":\"https:\/\/gruendungsbuero.info\/\",\"name\":\"Gr\u00fcndungsb\u00fcro\",\"description\":\"Rheinland-Pf\u00e4lzische Technische Universit\u00e4t &amp; Hochschule Kaiserslautern\",\"potentialAction\":[{\"@type\":\"SearchAction\",\"target\":{\"@type\":\"EntryPoint\",\"urlTemplate\":\"https:\/\/gruendungsbuero.info\/?s={search_term_string}\"},\"query-input\":{\"@type\":\"PropertyValueSpecification\",\"valueRequired\":true,\"valueName\":\"search_term_string\"}}],\"inLanguage\":\"en-GB\"}]}<\/script>\n<!-- \/ Yoast SEO plugin. -->","yoast_head_json":{"title":"Anfahrt - Gr\u00fcndungsb\u00fcro","robots":{"index":"index","follow":"follow","max-snippet":"max-snippet:-1","max-image-preview":"max-image-preview:large","max-video-preview":"max-video-preview:-1"},"canonical":"https:\/\/gruendungsbuero.info\/en\/drive-to-destination\/","og_locale":"en_GB","og_type":"article","og_title":"Anfahrt - Gr\u00fcndungsb\u00fcro","og_url":"https:\/\/gruendungsbuero.info\/en\/drive-to-destination\/","og_site_name":"Gr\u00fcndungsb\u00fcro","article_modified_time":"2022-03-10T12:05:09+00:00","og_image":[{"url":"https:\/\/gruendungsbuero.info\/app\/uploads\/2022\/03\/da0c56549134e7a05c080f88e52d8c2d8d3f1cb0-scaled.jpg","type":"","width":"","height":""}],"twitter_card":"summary_large_image","schema":{"@context":"https:\/\/schema.org","@graph":[{"@type":"WebPage","@id":"https:\/\/gruendungsbuero.info\/anfahrt\/","url":"https:\/\/gruendungsbuero.info\/anfahrt\/","name":"Anfahrt - Gr\u00fcndungsb\u00fcro","isPartOf":{"@id":"https:\/\/gruendungsbuero.info\/#website"},"primaryImageOfPage":{"@id":"https:\/\/gruendungsbuero.info\/anfahrt\/#primaryimage"},"image":{"@id":"https:\/\/gruendungsbuero.info\/anfahrt\/#primaryimage"},"thumbnailUrl":"https:\/\/gruendungsbuero.info\/app\/uploads\/2022\/03\/da0c56549134e7a05c080f88e52d8c2d8d3f1cb0-scaled.jpg","datePublished":"2022-01-18T12:32:38+00:00","dateModified":"2022-03-10T12:05:09+00:00","breadcrumb":{"@id":"https:\/\/gruendungsbuero.info\/anfahrt\/#breadcrumb"},"inLanguage":"en-GB","potentialAction":[{"@type":"ReadAction","target":["https:\/\/gruendungsbuero.info\/anfahrt\/"]}]},{"@type":"ImageObject","inLanguage":"en-GB","@id":"https:\/\/gruendungsbuero.info\/anfahrt\/#primaryimage","url":"https:\/\/gruendungsbuero.info\/app\/uploads\/2022\/03\/da0c56549134e7a05c080f88e52d8c2d8d3f1cb0-scaled.jpg","contentUrl":"https:\/\/gruendungsbuero.info\/app\/uploads\/2022\/03\/da0c56549134e7a05c080f88e52d8c2d8d3f1cb0-scaled.jpg"},{"@type":"BreadcrumbList","@id":"https:\/\/gruendungsbuero.info\/anfahrt\/#breadcrumb","itemListElement":[{"@type":"ListItem","position":1,"name":"Home","item":"https:\/\/gruendungsbuero.info\/"},{"@type":"ListItem","position":2,"name":"Anfahrt"}]},{"@type":"WebSite","@id":"https:\/\/gruendungsbuero.info\/#website","url":"https:\/\/gruendungsbuero.info\/","name":"Gr\u00fcndungsb\u00fcro","description":"Rheinland-Pf\u00e4lzische Technische Universit\u00e4t &amp; Hochschule Kaiserslautern","potentialAction":[{"@type":"SearchAction","target":{"@type":"EntryPoint","urlTemplate":"https:\/\/gruendungsbuero.info\/?s={search_term_string}"},"query-input":{"@type":"PropertyValueSpecification","valueRequired":true,"valueName":"search_term_string"}}],"inLanguage":"en-GB"}]}},"_links":{"self":[{"href":"https:\/\/gruendungsbuero.info\/en\/wp-json\/wp\/v2\/pages\/100034","targetHints":{"allow":["GET"]}}],"collection":[{"href":"https:\/\/gruendungsbuero.info\/en\/wp-json\/wp\/v2\/pages"}],"about":[{"href":"https:\/\/gruendungsbuero.info\/en\/wp-json\/wp\/v2\/types\/page"}],"author":[{"embeddable":true,"href":"https:\/\/gruendungsbuero.info\/en\/wp-json\/wp\/v2\/users\/810"}],"replies":[{"embeddable":true,"href":"https:\/\/gruendungsbuero.info\/en\/wp-json\/wp\/v2\/comments?post=100034"}],"version-history":[{"count":1,"href":"https:\/\/gruendungsbuero.info\/en\/wp-json\/wp\/v2\/pages\/100034\/revisions"}],"predecessor-version":[{"id":103235,"href":"https:\/\/gruendungsbuero.info\/en\/wp-json\/wp\/v2\/pages\/100034\/revisions\/103235"}],"wp:attachment":[{"href":"https:\/\/gruendungsbuero.info\/en\/wp-json\/wp\/v2\/media?parent=100034"}],"curies":[{"name":"wp","href":"https:\/\/api.w.org\/{rel}","templated":true}]}}