{"id":100027,"date":"2022-01-18T12:32:38","date_gmt":"2022-01-18T12:32:38","guid":{"rendered":"https:\/\/gruendungsbuero.info\/links\/"},"modified":"2024-05-13T12:16:35","modified_gmt":"2024-05-13T11:16:35","slug":"links","status":"publish","type":"page","link":"https:\/\/gruendungsbuero.info\/en\/links\/","title":{"rendered":"Links"},"content":{"rendered":"<p><strong>Rund ums Thema Gr\u00fcndung<\/strong><\/p>\n<ul>\n<li><a href=\"https:\/\/123go-networking.de\/\" target=\"_blank\" rel=\"noopener\">1,2,3 GO Businessplanwettbewerb<\/a><\/li>\n<li><a href=\"http:\/\/berlinstartupinsights.de\/\" target=\"_blank\" rel=\"noopener\">Berlin Startup Insights<\/a><\/li>\n<li><a href=\"http:\/\/www.existenzgruender.de\/\" target=\"_blank\" rel=\"noopener\">Existenzgr\u00fcndungsportal des BMWi<\/a><\/li>\n<li><a href=\"http:\/\/www.fuer-gruender.de\/\" target=\"_blank\" rel=\"noopener\">F\u00fcr-Gr\u00fcnder.de<\/a><\/li>\n<li><a href=\"http:\/\/www.gruenderszene.de\/\" target=\"_blank\" rel=\"noopener\">Gruenderszene.de<\/a><\/li>\n<li><a href=\"http:\/\/www.gruendungsinitiative.rlp.de\/Startseite\/\" target=\"_blank\" rel=\"noopener\">Gr\u00fcndungsinitiative Rheinland-Pfalz<\/a><\/li>\n<li><a href=\"http:\/\/www.microsoft.com\/germany\/msdn\/bizspark\/default.aspx\" target=\"_blank\" rel=\"noopener\">Microsoft BizSpark<\/a><\/li>\n<li><a href=\"http:\/\/www.mitgr\u00fcnder.com\/\" target=\"_blank\" rel=\"noopener\">Mitgr\u00fcnder.com<\/a><\/li>\n<li><a href=\"http:\/\/startup-screener.com\/\" target=\"_blank\" rel=\"noopener\">Startup-Screener<\/a><\/li>\n<li><a href=\"http:\/\/www.wir-gruenden-in-deutschland.de\/informationen\/\" target=\"_blank\" rel=\"noopener\">Gr\u00fcndungsunterst\u00fctzung f\u00fcr Ausl\u00e4nder<\/a><\/li>\n<li><a href=\"http:\/\/handson.tv\/\" target=\"_blank\" rel=\"noopener\">Videoplattform f\u00fcr Entrepreneure<\/a><\/li>\n<li><a href=\"http:\/\/www.auma.de\/de\/Seiten\/Default.aspx\" target=\"_blank\" rel=\"noopener\">AUMA &#8211; Ausstellungs- und Messe-Ausschuss der Deutschen Wirtschaft e.V.<\/a><\/li>\n<\/ul>\n<p><strong>Formularschrank<\/strong><\/p>\n<ul>\n<li><a href=\"http:\/\/www.frankfurt-main.ihk.de\/recht\/mustervertrag\/ihk\/index.html\" target=\"_blank\" rel=\"noopener\">Mustervertr\u00e4ge bereitgestellt von der IHK Frankfurt am Main<\/a><\/li>\n<li><a href=\"http:\/\/www.pfalz.ihk24.de\/recht\/handel_und_gewerbe\/\" target=\"_blank\" rel=\"noopener\">Informarionen rund um das Thema Gewerberecht bereitgestellt von der IHK Pfalz<\/a><\/li>\n<li><a href=\"http:\/\/www.pfalz.ihk24.de\/existenzgruendung_und_unternehmensfoerderung\/Unternehmensgruendung\/Merkblaetter_zur_Unternehmensgruendung\/\" target=\"_blank\" rel=\"noopener\">Merkbl\u00e4tter rund um das Thema Unternehmensgr\u00fcndung bereitgestellt von der IHK Pfalz<\/a><\/li>\n<li><a href=\"http:\/\/www.exist.de\/DE\/Programm\/Exist-Gruenderstipendium\/Projektantrag\/inhalt.html\" target=\"_blank\" rel=\"noopener\">Antragsformular EXIST-Gr\u00fcnderstipendium<\/a><\/li>\n<li><a href=\"http:\/\/www.exist.de\/DE\/Programm\/Exist-Forschungstransfer\/Antrag-Foerderphase-I\/inhalt.html\" target=\"_blank\" rel=\"noopener\">Antragsformular EXIST-Forschungstransfer<\/a><\/li>\n<\/ul>\n<p><strong>Partner<\/strong><\/p>\n<ul>\n<li><a href=\"http:\/\/www.wj-rlp.de\/cgi-bin\/cms?_SID=NEW&amp;_sprache=de&amp;_bereich=ansicht&amp;_aktion=detail&amp;schluessel=kjutrier&amp;_template_variant=startseite__\" target=\"_blank\" rel=\"noopener\">Wirtschaftsjunioren Rheinland-Pfalz<\/a><\/li>\n<li><a href=\"http:\/\/www.starterzentren-rlp.de\/\" target=\"_blank\" rel=\"noopener\">Starterzentrum Rheinland-Pfalz<\/a><\/li>\n<\/ul>\n<p><strong>Politik<\/strong><\/p>\n<ul>\n<li><a href=\"http:\/\/www.bmwi.de\/\" target=\"_blank\" rel=\"noopener\">Bundesministerium f\u00fcr Wirtschaft und Energie<\/a><\/li>\n<li><a href=\"http:\/\/www.bds-rlp.de\/\/\" target=\"_blank\" rel=\"noopener\">Bund der Selbst\u00e4ndigen Landesverband Rheinland-Pfalz und Saarland e.V. <\/a><\/li>\n<li><a href=\"https:\/\/deutschestartups.org\/\" target=\"_blank\" rel=\"noopener\">Bundesverband Deutsche Startups e.V.<\/a><\/li>\n<li><a href=\"http:\/\/www.bvkap.de\/privateequity.php\" target=\"_blank\" rel=\"noopener\">Bundesverband Deutscher Kapitalbeteiligungsgesellschaften e.V.<\/a><\/li>\n<li><a href=\"http:\/\/www.exist.de\/\" target=\"_blank\" rel=\"noopener\">EXIST &#8211; Existenzgr\u00fcndungen aus der Wissenschaft<\/a><\/li>\n<li><a href=\"https:\/\/mwwk.rlp.de\/de\/startseite\/\" target=\"_blank\" rel=\"noopener\">https:\/\/mwg.rlp.de\/de\/startseite\/Ministerium f\u00fcr Wissenschaft und Gesundheit<\/a><\/li>\n<li><a href=\"http:\/\/www.mwkel.rlp.de\/Startseite\/\" target=\"_blank\" rel=\"noopener\">Ministerium f\u00fcr Wirtschaft, Verkehr, Landwirtschaft und Weinbau Rheinland-Pfalz<\/a><\/li>\n<\/ul>\n<p><strong>Gr\u00fcndungsb\u00fcros und Technologiezentren in Rheinland-Pfalz<\/strong><\/p>\n<ul>\n<li><a href=\"http:\/\/www.gruendungsbuero-koblenz.de\/\" target=\"_blank\" rel=\"noopener\">Gr\u00fcndungsb\u00fcro Koblenz<\/a><\/li>\n<li><a href=\"http:\/\/www.gruendungsbuero-mainz.de\/\" target=\"_blank\" rel=\"noopener\">Gr\u00fcndungsb\u00fcro Mainz<\/a><\/li>\n<li><a href=\"http:\/\/www.gruenden-trier.de\/index.php?id=23\" target=\"_blank\" rel=\"noopener\">Gr\u00fcndungsb\u00fcro Trier<\/a><\/li>\n<li><a href=\"http:\/\/www.ceratechcenter.de\/\" target=\"_blank\" rel=\"noopener\">CeraTechCenter &#8211; Gr\u00fcnderzentrum f\u00fcr keramische Technologien und Werkstoffe<\/a><\/li>\n<li><a href=\"http:\/\/www.tzk.de\/\" target=\"_blank\" rel=\"noopener\">Technologiezentrum Koblenz GmbH<\/a><\/li>\n<li><a href=\"http:\/\/tz-lu.de\/tzl\/index.html\" target=\"_blank\" rel=\"noopener\">TechnologieZentrum Ludwigshafen am Rhein GmbH<\/a><\/li>\n<li><a href=\"http:\/\/www.tzo-gmbh.de\/\" target=\"_blank\" rel=\"noopener\">TZO &#8211; Technologiezentrum f\u00fcr Oberfl\u00e4chentechnik Rheinbreitbach GmbH<\/a><\/li>\n<\/ul>\n<p><strong>Finanzeinrichtungen<\/strong><\/p>\n<ul>\n<li><a href=\"http:\/\/www.business-angels.de\/\" target=\"_blank\" rel=\"noopener\">Business Angels Netzwerk Deutschland e.V.<\/a><\/li>\n<li><a href=\"https:\/\/www.kskkl.de\/privatkunden\/index.php?n=%2Fprivatkunden%2F\" target=\"_blank\" rel=\"noopener\">Kreissparkasse Kaiserslautern<\/a><\/li>\n<li><a href=\"http:\/\/www.mein-mikrokredit.de\/\" target=\"_blank\" rel=\"noopener\">Mikrokreditfonds Deutschland<\/a><\/li>\n<li><a href=\"https:\/\/www.sparkasse-donnersberg.de\/module\/ihre_sparkasse\/index.php?n=%2Fmodule%2Fihre_sparkasse%2F\" target=\"_blank\" rel=\"noopener\">Sparkasse Donnersberg<\/a><\/li>\n<li><a href=\"https:\/\/www.stadtsparkasse-kaiserslautern.de\/privatkunden\/index.php?n=%2Fprivatkunden%2F\" target=\"_blank\" rel=\"noopener\">Stadtsparkasse Kaiserslautern<\/a><\/li>\n<li><a href=\"https:\/\/www.vobakl.de\/privatkunden.html\" target=\"_blank\" rel=\"noopener\">Volksbank Kaiserslautern-Nordwestpfalz eG<\/a><\/li>\n<\/ul>","protected":false},"excerpt":{"rendered":"<p>Rund ums Thema Gr\u00fcndung 1,2,3 GO Businessplanwettbewerb Berlin Startup Insights Existenzgr\u00fcndungsportal des BMWi F\u00fcr-Gr\u00fcnder.de Gruenderszene.de Gr\u00fcndungsinitiative Rheinland-Pfalz Microsoft BizSpark Mitgr\u00fcnder.com Startup-Screener Gr\u00fcndungsunterst\u00fctzung f\u00fcr Ausl\u00e4nder Videoplattform f\u00fcr Entrepreneure AUMA &#8211; Ausstellungs- und Messe-Ausschuss der Deutschen Wirtschaft e.V. Formularschrank Mustervertr\u00e4ge bereitgestellt von der IHK Frankfurt am Main Informarionen rund um das Thema Gewerberecht bereitgestellt von der IHK [&hellip;]<\/p>","protected":false},"author":810,"featured_media":0,"parent":0,"menu_order":0,"comment_status":"closed","ping_status":"closed","template":"","meta":{"_et_pb_use_builder":"off","_et_pb_old_content":"<strong>Rund ums Thema Gr\u00fcndung<\/strong>\r\n<ul>\r\n    <li><a href=\"http:\/\/www.123go-networking.org\/de\" target=\"_blank\" rel=\"noopener\">1,2,3 GO Businessplanwettbewerb<\/a><\/li>\r\n    <li><a href=\"http:\/\/berlinstartupinsights.de\/\" target=\"_blank\" rel=\"noopener\">Berlin Startup Insights<\/a><\/li>\r\n    <li><a href=\"http:\/\/www.existenzgruender.de\/\" target=\"_blank\" rel=\"noopener\">Existenzgr\u00fcndungsportal des BMWi<\/a><\/li>\r\n    <li><a href=\"http:\/\/www.fuer-gruender.de\/\" target=\"_blank\" rel=\"noopener\">F\u00fcr-Gr\u00fcnder.de<\/a><\/li>\r\n    <li><a href=\"http:\/\/www.gruenderszene.de\/\" target=\"_blank\" rel=\"noopener\">Gruenderszene.de<\/a><\/li>\r\n    <li><a href=\"http:\/\/www.gruendungsinitiative.rlp.de\/Startseite\/\" target=\"_blank\" rel=\"noopener\">Gr\u00fcndungsinitiative Rheinland-Pfalz<\/a><\/li>\r\n    <li><a href=\"http:\/\/www.microsoft.com\/germany\/msdn\/bizspark\/default.aspx\" target=\"_blank\" rel=\"noopener\">Microsoft BizSpark<\/a><\/li>\r\n  <li><a href=\"http:\/\/www.mitgr\u00fcnder.com\/\" target=\"_blank\" rel=\"noopener\">Mitgr\u00fcnder.com<\/a><\/li>\r\n  <li><a href=\"http:\/\/startup-screener.com\/\" target=\"_blank\" rel=\"noopener\">Startup-Screener<\/a><\/li>\r\n  <li><a href=\"http:\/\/www.wir-gruenden-in-deutschland.de\/informationen\/\" target=\"_blank\" rel=\"noopener\">Gr\u00fcndungsunterst\u00fctzung f\u00fcr Ausl\u00e4nder<\/a><\/li>\r\n  <li><a href=\"http:\/\/handson.tv\/\" target=\"_blank\" rel=\"noopener\">Videoplattform f\u00fcr Entrepreneure<\/a><\/li> \r\n  <li><a href=\"http:\/\/www.auma.de\/de\/Seiten\/Default.aspx\" target=\"_blank\" rel=\"noopener\">AUMA - Ausstellungs- und Messe-Ausschuss der Deutschen Wirtschaft e.V.<\/a><\/li> \r\n<\/ul>\r\n\r\n<strong>Formularschrank<\/strong>\r\n<ul>\r\n    <li><a href=\"http:\/\/www.frankfurt-main.ihk.de\/recht\/mustervertrag\/ihk\/index.html\" target=\"_blank\" rel=\"noopener\">Mustervertr\u00e4ge bereitgestellt von der IHK Frankfurt am Main<\/a><\/li>\r\n    <li><a href=\"http:\/\/www.pfalz.ihk24.de\/recht\/handel_und_gewerbe\/\" target=\"_blank\" rel=\"noopener\">Informarionen rund um das Thema Gewerberecht bereitgestellt von der IHK Pfalz<\/a><\/li>\r\n    <li><a href=\"http:\/\/www.pfalz.ihk24.de\/existenzgruendung_und_unternehmensfoerderung\/Unternehmensgruendung\/Merkblaetter_zur_Unternehmensgruendung\/\" target=\"_blank\" rel=\"noopener\">Merkbl\u00e4tter rund um das Thema Unternehmensgr\u00fcndung bereitgestellt von der IHK Pfalz<\/a><\/li>\r\n    <li><a href=\"http:\/\/www.exist.de\/DE\/Programm\/Exist-Gruenderstipendium\/Projektantrag\/inhalt.html\" target=\"_blank\" rel=\"noopener\">Antragsformular EXIST-Gr\u00fcnderstipendium<\/a><\/li>\r\n    <li><a href=\"http:\/\/www.exist.de\/DE\/Programm\/Exist-Forschungstransfer\/Antrag-Foerderphase-I\/inhalt.html\" target=\"_blank\" rel=\"noopener\">Antragsformular EXIST-Forschungstransfer<\/a><\/li>  \r\n<\/ul>\r\n\r\n<strong>Partner<\/strong>\r\n<ul>\r\n    <li><a href=\"http:\/\/www.sciconomy.de\/\" target=\"_blank\" rel=\"noopener\">SciConomy - Dialog zwischen Wissenschaft und Wirtschaft<\/a><\/li>\r\n    <li><a href=\"http:\/\/www.science-alliance.de\/\" target=\"_blank\" rel=\"noopener\">Science Alliance Kaiserslautern e.V.<\/a><\/li>\r\n    <li><a href=\"http:\/\/www.wj-rlp.de\/cgi-bin\/cms?_SID=NEW&amp;_sprache=de&amp;_bereich=ansicht&amp;_aktion=detail&amp;schluessel=kjutrier&amp;_template_variant=startseite__\" target=\"_blank\" rel=\"noopener\">Wirtschaftsjunioren Rheinland-Pfalz<\/a><\/li>\r\n    <li><a href=\"http:\/\/www.starterzentren-rlp.de\/\" target=\"_blank\" rel=\"noopener\">Starterzentrum Rheinland-Pfalz<\/a><\/li>  \r\n<\/ul>\r\n\r\n<strong>Politik<\/strong>\r\n<ul>\r\n    <li><a href=\"http:\/\/www.bmwi.de\/\" target=\"_blank\" rel=\"noopener\">Bundesministerium f\u00fcr Wirtschaft und Energie<\/a><\/li>\r\n    <li><a href=\"http:\/\/www.bds-rlp.de\/\/\" target=\"_blank\" rel=\"noopener\">Bund der Selbst\u00e4ndigen Landesverband Rheinland-Pfalz und Saarland e.V. <\/a><\/li>\r\n    <li><a href=\"https:\/\/deutschestartups.org\/\" target=\"_blank\" rel=\"noopener\">Bundesverband Deutsche Startups e.V.<\/a><\/li>\r\n    <li><a href=\"http:\/\/www.bvkap.de\/privateequity.php\" target=\"_blank\" rel=\"noopener\">Bundesverband Deutscher Kapitalbeteiligungsgesellschaften e.V.<\/a><\/li>\r\n    <li><a href=\"http:\/\/www.exist.de\/\" target=\"_blank\" rel=\"noopener\">EXIST - Existenzgr\u00fcndungen aus der Wissenschaft<\/a><\/li>\r\n    <li><a href=\"https:\/\/mwwk.rlp.de\/de\/startseite\/\" target=\"_blank\" rel=\"noopener\">Ministerium f\u00fcr Wissenschaft, Weiterbildung\u00c2\u00a0und Kultur\u00c2\u00a0Rheinland-Pfalz<\/a><\/li>\r\n    <li><a href=\"http:\/\/www.mwkel.rlp.de\/Startseite\/\" target=\"_blank\" rel=\"noopener\">Ministerium f\u00fcr Wirtschaft, Verkehr, Landwirtschaft und Weinbau Rheinland-Pfalz<\/a><\/li>\r\n<\/ul>\r\n\r\n<strong>Gr\u00fcndungsb\u00fcros und Technologiezentren in Rheinland-Pfalz<\/strong>\r\n<ul>\r\n    <li><a href=\"http:\/\/www.gruendungsbuero-koblenz.de\/\" target=\"_blank\" rel=\"noopener\">Gr\u00fcndungsb\u00fcro Koblenz<\/a><\/li>\r\n    <li><a href=\"http:\/\/www.gruendungsbuero-mainz.de\/\" target=\"_blank\" rel=\"noopener\">Gr\u00fcndungsb\u00fcro Mainz<\/a><\/li>\r\n    <li><a href=\"http:\/\/www.gruenden-trier.de\/index.php?id=23\" target=\"_blank\" rel=\"noopener\">Gr\u00fcndungsb\u00fcro Trier<\/a><\/li>\r\n    <li><a href=\"http:\/\/www.ceratechcenter.de\/\" target=\"_blank\" rel=\"noopener\">CeraTechCenter - Gr\u00fcnderzentrum f\u00fcr keramische Technologien und Werkstoffe<\/a><\/li>\r\n    <li><a href=\"http:\/\/www.tzk.de\/\" target=\"_blank\" rel=\"noopener\">Technologiezentrum Koblenz GmbH<\/a><\/li>\r\n    <li><a href=\"http:\/\/tz-lu.de\/tzl\/index.html\" target=\"_blank\" rel=\"noopener\">TechnologieZentrum Ludwigshafen am Rhein GmbH<\/a><\/li>\r\n    <li><a href=\"http:\/\/www.tzo-gmbh.de\/\" target=\"_blank\" rel=\"noopener\">TZO - Technologiezentrum f\u00fcr Oberfl\u00e4chentechnik Rheinbreitbach GmbH<\/a><\/li>\r\n<\/ul>\r\n\r\n<strong>Finanzeinrichtungen<\/strong>\r\n<ul>\r\n    <li><a href=\"http:\/\/www.business-angels.de\/\" target=\"_blank\" rel=\"noopener\">Business Angels Netzwerk Deutschland e.V.<\/a><\/li>\r\n    <li><a href=\"https:\/\/www.kskkl.de\/privatkunden\/index.php?n=%2Fprivatkunden%2F\" target=\"_blank\" rel=\"noopener\">Kreissparkasse Kaiserslautern<\/a><\/li>\r\n    <li><a href=\"http:\/\/www.mein-mikrokredit.de\/\" target=\"_blank\" rel=\"noopener\">Mikrokreditfonds Deutschland<\/a><\/li>\r\n    <li><a href=\"https:\/\/www.sparkasse-donnersberg.de\/module\/ihre_sparkasse\/index.php?n=%2Fmodule%2Fihre_sparkasse%2F\" target=\"_blank\" rel=\"noopener\">Sparkasse Donnersberg<\/a><\/li>\r\n    <li><a href=\"https:\/\/www.stadtsparkasse-kaiserslautern.de\/privatkunden\/index.php?n=%2Fprivatkunden%2F\" target=\"_blank\" rel=\"noopener\">Stadtsparkasse Kaiserslautern<\/a><\/li>\r\n    <li><a href=\"https:\/\/www.vobakl.de\/privatkunden.html\" target=\"_blank\" rel=\"noopener\">Volksbank Kaiserslautern-Nordwestpfalz eG<\/a><\/li>\r\n<\/ul>\r\n","_et_gb_content_width":"","inline_featured_image":false,"footnotes":""},"class_list":["post-100027","page","type-page","status-publish","hentry"],"yoast_head":"<!-- This site is optimized with the Yoast SEO plugin v26.0 - https:\/\/yoast.com\/wordpress\/plugins\/seo\/ -->\n<title>Links - Gr\u00fcndungsb\u00fcro<\/title>\n<meta name=\"robots\" content=\"index, follow, max-snippet:-1, max-image-preview:large, max-video-preview:-1\" \/>\n<link rel=\"canonical\" href=\"https:\/\/gruendungsbuero.info\/en\/links\/\" \/>\n<meta property=\"og:locale\" content=\"en_GB\" \/>\n<meta property=\"og:type\" content=\"article\" \/>\n<meta property=\"og:title\" content=\"Links - Gr\u00fcndungsb\u00fcro\" \/>\n<meta property=\"og:description\" content=\"Rund ums Thema Gr\u00fcndung 1,2,3 GO Businessplanwettbewerb Berlin Startup Insights Existenzgr\u00fcndungsportal des BMWi F\u00fcr-Gr\u00fcnder.de Gruenderszene.de Gr\u00fcndungsinitiative Rheinland-Pfalz Microsoft BizSpark Mitgr\u00fcnder.com Startup-Screener Gr\u00fcndungsunterst\u00fctzung f\u00fcr Ausl\u00e4nder Videoplattform f\u00fcr Entrepreneure AUMA &#8211; Ausstellungs- und Messe-Ausschuss der Deutschen Wirtschaft e.V. Formularschrank Mustervertr\u00e4ge bereitgestellt von der IHK Frankfurt am Main Informarionen rund um das Thema Gewerberecht bereitgestellt von der IHK [&hellip;]\" \/>\n<meta property=\"og:url\" content=\"https:\/\/gruendungsbuero.info\/en\/links\/\" \/>\n<meta property=\"og:site_name\" content=\"Gr\u00fcndungsb\u00fcro\" \/>\n<meta property=\"article:modified_time\" content=\"2024-05-13T11:16:35+00:00\" \/>\n<meta name=\"twitter:card\" content=\"summary_large_image\" \/>\n<meta name=\"twitter:label1\" content=\"Est. reading time\" \/>\n\t<meta name=\"twitter:data1\" content=\"1 minute\" \/>\n<script type=\"application\/ld+json\" class=\"yoast-schema-graph\">{\"@context\":\"https:\/\/schema.org\",\"@graph\":[{\"@type\":\"WebPage\",\"@id\":\"https:\/\/gruendungsbuero.info\/links\/\",\"url\":\"https:\/\/gruendungsbuero.info\/links\/\",\"name\":\"Links - Gr\u00fcndungsb\u00fcro\",\"isPartOf\":{\"@id\":\"https:\/\/gruendungsbuero.info\/#website\"},\"datePublished\":\"2022-01-18T12:32:38+00:00\",\"dateModified\":\"2024-05-13T11:16:35+00:00\",\"breadcrumb\":{\"@id\":\"https:\/\/gruendungsbuero.info\/links\/#breadcrumb\"},\"inLanguage\":\"en-GB\",\"potentialAction\":[{\"@type\":\"ReadAction\",\"target\":[\"https:\/\/gruendungsbuero.info\/links\/\"]}]},{\"@type\":\"BreadcrumbList\",\"@id\":\"https:\/\/gruendungsbuero.info\/links\/#breadcrumb\",\"itemListElement\":[{\"@type\":\"ListItem\",\"position\":1,\"name\":\"Home\",\"item\":\"https:\/\/gruendungsbuero.info\/\"},{\"@type\":\"ListItem\",\"position\":2,\"name\":\"Links\"}]},{\"@type\":\"WebSite\",\"@id\":\"https:\/\/gruendungsbuero.info\/#website\",\"url\":\"https:\/\/gruendungsbuero.info\/\",\"name\":\"Gr\u00fcndungsb\u00fcro\",\"description\":\"Rheinland-Pf\u00e4lzische Technische Universit\u00e4t &amp; Hochschule Kaiserslautern\",\"potentialAction\":[{\"@type\":\"SearchAction\",\"target\":{\"@type\":\"EntryPoint\",\"urlTemplate\":\"https:\/\/gruendungsbuero.info\/?s={search_term_string}\"},\"query-input\":{\"@type\":\"PropertyValueSpecification\",\"valueRequired\":true,\"valueName\":\"search_term_string\"}}],\"inLanguage\":\"en-GB\"}]}<\/script>\n<!-- \/ Yoast SEO plugin. -->","yoast_head_json":{"title":"Links - Gr\u00fcndungsb\u00fcro","robots":{"index":"index","follow":"follow","max-snippet":"max-snippet:-1","max-image-preview":"max-image-preview:large","max-video-preview":"max-video-preview:-1"},"canonical":"https:\/\/gruendungsbuero.info\/en\/links\/","og_locale":"en_GB","og_type":"article","og_title":"Links - Gr\u00fcndungsb\u00fcro","og_description":"Rund ums Thema Gr\u00fcndung 1,2,3 GO Businessplanwettbewerb Berlin Startup Insights Existenzgr\u00fcndungsportal des BMWi F\u00fcr-Gr\u00fcnder.de Gruenderszene.de Gr\u00fcndungsinitiative Rheinland-Pfalz Microsoft BizSpark Mitgr\u00fcnder.com Startup-Screener Gr\u00fcndungsunterst\u00fctzung f\u00fcr Ausl\u00e4nder Videoplattform f\u00fcr Entrepreneure AUMA &#8211; Ausstellungs- und Messe-Ausschuss der Deutschen Wirtschaft e.V. Formularschrank Mustervertr\u00e4ge bereitgestellt von der IHK Frankfurt am Main Informarionen rund um das Thema Gewerberecht bereitgestellt von der IHK [&hellip;]","og_url":"https:\/\/gruendungsbuero.info\/en\/links\/","og_site_name":"Gr\u00fcndungsb\u00fcro","article_modified_time":"2024-05-13T11:16:35+00:00","twitter_card":"summary_large_image","twitter_misc":{"Est. reading time":"1 minute"},"schema":{"@context":"https:\/\/schema.org","@graph":[{"@type":"WebPage","@id":"https:\/\/gruendungsbuero.info\/links\/","url":"https:\/\/gruendungsbuero.info\/links\/","name":"Links - Gr\u00fcndungsb\u00fcro","isPartOf":{"@id":"https:\/\/gruendungsbuero.info\/#website"},"datePublished":"2022-01-18T12:32:38+00:00","dateModified":"2024-05-13T11:16:35+00:00","breadcrumb":{"@id":"https:\/\/gruendungsbuero.info\/links\/#breadcrumb"},"inLanguage":"en-GB","potentialAction":[{"@type":"ReadAction","target":["https:\/\/gruendungsbuero.info\/links\/"]}]},{"@type":"BreadcrumbList","@id":"https:\/\/gruendungsbuero.info\/links\/#breadcrumb","itemListElement":[{"@type":"ListItem","position":1,"name":"Home","item":"https:\/\/gruendungsbuero.info\/"},{"@type":"ListItem","position":2,"name":"Links"}]},{"@type":"WebSite","@id":"https:\/\/gruendungsbuero.info\/#website","url":"https:\/\/gruendungsbuero.info\/","name":"Gr\u00fcndungsb\u00fcro","description":"Rheinland-Pf\u00e4lzische Technische Universit\u00e4t &amp; Hochschule Kaiserslautern","potentialAction":[{"@type":"SearchAction","target":{"@type":"EntryPoint","urlTemplate":"https:\/\/gruendungsbuero.info\/?s={search_term_string}"},"query-input":{"@type":"PropertyValueSpecification","valueRequired":true,"valueName":"search_term_string"}}],"inLanguage":"en-GB"}]}},"_links":{"self":[{"href":"https:\/\/gruendungsbuero.info\/en\/wp-json\/wp\/v2\/pages\/100027","targetHints":{"allow":["GET"]}}],"collection":[{"href":"https:\/\/gruendungsbuero.info\/en\/wp-json\/wp\/v2\/pages"}],"about":[{"href":"https:\/\/gruendungsbuero.info\/en\/wp-json\/wp\/v2\/types\/page"}],"author":[{"embeddable":true,"href":"https:\/\/gruendungsbuero.info\/en\/wp-json\/wp\/v2\/users\/810"}],"replies":[{"embeddable":true,"href":"https:\/\/gruendungsbuero.info\/en\/wp-json\/wp\/v2\/comments?post=100027"}],"version-history":[{"count":4,"href":"https:\/\/gruendungsbuero.info\/en\/wp-json\/wp\/v2\/pages\/100027\/revisions"}],"predecessor-version":[{"id":109608,"href":"https:\/\/gruendungsbuero.info\/en\/wp-json\/wp\/v2\/pages\/100027\/revisions\/109608"}],"wp:attachment":[{"href":"https:\/\/gruendungsbuero.info\/en\/wp-json\/wp\/v2\/media?parent=100027"}],"curies":[{"name":"wp","href":"https:\/\/api.w.org\/{rel}","templated":true}]}}