{"id":100026,"date":"2022-01-18T12:32:38","date_gmt":"2022-01-18T12:32:38","guid":{"rendered":"https:\/\/gruendungsbuero.info\/messeschulung\/"},"modified":"2022-01-18T12:32:38","modified_gmt":"2022-01-18T12:32:38","slug":"messeschulung","status":"publish","type":"page","link":"https:\/\/gruendungsbuero.info\/en\/messeschulung\/","title":{"rendered":"Messeschulung"},"content":{"rendered":"<p>Ein Messeauftritt bietet die einzigartige Gelegenheit, seine Idee bzw. sein Unternehmen vor internationalem Fachpublikum zu pr\u00e4sentieren und mit potentiellen Kunden und Gesch\u00e4ftspartner in Kontakt zu treten. Um diese Vorteile in vollem Umfang nutzen zu k\u00f6nnen, bedarf es allerdings einer akribischen Vorbereitung des Auftritts:<\/p>\n<ul>\n<li>Wie pr\u00e4sentiert man sich professionell auf einer Messe?<\/li>\n<li>Wie spricht man potentielle Kunden an?<\/li>\n<li>Wie verkauft man sein Produkt oder seine Dienstleistungen?<\/li>\n<li>Nicht zuletzt: welche Dos und Dont&#8217;s sind im Umgang mit Besuchern zu beachten?<\/li>\n<\/ul>\n<p>Die Messeschulung gew\u00e4hrt Euch einen optimalen Einblick in den Standbetrieb und bereitet Euch auf die zu erwartenden Situationen vor. Es werden typische schwierige Messesituationen trainiert, Tipps zur Kontaktaufnahme gegeben und das professionelle Auftreten gegen\u00fcber potentiellen Kunden und Gesch\u00e4ftspartnern ge\u00fcbt. W\u00e4hrend der gesamten Schulung stehen Praxisbeispiele und Rollenspiele, Diskussionen und ein gezieltes Feedback im Mittelpunkt.<\/p>\n<p>Die n\u00e4chste Schulung wird voraussichtlich im Fr\u00fchjahr 2017 stattfinden.<\/p>\n<p>Bei R\u00fcckfragen k\u00f6nnt Ihr euch gerne bei melden.<\/p>","protected":false},"excerpt":{"rendered":"<p>Ein Messeauftritt bietet die einzigartige Gelegenheit, seine Idee bzw. sein Unternehmen vor internationalem Fachpublikum zu pr\u00e4sentieren und mit potentiellen Kunden und Gesch\u00e4ftspartner in Kontakt zu treten. Um diese Vorteile in vollem Umfang nutzen zu k\u00f6nnen, bedarf es allerdings einer akribischen Vorbereitung des Auftritts: Wie pr\u00e4sentiert man sich professionell auf einer Messe? Wie spricht man potentielle [&hellip;]<\/p>","protected":false},"author":810,"featured_media":0,"parent":0,"menu_order":0,"comment_status":"closed","ping_status":"closed","template":"","meta":{"_et_pb_use_builder":"","_et_pb_old_content":"","_et_gb_content_width":"","inline_featured_image":false,"footnotes":""},"class_list":["post-100026","page","type-page","status-publish","hentry"],"yoast_head":"<!-- This site is optimized with the Yoast SEO plugin v26.0 - https:\/\/yoast.com\/wordpress\/plugins\/seo\/ -->\n<title>Messeschulung - Gr\u00fcndungsb\u00fcro<\/title>\n<meta name=\"robots\" content=\"index, follow, max-snippet:-1, max-image-preview:large, max-video-preview:-1\" \/>\n<link rel=\"canonical\" href=\"https:\/\/gruendungsbuero.info\/en\/messeschulung\/\" \/>\n<meta property=\"og:locale\" content=\"en_GB\" \/>\n<meta property=\"og:type\" content=\"article\" \/>\n<meta property=\"og:title\" content=\"Messeschulung - Gr\u00fcndungsb\u00fcro\" \/>\n<meta property=\"og:description\" content=\"Ein Messeauftritt bietet die einzigartige Gelegenheit, seine Idee bzw. sein Unternehmen vor internationalem Fachpublikum zu pr\u00e4sentieren und mit potentiellen Kunden und Gesch\u00e4ftspartner in Kontakt zu treten. Um diese Vorteile in vollem Umfang nutzen zu k\u00f6nnen, bedarf es allerdings einer akribischen Vorbereitung des Auftritts: Wie pr\u00e4sentiert man sich professionell auf einer Messe? Wie spricht man potentielle [&hellip;]\" \/>\n<meta property=\"og:url\" content=\"https:\/\/gruendungsbuero.info\/en\/messeschulung\/\" \/>\n<meta property=\"og:site_name\" content=\"Gr\u00fcndungsb\u00fcro\" \/>\n<meta name=\"twitter:card\" content=\"summary_large_image\" \/>\n<meta name=\"twitter:label1\" content=\"Est. reading time\" \/>\n\t<meta name=\"twitter:data1\" content=\"1 minute\" \/>\n<script type=\"application\/ld+json\" class=\"yoast-schema-graph\">{\"@context\":\"https:\/\/schema.org\",\"@graph\":[{\"@type\":\"WebPage\",\"@id\":\"https:\/\/gruendungsbuero.info\/messeschulung\/\",\"url\":\"https:\/\/gruendungsbuero.info\/messeschulung\/\",\"name\":\"Messeschulung - Gr\u00fcndungsb\u00fcro\",\"isPartOf\":{\"@id\":\"https:\/\/gruendungsbuero.info\/#website\"},\"datePublished\":\"2022-01-18T12:32:38+00:00\",\"breadcrumb\":{\"@id\":\"https:\/\/gruendungsbuero.info\/messeschulung\/#breadcrumb\"},\"inLanguage\":\"en-GB\",\"potentialAction\":[{\"@type\":\"ReadAction\",\"target\":[\"https:\/\/gruendungsbuero.info\/messeschulung\/\"]}]},{\"@type\":\"BreadcrumbList\",\"@id\":\"https:\/\/gruendungsbuero.info\/messeschulung\/#breadcrumb\",\"itemListElement\":[{\"@type\":\"ListItem\",\"position\":1,\"name\":\"Home\",\"item\":\"https:\/\/gruendungsbuero.info\/\"},{\"@type\":\"ListItem\",\"position\":2,\"name\":\"Messeschulung\"}]},{\"@type\":\"WebSite\",\"@id\":\"https:\/\/gruendungsbuero.info\/#website\",\"url\":\"https:\/\/gruendungsbuero.info\/\",\"name\":\"Gr\u00fcndungsb\u00fcro\",\"description\":\"Rheinland-Pf\u00e4lzische Technische Universit\u00e4t &amp; Hochschule Kaiserslautern\",\"potentialAction\":[{\"@type\":\"SearchAction\",\"target\":{\"@type\":\"EntryPoint\",\"urlTemplate\":\"https:\/\/gruendungsbuero.info\/?s={search_term_string}\"},\"query-input\":{\"@type\":\"PropertyValueSpecification\",\"valueRequired\":true,\"valueName\":\"search_term_string\"}}],\"inLanguage\":\"en-GB\"}]}<\/script>\n<!-- \/ Yoast SEO plugin. -->","yoast_head_json":{"title":"Messeschulung - Gr\u00fcndungsb\u00fcro","robots":{"index":"index","follow":"follow","max-snippet":"max-snippet:-1","max-image-preview":"max-image-preview:large","max-video-preview":"max-video-preview:-1"},"canonical":"https:\/\/gruendungsbuero.info\/en\/messeschulung\/","og_locale":"en_GB","og_type":"article","og_title":"Messeschulung - Gr\u00fcndungsb\u00fcro","og_description":"Ein Messeauftritt bietet die einzigartige Gelegenheit, seine Idee bzw. sein Unternehmen vor internationalem Fachpublikum zu pr\u00e4sentieren und mit potentiellen Kunden und Gesch\u00e4ftspartner in Kontakt zu treten. Um diese Vorteile in vollem Umfang nutzen zu k\u00f6nnen, bedarf es allerdings einer akribischen Vorbereitung des Auftritts: Wie pr\u00e4sentiert man sich professionell auf einer Messe? Wie spricht man potentielle [&hellip;]","og_url":"https:\/\/gruendungsbuero.info\/en\/messeschulung\/","og_site_name":"Gr\u00fcndungsb\u00fcro","twitter_card":"summary_large_image","twitter_misc":{"Est. reading time":"1 minute"},"schema":{"@context":"https:\/\/schema.org","@graph":[{"@type":"WebPage","@id":"https:\/\/gruendungsbuero.info\/messeschulung\/","url":"https:\/\/gruendungsbuero.info\/messeschulung\/","name":"Messeschulung - Gr\u00fcndungsb\u00fcro","isPartOf":{"@id":"https:\/\/gruendungsbuero.info\/#website"},"datePublished":"2022-01-18T12:32:38+00:00","breadcrumb":{"@id":"https:\/\/gruendungsbuero.info\/messeschulung\/#breadcrumb"},"inLanguage":"en-GB","potentialAction":[{"@type":"ReadAction","target":["https:\/\/gruendungsbuero.info\/messeschulung\/"]}]},{"@type":"BreadcrumbList","@id":"https:\/\/gruendungsbuero.info\/messeschulung\/#breadcrumb","itemListElement":[{"@type":"ListItem","position":1,"name":"Home","item":"https:\/\/gruendungsbuero.info\/"},{"@type":"ListItem","position":2,"name":"Messeschulung"}]},{"@type":"WebSite","@id":"https:\/\/gruendungsbuero.info\/#website","url":"https:\/\/gruendungsbuero.info\/","name":"Gr\u00fcndungsb\u00fcro","description":"Rheinland-Pf\u00e4lzische Technische Universit\u00e4t &amp; Hochschule Kaiserslautern","potentialAction":[{"@type":"SearchAction","target":{"@type":"EntryPoint","urlTemplate":"https:\/\/gruendungsbuero.info\/?s={search_term_string}"},"query-input":{"@type":"PropertyValueSpecification","valueRequired":true,"valueName":"search_term_string"}}],"inLanguage":"en-GB"}]}},"_links":{"self":[{"href":"https:\/\/gruendungsbuero.info\/en\/wp-json\/wp\/v2\/pages\/100026","targetHints":{"allow":["GET"]}}],"collection":[{"href":"https:\/\/gruendungsbuero.info\/en\/wp-json\/wp\/v2\/pages"}],"about":[{"href":"https:\/\/gruendungsbuero.info\/en\/wp-json\/wp\/v2\/types\/page"}],"author":[{"embeddable":true,"href":"https:\/\/gruendungsbuero.info\/en\/wp-json\/wp\/v2\/users\/810"}],"replies":[{"embeddable":true,"href":"https:\/\/gruendungsbuero.info\/en\/wp-json\/wp\/v2\/comments?post=100026"}],"version-history":[{"count":0,"href":"https:\/\/gruendungsbuero.info\/en\/wp-json\/wp\/v2\/pages\/100026\/revisions"}],"wp:attachment":[{"href":"https:\/\/gruendungsbuero.info\/en\/wp-json\/wp\/v2\/media?parent=100026"}],"curies":[{"name":"wp","href":"https:\/\/api.w.org\/{rel}","templated":true}]}}