{"id":100024,"date":"2022-01-18T12:32:38","date_gmt":"2022-01-18T12:32:38","guid":{"rendered":"https:\/\/gruendungsbuero.info\/wettbewerbe\/"},"modified":"2024-05-13T12:34:20","modified_gmt":"2024-05-13T11:34:20","slug":"wettbewerbe","status":"publish","type":"page","link":"https:\/\/gruendungsbuero.info\/en\/wettbewerbe\/","title":{"rendered":"Competitions"},"content":{"rendered":"<h4>Competitions<\/h4>\n<p style=\"text-align: justify;\">F\u00fcr Gr\u00fcnder, Unternehmer und Manager gibt es in Deutschland und Europa viele Wettbewerbe in den unterschiedlichsten Branchen mit diversen Schwerpunkten. Dabei gibt es neben Geldpreisen vor allem wertvolle Kontakte zu Multiplikatoren, Netzwerkpartner, Investoren und Gleichgesinnten zu gewinnen.<\/p>\n<p>Am besten abonniert ihr unseren <a href=\"https:\/\/gruendungsbuero.info\/en\/newsletter-abonnieren\/\" target=\"_blank\" rel=\"noopener\">Newsletter<\/a>. Dort berichten wir stets aktuell \u00fcber anstehende Wettbewerbe und liefern euch viele weitere Informationen f\u00fcr und \u00fcber die Gr\u00fcnderszene in unserer Region.<\/p>\n<p><span style=\"font-size: revert; text-align: justify;\">Ihr seid auf der Suche nach einem Gr\u00fcnder- und Businessplanwettbewerb? Dann nutzt das praktische Online Tool von Existenzgr\u00fcnder &amp; Jungunternehmer. <\/span><a style=\"font-size: revert; text-align: justify;\" href=\"http:\/\/www.existenzgruender-jungunternehmer.de\/p\/gruendung\/businessplan\/wettbewerbe.html\" target=\"_blank\" rel=\"noopener\">Here<\/a><span style=\"font-size: revert; text-align: justify;\"> k\u00f6nnt ihr die Datenbank nach Region oder Branche durchsuchen und findet schnell ein passendes Ergebnis. Viel Erfolg!<\/span><\/p>","protected":false},"excerpt":{"rendered":"<p>Wettbewerbe F\u00fcr Gr\u00fcnder, Unternehmer und Manager gibt es in Deutschland und Europa viele Wettbewerbe in den unterschiedlichsten Branchen mit diversen Schwerpunkten. Dabei gibt es neben Geldpreisen vor allem wertvolle Kontakte zu Multiplikatoren, Netzwerkpartner, Investoren und Gleichgesinnten zu gewinnen. Am besten abonniert ihr unseren Newsletter. Dort berichten wir stets aktuell \u00fcber anstehende Wettbewerbe und liefern euch [&hellip;]<\/p>","protected":false},"author":810,"featured_media":0,"parent":0,"menu_order":0,"comment_status":"closed","ping_status":"closed","template":"","meta":{"_et_pb_use_builder":"","_et_pb_old_content":"","_et_gb_content_width":"","inline_featured_image":false,"footnotes":""},"class_list":["post-100024","page","type-page","status-publish","hentry"],"yoast_head":"<!-- This site is optimized with the Yoast SEO plugin v26.0 - https:\/\/yoast.com\/wordpress\/plugins\/seo\/ -->\n<title>Wettbewerbe - Gr\u00fcndungsb\u00fcro<\/title>\n<meta name=\"robots\" content=\"index, follow, max-snippet:-1, max-image-preview:large, max-video-preview:-1\" \/>\n<link rel=\"canonical\" href=\"https:\/\/gruendungsbuero.info\/en\/wettbewerbe\/\" \/>\n<meta property=\"og:locale\" content=\"en_GB\" \/>\n<meta property=\"og:type\" content=\"article\" \/>\n<meta property=\"og:title\" content=\"Wettbewerbe - Gr\u00fcndungsb\u00fcro\" \/>\n<meta property=\"og:description\" content=\"Wettbewerbe F\u00fcr Gr\u00fcnder, Unternehmer und Manager gibt es in Deutschland und Europa viele Wettbewerbe in den unterschiedlichsten Branchen mit diversen Schwerpunkten. Dabei gibt es neben Geldpreisen vor allem wertvolle Kontakte zu Multiplikatoren, Netzwerkpartner, Investoren und Gleichgesinnten zu gewinnen. Am besten abonniert ihr unseren Newsletter. Dort berichten wir stets aktuell \u00fcber anstehende Wettbewerbe und liefern euch [&hellip;]\" \/>\n<meta property=\"og:url\" content=\"https:\/\/gruendungsbuero.info\/en\/wettbewerbe\/\" \/>\n<meta property=\"og:site_name\" content=\"Gr\u00fcndungsb\u00fcro\" \/>\n<meta property=\"article:modified_time\" content=\"2024-05-13T11:34:20+00:00\" \/>\n<meta name=\"twitter:card\" content=\"summary_large_image\" \/>\n<meta name=\"twitter:label1\" content=\"Est. reading time\" \/>\n\t<meta name=\"twitter:data1\" content=\"1 minute\" \/>\n<script type=\"application\/ld+json\" class=\"yoast-schema-graph\">{\"@context\":\"https:\/\/schema.org\",\"@graph\":[{\"@type\":\"WebPage\",\"@id\":\"https:\/\/gruendungsbuero.info\/wettbewerbe\/\",\"url\":\"https:\/\/gruendungsbuero.info\/wettbewerbe\/\",\"name\":\"Wettbewerbe - Gr\u00fcndungsb\u00fcro\",\"isPartOf\":{\"@id\":\"https:\/\/gruendungsbuero.info\/#website\"},\"datePublished\":\"2022-01-18T12:32:38+00:00\",\"dateModified\":\"2024-05-13T11:34:20+00:00\",\"breadcrumb\":{\"@id\":\"https:\/\/gruendungsbuero.info\/wettbewerbe\/#breadcrumb\"},\"inLanguage\":\"en-GB\",\"potentialAction\":[{\"@type\":\"ReadAction\",\"target\":[\"https:\/\/gruendungsbuero.info\/wettbewerbe\/\"]}]},{\"@type\":\"BreadcrumbList\",\"@id\":\"https:\/\/gruendungsbuero.info\/wettbewerbe\/#breadcrumb\",\"itemListElement\":[{\"@type\":\"ListItem\",\"position\":1,\"name\":\"Home\",\"item\":\"https:\/\/gruendungsbuero.info\/\"},{\"@type\":\"ListItem\",\"position\":2,\"name\":\"Wettbewerbe\"}]},{\"@type\":\"WebSite\",\"@id\":\"https:\/\/gruendungsbuero.info\/#website\",\"url\":\"https:\/\/gruendungsbuero.info\/\",\"name\":\"Gr\u00fcndungsb\u00fcro\",\"description\":\"Rheinland-Pf\u00e4lzische Technische Universit\u00e4t &amp; Hochschule Kaiserslautern\",\"potentialAction\":[{\"@type\":\"SearchAction\",\"target\":{\"@type\":\"EntryPoint\",\"urlTemplate\":\"https:\/\/gruendungsbuero.info\/?s={search_term_string}\"},\"query-input\":{\"@type\":\"PropertyValueSpecification\",\"valueRequired\":true,\"valueName\":\"search_term_string\"}}],\"inLanguage\":\"en-GB\"}]}<\/script>\n<!-- \/ Yoast SEO plugin. -->","yoast_head_json":{"title":"Wettbewerbe - Gr\u00fcndungsb\u00fcro","robots":{"index":"index","follow":"follow","max-snippet":"max-snippet:-1","max-image-preview":"max-image-preview:large","max-video-preview":"max-video-preview:-1"},"canonical":"https:\/\/gruendungsbuero.info\/en\/wettbewerbe\/","og_locale":"en_GB","og_type":"article","og_title":"Wettbewerbe - Gr\u00fcndungsb\u00fcro","og_description":"Wettbewerbe F\u00fcr Gr\u00fcnder, Unternehmer und Manager gibt es in Deutschland und Europa viele Wettbewerbe in den unterschiedlichsten Branchen mit diversen Schwerpunkten. Dabei gibt es neben Geldpreisen vor allem wertvolle Kontakte zu Multiplikatoren, Netzwerkpartner, Investoren und Gleichgesinnten zu gewinnen. Am besten abonniert ihr unseren Newsletter. Dort berichten wir stets aktuell \u00fcber anstehende Wettbewerbe und liefern euch [&hellip;]","og_url":"https:\/\/gruendungsbuero.info\/en\/wettbewerbe\/","og_site_name":"Gr\u00fcndungsb\u00fcro","article_modified_time":"2024-05-13T11:34:20+00:00","twitter_card":"summary_large_image","twitter_misc":{"Est. reading time":"1 minute"},"schema":{"@context":"https:\/\/schema.org","@graph":[{"@type":"WebPage","@id":"https:\/\/gruendungsbuero.info\/wettbewerbe\/","url":"https:\/\/gruendungsbuero.info\/wettbewerbe\/","name":"Wettbewerbe - Gr\u00fcndungsb\u00fcro","isPartOf":{"@id":"https:\/\/gruendungsbuero.info\/#website"},"datePublished":"2022-01-18T12:32:38+00:00","dateModified":"2024-05-13T11:34:20+00:00","breadcrumb":{"@id":"https:\/\/gruendungsbuero.info\/wettbewerbe\/#breadcrumb"},"inLanguage":"en-GB","potentialAction":[{"@type":"ReadAction","target":["https:\/\/gruendungsbuero.info\/wettbewerbe\/"]}]},{"@type":"BreadcrumbList","@id":"https:\/\/gruendungsbuero.info\/wettbewerbe\/#breadcrumb","itemListElement":[{"@type":"ListItem","position":1,"name":"Home","item":"https:\/\/gruendungsbuero.info\/"},{"@type":"ListItem","position":2,"name":"Wettbewerbe"}]},{"@type":"WebSite","@id":"https:\/\/gruendungsbuero.info\/#website","url":"https:\/\/gruendungsbuero.info\/","name":"Gr\u00fcndungsb\u00fcro","description":"Rheinland-Pf\u00e4lzische Technische Universit\u00e4t &amp; Hochschule Kaiserslautern","potentialAction":[{"@type":"SearchAction","target":{"@type":"EntryPoint","urlTemplate":"https:\/\/gruendungsbuero.info\/?s={search_term_string}"},"query-input":{"@type":"PropertyValueSpecification","valueRequired":true,"valueName":"search_term_string"}}],"inLanguage":"en-GB"}]}},"_links":{"self":[{"href":"https:\/\/gruendungsbuero.info\/en\/wp-json\/wp\/v2\/pages\/100024","targetHints":{"allow":["GET"]}}],"collection":[{"href":"https:\/\/gruendungsbuero.info\/en\/wp-json\/wp\/v2\/pages"}],"about":[{"href":"https:\/\/gruendungsbuero.info\/en\/wp-json\/wp\/v2\/types\/page"}],"author":[{"embeddable":true,"href":"https:\/\/gruendungsbuero.info\/en\/wp-json\/wp\/v2\/users\/810"}],"replies":[{"embeddable":true,"href":"https:\/\/gruendungsbuero.info\/en\/wp-json\/wp\/v2\/comments?post=100024"}],"version-history":[{"count":1,"href":"https:\/\/gruendungsbuero.info\/en\/wp-json\/wp\/v2\/pages\/100024\/revisions"}],"predecessor-version":[{"id":109611,"href":"https:\/\/gruendungsbuero.info\/en\/wp-json\/wp\/v2\/pages\/100024\/revisions\/109611"}],"wp:attachment":[{"href":"https:\/\/gruendungsbuero.info\/en\/wp-json\/wp\/v2\/media?parent=100024"}],"curies":[{"name":"wp","href":"https:\/\/api.w.org\/{rel}","templated":true}]}}