{"id":100023,"date":"2022-01-18T12:32:38","date_gmt":"2022-01-18T12:32:38","guid":{"rendered":"https:\/\/gruendungsbuero.info\/businessplan\/"},"modified":"2022-03-10T13:05:59","modified_gmt":"2022-03-10T12:05:59","slug":"businessplan","status":"publish","type":"page","link":"https:\/\/gruendungsbuero.info\/en\/businessplan\/","title":{"rendered":"business plan"},"content":{"rendered":"<ul>\n<li>\n<div class=\"span8\">\n<p>Wie und vor allem f\u00fcr wen schreibe ich einen Businessplan?<\/p>\n<p>Handelt es sich dabei einzig um ein Instrument um Geldgeber zu \u00fcberzeugen, das anschlie\u00dfend in der Schublade verstaubt? Oder ist der Businessplan ein l\u00e4ngst \u00fcberholtes Tool, das ohnehin nur einengt und vom Kerngesch\u00e4ft ablenkt?<\/p>\n<p>Diverse Pros und Contras findet Ihr in unserer Linksammlung zum Thema Businessplan.<\/p>\n<p><b>ANGEBOT<\/b>: Wenn ihr einen Businessplan schreiben m\u00f6chtet, haben wir genau das richtige Instrument f\u00fcr euch: unseren kostenfreien Online-Kurs, der euch dabei hilft, vom leeren Blatt Papier zu einem kompletten Businessplan zu kommen.<br \/>\nDie Anmeldung zum Kurs findet ihr\u00a0<a href=\"https:\/\/gruendungsbuero.info\/en\/veranstaltungen\/453606301\/\">HIER<\/a><\/p>\n<ul>\n<li><a href=\"http:\/\/gruendungsbuero.info\/en\/downloads\/\" target=\"_blank\" rel=\"noopener\">Unser Businessplan Handbuch zum Download<\/a><\/li>\n<li><a href=\"https:\/\/smartbusinessplan.de\/blog\/gibt-es-den-perfekten-businessplan\/\" target=\"_blank\" rel=\"noopener\">Gibt es den perfekten Businessplan?<\/a><\/li>\n<li><a href=\"https:\/\/smartbusinessplan.de\/blog\/business-model-versus-business-plan\/\" target=\"_blank\" rel=\"noopener\">Businessmodel vs. Businessplan<\/a><\/li>\n<li><a href=\"http:\/\/www.foerderland.de\/digitale-wirtschaft\/netzwertig\/news\/artikel\/der-businessplan-ist-fast-tot-lang-lebe-das-geschaftsmodell\/\" target=\"_blank\" rel=\"noopener\">Der Businessplan ist fast tot<\/a><\/li>\n<li><a href=\"http:\/\/www.fuer-gruender.de\/blog\/2015\/08\/10-irrtuemer-zum-businessplan\/\" target=\"_blank\" rel=\"noopener\">Fehler im Businessplan vermeiden<\/a><\/li>\n<\/ul>\n<\/div>\n<div class=\"span4\">\n<div class=\"infobox clickableBox clearfix\"><\/div>\n<\/div>\n<\/li>\n<\/ul>","protected":false},"excerpt":{"rendered":"<p>Wie und vor allem f\u00fcr wen schreibe ich einen Businessplan? Handelt es sich dabei einzig um ein Instrument um Geldgeber zu \u00fcberzeugen, das anschlie\u00dfend in der Schublade verstaubt? Oder ist der Businessplan ein l\u00e4ngst \u00fcberholtes Tool, das ohnehin nur einengt und vom Kerngesch\u00e4ft ablenkt? Diverse Pros und Contras findet Ihr in unserer Linksammlung zum Thema [&hellip;]<\/p>","protected":false},"author":810,"featured_media":0,"parent":0,"menu_order":0,"comment_status":"closed","ping_status":"closed","template":"","meta":{"_et_pb_use_builder":"","_et_pb_old_content":"","_et_gb_content_width":"","inline_featured_image":false,"footnotes":""},"class_list":["post-100023","page","type-page","status-publish","hentry"],"yoast_head":"<!-- This site is optimized with the Yoast SEO plugin v26.0 - https:\/\/yoast.com\/wordpress\/plugins\/seo\/ -->\n<title>Businessplan - Gr\u00fcndungsb\u00fcro<\/title>\n<meta name=\"robots\" content=\"index, follow, max-snippet:-1, max-image-preview:large, max-video-preview:-1\" \/>\n<link rel=\"canonical\" href=\"https:\/\/gruendungsbuero.info\/en\/businessplan\/\" \/>\n<meta property=\"og:locale\" content=\"en_GB\" \/>\n<meta property=\"og:type\" content=\"article\" \/>\n<meta property=\"og:title\" content=\"Businessplan - Gr\u00fcndungsb\u00fcro\" \/>\n<meta property=\"og:description\" content=\"Wie und vor allem f\u00fcr wen schreibe ich einen Businessplan? Handelt es sich dabei einzig um ein Instrument um Geldgeber zu \u00fcberzeugen, das anschlie\u00dfend in der Schublade verstaubt? Oder ist der Businessplan ein l\u00e4ngst \u00fcberholtes Tool, das ohnehin nur einengt und vom Kerngesch\u00e4ft ablenkt? Diverse Pros und Contras findet Ihr in unserer Linksammlung zum Thema [&hellip;]\" \/>\n<meta property=\"og:url\" content=\"https:\/\/gruendungsbuero.info\/en\/businessplan\/\" \/>\n<meta property=\"og:site_name\" content=\"Gr\u00fcndungsb\u00fcro\" \/>\n<meta property=\"article:modified_time\" content=\"2022-03-10T12:05:59+00:00\" \/>\n<meta name=\"twitter:card\" content=\"summary_large_image\" \/>\n<meta name=\"twitter:label1\" content=\"Est. reading time\" \/>\n\t<meta name=\"twitter:data1\" content=\"1 minute\" \/>\n<script type=\"application\/ld+json\" class=\"yoast-schema-graph\">{\"@context\":\"https:\/\/schema.org\",\"@graph\":[{\"@type\":\"WebPage\",\"@id\":\"https:\/\/gruendungsbuero.info\/businessplan\/\",\"url\":\"https:\/\/gruendungsbuero.info\/businessplan\/\",\"name\":\"Businessplan - Gr\u00fcndungsb\u00fcro\",\"isPartOf\":{\"@id\":\"https:\/\/gruendungsbuero.info\/#website\"},\"datePublished\":\"2022-01-18T12:32:38+00:00\",\"dateModified\":\"2022-03-10T12:05:59+00:00\",\"breadcrumb\":{\"@id\":\"https:\/\/gruendungsbuero.info\/businessplan\/#breadcrumb\"},\"inLanguage\":\"en-GB\",\"potentialAction\":[{\"@type\":\"ReadAction\",\"target\":[\"https:\/\/gruendungsbuero.info\/businessplan\/\"]}]},{\"@type\":\"BreadcrumbList\",\"@id\":\"https:\/\/gruendungsbuero.info\/businessplan\/#breadcrumb\",\"itemListElement\":[{\"@type\":\"ListItem\",\"position\":1,\"name\":\"Home\",\"item\":\"https:\/\/gruendungsbuero.info\/\"},{\"@type\":\"ListItem\",\"position\":2,\"name\":\"Businessplan\"}]},{\"@type\":\"WebSite\",\"@id\":\"https:\/\/gruendungsbuero.info\/#website\",\"url\":\"https:\/\/gruendungsbuero.info\/\",\"name\":\"Gr\u00fcndungsb\u00fcro\",\"description\":\"Rheinland-Pf\u00e4lzische Technische Universit\u00e4t &amp; Hochschule Kaiserslautern\",\"potentialAction\":[{\"@type\":\"SearchAction\",\"target\":{\"@type\":\"EntryPoint\",\"urlTemplate\":\"https:\/\/gruendungsbuero.info\/?s={search_term_string}\"},\"query-input\":{\"@type\":\"PropertyValueSpecification\",\"valueRequired\":true,\"valueName\":\"search_term_string\"}}],\"inLanguage\":\"en-GB\"}]}<\/script>\n<!-- \/ Yoast SEO plugin. -->","yoast_head_json":{"title":"Businessplan - Gr\u00fcndungsb\u00fcro","robots":{"index":"index","follow":"follow","max-snippet":"max-snippet:-1","max-image-preview":"max-image-preview:large","max-video-preview":"max-video-preview:-1"},"canonical":"https:\/\/gruendungsbuero.info\/en\/businessplan\/","og_locale":"en_GB","og_type":"article","og_title":"Businessplan - Gr\u00fcndungsb\u00fcro","og_description":"Wie und vor allem f\u00fcr wen schreibe ich einen Businessplan? Handelt es sich dabei einzig um ein Instrument um Geldgeber zu \u00fcberzeugen, das anschlie\u00dfend in der Schublade verstaubt? Oder ist der Businessplan ein l\u00e4ngst \u00fcberholtes Tool, das ohnehin nur einengt und vom Kerngesch\u00e4ft ablenkt? Diverse Pros und Contras findet Ihr in unserer Linksammlung zum Thema [&hellip;]","og_url":"https:\/\/gruendungsbuero.info\/en\/businessplan\/","og_site_name":"Gr\u00fcndungsb\u00fcro","article_modified_time":"2022-03-10T12:05:59+00:00","twitter_card":"summary_large_image","twitter_misc":{"Est. reading time":"1 minute"},"schema":{"@context":"https:\/\/schema.org","@graph":[{"@type":"WebPage","@id":"https:\/\/gruendungsbuero.info\/businessplan\/","url":"https:\/\/gruendungsbuero.info\/businessplan\/","name":"Businessplan - Gr\u00fcndungsb\u00fcro","isPartOf":{"@id":"https:\/\/gruendungsbuero.info\/#website"},"datePublished":"2022-01-18T12:32:38+00:00","dateModified":"2022-03-10T12:05:59+00:00","breadcrumb":{"@id":"https:\/\/gruendungsbuero.info\/businessplan\/#breadcrumb"},"inLanguage":"en-GB","potentialAction":[{"@type":"ReadAction","target":["https:\/\/gruendungsbuero.info\/businessplan\/"]}]},{"@type":"BreadcrumbList","@id":"https:\/\/gruendungsbuero.info\/businessplan\/#breadcrumb","itemListElement":[{"@type":"ListItem","position":1,"name":"Home","item":"https:\/\/gruendungsbuero.info\/"},{"@type":"ListItem","position":2,"name":"Businessplan"}]},{"@type":"WebSite","@id":"https:\/\/gruendungsbuero.info\/#website","url":"https:\/\/gruendungsbuero.info\/","name":"Gr\u00fcndungsb\u00fcro","description":"Rheinland-Pf\u00e4lzische Technische Universit\u00e4t &amp; Hochschule Kaiserslautern","potentialAction":[{"@type":"SearchAction","target":{"@type":"EntryPoint","urlTemplate":"https:\/\/gruendungsbuero.info\/?s={search_term_string}"},"query-input":{"@type":"PropertyValueSpecification","valueRequired":true,"valueName":"search_term_string"}}],"inLanguage":"en-GB"}]}},"_links":{"self":[{"href":"https:\/\/gruendungsbuero.info\/en\/wp-json\/wp\/v2\/pages\/100023","targetHints":{"allow":["GET"]}}],"collection":[{"href":"https:\/\/gruendungsbuero.info\/en\/wp-json\/wp\/v2\/pages"}],"about":[{"href":"https:\/\/gruendungsbuero.info\/en\/wp-json\/wp\/v2\/types\/page"}],"author":[{"embeddable":true,"href":"https:\/\/gruendungsbuero.info\/en\/wp-json\/wp\/v2\/users\/810"}],"replies":[{"embeddable":true,"href":"https:\/\/gruendungsbuero.info\/en\/wp-json\/wp\/v2\/comments?post=100023"}],"version-history":[{"count":1,"href":"https:\/\/gruendungsbuero.info\/en\/wp-json\/wp\/v2\/pages\/100023\/revisions"}],"predecessor-version":[{"id":103236,"href":"https:\/\/gruendungsbuero.info\/en\/wp-json\/wp\/v2\/pages\/100023\/revisions\/103236"}],"wp:attachment":[{"href":"https:\/\/gruendungsbuero.info\/en\/wp-json\/wp\/v2\/media?parent=100023"}],"curies":[{"name":"wp","href":"https:\/\/api.w.org\/{rel}","templated":true}]}}