{"id":100020,"date":"2022-01-18T12:32:38","date_gmt":"2022-01-18T12:32:38","guid":{"rendered":"https:\/\/gruendungsbuero.info\/kl-gruendet\/"},"modified":"2022-01-18T12:32:38","modified_gmt":"2022-01-18T12:32:38","slug":"kl-founding","status":"publish","type":"page","link":"https:\/\/gruendungsbuero.info\/en\/kl-founding\/","title":{"rendered":"KL gr\u00fcndet"},"content":{"rendered":"<p>Kaiserslautern gr\u00fcndet ist eine Initiative aus Wirtschaft, Wissenschaft und Politik aus Stadt sowie dem Kreis. Die Verleihung verschiedener Preise rund um das Thema Gr\u00fcndung im feierlichen Rahmen<br \/>\n    in der Fruchthalle bildet einen der j\u00e4hrlichen H\u00f6hepunkte. Weitere Informationen finden Sie <a href=\"http:\/\/www.kl-gruendet.de\/\" target=\"_blank\" rel=\"noopener\">here<\/a>.<\/p>\n<p><strong>Videos KL gr\u00fcndet 2014<\/strong><\/p>\n<p><strong>&#8222;Gr\u00fcndungsidee des Jahres 2014&#8220; &#8211; Preistr\u00e4ger Dr.-Ing. Markus Brzeski<\/strong><\/p>\n<p><strong>&#8222;Gr\u00fcndungsidee des Jahres 2014&#8220; &#8211; Preistr\u00e4ger Dr.-Ing. Nils Petersen<\/strong><\/p>\n<p><strong>&#8222;Gr\u00fcnder des Jahres 2014&#8220; &#8211; Preistr\u00e4ger Oliver Strecke<\/strong><\/p>\n<p><strong>&#8222;Gr\u00fcndungsf\u00f6rderer des Jahres 2014&#8220; &#8211; Preistr\u00e4ger Professor Dr. Andreas Dengel<\/strong><\/p>","protected":false},"excerpt":{"rendered":"<p>Kaiserslautern gr\u00fcndet ist eine Initiative aus Wirtschaft, Wissenschaft und Politik aus Stadt sowie dem Kreis. Die Verleihung verschiedener Preise rund um das Thema Gr\u00fcndung im feierlichen Rahmen in der Fruchthalle bildet einen der j\u00e4hrlichen H\u00f6hepunkte. Weitere Informationen finden Sie hier. Videos KL gr\u00fcndet 2014 &#8222;Gr\u00fcndungsidee des Jahres 2014&#8220; &#8211; Preistr\u00e4ger Dr.-Ing. Markus Brzeski &#8222;Gr\u00fcndungsidee des [&hellip;]<\/p>","protected":false},"author":810,"featured_media":0,"parent":0,"menu_order":0,"comment_status":"closed","ping_status":"closed","template":"","meta":{"_et_pb_use_builder":"","_et_pb_old_content":"","_et_gb_content_width":"","inline_featured_image":false,"footnotes":""},"class_list":["post-100020","page","type-page","status-publish","hentry"],"yoast_head":"<!-- This site is optimized with the Yoast SEO plugin v26.0 - https:\/\/yoast.com\/wordpress\/plugins\/seo\/ -->\n<title>KL gr\u00fcndet - Gr\u00fcndungsb\u00fcro<\/title>\n<meta name=\"robots\" content=\"index, follow, max-snippet:-1, max-image-preview:large, max-video-preview:-1\" \/>\n<link rel=\"canonical\" href=\"https:\/\/gruendungsbuero.info\/en\/kl-founding\/\" \/>\n<meta property=\"og:locale\" content=\"en_GB\" \/>\n<meta property=\"og:type\" content=\"article\" \/>\n<meta property=\"og:title\" content=\"KL gr\u00fcndet - Gr\u00fcndungsb\u00fcro\" \/>\n<meta property=\"og:description\" content=\"Kaiserslautern gr\u00fcndet ist eine Initiative aus Wirtschaft, Wissenschaft und Politik aus Stadt sowie dem Kreis. Die Verleihung verschiedener Preise rund um das Thema Gr\u00fcndung im feierlichen Rahmen in der Fruchthalle bildet einen der j\u00e4hrlichen H\u00f6hepunkte. Weitere Informationen finden Sie hier. Videos KL gr\u00fcndet 2014 &#8222;Gr\u00fcndungsidee des Jahres 2014&#8220; &#8211; Preistr\u00e4ger Dr.-Ing. Markus Brzeski &#8222;Gr\u00fcndungsidee des [&hellip;]\" \/>\n<meta property=\"og:url\" content=\"https:\/\/gruendungsbuero.info\/en\/kl-founding\/\" \/>\n<meta property=\"og:site_name\" content=\"Gr\u00fcndungsb\u00fcro\" \/>\n<meta name=\"twitter:card\" content=\"summary_large_image\" \/>\n<script type=\"application\/ld+json\" class=\"yoast-schema-graph\">{\"@context\":\"https:\/\/schema.org\",\"@graph\":[{\"@type\":\"WebPage\",\"@id\":\"https:\/\/gruendungsbuero.info\/kl-gruendet\/\",\"url\":\"https:\/\/gruendungsbuero.info\/kl-gruendet\/\",\"name\":\"KL gr\u00fcndet - Gr\u00fcndungsb\u00fcro\",\"isPartOf\":{\"@id\":\"https:\/\/gruendungsbuero.info\/#website\"},\"datePublished\":\"2022-01-18T12:32:38+00:00\",\"breadcrumb\":{\"@id\":\"https:\/\/gruendungsbuero.info\/kl-gruendet\/#breadcrumb\"},\"inLanguage\":\"en-GB\",\"potentialAction\":[{\"@type\":\"ReadAction\",\"target\":[\"https:\/\/gruendungsbuero.info\/kl-gruendet\/\"]}]},{\"@type\":\"BreadcrumbList\",\"@id\":\"https:\/\/gruendungsbuero.info\/kl-gruendet\/#breadcrumb\",\"itemListElement\":[{\"@type\":\"ListItem\",\"position\":1,\"name\":\"Home\",\"item\":\"https:\/\/gruendungsbuero.info\/\"},{\"@type\":\"ListItem\",\"position\":2,\"name\":\"KL gr\u00fcndet\"}]},{\"@type\":\"WebSite\",\"@id\":\"https:\/\/gruendungsbuero.info\/#website\",\"url\":\"https:\/\/gruendungsbuero.info\/\",\"name\":\"Gr\u00fcndungsb\u00fcro\",\"description\":\"Rheinland-Pf\u00e4lzische Technische Universit\u00e4t &amp; Hochschule Kaiserslautern\",\"potentialAction\":[{\"@type\":\"SearchAction\",\"target\":{\"@type\":\"EntryPoint\",\"urlTemplate\":\"https:\/\/gruendungsbuero.info\/?s={search_term_string}\"},\"query-input\":{\"@type\":\"PropertyValueSpecification\",\"valueRequired\":true,\"valueName\":\"search_term_string\"}}],\"inLanguage\":\"en-GB\"}]}<\/script>\n<!-- \/ Yoast SEO plugin. -->","yoast_head_json":{"title":"KL gr\u00fcndet - Gr\u00fcndungsb\u00fcro","robots":{"index":"index","follow":"follow","max-snippet":"max-snippet:-1","max-image-preview":"max-image-preview:large","max-video-preview":"max-video-preview:-1"},"canonical":"https:\/\/gruendungsbuero.info\/en\/kl-founding\/","og_locale":"en_GB","og_type":"article","og_title":"KL gr\u00fcndet - Gr\u00fcndungsb\u00fcro","og_description":"Kaiserslautern gr\u00fcndet ist eine Initiative aus Wirtschaft, Wissenschaft und Politik aus Stadt sowie dem Kreis. Die Verleihung verschiedener Preise rund um das Thema Gr\u00fcndung im feierlichen Rahmen in der Fruchthalle bildet einen der j\u00e4hrlichen H\u00f6hepunkte. Weitere Informationen finden Sie hier. Videos KL gr\u00fcndet 2014 &#8222;Gr\u00fcndungsidee des Jahres 2014&#8220; &#8211; Preistr\u00e4ger Dr.-Ing. Markus Brzeski &#8222;Gr\u00fcndungsidee des [&hellip;]","og_url":"https:\/\/gruendungsbuero.info\/en\/kl-founding\/","og_site_name":"Gr\u00fcndungsb\u00fcro","twitter_card":"summary_large_image","schema":{"@context":"https:\/\/schema.org","@graph":[{"@type":"WebPage","@id":"https:\/\/gruendungsbuero.info\/kl-gruendet\/","url":"https:\/\/gruendungsbuero.info\/kl-gruendet\/","name":"KL gr\u00fcndet - Gr\u00fcndungsb\u00fcro","isPartOf":{"@id":"https:\/\/gruendungsbuero.info\/#website"},"datePublished":"2022-01-18T12:32:38+00:00","breadcrumb":{"@id":"https:\/\/gruendungsbuero.info\/kl-gruendet\/#breadcrumb"},"inLanguage":"en-GB","potentialAction":[{"@type":"ReadAction","target":["https:\/\/gruendungsbuero.info\/kl-gruendet\/"]}]},{"@type":"BreadcrumbList","@id":"https:\/\/gruendungsbuero.info\/kl-gruendet\/#breadcrumb","itemListElement":[{"@type":"ListItem","position":1,"name":"Home","item":"https:\/\/gruendungsbuero.info\/"},{"@type":"ListItem","position":2,"name":"KL gr\u00fcndet"}]},{"@type":"WebSite","@id":"https:\/\/gruendungsbuero.info\/#website","url":"https:\/\/gruendungsbuero.info\/","name":"Gr\u00fcndungsb\u00fcro","description":"Rheinland-Pf\u00e4lzische Technische Universit\u00e4t &amp; Hochschule Kaiserslautern","potentialAction":[{"@type":"SearchAction","target":{"@type":"EntryPoint","urlTemplate":"https:\/\/gruendungsbuero.info\/?s={search_term_string}"},"query-input":{"@type":"PropertyValueSpecification","valueRequired":true,"valueName":"search_term_string"}}],"inLanguage":"en-GB"}]}},"_links":{"self":[{"href":"https:\/\/gruendungsbuero.info\/en\/wp-json\/wp\/v2\/pages\/100020","targetHints":{"allow":["GET"]}}],"collection":[{"href":"https:\/\/gruendungsbuero.info\/en\/wp-json\/wp\/v2\/pages"}],"about":[{"href":"https:\/\/gruendungsbuero.info\/en\/wp-json\/wp\/v2\/types\/page"}],"author":[{"embeddable":true,"href":"https:\/\/gruendungsbuero.info\/en\/wp-json\/wp\/v2\/users\/810"}],"replies":[{"embeddable":true,"href":"https:\/\/gruendungsbuero.info\/en\/wp-json\/wp\/v2\/comments?post=100020"}],"version-history":[{"count":0,"href":"https:\/\/gruendungsbuero.info\/en\/wp-json\/wp\/v2\/pages\/100020\/revisions"}],"wp:attachment":[{"href":"https:\/\/gruendungsbuero.info\/en\/wp-json\/wp\/v2\/media?parent=100020"}],"curies":[{"name":"wp","href":"https:\/\/api.w.org\/{rel}","templated":true}]}}