{"id":100019,"date":"2022-01-18T12:32:37","date_gmt":"2022-01-18T12:32:37","guid":{"rendered":"https:\/\/gruendungsbuero.info\/grunder-des-jahres\/"},"modified":"2026-03-04T17:59:43","modified_gmt":"2026-03-04T16:59:43","slug":"founder-of-the-year","status":"publish","type":"page","link":"https:\/\/gruendungsbuero.info\/en\/founder-of-the-year\/","title":{"rendered":"Gr\u00fcnder des Jahres"},"content":{"rendered":"<p>Einmal im Jahr zeichnet die <strong>Hochschulleitungen aus RPTU und HSKL<\/strong> in enger Zusammenarbeit mit der <strong><a href=\"https:\/\/www.siak-kl.com\/ueber-uns\/\" target=\"_blank\" rel=\"noopener\">Science and Innovation Alliance Kaiserslautern (SIAK)<\/a><\/strong> mit dem &#8222;<strong>Transferpreis &#8211; Gr\u00fcnder des Jahres<\/strong>&#8220; innovative Junggr\u00fcnder*innen aus. In die Auswahl kommen Teams aus den Hochschulen und Forschungsinstituten der SIAK, die \u00fcber <strong><a href=\"https:\/\/gruendungsbuero.info\/en\/exist-founder-scholarship\/\" target=\"_blank\" rel=\"noopener\">EXIST-Gr\u00fcnder Scholarship<\/a> <\/strong>oder<a href=\"https:\/\/gruendungsbuero.info\/en\/exist-science-transfer\/\" target=\"_blank\" rel=\"noopener\"><strong> EXIST-Research Transfer<\/strong><\/a>&nbsp;gef\u00f6rdert wurden. Die Unternehmen m\u00fcssen im Haupterwerb gegr\u00fcndet sein und aktuell erfolgreich am Markt bestehen. Neben der \u00f6ffentlichkeitswirksamen Auszeichnung winkt eine lukrative Siegespr\u00e4mie, gesponsert von der SIAK.<\/p>\n\n\n\n<p>Die Preistr\u00e4ger der letzten Jahre sind<strong> OSSENO Software GmbH<\/strong>, <strong>A+ Composites GmbH<\/strong>, <strong>Complero GmbH<\/strong>, <strong>BaukoBox GmbH<\/strong>, <strong>Evolime GmbH<\/strong> <strong>und greenable<\/strong>. Wir w\u00fcnschen allen Preistr\u00e4gern weiterhin viel Erfolg und bedanken uns bei der SIAK f\u00fcr die gro\u00dfz\u00fcgige Unterst\u00fctzung.<\/p>\n\n\n\n<figure class=\"wp-block-embed is-type-video is-provider-youtube wp-block-embed-youtube wp-embed-aspect-16-9 wp-has-aspect-ratio\"><div class=\"wp-block-embed__wrapper\">\n<iframe loading=\"lazy\" title=\"Imagefilm - Das steckt hinter unserem Startup greenable\" width=\"1080\" height=\"608\" src=\"https:\/\/www.youtube.com\/embed\/moYwTHxR2QA?feature=oembed\"  allow=\"accelerometer; autoplay; clipboard-write; encrypted-media; gyroscope; picture-in-picture; web-share\" allowfullscreen><\/iframe>\n<\/div><\/figure>\n\n\n\n<figure class=\"wp-block-embed is-type-video is-provider-youtube wp-block-embed-youtube wp-embed-aspect-16-9 wp-has-aspect-ratio\"><div class=\"wp-block-embed__wrapper\">\n<iframe loading=\"lazy\" title=\"HOW TO INVENT ULTRA LIGHTWEIGHT BICYCLE SPOKES\" width=\"1080\" height=\"608\" src=\"https:\/\/www.youtube.com\/embed\/ATreBz7sf0s?feature=oembed\"  allow=\"accelerometer; autoplay; clipboard-write; encrypted-media; gyroscope; picture-in-picture; web-share\" allowfullscreen><\/iframe>\n<\/div><\/figure>\n\n\n\n<figure class=\"wp-block-image size-full is-resized\"><img decoding=\"async\" src=\"https:\/\/gruendungsbuero.info\/app\/uploads\/2022\/09\/baukobox.png\" alt=\"Gr\u00fcnder des Jahres 2019: baukobox\" class=\"wp-image-105999\" width=\"1084\" height=\"605\" srcset=\"https:\/\/gruendungsbuero.info\/app\/uploads\/2022\/09\/baukobox.png 1084w, https:\/\/gruendungsbuero.info\/app\/uploads\/2022\/09\/baukobox-480x268.png 480w\" sizes=\"(min-width: 0px) and (max-width: 480px) 480px, (min-width: 481px) 1084px, 100vw\" \/><\/figure>\n\n\n\n<figure class=\"wp-block-embed is-type-video is-provider-youtube wp-block-embed-youtube wp-embed-aspect-16-9 wp-has-aspect-ratio\"><div class=\"wp-block-embed__wrapper\">\n<iframe loading=\"lazy\" title=\"Transferpreis - Gr\u00fcnder des Jahres 2018: Complero\" width=\"1080\" height=\"608\" src=\"https:\/\/www.youtube.com\/embed\/jaQpn3JVJj0?feature=oembed\"  allow=\"accelerometer; autoplay; clipboard-write; encrypted-media; gyroscope; picture-in-picture; web-share\" allowfullscreen><\/iframe>\n<\/div><\/figure>\n\n\n\n<figure class=\"wp-block-embed is-type-video is-provider-youtube wp-block-embed-youtube wp-embed-aspect-16-9 wp-has-aspect-ratio\"><div class=\"wp-block-embed__wrapper\">\n<iframe loading=\"lazy\" title=\"Transferpreis - Gr\u00fcnder des Jahres 2017: A+Composites GmbH\" width=\"1080\" height=\"608\" src=\"https:\/\/www.youtube.com\/embed\/Krs2rkvITcs?feature=oembed\"  allow=\"accelerometer; autoplay; clipboard-write; encrypted-media; gyroscope; picture-in-picture; web-share\" allowfullscreen><\/iframe>\n<\/div><\/figure>\n\n\n\n<figure class=\"wp-block-embed is-type-video is-provider-youtube wp-block-embed-youtube wp-embed-aspect-16-9 wp-has-aspect-ratio\"><div class=\"wp-block-embed__wrapper\">\n<iframe loading=\"lazy\" title=\"Gr\u00fcnder des Jahres 2016: Osseno GmbH\" width=\"1080\" height=\"608\" src=\"https:\/\/www.youtube.com\/embed\/DVka-vnmy6c?feature=oembed\"  allow=\"accelerometer; autoplay; clipboard-write; encrypted-media; gyroscope; picture-in-picture; web-share\" allowfullscreen><\/iframe>\n<\/div><\/figure>","protected":false},"excerpt":{"rendered":"<p>Einmal im Jahr zeichnen Hochschulleitung und SIAK innovative Junggr\u00fcnder aus. Bewerben k\u00f6nnen sich Jungunternehmer, deren Unternehmen in den letzten zwei Jahren gegr\u00fcndet wurde, die zudem die Selbstst\u00e4ndigkeit im Haupterwerb aus\u00fcben und aktuell erfolgreich am Markt bestehen. Neben der \u00f6ffentlichkeitswirksamen Auszeichnung winkt eine lukrative Siegespr\u00e4mie.<\/p>","protected":false},"author":810,"featured_media":101465,"parent":0,"menu_order":0,"comment_status":"closed","ping_status":"closed","template":"","meta":{"_et_pb_use_builder":"off","_et_pb_old_content":"<p>Einmal im Jahr zeichnet die <strong>Hochschulleitungen aus TUK und HSKL<\/strong> in enger Zusammenarbeit mit der <strong><a href=\"https:\/\/www.siak-kl.com\/ueber-uns\/\" target=\"_blank\" rel=\"noopener\">Science and Innovation Alliance Kaiserslautern (SIAK)<\/a><\/strong> mit dem \"<strong>Transferpreis - Gr\u00fcnder des Jahres<\/strong>\" innovative Junggr\u00fcnder*innen aus. In die Auswahl kommen Teams aus den Hochschulen und Forschungsinstituten der SIAK, die \u00fcber <strong><a href=\"https:\/\/gruendungsbuero.info\/exist-gruenderstipendium\/\" target=\"_blank\" rel=\"noopener\">EXIST-Gr\u00fcnderstipendium<\/a> <\/strong>oder<a href=\"https:\/\/gruendungsbuero.info\/exist-forschungstransfer\/\" target=\"_blank\" rel=\"noopener\"><strong> EXIST-Forschungstransfer<\/strong><\/a>&nbsp;gef\u00f6rdert wurden. Die Unternehmen m\u00fcssen im Haupterwerb gegr\u00fcndet sein und aktuell erfolgreich am Markt bestehen. Neben der \u00f6ffentlichkeitswirksamen Auszeichnung winkt eine lukrative Siegespr\u00e4mie, gesponsert von der SIAK.<\/p>\n<p>Die Preistr\u00e4ger der letzten Jahre sind<strong> OSSENO Software GmbH<\/strong>, <strong>A+ Composites GmbH<\/strong>, <strong>Complero GmbH<\/strong>, <strong>BaukoBox GmbH<\/strong>, <strong>Evolime GmbH<\/strong>. Wir w\u00fcnschen allen Preistr\u00e4gern weiterhin viel Erfolg und bedanken uns bei der SIAK f\u00fcr die gro\u00dfz\u00fcgige Unterst\u00fctzung.<\/p>\n<p><\/p>\n\n<!-- wp:image {\"id\":105999,\"width\":1084,\"height\":605,\"sizeSlug\":\"full\",\"linkDestination\":\"none\"} -->\n<figure class=\"wp-block-image size-full is-resized\"><img src=\"https:\/\/gruendungsbuero.info\/app\/uploads\/2022\/09\/baukobox.png\" alt=\"Gr\u00fcnder des Jahres 2019: baukobox\" class=\"wp-image-105999\" width=\"1084\" height=\"605\"\/><\/figure>\n<!-- \/wp:image -->\n\n<!-- wp:embed {\"url\":\"https:\/\/youtu.be\/jaQpn3JVJj0\",\"type\":\"video\",\"providerNameSlug\":\"youtube\",\"responsive\":true,\"className\":\"wp-embed-aspect-16-9 wp-has-aspect-ratio\"} -->\n<figure class=\"wp-block-embed is-type-video is-provider-youtube wp-block-embed-youtube wp-embed-aspect-16-9 wp-has-aspect-ratio\"><div class=\"wp-block-embed__wrapper\">\nhttps:\/\/youtu.be\/jaQpn3JVJj0\n<\/div><\/figure>\n<!-- \/wp:embed -->\n\n<!-- wp:embed {\"url\":\"https:\/\/youtu.be\/Krs2rkvITcs\",\"type\":\"video\",\"providerNameSlug\":\"youtube\",\"responsive\":true,\"className\":\"wp-embed-aspect-16-9 wp-has-aspect-ratio\"} -->\n<figure class=\"wp-block-embed is-type-video is-provider-youtube wp-block-embed-youtube wp-embed-aspect-16-9 wp-has-aspect-ratio\"><div class=\"wp-block-embed__wrapper\">\nhttps:\/\/youtu.be\/Krs2rkvITcs\n<\/div><\/figure>\n<!-- \/wp:embed -->\n\n<!-- wp:embed {\"url\":\"https:\/\/youtu.be\/DVka-vnmy6c\",\"type\":\"video\",\"providerNameSlug\":\"youtube\",\"responsive\":true,\"className\":\"wp-embed-aspect-16-9 wp-has-aspect-ratio\"} -->\n<figure class=\"wp-block-embed is-type-video is-provider-youtube wp-block-embed-youtube wp-embed-aspect-16-9 wp-has-aspect-ratio\"><div class=\"wp-block-embed__wrapper\">\nhttps:\/\/youtu.be\/DVka-vnmy6c\n<\/div><\/figure>\n<!-- \/wp:embed -->","_et_gb_content_width":"2880","inline_featured_image":false,"footnotes":""},"class_list":["post-100019","page","type-page","status-publish","has-post-thumbnail","hentry"],"yoast_head":"<!-- This site is optimized with the Yoast SEO plugin v26.0 - https:\/\/yoast.com\/wordpress\/plugins\/seo\/ -->\n<title>Gr\u00fcnder des Jahres - Gr\u00fcndungsb\u00fcro<\/title>\n<meta name=\"robots\" content=\"index, follow, max-snippet:-1, max-image-preview:large, max-video-preview:-1\" \/>\n<link rel=\"canonical\" href=\"https:\/\/gruendungsbuero.info\/en\/founder-of-the-year\/\" \/>\n<meta property=\"og:locale\" content=\"en_GB\" \/>\n<meta property=\"og:type\" content=\"article\" \/>\n<meta property=\"og:title\" content=\"Gr\u00fcnder des Jahres - Gr\u00fcndungsb\u00fcro\" \/>\n<meta property=\"og:description\" content=\"Einmal im Jahr zeichnen Hochschulleitung und SIAK innovative Junggr\u00fcnder aus. Bewerben k\u00f6nnen sich Jungunternehmer, deren Unternehmen in den letzten zwei Jahren gegr\u00fcndet wurde, die zudem die Selbstst\u00e4ndigkeit im Haupterwerb aus\u00fcben und aktuell erfolgreich am Markt bestehen. Neben der \u00f6ffentlichkeitswirksamen Auszeichnung winkt eine lukrative Siegespr\u00e4mie.\" \/>\n<meta property=\"og:url\" content=\"https:\/\/gruendungsbuero.info\/en\/founder-of-the-year\/\" \/>\n<meta property=\"og:site_name\" content=\"Gr\u00fcndungsb\u00fcro\" \/>\n<meta property=\"article:modified_time\" content=\"2026-03-04T16:59:43+00:00\" \/>\n<meta property=\"og:image\" content=\"https:\/\/gruendungsbuero.info\/app\/uploads\/2022\/02\/247bef3c563736e84c1de22d1f93b8ccacb4cd7d.png\" \/>\n\t<meta property=\"og:image:width\" content=\"940\" \/>\n\t<meta property=\"og:image:height\" content=\"160\" \/>\n\t<meta property=\"og:image:type\" content=\"image\/png\" \/>\n<meta name=\"twitter:card\" content=\"summary_large_image\" \/>\n<meta name=\"twitter:label1\" content=\"Est. reading time\" \/>\n\t<meta name=\"twitter:data1\" content=\"1 minute\" \/>\n<script type=\"application\/ld+json\" class=\"yoast-schema-graph\">{\"@context\":\"https:\/\/schema.org\",\"@graph\":[{\"@type\":\"WebPage\",\"@id\":\"https:\/\/gruendungsbuero.info\/grunder-des-jahres\/\",\"url\":\"https:\/\/gruendungsbuero.info\/grunder-des-jahres\/\",\"name\":\"Gr\u00fcnder des Jahres - Gr\u00fcndungsb\u00fcro\",\"isPartOf\":{\"@id\":\"https:\/\/gruendungsbuero.info\/#website\"},\"primaryImageOfPage\":{\"@id\":\"https:\/\/gruendungsbuero.info\/grunder-des-jahres\/#primaryimage\"},\"image\":{\"@id\":\"https:\/\/gruendungsbuero.info\/grunder-des-jahres\/#primaryimage\"},\"thumbnailUrl\":\"https:\/\/gruendungsbuero.info\/app\/uploads\/2022\/02\/247bef3c563736e84c1de22d1f93b8ccacb4cd7d.png\",\"datePublished\":\"2022-01-18T12:32:37+00:00\",\"dateModified\":\"2026-03-04T16:59:43+00:00\",\"breadcrumb\":{\"@id\":\"https:\/\/gruendungsbuero.info\/grunder-des-jahres\/#breadcrumb\"},\"inLanguage\":\"en-GB\",\"potentialAction\":[{\"@type\":\"ReadAction\",\"target\":[\"https:\/\/gruendungsbuero.info\/grunder-des-jahres\/\"]}]},{\"@type\":\"ImageObject\",\"inLanguage\":\"en-GB\",\"@id\":\"https:\/\/gruendungsbuero.info\/grunder-des-jahres\/#primaryimage\",\"url\":\"https:\/\/gruendungsbuero.info\/app\/uploads\/2022\/02\/247bef3c563736e84c1de22d1f93b8ccacb4cd7d.png\",\"contentUrl\":\"https:\/\/gruendungsbuero.info\/app\/uploads\/2022\/02\/247bef3c563736e84c1de22d1f93b8ccacb4cd7d.png\",\"width\":940,\"height\":160},{\"@type\":\"BreadcrumbList\",\"@id\":\"https:\/\/gruendungsbuero.info\/grunder-des-jahres\/#breadcrumb\",\"itemListElement\":[{\"@type\":\"ListItem\",\"position\":1,\"name\":\"Home\",\"item\":\"https:\/\/gruendungsbuero.info\/\"},{\"@type\":\"ListItem\",\"position\":2,\"name\":\"Gr\u00fcnder des Jahres\"}]},{\"@type\":\"WebSite\",\"@id\":\"https:\/\/gruendungsbuero.info\/#website\",\"url\":\"https:\/\/gruendungsbuero.info\/\",\"name\":\"Gr\u00fcndungsb\u00fcro\",\"description\":\"Rheinland-Pf\u00e4lzische Technische Universit\u00e4t &amp; Hochschule Kaiserslautern\",\"potentialAction\":[{\"@type\":\"SearchAction\",\"target\":{\"@type\":\"EntryPoint\",\"urlTemplate\":\"https:\/\/gruendungsbuero.info\/?s={search_term_string}\"},\"query-input\":{\"@type\":\"PropertyValueSpecification\",\"valueRequired\":true,\"valueName\":\"search_term_string\"}}],\"inLanguage\":\"en-GB\"}]}<\/script>\n<!-- \/ Yoast SEO plugin. -->","yoast_head_json":{"title":"Gr\u00fcnder des Jahres - Gr\u00fcndungsb\u00fcro","robots":{"index":"index","follow":"follow","max-snippet":"max-snippet:-1","max-image-preview":"max-image-preview:large","max-video-preview":"max-video-preview:-1"},"canonical":"https:\/\/gruendungsbuero.info\/en\/founder-of-the-year\/","og_locale":"en_GB","og_type":"article","og_title":"Gr\u00fcnder des Jahres - Gr\u00fcndungsb\u00fcro","og_description":"Einmal im Jahr zeichnen Hochschulleitung und SIAK innovative Junggr\u00fcnder aus. Bewerben k\u00f6nnen sich Jungunternehmer, deren Unternehmen in den letzten zwei Jahren gegr\u00fcndet wurde, die zudem die Selbstst\u00e4ndigkeit im Haupterwerb aus\u00fcben und aktuell erfolgreich am Markt bestehen. Neben der \u00f6ffentlichkeitswirksamen Auszeichnung winkt eine lukrative Siegespr\u00e4mie.","og_url":"https:\/\/gruendungsbuero.info\/en\/founder-of-the-year\/","og_site_name":"Gr\u00fcndungsb\u00fcro","article_modified_time":"2026-03-04T16:59:43+00:00","og_image":[{"width":940,"height":160,"url":"https:\/\/gruendungsbuero.info\/app\/uploads\/2022\/02\/247bef3c563736e84c1de22d1f93b8ccacb4cd7d.png","type":"image\/png"}],"twitter_card":"summary_large_image","twitter_misc":{"Est. reading time":"1 minute"},"schema":{"@context":"https:\/\/schema.org","@graph":[{"@type":"WebPage","@id":"https:\/\/gruendungsbuero.info\/grunder-des-jahres\/","url":"https:\/\/gruendungsbuero.info\/grunder-des-jahres\/","name":"Gr\u00fcnder des Jahres - Gr\u00fcndungsb\u00fcro","isPartOf":{"@id":"https:\/\/gruendungsbuero.info\/#website"},"primaryImageOfPage":{"@id":"https:\/\/gruendungsbuero.info\/grunder-des-jahres\/#primaryimage"},"image":{"@id":"https:\/\/gruendungsbuero.info\/grunder-des-jahres\/#primaryimage"},"thumbnailUrl":"https:\/\/gruendungsbuero.info\/app\/uploads\/2022\/02\/247bef3c563736e84c1de22d1f93b8ccacb4cd7d.png","datePublished":"2022-01-18T12:32:37+00:00","dateModified":"2026-03-04T16:59:43+00:00","breadcrumb":{"@id":"https:\/\/gruendungsbuero.info\/grunder-des-jahres\/#breadcrumb"},"inLanguage":"en-GB","potentialAction":[{"@type":"ReadAction","target":["https:\/\/gruendungsbuero.info\/grunder-des-jahres\/"]}]},{"@type":"ImageObject","inLanguage":"en-GB","@id":"https:\/\/gruendungsbuero.info\/grunder-des-jahres\/#primaryimage","url":"https:\/\/gruendungsbuero.info\/app\/uploads\/2022\/02\/247bef3c563736e84c1de22d1f93b8ccacb4cd7d.png","contentUrl":"https:\/\/gruendungsbuero.info\/app\/uploads\/2022\/02\/247bef3c563736e84c1de22d1f93b8ccacb4cd7d.png","width":940,"height":160},{"@type":"BreadcrumbList","@id":"https:\/\/gruendungsbuero.info\/grunder-des-jahres\/#breadcrumb","itemListElement":[{"@type":"ListItem","position":1,"name":"Home","item":"https:\/\/gruendungsbuero.info\/"},{"@type":"ListItem","position":2,"name":"Gr\u00fcnder des Jahres"}]},{"@type":"WebSite","@id":"https:\/\/gruendungsbuero.info\/#website","url":"https:\/\/gruendungsbuero.info\/","name":"Gr\u00fcndungsb\u00fcro","description":"Rheinland-Pf\u00e4lzische Technische Universit\u00e4t &amp; Hochschule Kaiserslautern","potentialAction":[{"@type":"SearchAction","target":{"@type":"EntryPoint","urlTemplate":"https:\/\/gruendungsbuero.info\/?s={search_term_string}"},"query-input":{"@type":"PropertyValueSpecification","valueRequired":true,"valueName":"search_term_string"}}],"inLanguage":"en-GB"}]}},"_links":{"self":[{"href":"https:\/\/gruendungsbuero.info\/en\/wp-json\/wp\/v2\/pages\/100019","targetHints":{"allow":["GET"]}}],"collection":[{"href":"https:\/\/gruendungsbuero.info\/en\/wp-json\/wp\/v2\/pages"}],"about":[{"href":"https:\/\/gruendungsbuero.info\/en\/wp-json\/wp\/v2\/types\/page"}],"author":[{"embeddable":true,"href":"https:\/\/gruendungsbuero.info\/en\/wp-json\/wp\/v2\/users\/810"}],"replies":[{"embeddable":true,"href":"https:\/\/gruendungsbuero.info\/en\/wp-json\/wp\/v2\/comments?post=100019"}],"version-history":[{"count":23,"href":"https:\/\/gruendungsbuero.info\/en\/wp-json\/wp\/v2\/pages\/100019\/revisions"}],"predecessor-version":[{"id":108093,"href":"https:\/\/gruendungsbuero.info\/en\/wp-json\/wp\/v2\/pages\/100019\/revisions\/108093"}],"wp:featuredmedia":[{"embeddable":true,"href":"https:\/\/gruendungsbuero.info\/en\/wp-json\/wp\/v2\/media\/101465"}],"wp:attachment":[{"href":"https:\/\/gruendungsbuero.info\/en\/wp-json\/wp\/v2\/media?parent=100019"}],"curies":[{"name":"wp","href":"https:\/\/api.w.org\/{rel}","templated":true}]}}