{"id":100016,"date":"2022-01-18T12:32:37","date_gmt":"2022-01-18T12:32:37","guid":{"rendered":"https:\/\/gruendungsbuero.info\/unser-team\/"},"modified":"2026-03-04T17:59:42","modified_gmt":"2026-03-04T16:59:42","slug":"our-team","status":"publish","type":"page","link":"https:\/\/gruendungsbuero.info\/en\/our-team\/","title":{"rendered":"Our Team"},"content":{"rendered":"[et_pb_section fb_built=&#8220;1&#8243; _builder_version=&#8220;4.14.6&#8243; _module_preset=&#8220;default&#8220; background_color=&#8220;#FFFFFF&#8220; custom_padding=&#8220;55px|||||&#8220; global_colors_info=&#8220;{}&#8220; theme_builder_area=&#8220;post_content&#8220;][et_pb_row _builder_version=&#8220;4.14.6&#8243; _module_preset=&#8220;default&#8220; custom_padding=&#8220;30px|||||&#8220; global_colors_info=&#8220;{}&#8220; theme_builder_area=&#8220;post_content&#8220;][et_pb_column type=&#8220;4_4&#8243; _builder_version=&#8220;4.14.6&#8243; _module_preset=&#8220;default&#8220; global_colors_info=&#8220;{}&#8220; theme_builder_area=&#8220;post_content&#8220;][et_pb_blog fullwidth=&#8220;off&#8220; posts_number=&#8220;100&#8243; include_categories=&#8220;75&#8243; show_author=&#8220;off&#8220; show_date=&#8220;off&#8220; show_categories=&#8220;off&#8220; show_excerpt=&#8220;off&#8220; show_pagination=&#8220;off&#8220; use_overlay=&#8220;on&#8220; overlay_icon_color=&#8220;#ffffff&#8220; hover_overlay_color=&#8220;rgba(0,0,0,0.9)&#8220; hover_icon=&#8220;&#x4c;||divi||400&#8243; masonry_tile_background_color=&#8220;rgba(0,0,0,0)&#8220; _builder_version=&#8220;4.14.6&#8243; _module_preset=&#8220;default&#8220; header_font=&#8220;|700|||||||&#8220; header_text_color=&#8220;#11253c&#8220; meta_font=&#8220;||||||||&#8220; meta_text_color=&#8220;#8c8c8c&#8220; module_alignment=&#8220;center&#8220; custom_padding=&#8220;0px||0px||true|false&#8220; hover_enabled=&#8220;0&#8243; border_color_all=&#8220;#f2f2f2&#8243; border_width_all_image=&#8220;2px&#8220; border_color_all_image=&#8220;#F2F2F2&#8243; global_colors_info=&#8220;{}&#8220; theme_builder_area=&#8220;post_content&#8220; sticky_enabled=&#8220;0&#8243; custom_margin=&#8220;||||true&#8220;][\/et_pb_blog][\/et_pb_column][\/et_pb_row][\/et_pb_section]","protected":false},"excerpt":{"rendered":"<p>With a highly qualified and dedicated team, we inform, educate, qualify, and support people who want to bring their ideas to life for the benefit of the region, people, and environment. We look forward to every exciting idea we can support and offer our assistance at every stage. We especially love it when ideas eventually turn into startups. But don\u2019t worry! That\u2019s not a requirement. Let\u2019s talk about your idea. We\u2019ll surely find a way to support you. What you make of it is up to you!<\/p>","protected":false},"author":810,"featured_media":110156,"parent":0,"menu_order":0,"comment_status":"closed","ping_status":"closed","template":"","meta":{"_et_pb_use_builder":"on","_et_pb_old_content":"","_et_gb_content_width":"","inline_featured_image":false,"footnotes":""},"class_list":["post-100016","page","type-page","status-publish","has-post-thumbnail","hentry"],"yoast_head":"<!-- This site is optimized with the Yoast SEO plugin v26.0 - https:\/\/yoast.com\/wordpress\/plugins\/seo\/ -->\n<title>Unser Team - Gr\u00fcndungsb\u00fcro<\/title>\n<meta name=\"robots\" content=\"index, follow, max-snippet:-1, max-image-preview:large, max-video-preview:-1\" \/>\n<link rel=\"canonical\" href=\"https:\/\/gruendungsbuero.info\/en\/our-team\/\" \/>\n<meta property=\"og:locale\" content=\"en_GB\" \/>\n<meta property=\"og:type\" content=\"article\" \/>\n<meta property=\"og:title\" content=\"Unser Team - Gr\u00fcndungsb\u00fcro\" \/>\n<meta property=\"og:description\" content=\"Mit einem hochqualifizierten und engagierten Team sensibilisieren, informieren, qualifizieren und begleiten wir Menschen, die ihre Ideen zum Nutzen von Region, Mensch und Umwelt Wirklichkeit werden lassen wollen. Wir freuen uns auf jede spannenden Idee, die wir begleiten d\u00fcrfen und bieten unsere Unterst\u00fctzung in jeder Phase an. Ganz besonders toll finden wir es, wenn aus Ideen irgendwann Startups werden. Aber keine Angst! Das ist kein Muss. Lasst uns \u00fcber eure Idee reden. Wir finden sicher einen Weg wie wir euch unterst\u00fctzen k\u00f6nnen. Was ihr dann daraus mach liegt bei euch!\" \/>\n<meta property=\"og:url\" content=\"https:\/\/gruendungsbuero.info\/en\/our-team\/\" \/>\n<meta property=\"og:site_name\" content=\"Gr\u00fcndungsb\u00fcro\" \/>\n<meta property=\"article:modified_time\" content=\"2026-03-04T16:59:42+00:00\" \/>\n<meta property=\"og:image\" content=\"https:\/\/gruendungsbuero.info\/app\/uploads\/2024\/07\/IMG_6367.jpg\" \/>\n\t<meta property=\"og:image:width\" content=\"2048\" \/>\n\t<meta property=\"og:image:height\" content=\"1150\" \/>\n\t<meta property=\"og:image:type\" content=\"image\/jpeg\" \/>\n<meta name=\"twitter:card\" content=\"summary_large_image\" \/>\n<meta name=\"twitter:label1\" content=\"Est. reading time\" \/>\n\t<meta name=\"twitter:data1\" content=\"4 minutes\" \/>\n<script type=\"application\/ld+json\" class=\"yoast-schema-graph\">{\"@context\":\"https:\/\/schema.org\",\"@graph\":[{\"@type\":\"WebPage\",\"@id\":\"https:\/\/gruendungsbuero.info\/unser-team\/\",\"url\":\"https:\/\/gruendungsbuero.info\/unser-team\/\",\"name\":\"Unser Team - Gr\u00fcndungsb\u00fcro\",\"isPartOf\":{\"@id\":\"https:\/\/gruendungsbuero.info\/#website\"},\"primaryImageOfPage\":{\"@id\":\"https:\/\/gruendungsbuero.info\/unser-team\/#primaryimage\"},\"image\":{\"@id\":\"https:\/\/gruendungsbuero.info\/unser-team\/#primaryimage\"},\"thumbnailUrl\":\"https:\/\/gruendungsbuero.info\/app\/uploads\/2024\/07\/IMG_6367.jpg\",\"datePublished\":\"2022-01-18T12:32:37+00:00\",\"dateModified\":\"2026-03-04T16:59:42+00:00\",\"breadcrumb\":{\"@id\":\"https:\/\/gruendungsbuero.info\/unser-team\/#breadcrumb\"},\"inLanguage\":\"en-GB\",\"potentialAction\":[{\"@type\":\"ReadAction\",\"target\":[\"https:\/\/gruendungsbuero.info\/unser-team\/\"]}]},{\"@type\":\"ImageObject\",\"inLanguage\":\"en-GB\",\"@id\":\"https:\/\/gruendungsbuero.info\/unser-team\/#primaryimage\",\"url\":\"https:\/\/gruendungsbuero.info\/app\/uploads\/2024\/07\/IMG_6367.jpg\",\"contentUrl\":\"https:\/\/gruendungsbuero.info\/app\/uploads\/2024\/07\/IMG_6367.jpg\",\"width\":2048,\"height\":1150,\"caption\":\"Team des Gr\u00fcndungsb\u00fcros macht Faxen am Ideenwald-Fisch\"},{\"@type\":\"BreadcrumbList\",\"@id\":\"https:\/\/gruendungsbuero.info\/unser-team\/#breadcrumb\",\"itemListElement\":[{\"@type\":\"ListItem\",\"position\":1,\"name\":\"Home\",\"item\":\"https:\/\/gruendungsbuero.info\/\"},{\"@type\":\"ListItem\",\"position\":2,\"name\":\"Unser Team\"}]},{\"@type\":\"WebSite\",\"@id\":\"https:\/\/gruendungsbuero.info\/#website\",\"url\":\"https:\/\/gruendungsbuero.info\/\",\"name\":\"Gr\u00fcndungsb\u00fcro\",\"description\":\"Rheinland-Pf\u00e4lzische Technische Universit\u00e4t &amp; Hochschule Kaiserslautern\",\"potentialAction\":[{\"@type\":\"SearchAction\",\"target\":{\"@type\":\"EntryPoint\",\"urlTemplate\":\"https:\/\/gruendungsbuero.info\/?s={search_term_string}\"},\"query-input\":{\"@type\":\"PropertyValueSpecification\",\"valueRequired\":true,\"valueName\":\"search_term_string\"}}],\"inLanguage\":\"en-GB\"}]}<\/script>\n<!-- \/ Yoast SEO plugin. -->","yoast_head_json":{"title":"Unser Team - Gr\u00fcndungsb\u00fcro","robots":{"index":"index","follow":"follow","max-snippet":"max-snippet:-1","max-image-preview":"max-image-preview:large","max-video-preview":"max-video-preview:-1"},"canonical":"https:\/\/gruendungsbuero.info\/en\/our-team\/","og_locale":"en_GB","og_type":"article","og_title":"Unser Team - Gr\u00fcndungsb\u00fcro","og_description":"Mit einem hochqualifizierten und engagierten Team sensibilisieren, informieren, qualifizieren und begleiten wir Menschen, die ihre Ideen zum Nutzen von Region, Mensch und Umwelt Wirklichkeit werden lassen wollen. Wir freuen uns auf jede spannenden Idee, die wir begleiten d\u00fcrfen und bieten unsere Unterst\u00fctzung in jeder Phase an. Ganz besonders toll finden wir es, wenn aus Ideen irgendwann Startups werden. Aber keine Angst! Das ist kein Muss. Lasst uns \u00fcber eure Idee reden. Wir finden sicher einen Weg wie wir euch unterst\u00fctzen k\u00f6nnen. Was ihr dann daraus mach liegt bei euch!","og_url":"https:\/\/gruendungsbuero.info\/en\/our-team\/","og_site_name":"Gr\u00fcndungsb\u00fcro","article_modified_time":"2026-03-04T16:59:42+00:00","og_image":[{"width":2048,"height":1150,"url":"https:\/\/gruendungsbuero.info\/app\/uploads\/2024\/07\/IMG_6367.jpg","type":"image\/jpeg"}],"twitter_card":"summary_large_image","twitter_misc":{"Est. reading time":"4 minutes"},"schema":{"@context":"https:\/\/schema.org","@graph":[{"@type":"WebPage","@id":"https:\/\/gruendungsbuero.info\/unser-team\/","url":"https:\/\/gruendungsbuero.info\/unser-team\/","name":"Unser Team - Gr\u00fcndungsb\u00fcro","isPartOf":{"@id":"https:\/\/gruendungsbuero.info\/#website"},"primaryImageOfPage":{"@id":"https:\/\/gruendungsbuero.info\/unser-team\/#primaryimage"},"image":{"@id":"https:\/\/gruendungsbuero.info\/unser-team\/#primaryimage"},"thumbnailUrl":"https:\/\/gruendungsbuero.info\/app\/uploads\/2024\/07\/IMG_6367.jpg","datePublished":"2022-01-18T12:32:37+00:00","dateModified":"2026-03-04T16:59:42+00:00","breadcrumb":{"@id":"https:\/\/gruendungsbuero.info\/unser-team\/#breadcrumb"},"inLanguage":"en-GB","potentialAction":[{"@type":"ReadAction","target":["https:\/\/gruendungsbuero.info\/unser-team\/"]}]},{"@type":"ImageObject","inLanguage":"en-GB","@id":"https:\/\/gruendungsbuero.info\/unser-team\/#primaryimage","url":"https:\/\/gruendungsbuero.info\/app\/uploads\/2024\/07\/IMG_6367.jpg","contentUrl":"https:\/\/gruendungsbuero.info\/app\/uploads\/2024\/07\/IMG_6367.jpg","width":2048,"height":1150,"caption":"Team des Gr\u00fcndungsb\u00fcros macht Faxen am Ideenwald-Fisch"},{"@type":"BreadcrumbList","@id":"https:\/\/gruendungsbuero.info\/unser-team\/#breadcrumb","itemListElement":[{"@type":"ListItem","position":1,"name":"Home","item":"https:\/\/gruendungsbuero.info\/"},{"@type":"ListItem","position":2,"name":"Unser Team"}]},{"@type":"WebSite","@id":"https:\/\/gruendungsbuero.info\/#website","url":"https:\/\/gruendungsbuero.info\/","name":"Gr\u00fcndungsb\u00fcro","description":"Rheinland-Pf\u00e4lzische Technische Universit\u00e4t &amp; Hochschule Kaiserslautern","potentialAction":[{"@type":"SearchAction","target":{"@type":"EntryPoint","urlTemplate":"https:\/\/gruendungsbuero.info\/?s={search_term_string}"},"query-input":{"@type":"PropertyValueSpecification","valueRequired":true,"valueName":"search_term_string"}}],"inLanguage":"en-GB"}]}},"_links":{"self":[{"href":"https:\/\/gruendungsbuero.info\/en\/wp-json\/wp\/v2\/pages\/100016","targetHints":{"allow":["GET"]}}],"collection":[{"href":"https:\/\/gruendungsbuero.info\/en\/wp-json\/wp\/v2\/pages"}],"about":[{"href":"https:\/\/gruendungsbuero.info\/en\/wp-json\/wp\/v2\/types\/page"}],"author":[{"embeddable":true,"href":"https:\/\/gruendungsbuero.info\/en\/wp-json\/wp\/v2\/users\/810"}],"replies":[{"embeddable":true,"href":"https:\/\/gruendungsbuero.info\/en\/wp-json\/wp\/v2\/comments?post=100016"}],"version-history":[{"count":3,"href":"https:\/\/gruendungsbuero.info\/en\/wp-json\/wp\/v2\/pages\/100016\/revisions"}],"predecessor-version":[{"id":110155,"href":"https:\/\/gruendungsbuero.info\/en\/wp-json\/wp\/v2\/pages\/100016\/revisions\/110155"}],"wp:featuredmedia":[{"embeddable":true,"href":"https:\/\/gruendungsbuero.info\/en\/wp-json\/wp\/v2\/media\/110156"}],"wp:attachment":[{"href":"https:\/\/gruendungsbuero.info\/en\/wp-json\/wp\/v2\/media?parent=100016"}],"curies":[{"name":"wp","href":"https:\/\/api.w.org\/{rel}","templated":true}]}}