{"id":100013,"date":"2022-01-18T12:32:37","date_gmt":"2022-01-18T12:32:37","guid":{"rendered":"https:\/\/gruendungsbuero.info\/exist-forschungstransfer\/"},"modified":"2026-03-04T17:59:42","modified_gmt":"2026-03-04T16:59:42","slug":"exist-science-transfer","status":"publish","type":"page","link":"https:\/\/gruendungsbuero.info\/en\/exist-science-transfer\/","title":{"rendered":"EXIST-Research Transfer"},"content":{"rendered":"<p>Das ebenfalls vom BMWi initiierte Programm dient der F\u00f6rderung herausragender, forschungsbasierter Projekte von denen risikoreiche Entwicklungsarbeiten betrieben werden<br>m\u00fcssen. Die F\u00f6rderung ist bis zu drei Jahren m\u00f6glich, wobei neben einem Forscherteam aus bis zu drei Mitarbeitern zus\u00e4tzlich auch ein Betriebswirt gef\u00f6rdert werden kann.<\/p>\n\n\n\n<p><a href=\"http:\/\/www.exist.de\/exist-forschungstransfer\/index.php\" target=\"_blank\" rel=\"noopener\">More information here.<\/a><\/p>\n\n\n\n<div class=\"wp-block-columns is-layout-flex wp-container-core-columns-is-layout-9d6595d7 wp-block-columns-is-layout-flex\">\n<div class=\"wp-block-column is-layout-flow wp-block-column-is-layout-flow\">\n<figure class=\"wp-block-embed is-type-video is-provider-youtube wp-block-embed-youtube wp-embed-aspect-16-9 wp-has-aspect-ratio\"><div class=\"wp-block-embed__wrapper\">\n<iframe loading=\"lazy\" title=\"EXIST-Forschungstransfer- LUBIS-EDA - Gr\u00fcndungsb\u00fcro RPTU&amp;HS Kaiserslautern\" width=\"1080\" height=\"608\" src=\"https:\/\/www.youtube.com\/embed\/1kWIB52yV2A?start=1&#038;feature=oembed\"  allow=\"accelerometer; autoplay; clipboard-write; encrypted-media; gyroscope; picture-in-picture; web-share\" referrerpolicy=\"strict-origin-when-cross-origin\" allowfullscreen><\/iframe>\n<\/div><\/figure>\n<\/div>\n\n\n\n<div class=\"wp-block-column is-layout-flow wp-block-column-is-layout-flow\">\n<figure class=\"wp-block-embed is-type-video is-provider-youtube wp-block-embed-youtube wp-embed-aspect-16-9 wp-has-aspect-ratio\"><div class=\"wp-block-embed__wrapper\">\n<iframe loading=\"lazy\" title=\"EXIST-Forschungstransfer - ONE-K-Wheels aus Kaiserslautern\" width=\"1080\" height=\"608\" src=\"https:\/\/www.youtube.com\/embed\/5BfINhOhQX8?feature=oembed\"  allow=\"accelerometer; autoplay; clipboard-write; encrypted-media; gyroscope; picture-in-picture; web-share\" referrerpolicy=\"strict-origin-when-cross-origin\" allowfullscreen><\/iframe>\n<\/div><\/figure>\n<\/div>\n<\/div>\n\n\n\n<div class=\"wp-block-columns is-layout-flex wp-container-core-columns-is-layout-9d6595d7 wp-block-columns-is-layout-flex\">\n<div class=\"wp-block-column is-layout-flow wp-block-column-is-layout-flow\" style=\"flex-basis:100%\">\n<div class=\"wp-block-columns is-layout-flex wp-container-core-columns-is-layout-9d6595d7 wp-block-columns-is-layout-flex\">\n<div class=\"wp-block-column is-layout-flow wp-block-column-is-layout-flow\">\n<figure class=\"wp-block-embed is-type-video is-provider-youtube wp-block-embed-youtube wp-embed-aspect-16-9 wp-has-aspect-ratio\"><div class=\"wp-block-embed__wrapper\">\n<iframe loading=\"lazy\" title=\"EXIST-Forschungstransfer - Inline Process Solutions - Gr\u00fcndungsb\u00fcro RPTU&amp;HS Kaiserslautern\" width=\"1080\" height=\"608\" src=\"https:\/\/www.youtube.com\/embed\/sTjKYPfRn1s?feature=oembed\"  allow=\"accelerometer; autoplay; clipboard-write; encrypted-media; gyroscope; picture-in-picture; web-share\" referrerpolicy=\"strict-origin-when-cross-origin\" allowfullscreen><\/iframe>\n<\/div><\/figure>\n<\/div>\n\n\n\n<div class=\"wp-block-column is-layout-flow wp-block-column-is-layout-flow\">\n<figure class=\"wp-block-embed is-type-video is-provider-youtube wp-block-embed-youtube wp-embed-aspect-16-9 wp-has-aspect-ratio\"><div class=\"wp-block-embed__wrapper\">\n<iframe loading=\"lazy\" title=\"VIAMON: Wie ein Peilsender die Energiewende sicherer macht | AING Innovators | HS Kaiserslautern\" width=\"1080\" height=\"608\" src=\"https:\/\/www.youtube.com\/embed\/wfGYIJBOA0c?feature=oembed\"  allow=\"accelerometer; autoplay; clipboard-write; encrypted-media; gyroscope; picture-in-picture; web-share\" referrerpolicy=\"strict-origin-when-cross-origin\" allowfullscreen><\/iframe>\n<\/div><\/figure>\n<\/div>\n<\/div>\n<\/div>\n<\/div>","protected":false},"excerpt":{"rendered":"<p>Das ebenfalls vom BMWi initiierte Programm dient der F\u00f6rderung herausragender, forschungsbasierter Projekte von denen risikoreiche Entwicklungsarbeiten betrieben werden m\u00fcssen. Die F\u00f6rderung ist bis zu drei Jahren m\u00f6glich, wobei neben einem Forscherteam aus bis zu drei Mitarbeitern zus\u00e4tzlich auch ein Betriebswirt gef\u00f6rdert werden kann.<\/p>","protected":false},"author":810,"featured_media":101465,"parent":0,"menu_order":0,"comment_status":"closed","ping_status":"closed","template":"","meta":{"_et_pb_use_builder":"","_et_pb_old_content":"","_et_gb_content_width":"","inline_featured_image":false,"footnotes":""},"class_list":["post-100013","page","type-page","status-publish","has-post-thumbnail","hentry"],"yoast_head":"<!-- This site is optimized with the Yoast SEO plugin v26.0 - https:\/\/yoast.com\/wordpress\/plugins\/seo\/ -->\n<title>EXIST-Forschungstransfer - Gr\u00fcndungsb\u00fcro<\/title>\n<meta name=\"robots\" content=\"index, follow, max-snippet:-1, max-image-preview:large, max-video-preview:-1\" \/>\n<link rel=\"canonical\" href=\"https:\/\/gruendungsbuero.info\/en\/exist-science-transfer\/\" \/>\n<meta property=\"og:locale\" content=\"en_GB\" \/>\n<meta property=\"og:type\" content=\"article\" \/>\n<meta property=\"og:title\" content=\"EXIST-Forschungstransfer - Gr\u00fcndungsb\u00fcro\" \/>\n<meta property=\"og:description\" content=\"Das ebenfalls vom BMWi initiierte Programm dient der F\u00f6rderung herausragender, forschungsbasierter Projekte von denen risikoreiche Entwicklungsarbeiten betrieben werden m\u00fcssen. Die F\u00f6rderung ist bis zu drei Jahren m\u00f6glich, wobei neben einem Forscherteam aus bis zu drei Mitarbeitern zus\u00e4tzlich auch ein Betriebswirt gef\u00f6rdert werden kann.\" \/>\n<meta property=\"og:url\" content=\"https:\/\/gruendungsbuero.info\/en\/exist-science-transfer\/\" \/>\n<meta property=\"og:site_name\" content=\"Gr\u00fcndungsb\u00fcro\" \/>\n<meta property=\"article:modified_time\" content=\"2026-03-04T16:59:42+00:00\" \/>\n<meta property=\"og:image\" content=\"https:\/\/gruendungsbuero.info\/app\/uploads\/2022\/02\/247bef3c563736e84c1de22d1f93b8ccacb4cd7d.png\" \/>\n\t<meta property=\"og:image:width\" content=\"940\" \/>\n\t<meta property=\"og:image:height\" content=\"160\" \/>\n\t<meta property=\"og:image:type\" content=\"image\/png\" \/>\n<meta name=\"twitter:card\" content=\"summary_large_image\" \/>\n<meta name=\"twitter:label1\" content=\"Est. reading time\" \/>\n\t<meta name=\"twitter:data1\" content=\"1 minute\" \/>\n<script type=\"application\/ld+json\" class=\"yoast-schema-graph\">{\"@context\":\"https:\/\/schema.org\",\"@graph\":[{\"@type\":\"WebPage\",\"@id\":\"https:\/\/gruendungsbuero.info\/exist-forschungstransfer\/\",\"url\":\"https:\/\/gruendungsbuero.info\/exist-forschungstransfer\/\",\"name\":\"EXIST-Forschungstransfer - Gr\u00fcndungsb\u00fcro\",\"isPartOf\":{\"@id\":\"https:\/\/gruendungsbuero.info\/#website\"},\"primaryImageOfPage\":{\"@id\":\"https:\/\/gruendungsbuero.info\/exist-forschungstransfer\/#primaryimage\"},\"image\":{\"@id\":\"https:\/\/gruendungsbuero.info\/exist-forschungstransfer\/#primaryimage\"},\"thumbnailUrl\":\"https:\/\/gruendungsbuero.info\/app\/uploads\/2022\/02\/247bef3c563736e84c1de22d1f93b8ccacb4cd7d.png\",\"datePublished\":\"2022-01-18T12:32:37+00:00\",\"dateModified\":\"2026-03-04T16:59:42+00:00\",\"breadcrumb\":{\"@id\":\"https:\/\/gruendungsbuero.info\/exist-forschungstransfer\/#breadcrumb\"},\"inLanguage\":\"en-GB\",\"potentialAction\":[{\"@type\":\"ReadAction\",\"target\":[\"https:\/\/gruendungsbuero.info\/exist-forschungstransfer\/\"]}]},{\"@type\":\"ImageObject\",\"inLanguage\":\"en-GB\",\"@id\":\"https:\/\/gruendungsbuero.info\/exist-forschungstransfer\/#primaryimage\",\"url\":\"https:\/\/gruendungsbuero.info\/app\/uploads\/2022\/02\/247bef3c563736e84c1de22d1f93b8ccacb4cd7d.png\",\"contentUrl\":\"https:\/\/gruendungsbuero.info\/app\/uploads\/2022\/02\/247bef3c563736e84c1de22d1f93b8ccacb4cd7d.png\",\"width\":940,\"height\":160},{\"@type\":\"BreadcrumbList\",\"@id\":\"https:\/\/gruendungsbuero.info\/exist-forschungstransfer\/#breadcrumb\",\"itemListElement\":[{\"@type\":\"ListItem\",\"position\":1,\"name\":\"Home\",\"item\":\"https:\/\/gruendungsbuero.info\/\"},{\"@type\":\"ListItem\",\"position\":2,\"name\":\"EXIST-Forschungstransfer\"}]},{\"@type\":\"WebSite\",\"@id\":\"https:\/\/gruendungsbuero.info\/#website\",\"url\":\"https:\/\/gruendungsbuero.info\/\",\"name\":\"Gr\u00fcndungsb\u00fcro\",\"description\":\"Rheinland-Pf\u00e4lzische Technische Universit\u00e4t &amp; Hochschule Kaiserslautern\",\"potentialAction\":[{\"@type\":\"SearchAction\",\"target\":{\"@type\":\"EntryPoint\",\"urlTemplate\":\"https:\/\/gruendungsbuero.info\/?s={search_term_string}\"},\"query-input\":{\"@type\":\"PropertyValueSpecification\",\"valueRequired\":true,\"valueName\":\"search_term_string\"}}],\"inLanguage\":\"en-GB\"}]}<\/script>\n<!-- \/ Yoast SEO plugin. -->","yoast_head_json":{"title":"EXIST-Forschungstransfer - Gr\u00fcndungsb\u00fcro","robots":{"index":"index","follow":"follow","max-snippet":"max-snippet:-1","max-image-preview":"max-image-preview:large","max-video-preview":"max-video-preview:-1"},"canonical":"https:\/\/gruendungsbuero.info\/en\/exist-science-transfer\/","og_locale":"en_GB","og_type":"article","og_title":"EXIST-Forschungstransfer - Gr\u00fcndungsb\u00fcro","og_description":"Das ebenfalls vom BMWi initiierte Programm dient der F\u00f6rderung herausragender, forschungsbasierter Projekte von denen risikoreiche Entwicklungsarbeiten betrieben werden m\u00fcssen. Die F\u00f6rderung ist bis zu drei Jahren m\u00f6glich, wobei neben einem Forscherteam aus bis zu drei Mitarbeitern zus\u00e4tzlich auch ein Betriebswirt gef\u00f6rdert werden kann.","og_url":"https:\/\/gruendungsbuero.info\/en\/exist-science-transfer\/","og_site_name":"Gr\u00fcndungsb\u00fcro","article_modified_time":"2026-03-04T16:59:42+00:00","og_image":[{"width":940,"height":160,"url":"https:\/\/gruendungsbuero.info\/app\/uploads\/2022\/02\/247bef3c563736e84c1de22d1f93b8ccacb4cd7d.png","type":"image\/png"}],"twitter_card":"summary_large_image","twitter_misc":{"Est. reading time":"1 minute"},"schema":{"@context":"https:\/\/schema.org","@graph":[{"@type":"WebPage","@id":"https:\/\/gruendungsbuero.info\/exist-forschungstransfer\/","url":"https:\/\/gruendungsbuero.info\/exist-forschungstransfer\/","name":"EXIST-Forschungstransfer - Gr\u00fcndungsb\u00fcro","isPartOf":{"@id":"https:\/\/gruendungsbuero.info\/#website"},"primaryImageOfPage":{"@id":"https:\/\/gruendungsbuero.info\/exist-forschungstransfer\/#primaryimage"},"image":{"@id":"https:\/\/gruendungsbuero.info\/exist-forschungstransfer\/#primaryimage"},"thumbnailUrl":"https:\/\/gruendungsbuero.info\/app\/uploads\/2022\/02\/247bef3c563736e84c1de22d1f93b8ccacb4cd7d.png","datePublished":"2022-01-18T12:32:37+00:00","dateModified":"2026-03-04T16:59:42+00:00","breadcrumb":{"@id":"https:\/\/gruendungsbuero.info\/exist-forschungstransfer\/#breadcrumb"},"inLanguage":"en-GB","potentialAction":[{"@type":"ReadAction","target":["https:\/\/gruendungsbuero.info\/exist-forschungstransfer\/"]}]},{"@type":"ImageObject","inLanguage":"en-GB","@id":"https:\/\/gruendungsbuero.info\/exist-forschungstransfer\/#primaryimage","url":"https:\/\/gruendungsbuero.info\/app\/uploads\/2022\/02\/247bef3c563736e84c1de22d1f93b8ccacb4cd7d.png","contentUrl":"https:\/\/gruendungsbuero.info\/app\/uploads\/2022\/02\/247bef3c563736e84c1de22d1f93b8ccacb4cd7d.png","width":940,"height":160},{"@type":"BreadcrumbList","@id":"https:\/\/gruendungsbuero.info\/exist-forschungstransfer\/#breadcrumb","itemListElement":[{"@type":"ListItem","position":1,"name":"Home","item":"https:\/\/gruendungsbuero.info\/"},{"@type":"ListItem","position":2,"name":"EXIST-Forschungstransfer"}]},{"@type":"WebSite","@id":"https:\/\/gruendungsbuero.info\/#website","url":"https:\/\/gruendungsbuero.info\/","name":"Gr\u00fcndungsb\u00fcro","description":"Rheinland-Pf\u00e4lzische Technische Universit\u00e4t &amp; Hochschule Kaiserslautern","potentialAction":[{"@type":"SearchAction","target":{"@type":"EntryPoint","urlTemplate":"https:\/\/gruendungsbuero.info\/?s={search_term_string}"},"query-input":{"@type":"PropertyValueSpecification","valueRequired":true,"valueName":"search_term_string"}}],"inLanguage":"en-GB"}]}},"_links":{"self":[{"href":"https:\/\/gruendungsbuero.info\/en\/wp-json\/wp\/v2\/pages\/100013","targetHints":{"allow":["GET"]}}],"collection":[{"href":"https:\/\/gruendungsbuero.info\/en\/wp-json\/wp\/v2\/pages"}],"about":[{"href":"https:\/\/gruendungsbuero.info\/en\/wp-json\/wp\/v2\/types\/page"}],"author":[{"embeddable":true,"href":"https:\/\/gruendungsbuero.info\/en\/wp-json\/wp\/v2\/users\/810"}],"replies":[{"embeddable":true,"href":"https:\/\/gruendungsbuero.info\/en\/wp-json\/wp\/v2\/comments?post=100013"}],"version-history":[{"count":6,"href":"https:\/\/gruendungsbuero.info\/en\/wp-json\/wp\/v2\/pages\/100013\/revisions"}],"predecessor-version":[{"id":112071,"href":"https:\/\/gruendungsbuero.info\/en\/wp-json\/wp\/v2\/pages\/100013\/revisions\/112071"}],"wp:featuredmedia":[{"embeddable":true,"href":"https:\/\/gruendungsbuero.info\/en\/wp-json\/wp\/v2\/media\/101465"}],"wp:attachment":[{"href":"https:\/\/gruendungsbuero.info\/en\/wp-json\/wp\/v2\/media?parent=100013"}],"curies":[{"name":"wp","href":"https:\/\/api.w.org\/{rel}","templated":true}]}}