{"id":100010,"date":"2022-01-18T12:32:37","date_gmt":"2022-01-18T12:32:37","guid":{"rendered":"https:\/\/gruendungsbuero.info\/isb-forderbank-des-landes-rheinland-pfalz\/"},"modified":"2022-01-18T12:32:37","modified_gmt":"2022-01-18T12:32:37","slug":"isb-funding-bank-of-rhineland-palatinate","status":"publish","type":"page","link":"https:\/\/gruendungsbuero.info\/en\/isb-funding-bank-of-rhineland-palatinate\/","title":{"rendered":"ISB &#8211; F\u00f6rderbank des Landes Rheinland-Pfalz"},"content":{"rendered":"<p>\nWer sich mit seinem eigenen Unternehmen selbstst\u00e4ndig machen, investieren, Wohnraum schaffen oder modernisieren m\u00f6chte, f\u00fcr den ist die Investitions- und Strukturbank Rheinland-Pfalz (ISB) mit Sitz in Mainz ein wichtiger Partner, wenn es um die Finanzierung geht. Als F\u00f6rderinstitut des Landes Rheinland-Pfalz ist sie f\u00fcr die F\u00f6rderung des Mittelstandes sowie die Umsetzung der Programme der sozialen Wohnraumf\u00f6rderung verantwortlich.\n<\/p>\n<p>\n    Mit zinsg\u00fcnstigen Darlehen, Beteiligungen, B\u00fcrgschaften und Zusch\u00fcssen unterst\u00fctzt die ISB f\u00f6rderf\u00e4hige Vorhaben. Sie kann dabei auf eine umfangreiche F\u00f6rderpalette zugreifen und ihren Kunden durch die Kombination verschiedener Produkte individuelle L\u00f6sungen f\u00fcr alle Investitionsfinanzierungen bieten. Hierbei bezieht sie auch Mittel des Bundes und der EU ein.\n<\/p>\n<p>\nNeben der finanziellen Unterst\u00fctzung steht die ISB Unternehmen mit einem Netz von Wirtschaftsf\u00f6rderern, Banken, Kammern sowie vielen weiteren Multiplikatoren beratend zur Seite. Auch ist sie bei der Suche nach einem geeigneten Standort f\u00fcr Betriebsansiedlungen behilflich: \u00dcber den internetbasierten Standortfinder, abrufbar unter www.standortfinder.rlp.de, k\u00f6nnen Unternehmen passende Gewerbefl\u00e4chen in Rheinland-Pfalz schnell und einfach finden.\n<\/p>\n<address>\n<strong>Investitions- und Strukturbank Rheinland-Pfalz (ISB)<\/strong><br \/>\nHolzhofstra\u00dfe 4<br \/>\n55116 Mainz<br \/>\nTelefon 06131 6172-0<br \/>\n<a href=\"mailto:isb@isb.rlp.de\">isb@isb.rlp.de<\/a><br \/>\n<a href=\"http:\/\/www.isb.rlp.de\" target=\"_blank\" rel=\"noopener\">www.isb.rlp.de<\/a><br \/>\n<a href=\"http:\/\/www.standortfinder.rlp.de\" target=\"_blank\" rel=\"noopener\">www.standortfinder.rlp.de<\/a><br \/>\n<\/address>","protected":false},"excerpt":{"rendered":"<p>Wer sich mit seinem eigenen Unternehmen selbstst\u00e4ndig machen, investieren, Wohnraum schaffen oder modernisieren m\u00f6chte, f\u00fcr den ist die Investitions- und Strukturbank Rheinland-Pfalz (ISB) mit Sitz in Mainz ein wichtiger Partner, wenn es um die Finanzierung geht. Als F\u00f6rderinstitut des Landes Rheinland-Pfalz ist sie f\u00fcr die F\u00f6rderung des Mittelstandes sowie die Umsetzung der Programme der sozialen [&hellip;]<\/p>","protected":false},"author":810,"featured_media":0,"parent":0,"menu_order":0,"comment_status":"closed","ping_status":"closed","template":"","meta":{"_et_pb_use_builder":"","_et_pb_old_content":"","_et_gb_content_width":"","inline_featured_image":false,"footnotes":""},"class_list":["post-100010","page","type-page","status-publish","hentry"],"yoast_head":"<!-- This site is optimized with the Yoast SEO plugin v26.0 - https:\/\/yoast.com\/wordpress\/plugins\/seo\/ -->\n<title>ISB - F\u00f6rderbank des Landes Rheinland-Pfalz - Gr\u00fcndungsb\u00fcro<\/title>\n<meta name=\"robots\" content=\"index, follow, max-snippet:-1, max-image-preview:large, max-video-preview:-1\" \/>\n<link rel=\"canonical\" href=\"https:\/\/gruendungsbuero.info\/en\/isb-funding-bank-of-rhineland-palatinate\/\" \/>\n<meta property=\"og:locale\" content=\"en_GB\" \/>\n<meta property=\"og:type\" content=\"article\" \/>\n<meta property=\"og:title\" content=\"ISB - F\u00f6rderbank des Landes Rheinland-Pfalz - Gr\u00fcndungsb\u00fcro\" \/>\n<meta property=\"og:description\" content=\"Wer sich mit seinem eigenen Unternehmen selbstst\u00e4ndig machen, investieren, Wohnraum schaffen oder modernisieren m\u00f6chte, f\u00fcr den ist die Investitions- und Strukturbank Rheinland-Pfalz (ISB) mit Sitz in Mainz ein wichtiger Partner, wenn es um die Finanzierung geht. Als F\u00f6rderinstitut des Landes Rheinland-Pfalz ist sie f\u00fcr die F\u00f6rderung des Mittelstandes sowie die Umsetzung der Programme der sozialen [&hellip;]\" \/>\n<meta property=\"og:url\" content=\"https:\/\/gruendungsbuero.info\/en\/isb-funding-bank-of-rhineland-palatinate\/\" \/>\n<meta property=\"og:site_name\" content=\"Gr\u00fcndungsb\u00fcro\" \/>\n<meta name=\"twitter:card\" content=\"summary_large_image\" \/>\n<meta name=\"twitter:label1\" content=\"Est. reading time\" \/>\n\t<meta name=\"twitter:data1\" content=\"1 minute\" \/>\n<script type=\"application\/ld+json\" class=\"yoast-schema-graph\">{\"@context\":\"https:\/\/schema.org\",\"@graph\":[{\"@type\":\"WebPage\",\"@id\":\"https:\/\/gruendungsbuero.info\/isb-forderbank-des-landes-rheinland-pfalz\/\",\"url\":\"https:\/\/gruendungsbuero.info\/isb-forderbank-des-landes-rheinland-pfalz\/\",\"name\":\"ISB - F\u00f6rderbank des Landes Rheinland-Pfalz - Gr\u00fcndungsb\u00fcro\",\"isPartOf\":{\"@id\":\"https:\/\/gruendungsbuero.info\/#website\"},\"datePublished\":\"2022-01-18T12:32:37+00:00\",\"breadcrumb\":{\"@id\":\"https:\/\/gruendungsbuero.info\/isb-forderbank-des-landes-rheinland-pfalz\/#breadcrumb\"},\"inLanguage\":\"en-GB\",\"potentialAction\":[{\"@type\":\"ReadAction\",\"target\":[\"https:\/\/gruendungsbuero.info\/isb-forderbank-des-landes-rheinland-pfalz\/\"]}]},{\"@type\":\"BreadcrumbList\",\"@id\":\"https:\/\/gruendungsbuero.info\/isb-forderbank-des-landes-rheinland-pfalz\/#breadcrumb\",\"itemListElement\":[{\"@type\":\"ListItem\",\"position\":1,\"name\":\"Home\",\"item\":\"https:\/\/gruendungsbuero.info\/\"},{\"@type\":\"ListItem\",\"position\":2,\"name\":\"ISB &#8211; F\u00f6rderbank des Landes Rheinland-Pfalz\"}]},{\"@type\":\"WebSite\",\"@id\":\"https:\/\/gruendungsbuero.info\/#website\",\"url\":\"https:\/\/gruendungsbuero.info\/\",\"name\":\"Gr\u00fcndungsb\u00fcro\",\"description\":\"Rheinland-Pf\u00e4lzische Technische Universit\u00e4t &amp; Hochschule Kaiserslautern\",\"potentialAction\":[{\"@type\":\"SearchAction\",\"target\":{\"@type\":\"EntryPoint\",\"urlTemplate\":\"https:\/\/gruendungsbuero.info\/?s={search_term_string}\"},\"query-input\":{\"@type\":\"PropertyValueSpecification\",\"valueRequired\":true,\"valueName\":\"search_term_string\"}}],\"inLanguage\":\"en-GB\"}]}<\/script>\n<!-- \/ Yoast SEO plugin. -->","yoast_head_json":{"title":"ISB - F\u00f6rderbank des Landes Rheinland-Pfalz - Gr\u00fcndungsb\u00fcro","robots":{"index":"index","follow":"follow","max-snippet":"max-snippet:-1","max-image-preview":"max-image-preview:large","max-video-preview":"max-video-preview:-1"},"canonical":"https:\/\/gruendungsbuero.info\/en\/isb-funding-bank-of-rhineland-palatinate\/","og_locale":"en_GB","og_type":"article","og_title":"ISB - F\u00f6rderbank des Landes Rheinland-Pfalz - Gr\u00fcndungsb\u00fcro","og_description":"Wer sich mit seinem eigenen Unternehmen selbstst\u00e4ndig machen, investieren, Wohnraum schaffen oder modernisieren m\u00f6chte, f\u00fcr den ist die Investitions- und Strukturbank Rheinland-Pfalz (ISB) mit Sitz in Mainz ein wichtiger Partner, wenn es um die Finanzierung geht. Als F\u00f6rderinstitut des Landes Rheinland-Pfalz ist sie f\u00fcr die F\u00f6rderung des Mittelstandes sowie die Umsetzung der Programme der sozialen [&hellip;]","og_url":"https:\/\/gruendungsbuero.info\/en\/isb-funding-bank-of-rhineland-palatinate\/","og_site_name":"Gr\u00fcndungsb\u00fcro","twitter_card":"summary_large_image","twitter_misc":{"Est. reading time":"1 minute"},"schema":{"@context":"https:\/\/schema.org","@graph":[{"@type":"WebPage","@id":"https:\/\/gruendungsbuero.info\/isb-forderbank-des-landes-rheinland-pfalz\/","url":"https:\/\/gruendungsbuero.info\/isb-forderbank-des-landes-rheinland-pfalz\/","name":"ISB - F\u00f6rderbank des Landes Rheinland-Pfalz - Gr\u00fcndungsb\u00fcro","isPartOf":{"@id":"https:\/\/gruendungsbuero.info\/#website"},"datePublished":"2022-01-18T12:32:37+00:00","breadcrumb":{"@id":"https:\/\/gruendungsbuero.info\/isb-forderbank-des-landes-rheinland-pfalz\/#breadcrumb"},"inLanguage":"en-GB","potentialAction":[{"@type":"ReadAction","target":["https:\/\/gruendungsbuero.info\/isb-forderbank-des-landes-rheinland-pfalz\/"]}]},{"@type":"BreadcrumbList","@id":"https:\/\/gruendungsbuero.info\/isb-forderbank-des-landes-rheinland-pfalz\/#breadcrumb","itemListElement":[{"@type":"ListItem","position":1,"name":"Home","item":"https:\/\/gruendungsbuero.info\/"},{"@type":"ListItem","position":2,"name":"ISB &#8211; F\u00f6rderbank des Landes Rheinland-Pfalz"}]},{"@type":"WebSite","@id":"https:\/\/gruendungsbuero.info\/#website","url":"https:\/\/gruendungsbuero.info\/","name":"Gr\u00fcndungsb\u00fcro","description":"Rheinland-Pf\u00e4lzische Technische Universit\u00e4t &amp; Hochschule Kaiserslautern","potentialAction":[{"@type":"SearchAction","target":{"@type":"EntryPoint","urlTemplate":"https:\/\/gruendungsbuero.info\/?s={search_term_string}"},"query-input":{"@type":"PropertyValueSpecification","valueRequired":true,"valueName":"search_term_string"}}],"inLanguage":"en-GB"}]}},"_links":{"self":[{"href":"https:\/\/gruendungsbuero.info\/en\/wp-json\/wp\/v2\/pages\/100010","targetHints":{"allow":["GET"]}}],"collection":[{"href":"https:\/\/gruendungsbuero.info\/en\/wp-json\/wp\/v2\/pages"}],"about":[{"href":"https:\/\/gruendungsbuero.info\/en\/wp-json\/wp\/v2\/types\/page"}],"author":[{"embeddable":true,"href":"https:\/\/gruendungsbuero.info\/en\/wp-json\/wp\/v2\/users\/810"}],"replies":[{"embeddable":true,"href":"https:\/\/gruendungsbuero.info\/en\/wp-json\/wp\/v2\/comments?post=100010"}],"version-history":[{"count":0,"href":"https:\/\/gruendungsbuero.info\/en\/wp-json\/wp\/v2\/pages\/100010\/revisions"}],"wp:attachment":[{"href":"https:\/\/gruendungsbuero.info\/en\/wp-json\/wp\/v2\/media?parent=100010"}],"curies":[{"name":"wp","href":"https:\/\/api.w.org\/{rel}","templated":true}]}}