{"id":100008,"date":"2022-01-18T12:32:37","date_gmt":"2022-01-18T12:32:37","guid":{"rendered":"https:\/\/gruendungsbuero.info\/grunderwoche\/"},"modified":"2022-06-02T12:51:11","modified_gmt":"2022-06-02T11:51:11","slug":"founder-week","status":"publish","type":"page","link":"https:\/\/gruendungsbuero.info\/en\/founder-week\/","title":{"rendered":"Entrepreneurship Week"},"content":{"rendered":"<p>Die Global Entrepreneurship Week, oder auch Gr\u00fcnderwoche, ist eine Aktionswoche rund um das Thema Entrepreneurship, die mittlerweile in 160 L\u00e4ndern jedes Jahr durchgef\u00fchrt wird.<\/p>\n<p>Dabei versteht sich die Gr\u00fcnderwoche als Plattform f\u00fcr innovatives junges Unternehmertum mit dem Ziel, vor allem bei jungen Menschen den Unternehmergeist zu wecken und sie dabei zu unterst\u00fctzen, kreative Ideen zu realisieren.<\/p>\n<p>Auch das Gr\u00fcndungsb\u00fcro beteiligt sich jedes Jahr an der globalen Bewegung mit spannenden Veranstaltungen rund um das Thema Entrepreneurship.<\/p>\n<p>Allgemeine Infos findet ihr auf <a href=\"http:\/\/www.gruenderwoche.de\/\"> www.gruenderwoche.de<\/a>. M\u00f6chtet Ihr euch an der Gr\u00fcnderwoche beteiligen, habt ihr Ideen oder W\u00fcnsche? Meldet Euch sehr gerne bei <a href=\"https:\/\/gruendungsbuero.info\/en\/2022\/03\/11\/bernhard-lorig\/\" target=\"_blank\" rel=\"noopener\">Bernie<\/a>.<\/p>","protected":false},"excerpt":{"rendered":"<p>Die Global Entrepreneurship Week, oder auch Gr\u00fcnderwoche, ist eine Aktionswoche rund um das Thema Entrepreneurship, die mittlerweile in 160 L\u00e4ndern jedes Jahr durchgef\u00fchrt wird.<\/p>","protected":false},"author":810,"featured_media":101661,"parent":0,"menu_order":0,"comment_status":"closed","ping_status":"closed","template":"","meta":{"_et_pb_use_builder":"","_et_pb_old_content":"","_et_gb_content_width":"","inline_featured_image":false,"footnotes":""},"class_list":["post-100008","page","type-page","status-publish","has-post-thumbnail","hentry"],"yoast_head":"<!-- This site is optimized with the Yoast SEO plugin v26.0 - https:\/\/yoast.com\/wordpress\/plugins\/seo\/ -->\n<title>Gr\u00fcnderwoche - Gr\u00fcndungsb\u00fcro<\/title>\n<meta name=\"robots\" content=\"index, follow, max-snippet:-1, max-image-preview:large, max-video-preview:-1\" \/>\n<link rel=\"canonical\" href=\"https:\/\/gruendungsbuero.info\/en\/founder-week\/\" \/>\n<meta property=\"og:locale\" content=\"en_GB\" \/>\n<meta property=\"og:type\" content=\"article\" \/>\n<meta property=\"og:title\" content=\"Gr\u00fcnderwoche - Gr\u00fcndungsb\u00fcro\" \/>\n<meta property=\"og:description\" content=\"Die Global Entrepreneurship Week, oder auch Gr\u00fcnderwoche, ist eine Aktionswoche rund um das Thema Entrepreneurship, die mittlerweile in 160 L\u00e4ndern jedes Jahr durchgef\u00fchrt wird.\" \/>\n<meta property=\"og:url\" content=\"https:\/\/gruendungsbuero.info\/en\/founder-week\/\" \/>\n<meta property=\"og:site_name\" content=\"Gr\u00fcndungsb\u00fcro\" \/>\n<meta property=\"article:modified_time\" content=\"2022-06-02T11:51:11+00:00\" \/>\n<meta property=\"og:image\" content=\"https:\/\/gruendungsbuero.info\/app\/uploads\/2022\/02\/0662d0a9a095498aef2373123645db96e792105e.jpg\" \/>\n\t<meta property=\"og:image:width\" content=\"870\" \/>\n\t<meta property=\"og:image:height\" content=\"400\" \/>\n\t<meta property=\"og:image:type\" content=\"image\/jpeg\" \/>\n<meta name=\"twitter:card\" content=\"summary_large_image\" \/>\n<meta name=\"twitter:label1\" content=\"Est. reading time\" \/>\n\t<meta name=\"twitter:data1\" content=\"1 minute\" \/>\n<script type=\"application\/ld+json\" class=\"yoast-schema-graph\">{\"@context\":\"https:\/\/schema.org\",\"@graph\":[{\"@type\":\"WebPage\",\"@id\":\"https:\/\/gruendungsbuero.info\/grunderwoche\/\",\"url\":\"https:\/\/gruendungsbuero.info\/grunderwoche\/\",\"name\":\"Gr\u00fcnderwoche - Gr\u00fcndungsb\u00fcro\",\"isPartOf\":{\"@id\":\"https:\/\/gruendungsbuero.info\/#website\"},\"primaryImageOfPage\":{\"@id\":\"https:\/\/gruendungsbuero.info\/grunderwoche\/#primaryimage\"},\"image\":{\"@id\":\"https:\/\/gruendungsbuero.info\/grunderwoche\/#primaryimage\"},\"thumbnailUrl\":\"https:\/\/gruendungsbuero.info\/app\/uploads\/2022\/02\/0662d0a9a095498aef2373123645db96e792105e.jpg\",\"datePublished\":\"2022-01-18T12:32:37+00:00\",\"dateModified\":\"2022-06-02T11:51:11+00:00\",\"breadcrumb\":{\"@id\":\"https:\/\/gruendungsbuero.info\/grunderwoche\/#breadcrumb\"},\"inLanguage\":\"en-GB\",\"potentialAction\":[{\"@type\":\"ReadAction\",\"target\":[\"https:\/\/gruendungsbuero.info\/grunderwoche\/\"]}]},{\"@type\":\"ImageObject\",\"inLanguage\":\"en-GB\",\"@id\":\"https:\/\/gruendungsbuero.info\/grunderwoche\/#primaryimage\",\"url\":\"https:\/\/gruendungsbuero.info\/app\/uploads\/2022\/02\/0662d0a9a095498aef2373123645db96e792105e.jpg\",\"contentUrl\":\"https:\/\/gruendungsbuero.info\/app\/uploads\/2022\/02\/0662d0a9a095498aef2373123645db96e792105e.jpg\",\"width\":870,\"height\":400},{\"@type\":\"BreadcrumbList\",\"@id\":\"https:\/\/gruendungsbuero.info\/grunderwoche\/#breadcrumb\",\"itemListElement\":[{\"@type\":\"ListItem\",\"position\":1,\"name\":\"Home\",\"item\":\"https:\/\/gruendungsbuero.info\/\"},{\"@type\":\"ListItem\",\"position\":2,\"name\":\"Gr\u00fcnderwoche\"}]},{\"@type\":\"WebSite\",\"@id\":\"https:\/\/gruendungsbuero.info\/#website\",\"url\":\"https:\/\/gruendungsbuero.info\/\",\"name\":\"Gr\u00fcndungsb\u00fcro\",\"description\":\"Rheinland-Pf\u00e4lzische Technische Universit\u00e4t &amp; Hochschule Kaiserslautern\",\"potentialAction\":[{\"@type\":\"SearchAction\",\"target\":{\"@type\":\"EntryPoint\",\"urlTemplate\":\"https:\/\/gruendungsbuero.info\/?s={search_term_string}\"},\"query-input\":{\"@type\":\"PropertyValueSpecification\",\"valueRequired\":true,\"valueName\":\"search_term_string\"}}],\"inLanguage\":\"en-GB\"}]}<\/script>\n<!-- \/ Yoast SEO plugin. -->","yoast_head_json":{"title":"Gr\u00fcnderwoche - Gr\u00fcndungsb\u00fcro","robots":{"index":"index","follow":"follow","max-snippet":"max-snippet:-1","max-image-preview":"max-image-preview:large","max-video-preview":"max-video-preview:-1"},"canonical":"https:\/\/gruendungsbuero.info\/en\/founder-week\/","og_locale":"en_GB","og_type":"article","og_title":"Gr\u00fcnderwoche - Gr\u00fcndungsb\u00fcro","og_description":"Die Global Entrepreneurship Week, oder auch Gr\u00fcnderwoche, ist eine Aktionswoche rund um das Thema Entrepreneurship, die mittlerweile in 160 L\u00e4ndern jedes Jahr durchgef\u00fchrt wird.","og_url":"https:\/\/gruendungsbuero.info\/en\/founder-week\/","og_site_name":"Gr\u00fcndungsb\u00fcro","article_modified_time":"2022-06-02T11:51:11+00:00","og_image":[{"width":870,"height":400,"url":"https:\/\/gruendungsbuero.info\/app\/uploads\/2022\/02\/0662d0a9a095498aef2373123645db96e792105e.jpg","type":"image\/jpeg"}],"twitter_card":"summary_large_image","twitter_misc":{"Est. reading time":"1 minute"},"schema":{"@context":"https:\/\/schema.org","@graph":[{"@type":"WebPage","@id":"https:\/\/gruendungsbuero.info\/grunderwoche\/","url":"https:\/\/gruendungsbuero.info\/grunderwoche\/","name":"Gr\u00fcnderwoche - Gr\u00fcndungsb\u00fcro","isPartOf":{"@id":"https:\/\/gruendungsbuero.info\/#website"},"primaryImageOfPage":{"@id":"https:\/\/gruendungsbuero.info\/grunderwoche\/#primaryimage"},"image":{"@id":"https:\/\/gruendungsbuero.info\/grunderwoche\/#primaryimage"},"thumbnailUrl":"https:\/\/gruendungsbuero.info\/app\/uploads\/2022\/02\/0662d0a9a095498aef2373123645db96e792105e.jpg","datePublished":"2022-01-18T12:32:37+00:00","dateModified":"2022-06-02T11:51:11+00:00","breadcrumb":{"@id":"https:\/\/gruendungsbuero.info\/grunderwoche\/#breadcrumb"},"inLanguage":"en-GB","potentialAction":[{"@type":"ReadAction","target":["https:\/\/gruendungsbuero.info\/grunderwoche\/"]}]},{"@type":"ImageObject","inLanguage":"en-GB","@id":"https:\/\/gruendungsbuero.info\/grunderwoche\/#primaryimage","url":"https:\/\/gruendungsbuero.info\/app\/uploads\/2022\/02\/0662d0a9a095498aef2373123645db96e792105e.jpg","contentUrl":"https:\/\/gruendungsbuero.info\/app\/uploads\/2022\/02\/0662d0a9a095498aef2373123645db96e792105e.jpg","width":870,"height":400},{"@type":"BreadcrumbList","@id":"https:\/\/gruendungsbuero.info\/grunderwoche\/#breadcrumb","itemListElement":[{"@type":"ListItem","position":1,"name":"Home","item":"https:\/\/gruendungsbuero.info\/"},{"@type":"ListItem","position":2,"name":"Gr\u00fcnderwoche"}]},{"@type":"WebSite","@id":"https:\/\/gruendungsbuero.info\/#website","url":"https:\/\/gruendungsbuero.info\/","name":"Gr\u00fcndungsb\u00fcro","description":"Rheinland-Pf\u00e4lzische Technische Universit\u00e4t &amp; Hochschule Kaiserslautern","potentialAction":[{"@type":"SearchAction","target":{"@type":"EntryPoint","urlTemplate":"https:\/\/gruendungsbuero.info\/?s={search_term_string}"},"query-input":{"@type":"PropertyValueSpecification","valueRequired":true,"valueName":"search_term_string"}}],"inLanguage":"en-GB"}]}},"_links":{"self":[{"href":"https:\/\/gruendungsbuero.info\/en\/wp-json\/wp\/v2\/pages\/100008","targetHints":{"allow":["GET"]}}],"collection":[{"href":"https:\/\/gruendungsbuero.info\/en\/wp-json\/wp\/v2\/pages"}],"about":[{"href":"https:\/\/gruendungsbuero.info\/en\/wp-json\/wp\/v2\/types\/page"}],"author":[{"embeddable":true,"href":"https:\/\/gruendungsbuero.info\/en\/wp-json\/wp\/v2\/users\/810"}],"replies":[{"embeddable":true,"href":"https:\/\/gruendungsbuero.info\/en\/wp-json\/wp\/v2\/comments?post=100008"}],"version-history":[{"count":1,"href":"https:\/\/gruendungsbuero.info\/en\/wp-json\/wp\/v2\/pages\/100008\/revisions"}],"predecessor-version":[{"id":105568,"href":"https:\/\/gruendungsbuero.info\/en\/wp-json\/wp\/v2\/pages\/100008\/revisions\/105568"}],"wp:featuredmedia":[{"embeddable":true,"href":"https:\/\/gruendungsbuero.info\/en\/wp-json\/wp\/v2\/media\/101661"}],"wp:attachment":[{"href":"https:\/\/gruendungsbuero.info\/en\/wp-json\/wp\/v2\/media?parent=100008"}],"curies":[{"name":"wp","href":"https:\/\/api.w.org\/{rel}","templated":true}]}}