{"id":100006,"date":"2022-01-18T12:32:37","date_gmt":"2022-01-18T12:32:37","guid":{"rendered":"https:\/\/gruendungsbuero.info\/messe\/"},"modified":"2024-04-17T12:08:23","modified_gmt":"2024-04-17T11:08:23","slug":"fair","status":"publish","type":"page","link":"https:\/\/gruendungsbuero.info\/en\/fair\/","title":{"rendered":"Trade fair"},"content":{"rendered":"<p>Due to the multitude of communication channels, it is becoming increasingly difficult to capture the attention of decision-makers and to establish the necessary contacts.<\/p>\n<p>As a marketing instrument, the trade fair has gained a high status early on. It serves to renew business contacts, increase awareness and exchange information. It therefore has a wide range of functions and is considered an important tool in communication.<\/p>\n<p>Gr\u00fcndungsb\u00fcro in cooperation with the <a href=\"https:\/\/www.rti.uni-kl.de\/kit\/messeservice\" target=\"_blank\" rel=\"noopener\">Trade fairs at RPTU<\/a> enables interested startup projects to participate in international trade fairs such as the Hannover Messe. Often in a designated startup area, founders have the opportunity to present their products and services to an international audience of experts and to connect with potential customers and business partners.<\/p>\n<p>Interested? Get in touch with <a href=\"https:\/\/gruendungsbuero.info\/en\/2022\/03\/11\/katharina-neitzel\/\" target=\"_blank\" rel=\"noopener\">Katharina Neitzel<\/a>.<\/p>\n\n\n<p><\/p>","protected":false},"excerpt":{"rendered":"<p>Due to the multitude of communication channels, it is becoming increasingly difficult to capture the attention of decision-makers and to establish the necessary contacts.<\/p>","protected":false},"author":810,"featured_media":0,"parent":0,"menu_order":0,"comment_status":"closed","ping_status":"closed","template":"","meta":{"_et_pb_use_builder":"off","_et_pb_old_content":"<p>Aufgrund der Masse an Kommunikationskan\u00e4len wird es immer schwieriger, die Aufmerksamkeit der Entscheider auf die eigene Person zu richten und die n\u00f6tigen Kontakte zu kn\u00fcpfen.<\/p>\n<p>Als Marketinginstrument hat die Messe hierbei fr\u00fch einen hohen Stellenwert erlangt. Sie dient der Auffrischung von Gesch\u00e4ftskontakten, der Steigerung des Bekanntheitsgrades und dem Informationsaustausch. Damit besitzt sie ein breites Funktionsspektrum und gilt als wichtiges Mittel in der B2B-Kommunikation.<\/p>\n<p>Das Gr\u00fcndungsb\u00fcro erm\u00f6glicht in Kooperation mit dem <a href=\"https:\/\/www.rti.uni-kl.de\/kit\/messeservice\" target=\"_blank\" rel=\"noopener\">Messeservice der TUK<\/a> interessierten Gr\u00fcndungsprojekten die Teilnahme an internationalen Messe wie z.B. der Hannover-Messe. Oftmals in einem eigenen Startup-Bereich haben die Gr\u00fcnder*innen die M\u00f6glichkeit, ihre Produkte und Dienstleistungen internationalem Fachpublikum vorzustellen und mit potentiellen Kunden und Gesch\u00e4ftspartner in Kontakt zu treten.<\/p>\n<p>Interesse? Meldet euch bei <a href=\"https:\/\/gruendungsbuero.info\/2022\/03\/11\/katharina-neitzel\/\" target=\"_blank\" rel=\"noopener\">Katharina Neitzel<\/a>.<\/p>\n\n<!-- wp:paragraph -->\n<p><\/p>\n<!-- \/wp:paragraph -->","_et_gb_content_width":"","inline_featured_image":false,"footnotes":""},"class_list":["post-100006","page","type-page","status-publish","hentry"],"yoast_head":"<!-- This site is optimized with the Yoast SEO plugin v26.0 - https:\/\/yoast.com\/wordpress\/plugins\/seo\/ -->\n<title>Messe - Gr\u00fcndungsb\u00fcro<\/title>\n<meta name=\"robots\" content=\"index, follow, max-snippet:-1, max-image-preview:large, max-video-preview:-1\" \/>\n<link rel=\"canonical\" href=\"https:\/\/gruendungsbuero.info\/en\/fair\/\" \/>\n<meta property=\"og:locale\" content=\"en_GB\" \/>\n<meta property=\"og:type\" content=\"article\" \/>\n<meta property=\"og:title\" content=\"Messe - Gr\u00fcndungsb\u00fcro\" \/>\n<meta property=\"og:description\" content=\"Aufgrund der Masse an Kommunikationskan\u00e4len wird es immer schwieriger, die Aufmerksamkeit der Entscheider auf die eigene Person zu richten und die n\u00f6tigen Kontakte zu kn\u00fcpfen.\" \/>\n<meta property=\"og:url\" content=\"https:\/\/gruendungsbuero.info\/en\/fair\/\" \/>\n<meta property=\"og:site_name\" content=\"Gr\u00fcndungsb\u00fcro\" \/>\n<meta property=\"article:modified_time\" content=\"2024-04-17T11:08:23+00:00\" \/>\n<meta name=\"twitter:card\" content=\"summary_large_image\" \/>\n<meta name=\"twitter:label1\" content=\"Est. reading time\" \/>\n\t<meta name=\"twitter:data1\" content=\"1 minute\" \/>\n<script type=\"application\/ld+json\" class=\"yoast-schema-graph\">{\"@context\":\"https:\/\/schema.org\",\"@graph\":[{\"@type\":\"WebPage\",\"@id\":\"https:\/\/gruendungsbuero.info\/messe\/\",\"url\":\"https:\/\/gruendungsbuero.info\/messe\/\",\"name\":\"Messe - Gr\u00fcndungsb\u00fcro\",\"isPartOf\":{\"@id\":\"https:\/\/gruendungsbuero.info\/#website\"},\"datePublished\":\"2022-01-18T12:32:37+00:00\",\"dateModified\":\"2024-04-17T11:08:23+00:00\",\"breadcrumb\":{\"@id\":\"https:\/\/gruendungsbuero.info\/messe\/#breadcrumb\"},\"inLanguage\":\"en-GB\",\"potentialAction\":[{\"@type\":\"ReadAction\",\"target\":[\"https:\/\/gruendungsbuero.info\/messe\/\"]}]},{\"@type\":\"BreadcrumbList\",\"@id\":\"https:\/\/gruendungsbuero.info\/messe\/#breadcrumb\",\"itemListElement\":[{\"@type\":\"ListItem\",\"position\":1,\"name\":\"Home\",\"item\":\"https:\/\/gruendungsbuero.info\/\"},{\"@type\":\"ListItem\",\"position\":2,\"name\":\"Messe\"}]},{\"@type\":\"WebSite\",\"@id\":\"https:\/\/gruendungsbuero.info\/#website\",\"url\":\"https:\/\/gruendungsbuero.info\/\",\"name\":\"Gr\u00fcndungsb\u00fcro\",\"description\":\"Rheinland-Pf\u00e4lzische Technische Universit\u00e4t &amp; Hochschule Kaiserslautern\",\"potentialAction\":[{\"@type\":\"SearchAction\",\"target\":{\"@type\":\"EntryPoint\",\"urlTemplate\":\"https:\/\/gruendungsbuero.info\/?s={search_term_string}\"},\"query-input\":{\"@type\":\"PropertyValueSpecification\",\"valueRequired\":true,\"valueName\":\"search_term_string\"}}],\"inLanguage\":\"en-GB\"}]}<\/script>\n<!-- \/ Yoast SEO plugin. -->","yoast_head_json":{"title":"Messe - Gr\u00fcndungsb\u00fcro","robots":{"index":"index","follow":"follow","max-snippet":"max-snippet:-1","max-image-preview":"max-image-preview:large","max-video-preview":"max-video-preview:-1"},"canonical":"https:\/\/gruendungsbuero.info\/en\/fair\/","og_locale":"en_GB","og_type":"article","og_title":"Messe - Gr\u00fcndungsb\u00fcro","og_description":"Aufgrund der Masse an Kommunikationskan\u00e4len wird es immer schwieriger, die Aufmerksamkeit der Entscheider auf die eigene Person zu richten und die n\u00f6tigen Kontakte zu kn\u00fcpfen.","og_url":"https:\/\/gruendungsbuero.info\/en\/fair\/","og_site_name":"Gr\u00fcndungsb\u00fcro","article_modified_time":"2024-04-17T11:08:23+00:00","twitter_card":"summary_large_image","twitter_misc":{"Est. reading time":"1 minute"},"schema":{"@context":"https:\/\/schema.org","@graph":[{"@type":"WebPage","@id":"https:\/\/gruendungsbuero.info\/messe\/","url":"https:\/\/gruendungsbuero.info\/messe\/","name":"Messe - Gr\u00fcndungsb\u00fcro","isPartOf":{"@id":"https:\/\/gruendungsbuero.info\/#website"},"datePublished":"2022-01-18T12:32:37+00:00","dateModified":"2024-04-17T11:08:23+00:00","breadcrumb":{"@id":"https:\/\/gruendungsbuero.info\/messe\/#breadcrumb"},"inLanguage":"en-GB","potentialAction":[{"@type":"ReadAction","target":["https:\/\/gruendungsbuero.info\/messe\/"]}]},{"@type":"BreadcrumbList","@id":"https:\/\/gruendungsbuero.info\/messe\/#breadcrumb","itemListElement":[{"@type":"ListItem","position":1,"name":"Home","item":"https:\/\/gruendungsbuero.info\/"},{"@type":"ListItem","position":2,"name":"Messe"}]},{"@type":"WebSite","@id":"https:\/\/gruendungsbuero.info\/#website","url":"https:\/\/gruendungsbuero.info\/","name":"Gr\u00fcndungsb\u00fcro","description":"Rheinland-Pf\u00e4lzische Technische Universit\u00e4t &amp; Hochschule Kaiserslautern","potentialAction":[{"@type":"SearchAction","target":{"@type":"EntryPoint","urlTemplate":"https:\/\/gruendungsbuero.info\/?s={search_term_string}"},"query-input":{"@type":"PropertyValueSpecification","valueRequired":true,"valueName":"search_term_string"}}],"inLanguage":"en-GB"}]}},"_links":{"self":[{"href":"https:\/\/gruendungsbuero.info\/en\/wp-json\/wp\/v2\/pages\/100006","targetHints":{"allow":["GET"]}}],"collection":[{"href":"https:\/\/gruendungsbuero.info\/en\/wp-json\/wp\/v2\/pages"}],"about":[{"href":"https:\/\/gruendungsbuero.info\/en\/wp-json\/wp\/v2\/types\/page"}],"author":[{"embeddable":true,"href":"https:\/\/gruendungsbuero.info\/en\/wp-json\/wp\/v2\/users\/810"}],"replies":[{"embeddable":true,"href":"https:\/\/gruendungsbuero.info\/en\/wp-json\/wp\/v2\/comments?post=100006"}],"version-history":[{"count":5,"href":"https:\/\/gruendungsbuero.info\/en\/wp-json\/wp\/v2\/pages\/100006\/revisions"}],"predecessor-version":[{"id":109538,"href":"https:\/\/gruendungsbuero.info\/en\/wp-json\/wp\/v2\/pages\/100006\/revisions\/109538"}],"wp:attachment":[{"href":"https:\/\/gruendungsbuero.info\/en\/wp-json\/wp\/v2\/media?parent=100006"}],"curies":[{"name":"wp","href":"https:\/\/api.w.org\/{rel}","templated":true}]}}